{"id":7754,"date":"2026-05-11T12:07:18","date_gmt":"2026-05-11T11:07:18","guid":{"rendered":"https:\/\/www.revistaalimara.net\/revista\/?page_id=7754"},"modified":"2026-05-11T12:07:18","modified_gmt":"2026-05-11T11:07:18","slug":"alimara-72-2","status":"publish","type":"page","link":"https:\/\/www.revistaalimara.net\/revista\/alimara-72-2\/","title":{"rendered":"ALIMARA 72"},"content":{"rendered":"<div id=\"pl-7754\"  class=\"panel-layout\" ><div id=\"pg-7754-0\"  class=\"panel-grid panel-has-style\" ><div class=\"siteorigin-panels-stretch panel-row-style panel-row-style-for-7754-0\" data-stretch-type=\"full-stretched\" ><div id=\"pgc-7754-0-0\"  class=\"panel-grid-cell\" ><div id=\"panel-7754-0-0-0\" class=\"so-panel widget widget_sow-hero panel-first-child panel-last-child\" data-index=\"0\" ><div\n\t\t\t\n\t\t\tclass=\"so-widget-sow-hero so-widget-sow-hero-default-5e538039d24c-7754\"\n\t\t\t\n\t\t>\t\t\t\t<div class=\"sow-slider-base\" style=\"display: none\" tabindex=\"0\">\n\t\t\t\t\t<ul\n\t\t\t\t\tclass=\"sow-slider-images\"\n\t\t\t\t\tdata-settings=\"{&quot;pagination&quot;:true,&quot;speed&quot;:800,&quot;timeout&quot;:8000,&quot;paused&quot;:false,&quot;pause_on_hover&quot;:false,&quot;swipe&quot;:true,&quot;nav_always_show_desktop&quot;:&quot;&quot;,&quot;nav_always_show_mobile&quot;:&quot;&quot;,&quot;breakpoint&quot;:&quot;780px&quot;,&quot;unmute&quot;:false,&quot;anchor&quot;:null}\"\n\t\t\t\t\tstyle=\"min-height: 400px\"\t\t\t\t\tdata-anchor-id=\"\"\n\t\t\t\t>\t\t<li class=\"sow-slider-image  sow-slider-image-cover\" style=\"visibility: visible;;background-color: #333333\" >\n\t\t\t\t\t<div class=\"sow-slider-image-container\">\n\t\t\t<div class=\"sow-slider-image-wrapper\">\n\t\t\t\t<p style=\"text-align: center\">N\u00daMERO 72 | DESEMBRE 2025<\/p>\n<h3 style=\"text-align: center\">ALIMARA<br \/>\nInnovaci\u00f3 i Metodologia en Afers Socials<\/h3>\n\t\t\t<\/div>\n\t\t<\/div>\n\t\t<div class=\"sow-slider-image-overlay sow-slider-image-cover\" style=\"opacity: 0.5;background-image: url(https:\/\/www.revistaalimara.net\/revista\/wp-content\/uploads\/2025\/11\/Alimara72_portada.jpg)\"  ><\/div>\t\t<\/li>\n\t\t<\/ul>\t\t\t\t<ol class=\"sow-slider-pagination\">\n\t\t\t\t\t\t\t\t\t\t\t<li><a href=\"#\" data-goto=\"0\" aria-label=\"display slide 1\"><\/a><\/li>\n\t\t\t\t\t\t\t\t\t<\/ol>\n\n\t\t\t\t<div class=\"sow-slide-nav sow-slide-nav-next\">\n\t\t\t\t\t<a href=\"#\" data-goto=\"next\" aria-label=\"next slide\" data-action=\"next\">\n\t\t\t\t\t\t<em class=\"sow-sld-icon-thin-right\"><\/em>\n\t\t\t\t\t<\/a>\n\t\t\t\t<\/div>\n\n\t\t\t\t<div class=\"sow-slide-nav sow-slide-nav-prev\">\n\t\t\t\t\t<a href=\"#\" data-goto=\"previous\" aria-label=\"previous slide\" data-action=\"prev\">\n\t\t\t\t\t\t<em class=\"sow-sld-icon-thin-left\"><\/em>\n\t\t\t\t\t<\/a>\n\t\t\t\t<\/div>\n\t\t\t\t<\/div><\/div><\/div><\/div><\/div><\/div><div id=\"pg-7754-1\"  class=\"panel-grid panel-has-style\" ><div class=\"panel-row-style panel-row-style-for-7754-1\" ><div id=\"pgc-7754-1-0\"  class=\"panel-grid-cell\" ><div id=\"panel-7754-1-0-0\" class=\"widget_text so-panel widget widget_custom_html panel-first-child\" data-index=\"1\" ><h3 class=\"widget-title\">Articles de la revista<\/h3><div class=\"textwidget custom-html-widget\"><\/div><\/div><div id=\"panel-7754-1-0-1\" class=\"so-panel widget widget_posts_widget panel-last-child\" data-index=\"2\" ><div><div class=\"poster poster-right normal   size-350\"><a class=\"poster-image mt-radius pull-left\" href=\"https:\/\/www.revistaalimara.net\/revista\/banys-de-bosc-fonaments-i-aplicabilitat-terapeutica-en-lambit-social-i-de-la-salut\/\"><div class=\"mt-post-image\" ><div class=\"mt-post-image-background\" style=\"background-image:url(https:\/\/www.revistaalimara.net\/revista\/wp-content\/uploads\/2025\/11\/Alimara72_E-15x15.jpg);\"><\/div><img alt=\"Banys de bosc: fonaments i aplicabilitat terap\u00e8utica en l&#8217;\u00e0mbit social i de la salut\" class=\"lazy\" src=\"data:image\/gif;base64,R0lGODlhAQABAIAAAAAAAP\/\/\/yH5BAEAAAAALAAAAAABAAEAAAIBRAA7\" data-src=\"https:\/\/www.revistaalimara.net\/revista\/wp-content\/uploads\/2025\/11\/Alimara72_E.jpg\" width=\"550\" height=\"550\" \/><\/div><span class=\"post-icon mt-theme-background\"><i class=\"ic-open open\"><\/i><\/span><div class=\"poster-info\"><div class=\"poster-cat\"><span class=\"mt-theme-text\">Serveis socials<\/span><\/div><div class=\"poster-data color-silver-light\"><span class=\"poster-views\">2907 <span class=\"mt-data-text\">Visites<\/span><\/span><\/div><\/div><\/a><div class=\"poster-content\"><div class=\"poster-cat\"><span class=\"mt-theme-text\">Serveis socials<\/span><\/div><div class=\"poster-data color-silver-light\"><span class=\"poster-views\">2907 <span class=\"mt-data-text\">Visites<\/span><\/span><\/div><a href=\"https:\/\/www.revistaalimara.net\/revista\/banys-de-bosc-fonaments-i-aplicabilitat-terapeutica-en-lambit-social-i-de-la-salut\/\"><h2>Banys de bosc: fonaments i aplicabilitat terap\u00e8utica en l&#8217;\u00e0mbit social i de la salut<\/h2><\/a><small class=\"mt-pl\"><strong class=\"mt-pl-a\">alimara<\/strong><span class=\"color-silver-light mt-ml\"> - <\/span><span class=\"color-silver-light mt-pl-d\">13 de novembre de 2025<\/span><\/small><p>Paraules clau: Banys de bosc, shinrin-yoku, ter\u00e0pia de bosc, salut i benestar, salut comunit\u00e0ria, intervencions basades en la natura. Resum: Aquest article explora els fonaments i beneficis&hellip;<\/p><div class=\"hidden mt-readmore\"><a class=\"mt-readmore-url\" href=\"https:\/\/www.revistaalimara.net\/revista\/banys-de-bosc-fonaments-i-aplicabilitat-terapeutica-en-lambit-social-i-de-la-salut\/\">Veure article<\/a><\/div><\/div><div class=\"clearfix\"><\/div><\/div><div class=\"poster poster-right normal   size-350\"><a class=\"poster-image mt-radius pull-left\" href=\"https:\/\/www.revistaalimara.net\/revista\/la-formacio-a-la-comunitat-educativa-en-relacio-amb-el-servei-dinfancia-i-familia-com-a-element-clau\/\"><div class=\"mt-post-image\" ><div class=\"mt-post-image-background\" style=\"background-image:url(https:\/\/www.revistaalimara.net\/revista\/wp-content\/uploads\/2025\/11\/Alimara72_D-15x13.jpg);\"><\/div><img alt=\"La formaci\u00f3 a la comunitat educativa en relaci\u00f3 amb el Servei d\u2019Inf\u00e0ncia i Fam\u00edlia com a element clau\" class=\"lazy\" src=\"data:image\/gif;base64,R0lGODlhAQABAIAAAAAAAP\/\/\/yH5BAEAAAAALAAAAAABAAEAAAIBRAA7\" data-src=\"https:\/\/www.revistaalimara.net\/revista\/wp-content\/uploads\/2025\/11\/Alimara72_D.jpg\" width=\"550\" height=\"550\" \/><\/div><span class=\"post-icon mt-theme-background\"><i class=\"ic-open open\"><\/i><\/span><div class=\"poster-info\"><div class=\"poster-cat\"><span class=\"mt-theme-text\">Formaci\u00f3<\/span><\/div><div class=\"poster-data color-silver-light\"><span class=\"poster-views\">2872 <span class=\"mt-data-text\">Visites<\/span><\/span><\/div><\/div><\/a><div class=\"poster-content\"><div class=\"poster-cat\"><span class=\"mt-theme-text\">Formaci\u00f3<\/span><\/div><div class=\"poster-data color-silver-light\"><span class=\"poster-views\">2872 <span class=\"mt-data-text\">Visites<\/span><\/span><\/div><a href=\"https:\/\/www.revistaalimara.net\/revista\/la-formacio-a-la-comunitat-educativa-en-relacio-amb-el-servei-dinfancia-i-familia-com-a-element-clau\/\"><h2>La formaci\u00f3 a la comunitat educativa en relaci\u00f3 amb el Servei d\u2019Inf\u00e0ncia i Fam\u00edlia com a element clau<\/h2><\/a><small class=\"mt-pl\"><strong class=\"mt-pl-a\">alimara<\/strong><span class=\"color-silver-light mt-ml\"> - <\/span><span class=\"color-silver-light mt-pl-d\">13 de novembre de 2025<\/span><\/small><p>Paraules clau: Sistemes d\u2019informaci\u00f3, hist\u00f2ria social integrada, serveis socials comunitaris b\u00e0sics. Resum: Aquest text constata la manca de formaci\u00f3 de la comunitat educativa de Mallorca en mat\u00e8ria&hellip;<\/p><div class=\"hidden mt-readmore\"><a class=\"mt-readmore-url\" href=\"https:\/\/www.revistaalimara.net\/revista\/la-formacio-a-la-comunitat-educativa-en-relacio-amb-el-servei-dinfancia-i-familia-com-a-element-clau\/\">Veure article<\/a><\/div><\/div><div class=\"clearfix\"><\/div><\/div><div class=\"poster poster-right normal   size-350\"><a class=\"poster-image mt-radius pull-left\" href=\"https:\/\/www.revistaalimara.net\/revista\/levidencia-de-les-dades-per-a-la-millora-de-laccio-social-i\/\"><div class=\"mt-post-image\" ><div class=\"mt-post-image-background\" style=\"background-image:url(https:\/\/www.revistaalimara.net\/revista\/wp-content\/uploads\/2025\/11\/Alimara72_C-15x15.jpg);\"><\/div><img alt=\"L\u2019evid\u00e8ncia de les dades per a la millora de l\u2019acci\u00f3 social (I)\" class=\"lazy\" src=\"data:image\/gif;base64,R0lGODlhAQABAIAAAAAAAP\/\/\/yH5BAEAAAAALAAAAAABAAEAAAIBRAA7\" data-src=\"https:\/\/www.revistaalimara.net\/revista\/wp-content\/uploads\/2025\/11\/Alimara72_C.jpg\" width=\"550\" height=\"550\" \/><\/div><span class=\"post-icon mt-theme-background\"><i class=\"ic-open open\"><\/i><\/span><div class=\"poster-info\"><div class=\"poster-cat\"><span class=\"mt-theme-text\">Serveis socials<\/span><\/div><div class=\"poster-data color-silver-light\"><span class=\"poster-views\">2983 <span class=\"mt-data-text\">Visites<\/span><\/span><\/div><\/div><\/a><div class=\"poster-content\"><div class=\"poster-cat\"><span class=\"mt-theme-text\">Serveis socials<\/span><\/div><div class=\"poster-data color-silver-light\"><span class=\"poster-views\">2983 <span class=\"mt-data-text\">Visites<\/span><\/span><\/div><a href=\"https:\/\/www.revistaalimara.net\/revista\/levidencia-de-les-dades-per-a-la-millora-de-laccio-social-i\/\"><h2>L\u2019evid\u00e8ncia de les dades per a la millora de l\u2019acci\u00f3 social (I)<\/h2><\/a><small class=\"mt-pl\"><strong class=\"mt-pl-a\">alimara<\/strong><span class=\"color-silver-light mt-ml\"> - <\/span><span class=\"color-silver-light mt-pl-d\">13 de novembre de 2025<\/span><\/small><p>Paraules clau: Serveis socials, an\u00e0lisi de dades, sistemes d\u2019informaci\u00f3, transfer\u00e8ncia de la informaci\u00f3, planificaci\u00f3, gesti\u00f3. Resum: La gesti\u00f3 dels serveis socials afronta una realitat cada vegada m\u00e9s&hellip;<\/p><div class=\"hidden mt-readmore\"><a class=\"mt-readmore-url\" href=\"https:\/\/www.revistaalimara.net\/revista\/levidencia-de-les-dades-per-a-la-millora-de-laccio-social-i\/\">Veure article<\/a><\/div><\/div><div class=\"clearfix\"><\/div><\/div><div class=\"poster poster-right normal   size-350\"><a class=\"poster-image mt-radius pull-left\" href=\"https:\/\/www.revistaalimara.net\/revista\/la-historia-social-integrada-hsi-dins-el-context-dels-serveis-socials-comunitaris-basics-us-evolucio-i-reptes\/\"><div class=\"mt-post-image\" ><div class=\"mt-post-image-background\" style=\"background-image:url(https:\/\/www.revistaalimara.net\/revista\/wp-content\/uploads\/2025\/11\/Alimara72_B-15x12.jpg);\"><\/div><img alt=\"La Hist\u00f2ria Social Integrada (HSI) dins el context dels serveis socials comunitaris b\u00e0sics: \u00fas, evoluci\u00f3 i reptes\" class=\"lazy\" src=\"data:image\/gif;base64,R0lGODlhAQABAIAAAAAAAP\/\/\/yH5BAEAAAAALAAAAAABAAEAAAIBRAA7\" data-src=\"https:\/\/www.revistaalimara.net\/revista\/wp-content\/uploads\/2025\/11\/Alimara72_B.jpg\" width=\"550\" height=\"550\" \/><\/div><span class=\"post-icon mt-theme-background\"><i class=\"ic-open open\"><\/i><\/span><div class=\"poster-info\"><div class=\"poster-cat\"><span class=\"mt-theme-text\">Serveis socials<\/span><\/div><div class=\"poster-data color-silver-light\"><span class=\"poster-views\">2941 <span class=\"mt-data-text\">Visites<\/span><\/span><\/div><\/div><\/a><div class=\"poster-content\"><div class=\"poster-cat\"><span class=\"mt-theme-text\">Serveis socials<\/span><\/div><div class=\"poster-data color-silver-light\"><span class=\"poster-views\">2941 <span class=\"mt-data-text\">Visites<\/span><\/span><\/div><a href=\"https:\/\/www.revistaalimara.net\/revista\/la-historia-social-integrada-hsi-dins-el-context-dels-serveis-socials-comunitaris-basics-us-evolucio-i-reptes\/\"><h2>La Hist\u00f2ria Social Integrada (HSI) dins el context dels serveis socials comunitaris b\u00e0sics: \u00fas, evoluci\u00f3 i reptes<\/h2><\/a><small class=\"mt-pl\"><strong class=\"mt-pl-a\">alimara<\/strong><span class=\"color-silver-light mt-ml\"> - <\/span><span class=\"color-silver-light mt-pl-d\">13 de novembre de 2025<\/span><\/small><p>Paraules clau: Sistemes d\u2019informaci\u00f3, hist\u00f2ria social integrada, serveis socials comunitaris b\u00e0sics. Resum: Aquest article analitza l'\u00fas, l'evoluci\u00f3 i els reptes de la Hist\u00f2ria Social Integrada (HSI), l'eina&hellip;<\/p><div class=\"hidden mt-readmore\"><a class=\"mt-readmore-url\" href=\"https:\/\/www.revistaalimara.net\/revista\/la-historia-social-integrada-hsi-dins-el-context-dels-serveis-socials-comunitaris-basics-us-evolucio-i-reptes\/\">Veure article<\/a><\/div><\/div><div class=\"clearfix\"><\/div><\/div><div class=\"poster poster-right normal   size-350\"><a class=\"poster-image mt-radius pull-left\" href=\"https:\/\/www.revistaalimara.net\/revista\/el-servei-de-prevencio-comunitaria-i-suport-territorial-proximitat-i-compromis-amb-les-persones\/\"><div class=\"mt-post-image\" ><div class=\"mt-post-image-background\" style=\"background-image:url(https:\/\/www.revistaalimara.net\/revista\/wp-content\/uploads\/2025\/11\/Alimara72_A-15x15.jpg);\"><\/div><img alt=\"El Servei de Prevenci\u00f3 Comunit\u00e0ria i Suport Territorial: proximitat i comprom\u00eds amb les persones\" class=\"lazy\" src=\"data:image\/gif;base64,R0lGODlhAQABAIAAAAAAAP\/\/\/yH5BAEAAAAALAAAAAABAAEAAAIBRAA7\" data-src=\"https:\/\/www.revistaalimara.net\/revista\/wp-content\/uploads\/2025\/11\/Alimara72_A.jpg\" width=\"550\" height=\"550\" \/><\/div><span class=\"post-icon mt-theme-background\"><i class=\"ic-open open\"><\/i><\/span><div class=\"poster-info\"><div class=\"poster-cat\"><span class=\"mt-theme-text\">Serveis socials<\/span><\/div><div class=\"poster-data color-silver-light\"><span class=\"poster-views\">2896 <span class=\"mt-data-text\">Visites<\/span><\/span><\/div><\/div><\/a><div class=\"poster-content\"><div class=\"poster-cat\"><span class=\"mt-theme-text\">Serveis socials<\/span><\/div><div class=\"poster-data color-silver-light\"><span class=\"poster-views\">2896 <span class=\"mt-data-text\">Visites<\/span><\/span><\/div><a href=\"https:\/\/www.revistaalimara.net\/revista\/el-servei-de-prevencio-comunitaria-i-suport-territorial-proximitat-i-compromis-amb-les-persones\/\"><h2>El Servei de Prevenci\u00f3 Comunit\u00e0ria i Suport Territorial: proximitat i comprom\u00eds amb les persones<\/h2><\/a><small class=\"mt-pl\"><strong class=\"mt-pl-a\">alimara<\/strong><span class=\"color-silver-light mt-ml\"> - <\/span><span class=\"color-silver-light mt-pl-d\">11 de novembre de 2025<\/span><\/small><p>Paraules clau: Transversal, suport comunitari, acompanyament, serveis de proximitat. Resum: El Servei de Prevenci\u00f3 Comunit\u00e0ria i Suport Territorial (SPCIST) \u00e9s una unitat estrat\u00e8gica de l\u2019\u00c0rea de Serveis&hellip;<\/p><div class=\"hidden mt-readmore\"><a class=\"mt-readmore-url\" href=\"https:\/\/www.revistaalimara.net\/revista\/el-servei-de-prevencio-comunitaria-i-suport-territorial-proximitat-i-compromis-amb-les-persones\/\">Veure article<\/a><\/div><\/div><div class=\"clearfix\"><\/div><\/div><\/div><div class=\"pagination\"><\/div><\/div><\/div><\/div><\/div><\/div>","protected":false},"excerpt":{"rendered":"","protected":false},"author":2,"featured_media":0,"parent":0,"menu_order":0,"comment_status":"closed","ping_status":"closed","template":"","meta":[],"_links":{"self":[{"href":"https:\/\/www.revistaalimara.net\/revista\/wp-json\/wp\/v2\/pages\/7754"}],"collection":[{"href":"https:\/\/www.revistaalimara.net\/revista\/wp-json\/wp\/v2\/pages"}],"about":[{"href":"https:\/\/www.revistaalimara.net\/revista\/wp-json\/wp\/v2\/types\/page"}],"author":[{"embeddable":true,"href":"https:\/\/www.revistaalimara.net\/revista\/wp-json\/wp\/v2\/users\/2"}],"replies":[{"embeddable":true,"href":"https:\/\/www.revistaalimara.net\/revista\/wp-json\/wp\/v2\/comments?post=7754"}],"version-history":[{"count":2,"href":"https:\/\/www.revistaalimara.net\/revista\/wp-json\/wp\/v2\/pages\/7754\/revisions"}],"predecessor-version":[{"id":7768,"href":"https:\/\/www.revistaalimara.net\/revista\/wp-json\/wp\/v2\/pages\/7754\/revisions\/7768"}],"wp:attachment":[{"href":"https:\/\/www.revistaalimara.net\/revista\/wp-json\/wp\/v2\/media?parent=7754"}],"curies":[{"name":"wp","href":"https:\/\/api.w.org\/{rel}","templated":true}]}}