{"id":7734,"date":"2026-05-11T10:33:44","date_gmt":"2026-05-11T09:33:44","guid":{"rendered":"https:\/\/www.revistaalimara.net\/revista\/?page_id=7734"},"modified":"2026-05-11T10:33:46","modified_gmt":"2026-05-11T09:33:46","slug":"portada_numero_73","status":"publish","type":"page","link":"https:\/\/www.revistaalimara.net\/revista\/portada_numero_73\/","title":{"rendered":"Portada_numero_73"},"content":{"rendered":"<div id=\"pl-gb7734-6a01c017ec5a8\"  class=\"panel-layout\" ><div id=\"pg-gb7734-6a01c017ec5a8-0\"  class=\"panel-grid panel-has-style\" ><div class=\"sticky_row panel-row-style panel-row-style-for-gb7734-6a01c017ec5a8-0\" ><div id=\"pgc-gb7734-6a01c017ec5a8-0-0\"  class=\"panel-grid-cell\" ><div id=\"panel-gb7734-6a01c017ec5a8-0-0-0\" class=\"so-panel widget widget_text panel-first-child\" data-index=\"0\" >\t\t\t<div class=\"textwidget\"><p><span class=\"post-titol\">Darrer n\u00famero<\/span><\/p>\n<\/div>\n\t\t<\/div><div id=\"panel-gb7734-6a01c017ec5a8-0-0-1\" class=\"so-panel widget widget_sow-hero\" data-index=\"1\" ><div\n\t\t\t\n\t\t\tclass=\"so-widget-sow-hero so-widget-sow-hero-default-6e283e92799f-7734 so-widget-fittext-wrapper\"\n\t\t\t data-fit-text-compressor=\"0.85\"\n\t\t>\t\t\t\t<div class=\"sow-slider-base\" style=\"display: none\" tabindex=\"0\">\n\t\t\t\t\t<ul\n\t\t\t\t\tclass=\"sow-slider-images\"\n\t\t\t\t\tdata-settings=\"{&quot;pagination&quot;:true,&quot;speed&quot;:800,&quot;timeout&quot;:8000,&quot;paused&quot;:false,&quot;pause_on_hover&quot;:false,&quot;swipe&quot;:true,&quot;nav_always_show_desktop&quot;:&quot;&quot;,&quot;nav_always_show_mobile&quot;:&quot;&quot;,&quot;breakpoint&quot;:&quot;780px&quot;,&quot;unmute&quot;:false,&quot;anchor&quot;:null}\"\n\t\t\t\t\t\t\t\t\t\tdata-anchor-id=\"\"\n\t\t\t\t>\t\t<li class=\"sow-slider-image  sow-slider-image-cover\" style=\"visibility: visible;;background-color: #333333\" >\n\t\t\t\t\t<div class=\"sow-slider-image-container\">\n\t\t\t<div class=\"sow-slider-image-wrapper\">\n\t\t\t\t<h6>N\u00daMERO 73 \/ MAIG 2026<\/h6>\n<h1>ALIMARA. Innovaci\u00f3 i Metodologia en Afers Socials<\/h1>\n<div class=\"sow-hero-buttons\" ><div\n\t\t\t\n\t\t\tclass=\"so-widget-sow-button so-widget-sow-button-flat-59dfec4aad83\"\n\t\t\t\n\t\t><div class=\"ow-button-base ow-button-align-center\">\n\t<a\n\thref=\"https:\/\/www.revistaalimara.net\/revista\/epoca_6_73\/\"\n\t\tclass=\"download-home ow-icon-placement-left ow-button-hover\" \t>\n\t\t<span>\n\t\t\t\n\t\t\t+ INFO\t\t<\/span>\n\t<\/a>\n<\/div>\n<\/div><\/div>\n\t\t\t<\/div>\n\t\t<\/div>\n\t\t<div class=\"sow-slider-image-overlay sow-slider-image-cover\" style=\"opacity: 0.82;background-image: url(https:\/\/www.revistaalimara.net\/revista\/wp-content\/uploads\/2026\/05\/Imagen1-430x240.png)\"  ><\/div>\t\t<\/li>\n\t\t<\/ul>\t\t\t\t<ol class=\"sow-slider-pagination\">\n\t\t\t\t\t\t\t\t\t\t\t<li><a href=\"#\" data-goto=\"0\" aria-label=\"display slide 1\"><\/a><\/li>\n\t\t\t\t\t\t\t\t\t<\/ol>\n\n\t\t\t\t<div class=\"sow-slide-nav sow-slide-nav-next\">\n\t\t\t\t\t<a href=\"#\" data-goto=\"next\" aria-label=\"next slide\" data-action=\"next\">\n\t\t\t\t\t\t<em class=\"sow-sld-icon-thin-right\"><\/em>\n\t\t\t\t\t<\/a>\n\t\t\t\t<\/div>\n\n\t\t\t\t<div class=\"sow-slide-nav sow-slide-nav-prev\">\n\t\t\t\t\t<a href=\"#\" data-goto=\"previous\" aria-label=\"previous slide\" data-action=\"prev\">\n\t\t\t\t\t\t<em class=\"sow-sld-icon-thin-left\"><\/em>\n\t\t\t\t\t<\/a>\n\t\t\t\t<\/div>\n\t\t\t\t<\/div><\/div><\/div><div id=\"panel-gb7734-6a01c017ec5a8-0-0-2\" class=\"so-panel widget widget_text\" data-index=\"2\" >\t\t\t<div class=\"textwidget\"><p>Amb l&#8217;arribada d&#8217;aquest nou n\u00famero 73 d&#8217;Alimara, ens convidem a fer una pausa per reflexionar sobre el que realment importa: la qualitat de la nostra tasca di\u00e0ria. En un context social exigent, la nostra responsabilitat com a professionals transcendeix la mera execuci\u00f3 de serveis; posam atenci\u00f3 a l&#8217;\u00e8tica de la cura i la sostenibilitat social com a pilar fonamental.<\/p>\n<p>Aquesta mirada profunda ens ha de conduir a la necessitat d&#8217;estructurar la nostra intervenci\u00f3. Per aix\u00f2, als seg\u00fcents articles, entre d&#8217;altres, subratllam la import\u00e0ncia de la recopilaci\u00f3 rigorosa de dades i la seva elaboraci\u00f3 com a eines essencials per a una planificaci\u00f3 social informada i efectiva.<\/p>\n<p>Per\u00f2 aquesta efici\u00e8ncia no pot ser a qualsevol preu. \u00c9s fonamental posar el focus en l&#8217;autocura i la gesti\u00f3 de l&#8217;estr\u00e8s dels i de les professionals, garantint el seu benestar per poder oferir una atenci\u00f3 sostinguda i de qualitat als usuaris que atenen.<\/p>\n<p>En l&#8217;\u00e0mbit de la protecci\u00f3, aquest n\u00famero destaca la necessitat d&#8217;una formaci\u00f3 constant i especialitzada dels equips que atenen el col\u00b7lectiu d&#8217;inf\u00e0ncia i fam\u00edlia, clau per garantir el seu desenvolupament \u00f2ptim.<\/p>\n<p>Finalment, la revista posa de manifest l&#8217;esfor\u00e7 generat des de l&#8217;IMAS en el suport territorial a Mallorca i el paper crucial de la prevenci\u00f3, confirmant el comprom\u00eds amb la proximitat i la construcci\u00f3 de xarxes de suport que generin resili\u00e8ncia col\u00b7lectiva.<\/p>\n<p>Vos convidam a repensar, a debatre i, sobretot, a reconnectar amb el prop\u00f2sit essencial de la nostra feina.<\/p>\n<\/div>\n\t\t<\/div><div id=\"panel-gb7734-6a01c017ec5a8-0-0-3\" class=\"so-panel widget widget_media_image panel-last-child\" data-index=\"3\" ><img width=\"1225\" height=\"188\" src=\"https:\/\/www.revistaalimara.net\/revista\/wp-content\/uploads\/2023\/10\/logos-IMAS-UIB.png\" class=\"image wp-image-6718  attachment-full size-full\" alt=\"\" decoding=\"async\" loading=\"lazy\" style=\"max-width: 100%; height: auto;\" srcset=\"https:\/\/www.revistaalimara.net\/revista\/wp-content\/uploads\/2023\/10\/logos-IMAS-UIB.png 1225w, https:\/\/www.revistaalimara.net\/revista\/wp-content\/uploads\/2023\/10\/logos-IMAS-UIB-300x46.png 300w, https:\/\/www.revistaalimara.net\/revista\/wp-content\/uploads\/2023\/10\/logos-IMAS-UIB-1024x157.png 1024w, https:\/\/www.revistaalimara.net\/revista\/wp-content\/uploads\/2023\/10\/logos-IMAS-UIB-768x118.png 768w, https:\/\/www.revistaalimara.net\/revista\/wp-content\/uploads\/2023\/10\/logos-IMAS-UIB-550x84.png 550w, https:\/\/www.revistaalimara.net\/revista\/wp-content\/uploads\/2023\/10\/logos-IMAS-UIB-520x80.png 520w, https:\/\/www.revistaalimara.net\/revista\/wp-content\/uploads\/2023\/10\/logos-IMAS-UIB-625x96.png 625w, https:\/\/www.revistaalimara.net\/revista\/wp-content\/uploads\/2023\/10\/logos-IMAS-UIB-15x2.png 15w, https:\/\/www.revistaalimara.net\/revista\/wp-content\/uploads\/2023\/10\/logos-IMAS-UIB-854x131.png 854w\" sizes=\"(max-width: 1225px) 100vw, 1225px\" \/><\/div><\/div><div id=\"pgc-gb7734-6a01c017ec5a8-0-1\"  class=\"panel-grid-cell\" ><div id=\"panel-gb7734-6a01c017ec5a8-0-1-0\" class=\"so-panel widget widget_posts_widget panel-first-child\" data-index=\"4\" ><div class=\"panel-widget-style panel-widget-style-for-gb7734-6a01c017ec5a8-0-1-0\" ><h2 class=\"heading heading-left\"><span>Articles de la revista<\/span><\/h2><div><div class=\"poster-small  \"><a class=\"poster-image mt-radius pull-left\" href=\"https:\/\/www.revistaalimara.net\/revista\/noves-eines-de-sensibilitzacio-sobreledatisme-el-cami-cap-a-les-families-i-lesescoles\/\"><div class=\"mt-post-image\" ><div class=\"mt-post-image-background\" style=\"background-image:url(https:\/\/www.revistaalimara.net\/revista\/wp-content\/uploads\/2026\/05\/Retall-4-15x16.png);\"><\/div><img decoding=\"async\" loading=\"lazy\" src=\"data:image\/gif;base64,R0lGODlhAQABAIAAAAAAAP\/\/\/yH5BAEAAAAALAAAAAABAAEAAAIBRAA7\"  alt=\"Noves eines de sensibilitzaci\u00f3 sobrel\u2019edatisme: el cam\u00ed cap a les fam\u00edlies i les escoles\"  data-src=\"https:\/\/www.revistaalimara.net\/revista\/wp-content\/uploads\/2026\/05\/Retall-4-100x68.png\" width=\"100\" height=\"66\" \/><\/div><\/a><div class=\"poster-text\"><a href=\"https:\/\/www.revistaalimara.net\/revista\/noves-eines-de-sensibilitzacio-sobreledatisme-el-cami-cap-a-les-families-i-lesescoles\/\"><h4>Noves eines de sensibilitzaci\u00f3 sobrel\u2019edatisme: el cam\u00ed cap a les fam\u00edlies i les escoles<\/h4><\/a><small class=\"mt-pl\"><span class=\"color-silver-light mt-pl-d\">11 de maig de 2026<\/span><\/small><\/div><div class=\"clearfix\"><\/div><\/div><div class=\"poster-small  \"><a class=\"poster-image mt-radius pull-left\" href=\"https:\/\/www.revistaalimara.net\/revista\/de-la-tutela-a-lautonomia-modelterapeutic-bones-practiques-i-resultats\/\"><div class=\"mt-post-image\" ><div class=\"mt-post-image-background\" style=\"background-image:url(https:\/\/www.revistaalimara.net\/revista\/wp-content\/uploads\/2026\/05\/Retall-3-15x9.png);\"><\/div><img decoding=\"async\" loading=\"lazy\" src=\"data:image\/gif;base64,R0lGODlhAQABAIAAAAAAAP\/\/\/yH5BAEAAAAALAAAAAABAAEAAAIBRAA7\"  alt=\"De la tutela a l&#8217;autonomia: modelterap\u00e8utic, bones pr\u00e0ctiques i resultats\"  data-src=\"https:\/\/www.revistaalimara.net\/revista\/wp-content\/uploads\/2026\/05\/Retall-3-100x68.png\" width=\"100\" height=\"66\" \/><\/div><\/a><div class=\"poster-text\"><a href=\"https:\/\/www.revistaalimara.net\/revista\/de-la-tutela-a-lautonomia-modelterapeutic-bones-practiques-i-resultats\/\"><h4>De la tutela a l&#8217;autonomia: modelterap\u00e8utic, bones pr\u00e0ctiques i resultats<\/h4><\/a><small class=\"mt-pl\"><span class=\"color-silver-light mt-pl-d\">11 de maig de 2026<\/span><\/small><\/div><div class=\"clearfix\"><\/div><\/div><div class=\"poster-small  \"><a class=\"poster-image mt-radius pull-left\" href=\"https:\/\/www.revistaalimara.net\/revista\/quan-la-cultura-no-es-el-problema-microviolencies-institucionals-en-laintervencio-social\/\"><div class=\"mt-post-image\" ><div class=\"mt-post-image-background\" style=\"background-image:url(https:\/\/www.revistaalimara.net\/revista\/wp-content\/uploads\/2026\/05\/Retall-2-15x12.png);\"><\/div><img decoding=\"async\" loading=\"lazy\" src=\"data:image\/gif;base64,R0lGODlhAQABAIAAAAAAAP\/\/\/yH5BAEAAAAALAAAAAABAAEAAAIBRAA7\"  alt=\"Quan la cultura no \u00e9s el problema: Microviol\u00e8ncies institucionals en la intervenci\u00f3 social\"  data-src=\"https:\/\/www.revistaalimara.net\/revista\/wp-content\/uploads\/2026\/05\/Retall-2-100x68.png\" width=\"100\" height=\"66\" \/><\/div><\/a><div class=\"poster-text\"><a href=\"https:\/\/www.revistaalimara.net\/revista\/quan-la-cultura-no-es-el-problema-microviolencies-institucionals-en-laintervencio-social\/\"><h4>Quan la cultura no \u00e9s el problema: Microviol\u00e8ncies institucionals en la intervenci\u00f3 social<\/h4><\/a><small class=\"mt-pl\"><span class=\"color-silver-light mt-pl-d\">11 de maig de 2026<\/span><\/small><\/div><div class=\"clearfix\"><\/div><\/div><div class=\"poster-small  \"><a class=\"poster-image mt-radius pull-left\" href=\"https:\/\/www.revistaalimara.net\/revista\/levidencia-de-les-dades-per-a-la-millora-de-laccio-social-ii\/\"><div class=\"mt-post-image\" ><div class=\"mt-post-image-background\" style=\"background-image:url(https:\/\/www.revistaalimara.net\/revista\/wp-content\/uploads\/2026\/05\/Retall-1-15x15.png);\"><\/div><img decoding=\"async\" loading=\"lazy\" src=\"data:image\/gif;base64,R0lGODlhAQABAIAAAAAAAP\/\/\/yH5BAEAAAAALAAAAAABAAEAAAIBRAA7\"  alt=\"L&#8217;evid\u00e8ncia de les dades per a la millora de l&#8217;acci\u00f3 social (II)\"  data-src=\"https:\/\/www.revistaalimara.net\/revista\/wp-content\/uploads\/2026\/05\/Retall-1-100x68.png\" width=\"100\" height=\"66\" \/><\/div><\/a><div class=\"poster-text\"><a href=\"https:\/\/www.revistaalimara.net\/revista\/levidencia-de-les-dades-per-a-la-millora-de-laccio-social-ii\/\"><h4>L&#8217;evid\u00e8ncia de les dades per a la millora de l&#8217;acci\u00f3 social (II)<\/h4><\/a><small class=\"mt-pl\"><span class=\"color-silver-light mt-pl-d\">11 de maig de 2026<\/span><\/small><\/div><div class=\"clearfix\"><\/div><\/div><\/div><div class=\"pagination\"><\/div><\/div><\/div><div id=\"panel-gb7734-6a01c017ec5a8-0-1-1\" class=\"so-panel widget widget_space_widget\" data-index=\"5\" ><div class=\"clearfix\" style=\"height:20px\"><\/div><\/div><div id=\"panel-gb7734-6a01c017ec5a8-0-1-2\" class=\"so-panel widget widget_space_widget\" data-index=\"6\" ><div class=\"clearfix\" style=\"height:20px\"><\/div><\/div><div id=\"panel-gb7734-6a01c017ec5a8-0-1-3\" class=\"widget_text so-panel widget widget_custom_html panel-last-child\" data-index=\"7\" ><div class=\"textwidget custom-html-widget\"><div class=\"fons\">\n<h1>Hemeroteca<\/h1>\n<a href=\"https:\/\/www.revistaalimara.net\/revista\/hemeroteca-1a-epoca\/\">Aqu\u00ed podeu descarregar tots els n\u00fameros de la nostra revista<\/a>\n<div class=\"imatge\">\n\n<svg version=\"1.1\" id=\"Layer_1\" xmlns=\"http:\/\/www.w3.org\/2000\/svg\" xmlns:xlink=\"http:\/\/www.w3.org\/1999\/xlink\" x=\"0px\" y=\"0px\"\n\t width=\"59.144px\" height=\"52.82px\" enable-background=\"new 0 0 59.144 52.82\" xml:space=\"preserve\">\n<g>\n\t<path fill=\"none\" stroke=\"#FFFFFF\" stroke-width=\"2\" stroke-linecap=\"round\" stroke-linejoin=\"round\" stroke-miterlimit=\"10\" d=\"\n\t\tM29.572,10.02c0-4.875,11.982-8.827,28-8.827v41.609c-16.017,0-28,3.951-28,8.826c0-4.875-11.985-8.826-28-8.826V1.192\n\t\tC17.586,1.192,29.572,5.145,29.572,10.02z\"\/>\n\t\n\t\t<line fill=\"none\" stroke=\"#FFFFFF\" stroke-width=\"2\" stroke-linecap=\"round\" stroke-linejoin=\"round\" stroke-miterlimit=\"10\" x1=\"29.572\" y1=\"10.02\" x2=\"29.572\" y2=\"51.628\"\/>\n\t<path fill=\"none\" stroke=\"#FFFFFF\" stroke-width=\"2\" stroke-linecap=\"round\" stroke-linejoin=\"round\" stroke-miterlimit=\"10\" d=\"\n\t\tM23.267,15.667c-4.061-1.553-9.801-2.682-16.392-3.126\"\/>\n\t<path fill=\"none\" stroke=\"#FFFFFF\" stroke-width=\"2\" stroke-linecap=\"round\" stroke-linejoin=\"round\" stroke-miterlimit=\"10\" d=\"\n\t\tM23.267,23.232c-4.061-1.553-9.801-2.682-16.392-3.127\"\/>\n\t<path fill=\"none\" stroke=\"#FFFFFF\" stroke-width=\"2\" stroke-linecap=\"round\" stroke-linejoin=\"round\" stroke-miterlimit=\"10\" d=\"\n\t\tM23.267,30.798c-4.061-1.553-9.801-2.682-16.392-3.126\"\/>\n\t<path fill=\"none\" stroke=\"#FFFFFF\" stroke-width=\"2\" stroke-linecap=\"round\" stroke-linejoin=\"round\" stroke-miterlimit=\"10\" d=\"\n\t\tM23.267,38.362c-4.061-1.553-9.801-2.681-16.392-3.126\"\/>\n\t<path fill=\"none\" stroke=\"#FFFFFF\" stroke-width=\"2\" stroke-linecap=\"round\" stroke-linejoin=\"round\" stroke-miterlimit=\"10\" d=\"\n\t\tM35.875,30.798c4.063-1.553,9.801-2.682,16.391-3.126\"\/>\n\t<path fill=\"none\" stroke=\"#FFFFFF\" stroke-width=\"2\" stroke-linecap=\"round\" stroke-linejoin=\"round\" stroke-miterlimit=\"10\" d=\"\n\t\tM35.875,38.362c4.063-1.553,9.801-2.681,16.391-3.126\"\/>\n\t<polyline fill=\"none\" stroke=\"#FFFFFF\" stroke-width=\"2\" stroke-miterlimit=\"10\" points=\"51.571,1.381 51.571,22.192 \n\t\t46.571,17.192 41.571,22.192 41.571,2.723 \t\"\/>\n<\/g>\n<\/svg>\n\t<\/div>\n<\/div><\/div><\/div><\/div><\/div><\/div><\/div>","protected":false},"excerpt":{"rendered":"","protected":false},"author":2,"featured_media":0,"parent":0,"menu_order":0,"comment_status":"closed","ping_status":"closed","template":"","meta":[],"_links":{"self":[{"href":"https:\/\/www.revistaalimara.net\/revista\/wp-json\/wp\/v2\/pages\/7734"}],"collection":[{"href":"https:\/\/www.revistaalimara.net\/revista\/wp-json\/wp\/v2\/pages"}],"about":[{"href":"https:\/\/www.revistaalimara.net\/revista\/wp-json\/wp\/v2\/types\/page"}],"author":[{"embeddable":true,"href":"https:\/\/www.revistaalimara.net\/revista\/wp-json\/wp\/v2\/users\/2"}],"replies":[{"embeddable":true,"href":"https:\/\/www.revistaalimara.net\/revista\/wp-json\/wp\/v2\/comments?post=7734"}],"version-history":[{"count":3,"href":"https:\/\/www.revistaalimara.net\/revista\/wp-json\/wp\/v2\/pages\/7734\/revisions"}],"predecessor-version":[{"id":7739,"href":"https:\/\/www.revistaalimara.net\/revista\/wp-json\/wp\/v2\/pages\/7734\/revisions\/7739"}],"wp:attachment":[{"href":"https:\/\/www.revistaalimara.net\/revista\/wp-json\/wp\/v2\/media?parent=7734"}],"curies":[{"name":"wp","href":"https:\/\/api.w.org\/{rel}","templated":true}]}}