{"id":7449,"date":"2025-05-26T11:22:16","date_gmt":"2025-05-26T10:22:16","guid":{"rendered":"https:\/\/www.revistaalimara.net\/revista\/?page_id=7449"},"modified":"2025-05-28T08:37:04","modified_gmt":"2025-05-28T07:37:04","slug":"alimara-71","status":"publish","type":"page","link":"https:\/\/www.revistaalimara.net\/revista\/alimara-71\/","title":{"rendered":"ALIMARA 71"},"content":{"rendered":"<div id=\"pl-7449\"  class=\"panel-layout\" ><div id=\"pg-7449-0\"  class=\"panel-grid panel-has-style\" ><div class=\"siteorigin-panels-stretch panel-row-style panel-row-style-for-7449-0\" data-stretch-type=\"full-stretched\" ><div id=\"pgc-7449-0-0\"  class=\"panel-grid-cell\" ><div id=\"panel-7449-0-0-0\" class=\"so-panel widget widget_sow-hero panel-first-child panel-last-child\" data-index=\"0\" ><div\n\t\t\t\n\t\t\tclass=\"so-widget-sow-hero so-widget-sow-hero-default-5e538039d24c-7449\"\n\t\t\t\n\t\t>\t\t\t\t<div class=\"sow-slider-base\" style=\"display: none\" tabindex=\"0\">\n\t\t\t\t\t<ul\n\t\t\t\t\tclass=\"sow-slider-images\"\n\t\t\t\t\tdata-settings=\"{&quot;pagination&quot;:true,&quot;speed&quot;:800,&quot;timeout&quot;:8000,&quot;paused&quot;:false,&quot;pause_on_hover&quot;:false,&quot;swipe&quot;:true,&quot;nav_always_show_desktop&quot;:&quot;&quot;,&quot;nav_always_show_mobile&quot;:&quot;&quot;,&quot;breakpoint&quot;:&quot;780px&quot;,&quot;unmute&quot;:false,&quot;anchor&quot;:null}\"\n\t\t\t\t\tstyle=\"min-height: 400px\"\t\t\t\t\tdata-anchor-id=\"\"\n\t\t\t\t>\t\t<li class=\"sow-slider-image  sow-slider-image-cover\" style=\"visibility: visible;;background-color: #333333\" >\n\t\t\t\t\t<div class=\"sow-slider-image-container\">\n\t\t\t<div class=\"sow-slider-image-wrapper\">\n\t\t\t\t<p style=\"text-align: center\">N\u00daMERO 71 | JUNY 2025<\/p>\n<h3 style=\"text-align: center\">ALIMARA<br \/>\nInnovaci\u00f3 i Metodologia en Afers Socials<\/h3>\n\t\t\t<\/div>\n\t\t<\/div>\n\t\t<div class=\"sow-slider-image-overlay sow-slider-image-cover\" style=\"opacity: 0.5;background-image: url(https:\/\/www.revistaalimara.net\/revista\/wp-content\/uploads\/2025\/05\/Alimara71_portada-1.jpg)\"  ><\/div>\t\t<\/li>\n\t\t<\/ul>\t\t\t\t<ol class=\"sow-slider-pagination\">\n\t\t\t\t\t\t\t\t\t\t\t<li><a href=\"#\" data-goto=\"0\" aria-label=\"display slide 1\"><\/a><\/li>\n\t\t\t\t\t\t\t\t\t<\/ol>\n\n\t\t\t\t<div class=\"sow-slide-nav sow-slide-nav-next\">\n\t\t\t\t\t<a href=\"#\" data-goto=\"next\" aria-label=\"next slide\" data-action=\"next\">\n\t\t\t\t\t\t<em class=\"sow-sld-icon-thin-right\"><\/em>\n\t\t\t\t\t<\/a>\n\t\t\t\t<\/div>\n\n\t\t\t\t<div class=\"sow-slide-nav sow-slide-nav-prev\">\n\t\t\t\t\t<a href=\"#\" data-goto=\"previous\" aria-label=\"previous slide\" data-action=\"prev\">\n\t\t\t\t\t\t<em class=\"sow-sld-icon-thin-left\"><\/em>\n\t\t\t\t\t<\/a>\n\t\t\t\t<\/div>\n\t\t\t\t<\/div><\/div><\/div><\/div><\/div><\/div><div id=\"pg-7449-1\"  class=\"panel-grid panel-has-style\" ><div class=\"panel-row-style panel-row-style-for-7449-1\" ><div id=\"pgc-7449-1-0\"  class=\"panel-grid-cell\" ><div id=\"panel-7449-1-0-0\" class=\"widget_text so-panel widget widget_custom_html panel-first-child\" data-index=\"1\" ><h3 class=\"widget-title\">Articles de la revista<\/h3><div class=\"textwidget custom-html-widget\"><\/div><\/div><div id=\"panel-7449-1-0-1\" class=\"so-panel widget widget_posts_widget panel-last-child\" data-index=\"2\" ><div><div class=\"poster poster-right normal   size-350\"><a class=\"poster-image mt-radius pull-left\" href=\"https:\/\/www.revistaalimara.net\/revista\/el-tractament-de-les-persones-en-situacio-dexclusio-social-per-part-dels-mitjans-de-comunicacio-en-el-tram-final-de-la-pandemia\/\"><div class=\"mt-post-image\" ><div class=\"mt-post-image-background\" style=\"background-image:url(https:\/\/www.revistaalimara.net\/revista\/wp-content\/uploads\/2025\/05\/Alimara71_D-15x15.jpg);\"><\/div><img alt=\"El tractament de les persones en situaci\u00f3 d&#8217;exclusi\u00f3 social per part dels mitjans de comunicaci\u00f3 en el tram final de la pand\u00e8mia\" class=\"lazy\" src=\"data:image\/gif;base64,R0lGODlhAQABAIAAAAAAAP\/\/\/yH5BAEAAAAALAAAAAABAAEAAAIBRAA7\" data-src=\"https:\/\/www.revistaalimara.net\/revista\/wp-content\/uploads\/2025\/05\/Alimara71_D-550x545.jpg\" width=\"550\" height=\"550\" \/><\/div><span class=\"post-icon mt-theme-background\"><i class=\"ic-open open\"><\/i><\/span><div class=\"poster-info\"><div class=\"poster-cat\"><span class=\"mt-theme-text\">Inserci\u00f3 social<\/span><\/div><div class=\"poster-data color-silver-light\"><span class=\"poster-views\">2579 <span class=\"mt-data-text\">Visites<\/span><\/span><\/div><\/div><\/a><div class=\"poster-content\"><div class=\"poster-cat\"><span class=\"mt-theme-text\">Inserci\u00f3 social<\/span><\/div><div class=\"poster-data color-silver-light\"><span class=\"poster-views\">2579 <span class=\"mt-data-text\">Visites<\/span><\/span><\/div><a href=\"https:\/\/www.revistaalimara.net\/revista\/el-tractament-de-les-persones-en-situacio-dexclusio-social-per-part-dels-mitjans-de-comunicacio-en-el-tram-final-de-la-pandemia\/\"><h2>El tractament de les persones en situaci\u00f3 d&#8217;exclusi\u00f3 social per part dels mitjans de comunicaci\u00f3 en el tram final de la pand\u00e8mia<\/h2><\/a><small class=\"mt-pl\"><strong class=\"mt-pl-a\">alimara<\/strong><span class=\"color-silver-light mt-ml\"> - <\/span><span class=\"color-silver-light mt-pl-d\">26 de maig de 2025<\/span><\/small><p>Paraules clau: Aporof\u00f2bia, pobresa, persones en risc d\u2019exclusi\u00f3 social, mitjans de comunicaci\u00f3, pand\u00e8mia. Resum: La pobresa, tamb\u00e9 anomenada exclusi\u00f3 social, \u00e9s una xacra que continua present dins&hellip;<\/p><div class=\"hidden mt-readmore\"><a class=\"mt-readmore-url\" href=\"https:\/\/www.revistaalimara.net\/revista\/el-tractament-de-les-persones-en-situacio-dexclusio-social-per-part-dels-mitjans-de-comunicacio-en-el-tram-final-de-la-pandemia\/\">Veure article<\/a><\/div><\/div><div class=\"clearfix\"><\/div><\/div><div class=\"poster poster-right normal   size-350\"><a class=\"poster-image mt-radius pull-left\" href=\"https:\/\/www.revistaalimara.net\/revista\/el-poder-innovador-de-la-gestio-transversal-estrategies-clau-per-a-la-transformacio-de-ladministracio-del-segle-xxi\/\"><div class=\"mt-post-image\" ><div class=\"mt-post-image-background\" style=\"background-image:url(https:\/\/www.revistaalimara.net\/revista\/wp-content\/uploads\/2025\/05\/Alimara71_C-15x15.jpg);\"><\/div><img alt=\"El poder innovador de la gesti\u00f3 transversal: estrat\u00e8gies clau per a la transformaci\u00f3 de l&#8217;administraci\u00f3 del segle XXI\" class=\"lazy\" src=\"data:image\/gif;base64,R0lGODlhAQABAIAAAAAAAP\/\/\/yH5BAEAAAAALAAAAAABAAEAAAIBRAA7\" data-src=\"https:\/\/www.revistaalimara.net\/revista\/wp-content\/uploads\/2025\/05\/Alimara71_C-540x550.jpg\" width=\"550\" height=\"550\" \/><\/div><span class=\"post-icon mt-theme-background\"><i class=\"ic-open open\"><\/i><\/span><div class=\"poster-info\"><div class=\"poster-cat\"><span class=\"mt-theme-text\">Gesti\u00f3 p\u00fabica<\/span><\/div><div class=\"poster-data color-silver-light\"><span class=\"poster-views\">2548 <span class=\"mt-data-text\">Visites<\/span><\/span><\/div><\/div><\/a><div class=\"poster-content\"><div class=\"poster-cat\"><span class=\"mt-theme-text\">Gesti\u00f3 p\u00fabica<\/span><\/div><div class=\"poster-data color-silver-light\"><span class=\"poster-views\">2548 <span class=\"mt-data-text\">Visites<\/span><\/span><\/div><a href=\"https:\/\/www.revistaalimara.net\/revista\/el-poder-innovador-de-la-gestio-transversal-estrategies-clau-per-a-la-transformacio-de-ladministracio-del-segle-xxi\/\"><h2>El poder innovador de la gesti\u00f3 transversal: estrat\u00e8gies clau per a la transformaci\u00f3 de l&#8217;administraci\u00f3 del segle XXI<\/h2><\/a><small class=\"mt-pl\"><strong class=\"mt-pl-a\">alimara<\/strong><span class=\"color-silver-light mt-ml\"> - <\/span><span class=\"color-silver-light mt-pl-d\">26 de maig de 2025<\/span><\/small><p>Paraules clau: Programes transversals, gesti\u00f3 transversal, administraci\u00f3 p\u00fablica, innovaci\u00f3. Resum: La gesti\u00f3 transversal en l'administraci\u00f3 p\u00fablica s'ha convertit en una eina clau per millorar l'efici\u00e8ncia i l'efic\u00e0cia&hellip;<\/p><div class=\"hidden mt-readmore\"><a class=\"mt-readmore-url\" href=\"https:\/\/www.revistaalimara.net\/revista\/el-poder-innovador-de-la-gestio-transversal-estrategies-clau-per-a-la-transformacio-de-ladministracio-del-segle-xxi\/\">Veure article<\/a><\/div><\/div><div class=\"clearfix\"><\/div><\/div><div class=\"poster poster-right normal   size-350\"><a class=\"poster-image mt-radius pull-left\" href=\"https:\/\/www.revistaalimara.net\/revista\/de-les-escoles-taller-als-certificats-de-professionalitat-una-experiencia-personal\/\"><div class=\"mt-post-image\" ><div class=\"mt-post-image-background\" style=\"background-image:url(https:\/\/www.revistaalimara.net\/revista\/wp-content\/uploads\/2025\/05\/Alimara71_B-15x15.jpg);\"><\/div><img alt=\"De les escoles taller als certificats de professionalitat. Una experi\u00e8ncia personal\" class=\"lazy\" src=\"data:image\/gif;base64,R0lGODlhAQABAIAAAAAAAP\/\/\/yH5BAEAAAAALAAAAAABAAEAAAIBRAA7\" data-src=\"https:\/\/www.revistaalimara.net\/revista\/wp-content\/uploads\/2025\/05\/Alimara71_B-548x550.jpg\" width=\"550\" height=\"550\" \/><\/div><span class=\"post-icon mt-theme-background\"><i class=\"ic-open open\"><\/i><\/span><div class=\"poster-info\"><div class=\"poster-cat\"><span class=\"mt-theme-text\">Formaci\u00f3<\/span><\/div><div class=\"poster-data color-silver-light\"><span class=\"poster-views\">2515 <span class=\"mt-data-text\">Visites<\/span><\/span><\/div><\/div><\/a><div class=\"poster-content\"><div class=\"poster-cat\"><span class=\"mt-theme-text\">Formaci\u00f3<\/span><\/div><div class=\"poster-data color-silver-light\"><span class=\"poster-views\">2515 <span class=\"mt-data-text\">Visites<\/span><\/span><\/div><a href=\"https:\/\/www.revistaalimara.net\/revista\/de-les-escoles-taller-als-certificats-de-professionalitat-una-experiencia-personal\/\"><h2>De les escoles taller als certificats de professionalitat. Una experi\u00e8ncia personal<\/h2><\/a><small class=\"mt-pl\"><strong class=\"mt-pl-a\">alimara<\/strong><span class=\"color-silver-light mt-ml\"> - <\/span><span class=\"color-silver-light mt-pl-d\">26 de maig de 2025<\/span><\/small><p>Paraules clau: Escoles taller, certificat de professionalitat (CP), formaci\u00f3, compet\u00e8ncies professionals. Resum: Aquest article pret\u00e9n donar un punt de vista personal a partir de l\u2019experi\u00e8ncia, sobre la&hellip;<\/p><div class=\"hidden mt-readmore\"><a class=\"mt-readmore-url\" href=\"https:\/\/www.revistaalimara.net\/revista\/de-les-escoles-taller-als-certificats-de-professionalitat-una-experiencia-personal\/\">Veure article<\/a><\/div><\/div><div class=\"clearfix\"><\/div><\/div><div class=\"poster poster-right normal   size-350\"><a class=\"poster-image mt-radius pull-left\" href=\"https:\/\/www.revistaalimara.net\/revista\/la-violencia-filioparental-i-la-mesura-de-convivencia-en-grup-educatiu-una-revisio-de-les-caracteristiques-daquesta-violencia-i-del-sistema-penal-de-menors\/\"><div class=\"mt-post-image\" ><div class=\"mt-post-image-background\" style=\"background-image:url(https:\/\/www.revistaalimara.net\/revista\/wp-content\/uploads\/2025\/05\/Alimara71_A-15x16.jpg);\"><\/div><img alt=\"La viol\u00e8ncia filioparental i la mesura de conviv\u00e8ncia en grup educatiu: una revisi\u00f3 de les caracter\u00edstiques d\u2019aquesta viol\u00e8ncia i del sistema penal de menors\" class=\"lazy\" src=\"data:image\/gif;base64,R0lGODlhAQABAIAAAAAAAP\/\/\/yH5BAEAAAAALAAAAAABAAEAAAIBRAA7\" data-src=\"https:\/\/www.revistaalimara.net\/revista\/wp-content\/uploads\/2025\/05\/Alimara71_A-530x550.jpg\" width=\"550\" height=\"550\" \/><\/div><span class=\"post-icon mt-theme-background\"><i class=\"ic-open open\"><\/i><\/span><div class=\"poster-info\"><div class=\"poster-cat\"><span class=\"mt-theme-text\">Inf\u00e0ncia, adolesc\u00e8ncia i fam\u00edlia<\/span><\/div><div class=\"poster-data color-silver-light\"><span class=\"poster-views\">2711 <span class=\"mt-data-text\">Visites<\/span><\/span><\/div><\/div><\/a><div class=\"poster-content\"><div class=\"poster-cat\"><span class=\"mt-theme-text\">Inf\u00e0ncia, adolesc\u00e8ncia i fam\u00edlia<\/span><\/div><div class=\"poster-data color-silver-light\"><span class=\"poster-views\">2711 <span class=\"mt-data-text\">Visites<\/span><\/span><\/div><a href=\"https:\/\/www.revistaalimara.net\/revista\/la-violencia-filioparental-i-la-mesura-de-convivencia-en-grup-educatiu-una-revisio-de-les-caracteristiques-daquesta-violencia-i-del-sistema-penal-de-menors\/\"><h2>La viol\u00e8ncia filioparental i la mesura de conviv\u00e8ncia en grup educatiu: una revisi\u00f3 de les caracter\u00edstiques d\u2019aquesta viol\u00e8ncia i del sistema penal de menors<\/h2><\/a><small class=\"mt-pl\"><strong class=\"mt-pl-a\">alimara<\/strong><span class=\"color-silver-light mt-ml\"> - <\/span><span class=\"color-silver-light mt-pl-d\">26 de maig de 2025<\/span><\/small><p>Paraules clau: Inf\u00e0ncia, viol\u00e8ncia filioparental, sistema penal, grup educatiu de conviv\u00e8ncia. Resum: El present article forma part del Treball de Fi del M\u00e0ster en criminalidad e intervenci\u00f3n&hellip;<\/p><div class=\"hidden mt-readmore\"><a class=\"mt-readmore-url\" href=\"https:\/\/www.revistaalimara.net\/revista\/la-violencia-filioparental-i-la-mesura-de-convivencia-en-grup-educatiu-una-revisio-de-les-caracteristiques-daquesta-violencia-i-del-sistema-penal-de-menors\/\">Veure article<\/a><\/div><\/div><div class=\"clearfix\"><\/div><\/div><\/div><div class=\"pagination\"><\/div><\/div><\/div><\/div><\/div><\/div>","protected":false},"excerpt":{"rendered":"","protected":false},"author":2,"featured_media":0,"parent":0,"menu_order":0,"comment_status":"closed","ping_status":"closed","template":"","meta":[],"_links":{"self":[{"href":"https:\/\/www.revistaalimara.net\/revista\/wp-json\/wp\/v2\/pages\/7449"}],"collection":[{"href":"https:\/\/www.revistaalimara.net\/revista\/wp-json\/wp\/v2\/pages"}],"about":[{"href":"https:\/\/www.revistaalimara.net\/revista\/wp-json\/wp\/v2\/types\/page"}],"author":[{"embeddable":true,"href":"https:\/\/www.revistaalimara.net\/revista\/wp-json\/wp\/v2\/users\/2"}],"replies":[{"embeddable":true,"href":"https:\/\/www.revistaalimara.net\/revista\/wp-json\/wp\/v2\/comments?post=7449"}],"version-history":[{"count":14,"href":"https:\/\/www.revistaalimara.net\/revista\/wp-json\/wp\/v2\/pages\/7449\/revisions"}],"predecessor-version":[{"id":7466,"href":"https:\/\/www.revistaalimara.net\/revista\/wp-json\/wp\/v2\/pages\/7449\/revisions\/7466"}],"wp:attachment":[{"href":"https:\/\/www.revistaalimara.net\/revista\/wp-json\/wp\/v2\/media?parent=7449"}],"curies":[{"name":"wp","href":"https:\/\/api.w.org\/{rel}","templated":true}]}}