{"id":7445,"date":"2025-05-26T11:20:48","date_gmt":"2025-05-26T10:20:48","guid":{"rendered":"https:\/\/www.revistaalimara.net\/revista\/?page_id=7445"},"modified":"2025-06-04T13:48:31","modified_gmt":"2025-06-04T12:48:31","slug":"epoca_6_71","status":"publish","type":"page","link":"https:\/\/www.revistaalimara.net\/revista\/epoca_6_71\/","title":{"rendered":"\u00c8poca_6_71"},"content":{"rendered":"<div id=\"pl-7445\"  class=\"panel-layout\" ><div id=\"pg-7445-0\"  class=\"panel-grid panel-no-style\" ><div id=\"pgc-7445-0-0\"  class=\"panel-grid-cell\" ><div id=\"panel-7445-0-0-0\" class=\"so-panel widget widget_sow-headline panel-first-child panel-last-child\" data-index=\"0\" ><div\n\t\t\t\n\t\t\tclass=\"so-widget-sow-headline so-widget-sow-headline-default-54d5f1ab2fc0-7445\"\n\t\t\t\n\t\t><div class=\"sow-headline-container \">\n\t<h1 class='sow-headline'>Articles<\/h1><h3 class='sow-sub-headline'>Descarregau els articles de la revista en format PDF<\/h3><\/div>\n<\/div><\/div><\/div><\/div><div id=\"pg-7445-1\"  class=\"panel-grid panel-no-style\" ><div id=\"pgc-7445-1-0\"  class=\"panel-grid-cell panel-grid-cell-empty\" ><\/div><\/div><div id=\"pg-7445-2\"  class=\"panel-grid panel-no-style\" ><div id=\"pgc-7445-2-0\"  class=\"panel-grid-cell\" ><div id=\"panel-7445-2-0-0\" class=\"so-panel widget widget_media_gallery panel-first-child panel-last-child\" data-index=\"1\" >\n\t\t<style type=\"text\/css\">\n\t\t\t#gallery-1 {\n\t\t\t\tmargin: auto;\n\t\t\t}\n\t\t\t#gallery-1 .gallery-item {\n\t\t\t\tfloat: left;\n\t\t\t\tmargin-top: 10px;\n\t\t\t\ttext-align: center;\n\t\t\t\twidth: 100%;\n\t\t\t}\n\t\t\t#gallery-1 img {\n\t\t\t\tborder: 2px solid #cfcfcf;\n\t\t\t}\n\t\t\t#gallery-1 .gallery-caption {\n\t\t\t\tmargin-left: 0;\n\t\t\t}\n\t\t\t\/* see gallery_shortcode() in wp-includes\/media.php *\/\n\t\t<\/style>\n\t\t<div id='gallery-1' class='gallery galleryid-7445 gallery-columns-1 gallery-size-medium'><dl class='gallery-item'>\n\t\t\t<dt class='gallery-icon portrait'>\n\t\t\t\t<img width=\"210\" height=\"300\" src=\"https:\/\/www.revistaalimara.net\/revista\/wp-content\/uploads\/2025\/05\/Alimara71_portada-1-210x300.jpg\" class=\"attachment-medium size-medium\" alt=\"\" decoding=\"async\" loading=\"lazy\" srcset=\"https:\/\/www.revistaalimara.net\/revista\/wp-content\/uploads\/2025\/05\/Alimara71_portada-1-210x300.jpg 210w, https:\/\/www.revistaalimara.net\/revista\/wp-content\/uploads\/2025\/05\/Alimara71_portada-1-718x1024.jpg 718w, https:\/\/www.revistaalimara.net\/revista\/wp-content\/uploads\/2025\/05\/Alimara71_portada-1-768x1096.jpg 768w, https:\/\/www.revistaalimara.net\/revista\/wp-content\/uploads\/2025\/05\/Alimara71_portada-1-386x550.jpg 386w, https:\/\/www.revistaalimara.net\/revista\/wp-content\/uploads\/2025\/05\/Alimara71_portada-1-365x520.jpg 365w, https:\/\/www.revistaalimara.net\/revista\/wp-content\/uploads\/2025\/05\/Alimara71_portada-1-438x625.jpg 438w, https:\/\/www.revistaalimara.net\/revista\/wp-content\/uploads\/2025\/05\/Alimara71_portada-1-15x21.jpg 15w, https:\/\/www.revistaalimara.net\/revista\/wp-content\/uploads\/2025\/05\/Alimara71_portada-1-854x1218.jpg 854w, https:\/\/www.revistaalimara.net\/revista\/wp-content\/uploads\/2025\/05\/Alimara71_portada-1.jpg 884w\" sizes=\"(max-width: 210px) 100vw, 210px\" \/>\n\t\t\t<\/dt><\/dl><br style=\"clear: both\" \/>\n\t\t<\/div>\n<\/div><\/div><div id=\"pgc-7445-2-1\"  class=\"panel-grid-cell\" ><div id=\"panel-7445-2-1-0\" class=\"so-panel widget widget_sow-editor panel-first-child\" data-index=\"2\" ><div\n\t\t\t\n\t\t\tclass=\"so-widget-sow-editor so-widget-sow-editor-base\"\n\t\t\t\n\t\t>\n<div class=\"siteorigin-widget-tinymce textwidget\">\n\t<h6>Alimara. Juny 2025<\/h6>\n<h3>N\u00daMERO 71<\/h3>\n<\/div>\n<\/div><\/div><div id=\"panel-7445-2-1-1\" class=\"so-panel widget widget_sow-button\" data-index=\"3\" ><div\n\t\t\t\n\t\t\tclass=\"so-widget-sow-button so-widget-sow-button-atom-accbd2cd5c79-7445\"\n\t\t\t\n\t\t><div class=\"ow-button-base ow-button-align-center\">\n\t<a\n\thref=\"https:\/\/www.revistaalimara.net\/revista\/wp-content\/uploads\/2025\/06\/Alimara-Num-71.pdf\"\n\t\tclass=\"download ow-icon-placement-left ow-button-hover\" \t>\n\t\t<span>\n\t\t\t<span class=\"sow-icon-fontawesome sow-far\" data-sow-icon=\"&#xf1c1;\"\n\t\tstyle=\"\" \n\t\taria-hidden=\"true\"><\/span>\n\t\t\tDescarregau la revista sencera en PDF\t\t<\/span>\n\t<\/a>\n<\/div>\n<\/div><\/div><div id=\"panel-7445-2-1-2\" class=\"so-panel widget widget_sow-editor panel-last-child\" data-index=\"4\" ><div\n\t\t\t\n\t\t\tclass=\"so-widget-sow-editor so-widget-sow-editor-base\"\n\t\t\t\n\t\t>\n<div class=\"siteorigin-widget-tinymce textwidget\">\n\t<p>&nbsp;<\/p>\n<p><span style=\"color: #009fe3;\"><strong>\u00cdndex<\/strong><\/span><\/p>\n<p><strong>INF\u00c0NCIA, ADOLESC\u00c8NCIA I FAM\u00cdLIA<br \/>\n<\/strong><a href=\"https:\/\/www.revistaalimara.net\/revista\/wp-content\/uploads\/2025\/06\/Alimara-Num-71_art-1.pdf\">La viol\u00e8ncia filioparental i la mesura de conviv\u00e8ncia en grup educatiu: una revisi\u00f3 de les caracter\u00edstiques d\u2019aquesta viol\u00e8ncia i del sistema penal de menors<\/a><br \/>\n<em>Maya Vanrell Ramos<\/em>.<\/p>\n<p><strong>FORMACI\u00d3<br \/>\n<\/strong><em><a href=\"https:\/\/www.revistaalimara.net\/revista\/wp-content\/uploads\/2025\/05\/Alimara-Num-71_art-2.pdf\">De les escoles taller als certificats de professionalitat. Una experi\u00e8ncia personal<\/a><br \/>\nAna B\u00e1ez L\u00f3pez.<\/em><\/p>\n<p><strong>GESTI\u00d3 P\u00daBLICA, INNOVACI\u00d3 SOCIAL<br \/>\n<\/strong><em><a href=\"https:\/\/www.revistaalimara.net\/revista\/wp-content\/uploads\/2025\/05\/Alimara-Num-71_art-3.pdf\">El poder innovador de la gesti\u00f3 transversal: estrat\u00e8gies clau per a la transformaci\u00f3 de l'administraci\u00f3 del segle XXI<\/a><br \/>\nFrancesca Moll Nadal.<\/em><\/p>\n<p><strong>INSERCI\u00d3 SOCIAL<br \/>\n<\/strong><em><a href=\"https:\/\/www.revistaalimara.net\/revista\/wp-content\/uploads\/2025\/05\/Alimara-Num-71_art-4.pdf\">El tractament de les persones en situaci\u00f3 d'exclusi\u00f3 social per part dels mitjans de comunicaci\u00f3 en el tram final de la pand\u00e8mia<\/a><br \/>\n\u00c0gueda Mir Dols.<\/em><\/p>\n<\/div>\n<\/div><\/div><\/div><\/div><div id=\"pg-7445-3\"  class=\"panel-grid panel-no-style\" ><div id=\"pgc-7445-3-0\"  class=\"panel-grid-cell\" ><div id=\"panel-7445-3-0-0\" class=\"so-panel widget widget_sow-headline panel-first-child panel-last-child\" data-index=\"5\" ><div\n\t\t\t\n\t\t\tclass=\"so-widget-sow-headline so-widget-sow-headline-default-ea0af4cf39ae-7445\"\n\t\t\t\n\t\t><div class=\"sow-headline-container \">\n\t\t\t\t\t\t<div class=\"decoration\">\n\t\t\t\t\t\t<div class=\"decoration-inside\"><\/div>\n\t\t\t\t\t<\/div>\n\t\t\t\t\t<\/div>\n<\/div><\/div><\/div><\/div><div id=\"pg-7445-4\"  class=\"panel-grid panel-no-style\" ><div id=\"pgc-7445-4-0\"  class=\"panel-grid-cell\" ><div id=\"panel-7445-4-0-0\" class=\"widget_text so-panel widget widget_custom_html panel-first-child panel-last-child\" data-index=\"6\" ><div class=\"textwidget custom-html-widget\"><div class=\"line\">\n\t\n<\/div><\/div><\/div><\/div><\/div><\/div>","protected":false},"excerpt":{"rendered":"<p>ArticlesDescarregau els articles de la revista en format PDF Alimara. Juny 2025 N\u00daMERO 71 Descarregau la revista sencera en PDF &nbsp; \u00cdndex INF\u00c0NCIA, ADOLESC\u00c8NCIA I FAM\u00cdLIA La viol\u00e8ncia filioparental i la mesura de conviv\u00e8ncia en grup educatiu: una revisi\u00f3 de les caracter\u00edstiques d\u2019aquesta viol\u00e8ncia i del sistema penal de menors Maya Vanrell Ramos. FORMACI\u00d3 De [&hellip;]<\/p>\n","protected":false},"author":2,"featured_media":0,"parent":0,"menu_order":0,"comment_status":"closed","ping_status":"closed","template":"","meta":[],"_links":{"self":[{"href":"https:\/\/www.revistaalimara.net\/revista\/wp-json\/wp\/v2\/pages\/7445"}],"collection":[{"href":"https:\/\/www.revistaalimara.net\/revista\/wp-json\/wp\/v2\/pages"}],"about":[{"href":"https:\/\/www.revistaalimara.net\/revista\/wp-json\/wp\/v2\/types\/page"}],"author":[{"embeddable":true,"href":"https:\/\/www.revistaalimara.net\/revista\/wp-json\/wp\/v2\/users\/2"}],"replies":[{"embeddable":true,"href":"https:\/\/www.revistaalimara.net\/revista\/wp-json\/wp\/v2\/comments?post=7445"}],"version-history":[{"count":28,"href":"https:\/\/www.revistaalimara.net\/revista\/wp-json\/wp\/v2\/pages\/7445\/revisions"}],"predecessor-version":[{"id":7524,"href":"https:\/\/www.revistaalimara.net\/revista\/wp-json\/wp\/v2\/pages\/7445\/revisions\/7524"}],"wp:attachment":[{"href":"https:\/\/www.revistaalimara.net\/revista\/wp-json\/wp\/v2\/media?parent=7445"}],"curies":[{"name":"wp","href":"https:\/\/api.w.org\/{rel}","templated":true}]}}