{"id":7205,"date":"2024-06-11T12:57:09","date_gmt":"2024-06-11T11:57:09","guid":{"rendered":"https:\/\/www.revistaalimara.net\/revista\/?page_id=7205"},"modified":"2024-06-14T10:51:54","modified_gmt":"2024-06-14T09:51:54","slug":"miscellania_68","status":"publish","type":"page","link":"https:\/\/www.revistaalimara.net\/revista\/miscellania_68\/","title":{"rendered":"ALIMARA 68"},"content":{"rendered":"<div id=\"pl-7205\"  class=\"panel-layout\" ><div id=\"pg-7205-0\"  class=\"panel-grid panel-has-style\" ><div class=\"siteorigin-panels-stretch panel-row-style panel-row-style-for-7205-0\" data-stretch-type=\"full-stretched\" ><div id=\"pgc-7205-0-0\"  class=\"panel-grid-cell\" ><div id=\"panel-7205-0-0-0\" class=\"so-panel widget widget_sow-hero panel-first-child panel-last-child\" data-index=\"0\" ><div\n\t\t\t\n\t\t\tclass=\"so-widget-sow-hero so-widget-sow-hero-default-5e538039d24c-7205\"\n\t\t\t\n\t\t>\t\t\t\t<div class=\"sow-slider-base\" style=\"display: none\" tabindex=\"0\">\n\t\t\t\t\t<ul\n\t\t\t\t\tclass=\"sow-slider-images\"\n\t\t\t\t\tdata-settings=\"{&quot;pagination&quot;:true,&quot;speed&quot;:800,&quot;timeout&quot;:8000,&quot;paused&quot;:false,&quot;pause_on_hover&quot;:false,&quot;swipe&quot;:true,&quot;nav_always_show_desktop&quot;:&quot;&quot;,&quot;nav_always_show_mobile&quot;:&quot;&quot;,&quot;breakpoint&quot;:&quot;780px&quot;,&quot;unmute&quot;:false,&quot;anchor&quot;:null}\"\n\t\t\t\t\tstyle=\"min-height: 400px\"\t\t\t\t\tdata-anchor-id=\"\"\n\t\t\t\t>\t\t<li class=\"sow-slider-image  sow-slider-image-cover\" style=\"visibility: visible;;background-color: #333333;background-image: url(https:\/\/www.revistaalimara.net\/revista\/wp-content\/uploads\/2023\/11\/portada_n68.png)\" >\n\t\t\t\t\t<div class=\"sow-slider-image-container\">\n\t\t\t<div class=\"sow-slider-image-wrapper\">\n\t\t\t\t<p style=\"text-align: center\">N\u00daMERO 68 | NOVEMBRE 2023<\/p>\n<h3 style=\"text-align: center\">ALIMARA<br \/>\nInnovaci\u00f3 i Metodologia en Afers Socials<\/h3>\n\t\t\t<\/div>\n\t\t<\/div>\n\t\t\t\t<\/li>\n\t\t<\/ul>\t\t\t\t<ol class=\"sow-slider-pagination\">\n\t\t\t\t\t\t\t\t\t\t\t<li><a href=\"#\" data-goto=\"0\" aria-label=\"display slide 1\"><\/a><\/li>\n\t\t\t\t\t\t\t\t\t<\/ol>\n\n\t\t\t\t<div class=\"sow-slide-nav sow-slide-nav-next\">\n\t\t\t\t\t<a href=\"#\" data-goto=\"next\" aria-label=\"next slide\" data-action=\"next\">\n\t\t\t\t\t\t<em class=\"sow-sld-icon-thin-right\"><\/em>\n\t\t\t\t\t<\/a>\n\t\t\t\t<\/div>\n\n\t\t\t\t<div class=\"sow-slide-nav sow-slide-nav-prev\">\n\t\t\t\t\t<a href=\"#\" data-goto=\"previous\" aria-label=\"previous slide\" data-action=\"prev\">\n\t\t\t\t\t\t<em class=\"sow-sld-icon-thin-left\"><\/em>\n\t\t\t\t\t<\/a>\n\t\t\t\t<\/div>\n\t\t\t\t<\/div><\/div><\/div><\/div><\/div><\/div><div id=\"pg-7205-1\"  class=\"panel-grid panel-has-style\" ><div class=\"panel-row-style panel-row-style-for-7205-1\" ><div id=\"pgc-7205-1-0\"  class=\"panel-grid-cell\" ><div id=\"panel-7205-1-0-0\" class=\"widget_text so-panel widget widget_custom_html panel-first-child\" data-index=\"1\" ><h3 class=\"widget-title\">Articles de la revista<\/h3><div class=\"textwidget custom-html-widget\"><\/div><\/div><div id=\"panel-7205-1-0-1\" class=\"so-panel widget widget_posts_widget panel-last-child\" data-index=\"2\" ><div><div class=\"poster poster-right normal   size-350\"><a class=\"poster-image mt-radius pull-left\" href=\"https:\/\/www.revistaalimara.net\/revista\/accessibilitat-universal-una-historia-de-desconeixement-i-reiterat-incompliment-de-la-normativa-actual\/\"><div class=\"mt-post-image\" ><div class=\"mt-post-image-background\" style=\"background-image:url(https:\/\/www.revistaalimara.net\/revista\/wp-content\/uploads\/2023\/11\/n68_5-15x10.png);\"><\/div><img alt=\"Accessibilitat universal: una hist\u00f2ria de desconeixement i reiterat incompliment de la normativa actual\" class=\"lazy\" src=\"data:image\/gif;base64,R0lGODlhAQABAIAAAAAAAP\/\/\/yH5BAEAAAAALAAAAAABAAEAAAIBRAA7\" data-src=\"https:\/\/www.revistaalimara.net\/revista\/wp-content\/uploads\/2023\/11\/n68_5-550x352.png\" width=\"550\" height=\"550\" \/><\/div><span class=\"post-icon mt-theme-background\"><i class=\"ic-open open\"><\/i><\/span><div class=\"poster-info\"><div class=\"poster-cat\"><span class=\"mt-theme-text\">Accessibilitat<\/span><\/div><div class=\"poster-data color-silver-light\"><span class=\"poster-views\">1992 <span class=\"mt-data-text\">Visites<\/span><\/span><\/div><\/div><\/a><div class=\"poster-content\"><div class=\"poster-cat\"><span class=\"mt-theme-text\">Accessibilitat<\/span><\/div><div class=\"poster-data color-silver-light\"><span class=\"poster-views\">1992 <span class=\"mt-data-text\">Visites<\/span><\/span><\/div><a href=\"https:\/\/www.revistaalimara.net\/revista\/accessibilitat-universal-una-historia-de-desconeixement-i-reiterat-incompliment-de-la-normativa-actual\/\"><h2>Accessibilitat universal: una hist\u00f2ria de desconeixement i reiterat incompliment de la normativa actual<\/h2><\/a><small class=\"mt-pl\"><strong class=\"mt-pl-a\">alimara<\/strong><span class=\"color-silver-light mt-ml\"> - <\/span><span class=\"color-silver-light mt-pl-d\">27 de novembre de 2023<\/span><\/small><p>Paraules clau: accessibilitat, normativa, legislaci\u00f3, igualtat Resum L'article destaca la import\u00e0ncia de l'accessibilitat universal i les lleis a les Illes Balears que garanteixen l'acc\u00e9s equitatiu als espais&hellip;<\/p><div class=\"hidden mt-readmore\"><a class=\"mt-readmore-url\" href=\"https:\/\/www.revistaalimara.net\/revista\/accessibilitat-universal-una-historia-de-desconeixement-i-reiterat-incompliment-de-la-normativa-actual\/\">Veure article<\/a><\/div><\/div><div class=\"clearfix\"><\/div><\/div><div class=\"poster poster-right normal   size-350\"><a class=\"poster-image mt-radius pull-left\" href=\"https:\/\/www.revistaalimara.net\/revista\/el-maltractament-a-les-persones-majors-dobservadors-a-protagonistes-conclusions-duna-experiencia-educativa-en-un-centre-sociosanitari\/\"><div class=\"mt-post-image\" ><div class=\"mt-post-image-background\" style=\"background-image:url(https:\/\/www.revistaalimara.net\/revista\/wp-content\/uploads\/2023\/11\/n68_4-15x11.png);\"><\/div><img alt=\"El maltractament a les persones majors: d\u2019observadors a protagonistes. Conclusions d\u2019una experi\u00e8ncia educativa en un centre sociosanitari\" class=\"lazy\" src=\"data:image\/gif;base64,R0lGODlhAQABAIAAAAAAAP\/\/\/yH5BAEAAAAALAAAAAABAAEAAAIBRAA7\" data-src=\"https:\/\/www.revistaalimara.net\/revista\/wp-content\/uploads\/2023\/11\/n68_4-550x394.png\" width=\"550\" height=\"550\" \/><\/div><span class=\"post-icon mt-theme-background\"><i class=\"ic-open open\"><\/i><\/span><div class=\"poster-info\"><div class=\"poster-cat\"><span class=\"mt-theme-text\">Formaci\u00f3<\/span><\/div><div class=\"poster-data color-silver-light\"><span class=\"poster-views\">5058 <span class=\"mt-data-text\">Visites<\/span><\/span><\/div><\/div><\/a><div class=\"poster-content\"><div class=\"poster-cat\"><span class=\"mt-theme-text\">Formaci\u00f3<\/span><\/div><div class=\"poster-data color-silver-light\"><span class=\"poster-views\">5058 <span class=\"mt-data-text\">Visites<\/span><\/span><\/div><a href=\"https:\/\/www.revistaalimara.net\/revista\/el-maltractament-a-les-persones-majors-dobservadors-a-protagonistes-conclusions-duna-experiencia-educativa-en-un-centre-sociosanitari\/\"><h2>El maltractament a les persones majors: d\u2019observadors a protagonistes. Conclusions d\u2019una experi\u00e8ncia educativa en un centre sociosanitari<\/h2><\/a><small class=\"mt-pl\"><strong class=\"mt-pl-a\">alimara<\/strong><span class=\"color-silver-light mt-ml\"> - <\/span><span class=\"color-silver-light mt-pl-d\">24 de novembre de 2023<\/span><\/small><p>Paraules clau: Centres sociosanitaris, maltractament, adult major, professionalitzaci\u00f3, prevenci\u00f3, formaci\u00f3 Resum El maltractament a les persones majors \u00e9s un problema de salut p\u00fablica invisible, no reconegut i&hellip;<\/p><div class=\"hidden mt-readmore\"><a class=\"mt-readmore-url\" href=\"https:\/\/www.revistaalimara.net\/revista\/el-maltractament-a-les-persones-majors-dobservadors-a-protagonistes-conclusions-duna-experiencia-educativa-en-un-centre-sociosanitari\/\">Veure article<\/a><\/div><\/div><div class=\"clearfix\"><\/div><\/div><div class=\"poster poster-right normal   size-350\"><a class=\"poster-image mt-radius pull-left\" href=\"https:\/\/www.revistaalimara.net\/revista\/serveis-socials-i-treball-comunitari-continuam-a-lespera-o-sortim-a-la-recerca-de-la-comunitat\/\"><div class=\"mt-post-image\" ><div class=\"mt-post-image-background\" style=\"background-image:url(https:\/\/www.revistaalimara.net\/revista\/wp-content\/uploads\/2023\/11\/n68_3-15x11.png);\"><\/div><img alt=\"Serveis socials i treball comunitari: continuam a l\u2019espera o sortim a la recerca de la comunitat?\" class=\"lazy\" src=\"data:image\/gif;base64,R0lGODlhAQABAIAAAAAAAP\/\/\/yH5BAEAAAAALAAAAAABAAEAAAIBRAA7\" data-src=\"https:\/\/www.revistaalimara.net\/revista\/wp-content\/uploads\/2023\/11\/n68_3-550x416.png\" width=\"550\" height=\"550\" \/><\/div><span class=\"post-icon mt-theme-background\"><i class=\"ic-open open\"><\/i><\/span><div class=\"poster-info\"><div class=\"poster-cat\"><span class=\"mt-theme-text\">Acci\u00f3 comunit\u00e0ria i voluntariat<\/span><\/div><div class=\"poster-data color-silver-light\"><span class=\"poster-views\">2140 <span class=\"mt-data-text\">Visites<\/span><\/span><\/div><\/div><\/a><div class=\"poster-content\"><div class=\"poster-cat\"><span class=\"mt-theme-text\">Acci\u00f3 comunit\u00e0ria i voluntariat<\/span><\/div><div class=\"poster-data color-silver-light\"><span class=\"poster-views\">2140 <span class=\"mt-data-text\">Visites<\/span><\/span><\/div><a href=\"https:\/\/www.revistaalimara.net\/revista\/serveis-socials-i-treball-comunitari-continuam-a-lespera-o-sortim-a-la-recerca-de-la-comunitat\/\"><h2>Serveis socials i treball comunitari: continuam a l\u2019espera o sortim a la recerca de la comunitat?<\/h2><\/a><small class=\"mt-pl\"><strong class=\"mt-pl-a\">alimara<\/strong><span class=\"color-silver-light mt-ml\"> - <\/span><span class=\"color-silver-light mt-pl-d\">24 de novembre de 2023<\/span><\/small><p>Paraules clau:&nbsp;treball comunitari, serveis socials, enfocament individual, respostes assistencialistes Resum Si la intervenci\u00f3 social precisa de redefinicions permanents en un escenari de canvis constants com els que&hellip;<\/p><div class=\"hidden mt-readmore\"><a class=\"mt-readmore-url\" href=\"https:\/\/www.revistaalimara.net\/revista\/serveis-socials-i-treball-comunitari-continuam-a-lespera-o-sortim-a-la-recerca-de-la-comunitat\/\">Veure article<\/a><\/div><\/div><div class=\"clearfix\"><\/div><\/div><div class=\"poster poster-right normal   size-350\"><a class=\"poster-image mt-radius pull-left\" href=\"https:\/\/www.revistaalimara.net\/revista\/addiccio-a-noves-tecnologies-us-i-abus-de-les-xarxes-socials-i-impacte-en-la-salut-mental-a-la-infancia-i-ladolescencia-trastorns-de-la-conducta-alimentaria\/\"><div class=\"mt-post-image\" ><div class=\"mt-post-image-background\" style=\"background-image:url(https:\/\/www.revistaalimara.net\/revista\/wp-content\/uploads\/2023\/11\/n68_2-15x10.png);\"><\/div><img alt=\"Addicci\u00f3 a noves tecnologies. \u00das i ab\u00fas de les xarxes socials i impacte en la salut mental a la inf\u00e0ncia i l\u2019adolesc\u00e8ncia: trastorns de la conducta aliment\u00e0ria\" class=\"lazy\" src=\"data:image\/gif;base64,R0lGODlhAQABAIAAAAAAAP\/\/\/yH5BAEAAAAALAAAAAABAAEAAAIBRAA7\" data-src=\"https:\/\/www.revistaalimara.net\/revista\/wp-content\/uploads\/2023\/11\/n68_2-550x380.png\" width=\"550\" height=\"550\" \/><\/div><span class=\"post-icon mt-theme-background\"><i class=\"ic-open open\"><\/i><\/span><div class=\"poster-info\"><div class=\"poster-cat\"><span class=\"mt-theme-text\">Drogodepend\u00e8ncia i\/o altres addiccions<\/span><\/div><div class=\"poster-data color-silver-light\"><span class=\"poster-views\">4519 <span class=\"mt-data-text\">Visites<\/span><\/span><\/div><\/div><\/a><div class=\"poster-content\"><div class=\"poster-cat\"><span class=\"mt-theme-text\">Drogodepend\u00e8ncia i\/o altres addiccions<\/span><\/div><div class=\"poster-data color-silver-light\"><span class=\"poster-views\">4519 <span class=\"mt-data-text\">Visites<\/span><\/span><\/div><a href=\"https:\/\/www.revistaalimara.net\/revista\/addiccio-a-noves-tecnologies-us-i-abus-de-les-xarxes-socials-i-impacte-en-la-salut-mental-a-la-infancia-i-ladolescencia-trastorns-de-la-conducta-alimentaria\/\"><h2>Addicci\u00f3 a noves tecnologies. \u00das i ab\u00fas de les xarxes socials i impacte en la salut mental a la inf\u00e0ncia i l\u2019adolesc\u00e8ncia: trastorns de la conducta aliment\u00e0ria<\/h2><\/a><small class=\"mt-pl\"><strong class=\"mt-pl-a\">alimara<\/strong><span class=\"color-silver-light mt-ml\"> - <\/span><span class=\"color-silver-light mt-pl-d\">24 de novembre de 2023<\/span><\/small><p>Paraules clau:&nbsp;addicci\u00f3, internet, adolescents, salut mental, trastorns de la conducta aliment\u00e0ria, xarxes socials Resum L\u2019addicci\u00f3 a Internet o trastorn d\u2019addicci\u00f3 a Internet fa refer\u00e8ncia a un \u00fas&hellip;<\/p><div class=\"hidden mt-readmore\"><a class=\"mt-readmore-url\" href=\"https:\/\/www.revistaalimara.net\/revista\/addiccio-a-noves-tecnologies-us-i-abus-de-les-xarxes-socials-i-impacte-en-la-salut-mental-a-la-infancia-i-ladolescencia-trastorns-de-la-conducta-alimentaria\/\">Veure article<\/a><\/div><\/div><div class=\"clearfix\"><\/div><\/div><div class=\"poster poster-right normal   size-350\"><a class=\"poster-image mt-radius pull-left\" href=\"https:\/\/www.revistaalimara.net\/revista\/lesglesia-de-mallorca-a-les-periferies-humanes-i-socials-dels-darrers-quaranta-anys\/\"><div class=\"mt-post-image\" ><div class=\"mt-post-image-background\" style=\"background-image:url(https:\/\/www.revistaalimara.net\/revista\/wp-content\/uploads\/2023\/11\/n68_1-15x12.png);\"><\/div><img alt=\"L&#8217;Esgl\u00e9sia de Mallorca a les perif\u00e8ries humanes i socials dels darrers quaranta anys\" class=\"lazy\" src=\"data:image\/gif;base64,R0lGODlhAQABAIAAAAAAAP\/\/\/yH5BAEAAAAALAAAAAABAAEAAAIBRAA7\" data-src=\"https:\/\/www.revistaalimara.net\/revista\/wp-content\/uploads\/2023\/11\/n68_1-550x429.png\" width=\"550\" height=\"550\" \/><\/div><span class=\"post-icon mt-theme-background\"><i class=\"ic-open open\"><\/i><\/span><div class=\"poster-info\"><div class=\"poster-cat\"><span class=\"mt-theme-text\">Hist\u00f2ria dels serveis socials<\/span><\/div><div class=\"poster-data color-silver-light\"><span class=\"poster-views\">2054 <span class=\"mt-data-text\">Visites<\/span><\/span><\/div><\/div><\/a><div class=\"poster-content\"><div class=\"poster-cat\"><span class=\"mt-theme-text\">Hist\u00f2ria dels serveis socials<\/span><\/div><div class=\"poster-data color-silver-light\"><span class=\"poster-views\">2054 <span class=\"mt-data-text\">Visites<\/span><\/span><\/div><a href=\"https:\/\/www.revistaalimara.net\/revista\/lesglesia-de-mallorca-a-les-periferies-humanes-i-socials-dels-darrers-quaranta-anys\/\"><h2>L&#8217;Esgl\u00e9sia de Mallorca a les perif\u00e8ries humanes i socials dels darrers quaranta anys<\/h2><\/a><small class=\"mt-pl\"><strong class=\"mt-pl-a\">alimara<\/strong><span class=\"color-silver-light mt-ml\"> - <\/span><span class=\"color-silver-light mt-pl-d\">23 de novembre de 2023<\/span><\/small><p>Paraules clau:&nbsp;solidaritat, cat\u00f2lics, col\u00b7lectius vulnerables, jerarquia eclesi\u00e0stica, tercer sector. Resum Aquest article pret\u00e9n analitzar la pres\u00e8ncia de l\u2019Esgl\u00e9sia diocesana de Mallorca en l\u2019anomenat tercer sector social durant&hellip;<\/p><div class=\"hidden mt-readmore\"><a class=\"mt-readmore-url\" href=\"https:\/\/www.revistaalimara.net\/revista\/lesglesia-de-mallorca-a-les-periferies-humanes-i-socials-dels-darrers-quaranta-anys\/\">Veure article<\/a><\/div><\/div><div class=\"clearfix\"><\/div><\/div><\/div><div class=\"pagination\"><\/div><\/div><\/div><\/div><\/div><\/div>","protected":false},"excerpt":{"rendered":"","protected":false},"author":2,"featured_media":0,"parent":0,"menu_order":0,"comment_status":"closed","ping_status":"closed","template":"","meta":[],"_links":{"self":[{"href":"https:\/\/www.revistaalimara.net\/revista\/wp-json\/wp\/v2\/pages\/7205"}],"collection":[{"href":"https:\/\/www.revistaalimara.net\/revista\/wp-json\/wp\/v2\/pages"}],"about":[{"href":"https:\/\/www.revistaalimara.net\/revista\/wp-json\/wp\/v2\/types\/page"}],"author":[{"embeddable":true,"href":"https:\/\/www.revistaalimara.net\/revista\/wp-json\/wp\/v2\/users\/2"}],"replies":[{"embeddable":true,"href":"https:\/\/www.revistaalimara.net\/revista\/wp-json\/wp\/v2\/comments?post=7205"}],"version-history":[{"count":5,"href":"https:\/\/www.revistaalimara.net\/revista\/wp-json\/wp\/v2\/pages\/7205\/revisions"}],"predecessor-version":[{"id":7210,"href":"https:\/\/www.revistaalimara.net\/revista\/wp-json\/wp\/v2\/pages\/7205\/revisions\/7210"}],"wp:attachment":[{"href":"https:\/\/www.revistaalimara.net\/revista\/wp-json\/wp\/v2\/media?parent=7205"}],"curies":[{"name":"wp","href":"https:\/\/api.w.org\/{rel}","templated":true}]}}