{"id":7009,"date":"2024-06-05T09:42:34","date_gmt":"2024-06-05T08:42:34","guid":{"rendered":"https:\/\/www.revistaalimara.net\/revista\/?page_id=7009"},"modified":"2024-06-14T10:51:41","modified_gmt":"2024-06-14T09:51:41","slug":"epoca_6_69","status":"publish","type":"page","link":"https:\/\/www.revistaalimara.net\/revista\/epoca_6_69\/","title":{"rendered":"\u00c8poca_6_69"},"content":{"rendered":"<div id=\"pl-7009\"  class=\"panel-layout\" ><div id=\"pg-7009-0\"  class=\"panel-grid panel-no-style\" ><div id=\"pgc-7009-0-0\"  class=\"panel-grid-cell\" ><div id=\"panel-7009-0-0-0\" class=\"so-panel widget widget_sow-headline panel-first-child panel-last-child\" data-index=\"0\" ><div\n\t\t\t\n\t\t\tclass=\"so-widget-sow-headline so-widget-sow-headline-default-54d5f1ab2fc0-7009\"\n\t\t\t\n\t\t><div class=\"sow-headline-container \">\n\t<h1 class='sow-headline'>Articles<\/h1><h3 class='sow-sub-headline'>Descarregau els articles de la revista en format PDF<\/h3><\/div>\n<\/div><\/div><\/div><\/div><div id=\"pg-7009-1\"  class=\"panel-grid panel-no-style\" ><div id=\"pgc-7009-1-0\"  class=\"panel-grid-cell panel-grid-cell-empty\" ><\/div><\/div><div id=\"pg-7009-2\"  class=\"panel-grid panel-no-style\" ><div id=\"pgc-7009-2-0\"  class=\"panel-grid-cell\" ><div id=\"panel-7009-2-0-0\" class=\"so-panel widget widget_media_gallery panel-first-child panel-last-child\" data-index=\"1\" >\n\t\t<style type=\"text\/css\">\n\t\t\t#gallery-1 {\n\t\t\t\tmargin: auto;\n\t\t\t}\n\t\t\t#gallery-1 .gallery-item {\n\t\t\t\tfloat: left;\n\t\t\t\tmargin-top: 10px;\n\t\t\t\ttext-align: center;\n\t\t\t\twidth: 100%;\n\t\t\t}\n\t\t\t#gallery-1 img {\n\t\t\t\tborder: 2px solid #cfcfcf;\n\t\t\t}\n\t\t\t#gallery-1 .gallery-caption {\n\t\t\t\tmargin-left: 0;\n\t\t\t}\n\t\t\t\/* see gallery_shortcode() in wp-includes\/media.php *\/\n\t\t<\/style>\n\t\t<div id='gallery-1' class='gallery galleryid-7009 gallery-columns-1 gallery-size-medium'><dl class='gallery-item'>\n\t\t\t<dt class='gallery-icon portrait'>\n\t\t\t\t<img width=\"210\" height=\"300\" src=\"https:\/\/www.revistaalimara.net\/revista\/wp-content\/uploads\/2024\/06\/Portada_69_v2-210x300.jpg\" class=\"attachment-medium size-medium\" alt=\"\" decoding=\"async\" loading=\"lazy\" srcset=\"https:\/\/www.revistaalimara.net\/revista\/wp-content\/uploads\/2024\/06\/Portada_69_v2-210x300.jpg 210w, https:\/\/www.revistaalimara.net\/revista\/wp-content\/uploads\/2024\/06\/Portada_69_v2-718x1024.jpg 718w, https:\/\/www.revistaalimara.net\/revista\/wp-content\/uploads\/2024\/06\/Portada_69_v2-768x1095.jpg 768w, https:\/\/www.revistaalimara.net\/revista\/wp-content\/uploads\/2024\/06\/Portada_69_v2-1077x1536.jpg 1077w, https:\/\/www.revistaalimara.net\/revista\/wp-content\/uploads\/2024\/06\/Portada_69_v2-386x550.jpg 386w, https:\/\/www.revistaalimara.net\/revista\/wp-content\/uploads\/2024\/06\/Portada_69_v2-365x520.jpg 365w, https:\/\/www.revistaalimara.net\/revista\/wp-content\/uploads\/2024\/06\/Portada_69_v2-438x625.jpg 438w, https:\/\/www.revistaalimara.net\/revista\/wp-content\/uploads\/2024\/06\/Portada_69_v2-15x21.jpg 15w, https:\/\/www.revistaalimara.net\/revista\/wp-content\/uploads\/2024\/06\/Portada_69_v2-854x1218.jpg 854w, https:\/\/www.revistaalimara.net\/revista\/wp-content\/uploads\/2024\/06\/Portada_69_v2.jpg 1173w\" sizes=\"(max-width: 210px) 100vw, 210px\" \/>\n\t\t\t<\/dt><\/dl><br style=\"clear: both\" \/>\n\t\t<\/div>\n<\/div><\/div><div id=\"pgc-7009-2-1\"  class=\"panel-grid-cell\" ><div id=\"panel-7009-2-1-0\" class=\"so-panel widget widget_sow-editor panel-first-child\" data-index=\"2\" ><div\n\t\t\t\n\t\t\tclass=\"so-widget-sow-editor so-widget-sow-editor-base\"\n\t\t\t\n\t\t>\n<div class=\"siteorigin-widget-tinymce textwidget\">\n\t<h6>Alimara. Maig 2024<\/h6>\n<h3>N\u00daMERO 69<\/h3>\n<\/div>\n<\/div><\/div><div id=\"panel-7009-2-1-1\" class=\"so-panel widget widget_sow-button\" data-index=\"3\" ><div\n\t\t\t\n\t\t\tclass=\"so-widget-sow-button so-widget-sow-button-atom-accbd2cd5c79-7009\"\n\t\t\t\n\t\t><div class=\"ow-button-base ow-button-align-center\">\n\t<a\n\thref=\"https:\/\/www.revistaalimara.net\/revista\/wp-content\/uploads\/2024\/05\/Alimara-Num-69-28-05-2024.pdf\"\n\t\tclass=\"download ow-icon-placement-left ow-button-hover\" \t>\n\t\t<span>\n\t\t\t<span class=\"sow-icon-fontawesome sow-far\" data-sow-icon=\"&#xf1c1;\"\n\t\tstyle=\"\" \n\t\taria-hidden=\"true\"><\/span>\n\t\t\tDescarregau la revista sencera en PDF\t\t<\/span>\n\t<\/a>\n<\/div>\n<\/div><\/div><div id=\"panel-7009-2-1-2\" class=\"so-panel widget widget_sow-editor panel-last-child\" data-index=\"4\" ><div\n\t\t\t\n\t\t\tclass=\"so-widget-sow-editor so-widget-sow-editor-base\"\n\t\t\t\n\t\t>\n<div class=\"siteorigin-widget-tinymce textwidget\">\n\t<p>&nbsp;<\/p>\n<p><span style=\"color: #009fe3;\"><strong>\u00cdndex<\/strong><\/span><\/p>\n<p><strong>INCLUSI\u00d3 SOCIAL<br \/>\n<\/strong><em><a href=\"https:\/\/www.revistaalimara.net\/revista\/wp-content\/uploads\/2024\/06\/Sensellarisme-art.pdf\">Recompte de persones que es troben en situaci\u00f3 de sensellarisme. An\u00e0lisi 2023<\/a><br \/>\n<\/em>Sebasti\u00e0 Cerd\u00e0 Campomar, Beatriz Serrano Bujalance.<\/p>\n<p><em><a href=\"https:\/\/www.revistaalimara.net\/revista\/wp-content\/uploads\/2024\/05\/B1-B2-B3.Cuestionarios.pdf\">Annexe 2. Q\u00fcestionaris<\/a><br \/>\n<\/em><\/p>\n<p><a href=\"https:\/\/www.revistaalimara.net\/revista\/wp-content\/uploads\/2024\/06\/Recompte_2023_alimara.pdf\"><em>Recompte de persones que es troben en situaci\u00f3 de sensellarisme (2023). An\u00e0lisi estad\u00edstica descriptiva.<\/em><\/a><br \/>\nMiquela M\u00aa Colom Ca\u00f1ellas, Maria Jos\u00e9 Moya Pais, Francesc Serra Buades, Beatriz Serrano Bujalance.<\/p>\n<p><strong>FORMACI\u00d3<br \/>\n<\/strong><em><a href=\"https:\/\/www.revistaalimara.net\/revista\/wp-content\/uploads\/2024\/05\/Formacio-art.pdf\">La import\u00e0ncia de la formaci\u00f3 destinada al personal de l'Administraci\u00f3 p\u00fablica. El paper de la persona formadora<\/a>.<br \/>\nDiego Enri Bernabeu.<\/em><\/p>\n<\/div>\n<\/div><\/div><\/div><\/div><div id=\"pg-7009-3\"  class=\"panel-grid panel-no-style\" ><div id=\"pgc-7009-3-0\"  class=\"panel-grid-cell\" ><div id=\"panel-7009-3-0-0\" class=\"so-panel widget widget_sow-headline panel-first-child panel-last-child\" data-index=\"5\" ><div\n\t\t\t\n\t\t\tclass=\"so-widget-sow-headline so-widget-sow-headline-default-ea0af4cf39ae-7009\"\n\t\t\t\n\t\t><div class=\"sow-headline-container \">\n\t\t\t\t\t\t<div class=\"decoration\">\n\t\t\t\t\t\t<div class=\"decoration-inside\"><\/div>\n\t\t\t\t\t<\/div>\n\t\t\t\t\t<\/div>\n<\/div><\/div><\/div><\/div><div id=\"pg-7009-4\"  class=\"panel-grid panel-no-style\" ><div id=\"pgc-7009-4-0\"  class=\"panel-grid-cell\" ><div id=\"panel-7009-4-0-0\" class=\"widget_text so-panel widget widget_custom_html panel-first-child panel-last-child\" data-index=\"6\" ><div class=\"textwidget custom-html-widget\"><div class=\"line\">\n\t\n<\/div><\/div><\/div><\/div><\/div><\/div>","protected":false},"excerpt":{"rendered":"<p>ArticlesDescarregau els articles de la revista en format PDF Alimara. Maig 2024 N\u00daMERO 69 Descarregau la revista sencera en PDF &nbsp; \u00cdndex INCLUSI\u00d3 SOCIAL Recompte de persones que es troben en situaci\u00f3 de sensellarisme. An\u00e0lisi 2023 Sebasti\u00e0 Cerd\u00e0 Campomar, Beatriz Serrano Bujalance. Annexe 2. Q\u00fcestionaris Recompte de persones que es troben en situaci\u00f3 de sensellarisme [&hellip;]<\/p>\n","protected":false},"author":2,"featured_media":0,"parent":0,"menu_order":0,"comment_status":"closed","ping_status":"closed","template":"","meta":[],"_links":{"self":[{"href":"https:\/\/www.revistaalimara.net\/revista\/wp-json\/wp\/v2\/pages\/7009"}],"collection":[{"href":"https:\/\/www.revistaalimara.net\/revista\/wp-json\/wp\/v2\/pages"}],"about":[{"href":"https:\/\/www.revistaalimara.net\/revista\/wp-json\/wp\/v2\/types\/page"}],"author":[{"embeddable":true,"href":"https:\/\/www.revistaalimara.net\/revista\/wp-json\/wp\/v2\/users\/2"}],"replies":[{"embeddable":true,"href":"https:\/\/www.revistaalimara.net\/revista\/wp-json\/wp\/v2\/comments?post=7009"}],"version-history":[{"count":21,"href":"https:\/\/www.revistaalimara.net\/revista\/wp-json\/wp\/v2\/pages\/7009\/revisions"}],"predecessor-version":[{"id":7227,"href":"https:\/\/www.revistaalimara.net\/revista\/wp-json\/wp\/v2\/pages\/7009\/revisions\/7227"}],"wp:attachment":[{"href":"https:\/\/www.revistaalimara.net\/revista\/wp-json\/wp\/v2\/media?parent=7009"}],"curies":[{"name":"wp","href":"https:\/\/api.w.org\/{rel}","templated":true}]}}