{"id":6842,"date":"2024-01-11T16:45:13","date_gmt":"2024-01-11T15:45:13","guid":{"rendered":"https:\/\/www.revistaalimara.net\/revista\/?page_id=6842"},"modified":"2025-01-30T12:17:15","modified_gmt":"2025-01-30T11:17:15","slug":"colleccio-llibre-dactes","status":"publish","type":"page","link":"https:\/\/www.revistaalimara.net\/revista\/colleccio-llibre-dactes\/","title":{"rendered":"COL\u00b7LECCI\u00d3 LLIBRE D&#8217;ACTES"},"content":{"rendered":"<div id=\"pl-6842\"  class=\"panel-layout\" ><div id=\"pg-6842-0\"  class=\"panel-grid panel-has-style\" ><div class=\"siteorigin-panels-stretch panel-row-style panel-row-style-for-6842-0\" data-stretch-type=\"full-stretched-padded\" ><div id=\"pgc-6842-0-0\"  class=\"panel-grid-cell\" ><div id=\"panel-6842-0-0-0\" class=\"so-panel widget widget_sow-headline panel-first-child panel-last-child\" data-index=\"0\" ><div\n\t\t\t\n\t\t\tclass=\"so-widget-sow-headline so-widget-sow-headline-default-7623362f815e-6842\"\n\t\t\t\n\t\t><div class=\"sow-headline-container \">\n\t<h1 class='sow-headline'>Llibres d'actes (seminaris, congressos, simp\u00f2siums...)<\/h1><\/div>\n<\/div><\/div><\/div><\/div><\/div><div id=\"pg-6842-1\"  class=\"panel-grid panel-no-style\" ><div id=\"pgc-6842-1-0\"  class=\"panel-grid-cell\" ><div id=\"panel-6842-1-0-0\" class=\"so-panel widget widget_media_image panel-first-child panel-last-child\" data-index=\"1\" ><div class=\"img-revista panel-widget-style panel-widget-style-for-6842-1-0-0\" ><img width=\"207\" height=\"300\" src=\"https:\/\/www.revistaalimara.net\/revista\/wp-content\/uploads\/2025\/01\/Portada_LAVM-207x300.png\" class=\"image wp-image-7398  attachment-medium size-medium\" alt=\"\" decoding=\"async\" loading=\"lazy\" style=\"max-width: 100%; height: auto;\" srcset=\"https:\/\/www.revistaalimara.net\/revista\/wp-content\/uploads\/2025\/01\/Portada_LAVM-207x300.png 207w, https:\/\/www.revistaalimara.net\/revista\/wp-content\/uploads\/2025\/01\/Portada_LAVM-707x1024.png 707w, https:\/\/www.revistaalimara.net\/revista\/wp-content\/uploads\/2025\/01\/Portada_LAVM-380x550.png 380w, https:\/\/www.revistaalimara.net\/revista\/wp-content\/uploads\/2025\/01\/Portada_LAVM-359x520.png 359w, https:\/\/www.revistaalimara.net\/revista\/wp-content\/uploads\/2025\/01\/Portada_LAVM-431x625.png 431w, https:\/\/www.revistaalimara.net\/revista\/wp-content\/uploads\/2025\/01\/Portada_LAVM-15x22.png 15w, https:\/\/www.revistaalimara.net\/revista\/wp-content\/uploads\/2025\/01\/Portada_LAVM.png 718w\" sizes=\"(max-width: 207px) 100vw, 207px\" \/><\/div><\/div><\/div><div id=\"pgc-6842-1-1\"  class=\"panel-grid-cell\" ><div id=\"panel-6842-1-1-0\" class=\"so-panel widget widget_sow-editor panel-first-child\" data-index=\"2\" ><div\n\t\t\t\n\t\t\tclass=\"so-widget-sow-editor so-widget-sow-editor-base\"\n\t\t\t\n\t\t><h3 class=\"widget-title\">Libro de actas: I Congreso Internacional 'Vulnerabilidad Social y Violencias Machistas (2024)<\/h3>\n<div class=\"siteorigin-widget-tinymce textwidget\">\n\t<h6>Llibre d'actes: I Congr\u00e9s Internacional 'Vulnerabilitat Social i Viol\u00e8ncies Masclistes'<\/h6>\n<h3>Llibre d'actes I Congr\u00e9s Internacional 'Vulnerabilitat Social i Viol\u00e8ncies Masclistes: Transitam la incertesa. Mirades teoricopr\u00e0ctiques'<\/h3>\n<\/div>\n<\/div><\/div><div id=\"panel-6842-1-1-1\" class=\"so-panel widget widget_sow-button panel-last-child\" data-index=\"3\" ><div\n\t\t\t\n\t\t\tclass=\"so-widget-sow-button so-widget-sow-button-atom-8294661747ec-6842\"\n\t\t\t\n\t\t><div class=\"ow-button-base ow-button-align-left\">\n\t<a\n\thref=\"https:\/\/www.revistaalimara.net\/revista\/wp-content\/uploads\/2025\/01\/Llibre-actes_I_congresoviolenciamachista.pdf\"\n\t\tclass=\"download ow-icon-placement-left ow-button-hover\" target=\"_blank\" rel=\"noopener noreferrer\" \t>\n\t\t<span>\n\t\t\t<span class=\"sow-icon-fontawesome sow-far\" data-sow-icon=\"&#xf1c1;\"\n\t\tstyle=\"\" \n\t\taria-hidden=\"true\"><\/span>\n\t\t\tDescarregau el document t\u00e8cnic en pdf \t\t<\/span>\n\t<\/a>\n<\/div>\n<\/div><\/div><\/div><\/div><div id=\"pg-6842-2\"  class=\"panel-grid panel-has-style\" ><div class=\"panel-row-style panel-row-style-for-6842-2\" ><div id=\"pgc-6842-2-0\"  class=\"panel-grid-cell panel-grid-cell-empty\" ><\/div><\/div><\/div><div id=\"pg-6842-3\"  class=\"panel-grid panel-has-style\" ><div class=\"panel-row-style panel-row-style-for-6842-3\" ><div id=\"pgc-6842-3-0\"  class=\"panel-grid-cell\" ><div id=\"panel-6842-3-0-0\" class=\"widget_text so-panel widget widget_custom_html panel-first-child panel-last-child\" data-index=\"4\" ><div class=\"textwidget custom-html-widget\"><hr><\/div><\/div><\/div><\/div><\/div><div id=\"pg-6842-4\"  class=\"panel-grid panel-no-style\" ><div id=\"pgc-6842-4-0\"  class=\"panel-grid-cell\" ><div id=\"panel-6842-4-0-0\" class=\"so-panel widget widget_media_image panel-first-child panel-last-child\" data-index=\"5\" ><div class=\"img-revista panel-widget-style panel-widget-style-for-6842-4-0-0\" ><img width=\"216\" height=\"300\" src=\"https:\/\/www.revistaalimara.net\/revista\/wp-content\/uploads\/2024\/01\/Part-I-216x300.jpg\" class=\"image wp-image-6850  attachment-medium size-medium\" alt=\"Part I REPS\" decoding=\"async\" loading=\"lazy\" style=\"max-width: 100%; height: auto;\" srcset=\"https:\/\/www.revistaalimara.net\/revista\/wp-content\/uploads\/2024\/01\/Part-I-216x300.jpg 216w, https:\/\/www.revistaalimara.net\/revista\/wp-content\/uploads\/2024\/01\/Part-I-738x1024.jpg 738w, https:\/\/www.revistaalimara.net\/revista\/wp-content\/uploads\/2024\/01\/Part-I-768x1066.jpg 768w, https:\/\/www.revistaalimara.net\/revista\/wp-content\/uploads\/2024\/01\/Part-I-1106x1536.jpg 1106w, https:\/\/www.revistaalimara.net\/revista\/wp-content\/uploads\/2024\/01\/Part-I-396x550.jpg 396w, https:\/\/www.revistaalimara.net\/revista\/wp-content\/uploads\/2024\/01\/Part-I-375x520.jpg 375w, https:\/\/www.revistaalimara.net\/revista\/wp-content\/uploads\/2024\/01\/Part-I-450x625.jpg 450w, https:\/\/www.revistaalimara.net\/revista\/wp-content\/uploads\/2024\/01\/Part-I-15x21.jpg 15w, https:\/\/www.revistaalimara.net\/revista\/wp-content\/uploads\/2024\/01\/Part-I-854x1186.jpg 854w, https:\/\/www.revistaalimara.net\/revista\/wp-content\/uploads\/2024\/01\/Part-I.jpg 1352w\" sizes=\"(max-width: 216px) 100vw, 216px\" \/><\/div><\/div><\/div><div id=\"pgc-6842-4-1\"  class=\"panel-grid-cell\" ><div id=\"panel-6842-4-1-0\" class=\"so-panel widget widget_sow-editor panel-first-child\" data-index=\"6\" ><div\n\t\t\t\n\t\t\tclass=\"so-widget-sow-editor so-widget-sow-editor-base\"\n\t\t\t\n\t\t><h3 class=\"widget-title\">Libro de actas: IX Congreso de la REPS (2023)<\/h3>\n<div class=\"siteorigin-widget-tinymce textwidget\">\n\t<h6>Libro de actas: IX Congreso de la Red Espa\u00f1ola de Pol\u00edtica Social<\/h6>\n<h3>Parte I - Pol\u00edticas sociales, cuidados y atenci\u00f3n a la dependencia<\/h3>\n<\/div>\n<\/div><\/div><div id=\"panel-6842-4-1-1\" class=\"so-panel widget widget_sow-button panel-last-child\" data-index=\"7\" ><div\n\t\t\t\n\t\t\tclass=\"so-widget-sow-button so-widget-sow-button-atom-8294661747ec-6842\"\n\t\t\t\n\t\t><div class=\"ow-button-base ow-button-align-left\">\n\t<a\n\thref=\"https:\/\/www.revistaalimara.net\/revista\/wp-content\/uploads\/2024\/01\/Panell-1_v2.pdf\"\n\t\tclass=\"download ow-icon-placement-left ow-button-hover\" target=\"_blank\" rel=\"noopener noreferrer\" \t>\n\t\t<span>\n\t\t\t<span class=\"sow-icon-fontawesome sow-far\" data-sow-icon=\"&#xf1c1;\"\n\t\tstyle=\"\" \n\t\taria-hidden=\"true\"><\/span>\n\t\t\tDescarregau el document t\u00e8cnic en pdf \t\t<\/span>\n\t<\/a>\n<\/div>\n<\/div><\/div><\/div><\/div><div id=\"pg-6842-5\"  class=\"panel-grid panel-no-style\" ><div id=\"pgc-6842-5-0\"  class=\"panel-grid-cell\" ><div id=\"panel-6842-5-0-0\" class=\"so-panel widget widget_media_image panel-first-child panel-last-child\" data-index=\"8\" ><div class=\"img-revista panel-widget-style panel-widget-style-for-6842-5-0-0\" ><img width=\"212\" height=\"300\" src=\"https:\/\/www.revistaalimara.net\/revista\/wp-content\/uploads\/2024\/01\/Part-II-212x300.jpg\" class=\"image wp-image-6863  attachment-medium size-medium\" alt=\"Part II REPS\" decoding=\"async\" loading=\"lazy\" style=\"max-width: 100%; height: auto;\" srcset=\"https:\/\/www.revistaalimara.net\/revista\/wp-content\/uploads\/2024\/01\/Part-II-212x300.jpg 212w, https:\/\/www.revistaalimara.net\/revista\/wp-content\/uploads\/2024\/01\/Part-II-723x1024.jpg 723w, https:\/\/www.revistaalimara.net\/revista\/wp-content\/uploads\/2024\/01\/Part-II-768x1087.jpg 768w, https:\/\/www.revistaalimara.net\/revista\/wp-content\/uploads\/2024\/01\/Part-II-1085x1536.jpg 1085w, https:\/\/www.revistaalimara.net\/revista\/wp-content\/uploads\/2024\/01\/Part-II-389x550.jpg 389w, https:\/\/www.revistaalimara.net\/revista\/wp-content\/uploads\/2024\/01\/Part-II-367x520.jpg 367w, https:\/\/www.revistaalimara.net\/revista\/wp-content\/uploads\/2024\/01\/Part-II-441x625.jpg 441w, https:\/\/www.revistaalimara.net\/revista\/wp-content\/uploads\/2024\/01\/Part-II-15x21.jpg 15w, https:\/\/www.revistaalimara.net\/revista\/wp-content\/uploads\/2024\/01\/Part-II-854x1209.jpg 854w, https:\/\/www.revistaalimara.net\/revista\/wp-content\/uploads\/2024\/01\/Part-II.jpg 1328w\" sizes=\"(max-width: 212px) 100vw, 212px\" \/><\/div><\/div><\/div><div id=\"pgc-6842-5-1\"  class=\"panel-grid-cell\" ><div id=\"panel-6842-5-1-0\" class=\"so-panel widget widget_sow-editor panel-first-child\" data-index=\"9\" ><div\n\t\t\t\n\t\t\tclass=\"so-widget-sow-editor so-widget-sow-editor-base\"\n\t\t\t\n\t\t>\n<div class=\"siteorigin-widget-tinymce textwidget\">\n\t<h6>Libro de actas: IX Congreso de la Red Espa\u00f1ola de Pol\u00edtica Social<\/h6>\n<h3>Parte II - Participaci\u00f3n ciudadana, localidad y gobernanza<\/h3>\n<\/div>\n<\/div><\/div><div id=\"panel-6842-5-1-1\" class=\"so-panel widget widget_sow-button panel-last-child\" data-index=\"10\" ><div\n\t\t\t\n\t\t\tclass=\"so-widget-sow-button so-widget-sow-button-atom-8294661747ec-6842\"\n\t\t\t\n\t\t><div class=\"ow-button-base ow-button-align-left\">\n\t<a\n\thref=\"https:\/\/www.revistaalimara.net\/revista\/wp-content\/uploads\/2024\/01\/Panell-2_v3.pdf\"\n\t\tclass=\"download ow-icon-placement-left ow-button-hover\" target=\"_blank\" rel=\"noopener noreferrer\" \t>\n\t\t<span>\n\t\t\t<span class=\"sow-icon-fontawesome sow-far\" data-sow-icon=\"&#xf1c1;\"\n\t\tstyle=\"\" \n\t\taria-hidden=\"true\"><\/span>\n\t\t\tDescarregau el document t\u00e8cnic en pdf \t\t<\/span>\n\t<\/a>\n<\/div>\n<\/div><\/div><\/div><\/div><div id=\"pg-6842-6\"  class=\"panel-grid panel-no-style\" ><div id=\"pgc-6842-6-0\"  class=\"panel-grid-cell\" ><div id=\"panel-6842-6-0-0\" class=\"so-panel widget widget_media_image panel-first-child panel-last-child\" data-index=\"11\" ><div class=\"img-revista panel-widget-style panel-widget-style-for-6842-6-0-0\" ><img width=\"211\" height=\"300\" src=\"https:\/\/www.revistaalimara.net\/revista\/wp-content\/uploads\/2024\/01\/Part-III-211x300.jpg\" class=\"image wp-image-6852  attachment-medium size-medium\" alt=\"Part III REPS\" decoding=\"async\" loading=\"lazy\" style=\"max-width: 100%; height: auto;\" srcset=\"https:\/\/www.revistaalimara.net\/revista\/wp-content\/uploads\/2024\/01\/Part-III-211x300.jpg 211w, https:\/\/www.revistaalimara.net\/revista\/wp-content\/uploads\/2024\/01\/Part-III-720x1024.jpg 720w, https:\/\/www.revistaalimara.net\/revista\/wp-content\/uploads\/2024\/01\/Part-III-768x1092.jpg 768w, https:\/\/www.revistaalimara.net\/revista\/wp-content\/uploads\/2024\/01\/Part-III-1080x1536.jpg 1080w, https:\/\/www.revistaalimara.net\/revista\/wp-content\/uploads\/2024\/01\/Part-III-387x550.jpg 387w, https:\/\/www.revistaalimara.net\/revista\/wp-content\/uploads\/2024\/01\/Part-III-366x520.jpg 366w, https:\/\/www.revistaalimara.net\/revista\/wp-content\/uploads\/2024\/01\/Part-III-440x625.jpg 440w, https:\/\/www.revistaalimara.net\/revista\/wp-content\/uploads\/2024\/01\/Part-III-15x21.jpg 15w, https:\/\/www.revistaalimara.net\/revista\/wp-content\/uploads\/2024\/01\/Part-III-854x1214.jpg 854w, https:\/\/www.revistaalimara.net\/revista\/wp-content\/uploads\/2024\/01\/Part-III.jpg 1335w\" sizes=\"(max-width: 211px) 100vw, 211px\" \/><\/div><\/div><\/div><div id=\"pgc-6842-6-1\"  class=\"panel-grid-cell\" ><div id=\"panel-6842-6-1-0\" class=\"so-panel widget widget_sow-editor panel-first-child\" data-index=\"12\" ><div\n\t\t\t\n\t\t\tclass=\"so-widget-sow-editor so-widget-sow-editor-base\"\n\t\t\t\n\t\t>\n<div class=\"siteorigin-widget-tinymce textwidget\">\n\t<h6>Libro de actas: IX Congreso de la REPS (2023)<\/h6>\n<h3>Parte III - Ecolog\u00eda, feminismo y diversidad para una transici\u00f3n justa en el contexto urbano y rural<\/h3>\n<\/div>\n<\/div><\/div><div id=\"panel-6842-6-1-1\" class=\"so-panel widget widget_sow-button panel-last-child\" data-index=\"13\" ><div\n\t\t\t\n\t\t\tclass=\"so-widget-sow-button so-widget-sow-button-atom-8294661747ec-6842\"\n\t\t\t\n\t\t><div class=\"ow-button-base ow-button-align-left\">\n\t<a\n\thref=\"https:\/\/www.revistaalimara.net\/revista\/wp-content\/uploads\/2024\/01\/Panell-3_v3.pdf\"\n\t\tclass=\"download ow-icon-placement-left ow-button-hover\" target=\"_blank\" rel=\"noopener noreferrer\" \t>\n\t\t<span>\n\t\t\t<span class=\"sow-icon-fontawesome sow-far\" data-sow-icon=\"&#xf1c1;\"\n\t\tstyle=\"\" \n\t\taria-hidden=\"true\"><\/span>\n\t\t\tDescarregau el document t\u00e8cnic en pdf \t\t<\/span>\n\t<\/a>\n<\/div>\n<\/div><\/div><\/div><\/div><div id=\"pg-6842-7\"  class=\"panel-grid panel-no-style\" ><div id=\"pgc-6842-7-0\"  class=\"panel-grid-cell\" ><div id=\"panel-6842-7-0-0\" class=\"so-panel widget widget_media_image panel-first-child panel-last-child\" data-index=\"14\" ><div class=\"img-revista panel-widget-style panel-widget-style-for-6842-7-0-0\" ><img width=\"211\" height=\"300\" src=\"https:\/\/www.revistaalimara.net\/revista\/wp-content\/uploads\/2024\/01\/Part-IV-211x300.jpg\" class=\"image wp-image-6853  attachment-medium size-medium\" alt=\"Part IV REPS\" decoding=\"async\" loading=\"lazy\" style=\"max-width: 100%; height: auto;\" srcset=\"https:\/\/www.revistaalimara.net\/revista\/wp-content\/uploads\/2024\/01\/Part-IV-211x300.jpg 211w, https:\/\/www.revistaalimara.net\/revista\/wp-content\/uploads\/2024\/01\/Part-IV-719x1024.jpg 719w, https:\/\/www.revistaalimara.net\/revista\/wp-content\/uploads\/2024\/01\/Part-IV-768x1094.jpg 768w, https:\/\/www.revistaalimara.net\/revista\/wp-content\/uploads\/2024\/01\/Part-IV-1078x1536.jpg 1078w, https:\/\/www.revistaalimara.net\/revista\/wp-content\/uploads\/2024\/01\/Part-IV-386x550.jpg 386w, https:\/\/www.revistaalimara.net\/revista\/wp-content\/uploads\/2024\/01\/Part-IV-365x520.jpg 365w, https:\/\/www.revistaalimara.net\/revista\/wp-content\/uploads\/2024\/01\/Part-IV-439x625.jpg 439w, https:\/\/www.revistaalimara.net\/revista\/wp-content\/uploads\/2024\/01\/Part-IV-15x21.jpg 15w, https:\/\/www.revistaalimara.net\/revista\/wp-content\/uploads\/2024\/01\/Part-IV-854x1217.jpg 854w, https:\/\/www.revistaalimara.net\/revista\/wp-content\/uploads\/2024\/01\/Part-IV.jpg 1322w\" sizes=\"(max-width: 211px) 100vw, 211px\" \/><\/div><\/div><\/div><div id=\"pgc-6842-7-1\"  class=\"panel-grid-cell\" ><div id=\"panel-6842-7-1-0\" class=\"so-panel widget widget_sow-editor panel-first-child\" data-index=\"15\" ><div\n\t\t\t\n\t\t\tclass=\"so-widget-sow-editor so-widget-sow-editor-base\"\n\t\t\t\n\t\t>\n<div class=\"siteorigin-widget-tinymce textwidget\">\n\t<h6>Libro de actas: IX Congreso de la REPS (2023)<\/h6>\n<h3>Parte IV - R\u00e9gimen de bienestar y servicios sociales<\/h3>\n<\/div>\n<\/div><\/div><div id=\"panel-6842-7-1-1\" class=\"so-panel widget widget_sow-button panel-last-child\" data-index=\"16\" ><div\n\t\t\t\n\t\t\tclass=\"so-widget-sow-button so-widget-sow-button-atom-8294661747ec-6842\"\n\t\t\t\n\t\t><div class=\"ow-button-base ow-button-align-left\">\n\t<a\n\thref=\"https:\/\/www.revistaalimara.net\/revista\/wp-content\/uploads\/2024\/01\/Panell-4_v2.pdf\"\n\t\tclass=\"download ow-icon-placement-left ow-button-hover\" target=\"_blank\" rel=\"noopener noreferrer\" \t>\n\t\t<span>\n\t\t\t<span class=\"sow-icon-fontawesome sow-far\" data-sow-icon=\"&#xf1c1;\"\n\t\tstyle=\"\" \n\t\taria-hidden=\"true\"><\/span>\n\t\t\tDescarregau el document t\u00e8cnic en pdf \t\t<\/span>\n\t<\/a>\n<\/div>\n<\/div><\/div><\/div><\/div><div id=\"pg-6842-8\"  class=\"panel-grid panel-has-style\" ><div class=\"panel-row-style panel-row-style-for-6842-8\" ><div id=\"pgc-6842-8-0\"  class=\"panel-grid-cell panel-grid-cell-empty\" ><\/div><\/div><\/div><div id=\"pg-6842-9\"  class=\"panel-grid panel-has-style\" ><div class=\"panel-row-style panel-row-style-for-6842-9\" ><div id=\"pgc-6842-9-0\"  class=\"panel-grid-cell\" ><div id=\"panel-6842-9-0-0\" class=\"widget_text so-panel widget widget_custom_html panel-first-child panel-last-child\" data-index=\"17\" ><div class=\"textwidget custom-html-widget\"><hr><\/div><\/div><\/div><\/div><\/div><div id=\"pg-6842-10\"  class=\"panel-grid panel-no-style\" ><div id=\"pgc-6842-10-0\"  class=\"panel-grid-cell\" ><div id=\"panel-6842-10-0-0\" class=\"so-panel widget widget_media_image panel-first-child panel-last-child\" data-index=\"18\" ><div class=\"img-revista panel-widget-style panel-widget-style-for-6842-10-0-0\" ><img width=\"220\" height=\"300\" src=\"https:\/\/www.revistaalimara.net\/revista\/wp-content\/uploads\/2024\/02\/Portada-congres-Menors2023-220x300.png\" class=\"image wp-image-6900  attachment-medium size-medium\" alt=\"\" decoding=\"async\" loading=\"lazy\" style=\"max-width: 100%; height: auto;\" srcset=\"https:\/\/www.revistaalimara.net\/revista\/wp-content\/uploads\/2024\/02\/Portada-congres-Menors2023-220x300.png 220w, https:\/\/www.revistaalimara.net\/revista\/wp-content\/uploads\/2024\/02\/Portada-congres-Menors2023-752x1024.png 752w, https:\/\/www.revistaalimara.net\/revista\/wp-content\/uploads\/2024\/02\/Portada-congres-Menors2023-404x550.png 404w, https:\/\/www.revistaalimara.net\/revista\/wp-content\/uploads\/2024\/02\/Portada-congres-Menors2023-382x520.png 382w, https:\/\/www.revistaalimara.net\/revista\/wp-content\/uploads\/2024\/02\/Portada-congres-Menors2023-459x625.png 459w, https:\/\/www.revistaalimara.net\/revista\/wp-content\/uploads\/2024\/02\/Portada-congres-Menors2023-15x20.png 15w, https:\/\/www.revistaalimara.net\/revista\/wp-content\/uploads\/2024\/02\/Portada-congres-Menors2023.png 754w\" sizes=\"(max-width: 220px) 100vw, 220px\" \/><\/div><\/div><\/div><div id=\"pgc-6842-10-1\"  class=\"panel-grid-cell\" ><div id=\"panel-6842-10-1-0\" class=\"so-panel widget widget_sow-editor panel-first-child\" data-index=\"19\" ><div\n\t\t\t\n\t\t\tclass=\"so-widget-sow-editor so-widget-sow-editor-base\"\n\t\t\t\n\t\t>\n<div class=\"siteorigin-widget-tinymce textwidget\">\n\t<h6>Llibre d'actes del I Congr\u00e9s d'Inf\u00e0ncia i Fam\u00edlia de Mallorca (2023)<\/h6>\n<h3>I Congr\u00e9s d'Inf\u00e0ncia i Fam\u00edlia de Mallorca. <em>Els drets de la inf\u00e0ncia i l'adolesc\u00e8ncia, una responsabilitats de tots i totes<\/em><\/h3>\n<\/div>\n<\/div><\/div><div id=\"panel-6842-10-1-1\" class=\"so-panel widget widget_sow-button panel-last-child\" data-index=\"20\" ><div\n\t\t\t\n\t\t\tclass=\"so-widget-sow-button so-widget-sow-button-atom-8294661747ec-6842\"\n\t\t\t\n\t\t><div class=\"ow-button-base ow-button-align-left\">\n\t<a\n\thref=\"https:\/\/www.revistaalimara.net\/revista\/wp-content\/uploads\/2024\/01\/I_CongresInfancia_2023.pdf\"\n\t\tclass=\"download ow-icon-placement-left ow-button-hover\" target=\"_blank\" rel=\"noopener noreferrer\" \t>\n\t\t<span>\n\t\t\t<span class=\"sow-icon-fontawesome sow-far\" data-sow-icon=\"&#xf1c1;\"\n\t\tstyle=\"\" \n\t\taria-hidden=\"true\"><\/span>\n\t\t\tDescarregau el document t\u00e8cnic en pdf\t\t<\/span>\n\t<\/a>\n<\/div>\n<\/div><\/div><\/div><\/div><div id=\"pg-6842-11\"  class=\"panel-grid panel-no-style\" ><div id=\"pgc-6842-11-0\"  class=\"panel-grid-cell\" ><div id=\"panel-6842-11-0-0\" class=\"widget_text so-panel widget widget_custom_html panel-first-child panel-last-child\" data-index=\"21\" ><div class=\"textwidget custom-html-widget\"><div class=\"line\">\n\t\n<\/div><\/div><\/div><\/div><\/div><\/div>","protected":false},"excerpt":{"rendered":"<p>Llibre d&#8217;actes: I Congr\u00e9s Internacional &#8216;Vulnerabilitat Social i Viol\u00e8ncies Masclistes&#8217; Llibre d&#8217;actes I Congr\u00e9s Internacional &#8216;Vulnerabilitat Social i Viol\u00e8ncies Masclistes: Transitam la incertesa. Mirades teoricopr\u00e0ctiques&#8217;<\/p>\n","protected":false},"author":2,"featured_media":0,"parent":0,"menu_order":0,"comment_status":"closed","ping_status":"closed","template":"","meta":[],"_links":{"self":[{"href":"https:\/\/www.revistaalimara.net\/revista\/wp-json\/wp\/v2\/pages\/6842"}],"collection":[{"href":"https:\/\/www.revistaalimara.net\/revista\/wp-json\/wp\/v2\/pages"}],"about":[{"href":"https:\/\/www.revistaalimara.net\/revista\/wp-json\/wp\/v2\/types\/page"}],"author":[{"embeddable":true,"href":"https:\/\/www.revistaalimara.net\/revista\/wp-json\/wp\/v2\/users\/2"}],"replies":[{"embeddable":true,"href":"https:\/\/www.revistaalimara.net\/revista\/wp-json\/wp\/v2\/comments?post=6842"}],"version-history":[{"count":66,"href":"https:\/\/www.revistaalimara.net\/revista\/wp-json\/wp\/v2\/pages\/6842\/revisions"}],"predecessor-version":[{"id":7403,"href":"https:\/\/www.revistaalimara.net\/revista\/wp-json\/wp\/v2\/pages\/6842\/revisions\/7403"}],"wp:attachment":[{"href":"https:\/\/www.revistaalimara.net\/revista\/wp-json\/wp\/v2\/media?parent=6842"}],"curies":[{"name":"wp","href":"https:\/\/api.w.org\/{rel}","templated":true}]}}