{"id":6752,"date":"2024-06-11T16:03:36","date_gmt":"2024-06-11T15:03:36","guid":{"rendered":"https:\/\/www.revistaalimara.net\/revista\/?page_id=6752"},"modified":"2024-06-11T15:03:41","modified_gmt":"2024-06-11T14:03:41","slug":"miscellania_69","status":"publish","type":"page","link":"https:\/\/www.revistaalimara.net\/revista\/miscellania_69\/","title":{"rendered":"ALIMARA 69"},"content":{"rendered":"<div id=\"pl-6752\"  class=\"panel-layout\" ><div id=\"pg-6752-0\"  class=\"panel-grid panel-has-style\" ><div class=\"siteorigin-panels-stretch panel-row-style panel-row-style-for-6752-0\" data-stretch-type=\"full-stretched\" ><div id=\"pgc-6752-0-0\"  class=\"panel-grid-cell\" ><div id=\"panel-6752-0-0-0\" class=\"so-panel widget widget_sow-hero panel-first-child panel-last-child\" data-index=\"0\" ><div\n\t\t\t\n\t\t\tclass=\"so-widget-sow-hero so-widget-sow-hero-default-5e538039d24c-6752\"\n\t\t\t\n\t\t>\t\t\t\t<div class=\"sow-slider-base\" style=\"display: none\" tabindex=\"0\">\n\t\t\t\t\t<ul\n\t\t\t\t\tclass=\"sow-slider-images\"\n\t\t\t\t\tdata-settings=\"{&quot;pagination&quot;:true,&quot;speed&quot;:800,&quot;timeout&quot;:8000,&quot;paused&quot;:false,&quot;pause_on_hover&quot;:false,&quot;swipe&quot;:true,&quot;nav_always_show_desktop&quot;:&quot;&quot;,&quot;nav_always_show_mobile&quot;:&quot;&quot;,&quot;breakpoint&quot;:&quot;780px&quot;,&quot;unmute&quot;:false,&quot;anchor&quot;:null}\"\n\t\t\t\t\tstyle=\"min-height: 400px\"\t\t\t\t\tdata-anchor-id=\"\"\n\t\t\t\t>\t\t<li class=\"sow-slider-image  sow-slider-image-cover\" style=\"visibility: visible;;background-color: #333333\" >\n\t\t\t\t\t<div class=\"sow-slider-image-container\">\n\t\t\t<div class=\"sow-slider-image-wrapper\">\n\t\t\t\t<p style=\"text-align: center\">N\u00daMERO 69 | MAIG 2024<\/p>\n<h3 style=\"text-align: center\">ALIMARA<br \/>\nInnovaci\u00f3 i Metodologia en Afers Socials<\/h3>\n\t\t\t<\/div>\n\t\t<\/div>\n\t\t<div class=\"sow-slider-image-overlay sow-slider-image-cover\" style=\"opacity: 0.5;background-image: url(https:\/\/www.revistaalimara.net\/revista\/wp-content\/uploads\/2024\/05\/PORTADA-69.jpg)\"  ><\/div>\t\t<\/li>\n\t\t<\/ul>\t\t\t\t<ol class=\"sow-slider-pagination\">\n\t\t\t\t\t\t\t\t\t\t\t<li><a href=\"#\" data-goto=\"0\" aria-label=\"display slide 1\"><\/a><\/li>\n\t\t\t\t\t\t\t\t\t<\/ol>\n\n\t\t\t\t<div class=\"sow-slide-nav sow-slide-nav-next\">\n\t\t\t\t\t<a href=\"#\" data-goto=\"next\" aria-label=\"next slide\" data-action=\"next\">\n\t\t\t\t\t\t<em class=\"sow-sld-icon-thin-right\"><\/em>\n\t\t\t\t\t<\/a>\n\t\t\t\t<\/div>\n\n\t\t\t\t<div class=\"sow-slide-nav sow-slide-nav-prev\">\n\t\t\t\t\t<a href=\"#\" data-goto=\"previous\" aria-label=\"previous slide\" data-action=\"prev\">\n\t\t\t\t\t\t<em class=\"sow-sld-icon-thin-left\"><\/em>\n\t\t\t\t\t<\/a>\n\t\t\t\t<\/div>\n\t\t\t\t<\/div><\/div><\/div><\/div><\/div><\/div><div id=\"pg-6752-1\"  class=\"panel-grid panel-has-style\" ><div class=\"panel-row-style panel-row-style-for-6752-1\" ><div id=\"pgc-6752-1-0\"  class=\"panel-grid-cell\" ><div id=\"panel-6752-1-0-0\" class=\"widget_text so-panel widget widget_custom_html panel-first-child\" data-index=\"1\" ><h3 class=\"widget-title\">Articles de la revista<\/h3><div class=\"textwidget custom-html-widget\"><\/div><\/div><div id=\"panel-6752-1-0-1\" class=\"so-panel widget widget_posts_widget panel-last-child\" data-index=\"2\" ><div><div class=\"poster poster-right normal   size-350\"><a class=\"poster-image mt-radius pull-left\" href=\"https:\/\/www.revistaalimara.net\/revista\/sensell%d0%b0risme\/\"><div class=\"mt-post-image\" ><div class=\"mt-post-image-background\" style=\"background-image:url(https:\/\/www.revistaalimara.net\/revista\/wp-content\/uploads\/2024\/05\/Quadre-1-15x14.jpg);\"><\/div><img alt=\"Recompte de persones que es troben en situaci\u00f3 de sensellarisme. An\u00e0lisi 2023\" class=\"lazy\" src=\"data:image\/gif;base64,R0lGODlhAQABAIAAAAAAAP\/\/\/yH5BAEAAAAALAAAAAABAAEAAAIBRAA7\" data-src=\"https:\/\/www.revistaalimara.net\/revista\/wp-content\/uploads\/2024\/05\/Quadre-1-550x523.jpg\" width=\"550\" height=\"550\" \/><\/div><span class=\"post-icon mt-theme-background\"><i class=\"ic-open open\"><\/i><\/span><div class=\"poster-info\"><div class=\"poster-cat\"><span class=\"mt-theme-text\">Inclusi\u00f3\/exclusi\u00f3 social<\/span><\/div><div class=\"poster-data color-silver-light\"><span class=\"poster-views\">2787 <span class=\"mt-data-text\">Visites<\/span><\/span><\/div><\/div><\/a><div class=\"poster-content\"><div class=\"poster-cat\"><span class=\"mt-theme-text\">Inclusi\u00f3\/exclusi\u00f3 social<\/span><\/div><div class=\"poster-data color-silver-light\"><span class=\"poster-views\">2787 <span class=\"mt-data-text\">Visites<\/span><\/span><\/div><a href=\"https:\/\/www.revistaalimara.net\/revista\/sensell%d0%b0risme\/\"><h2>Recompte de persones que es troben en situaci\u00f3 de sensellarisme. An\u00e0lisi 2023<\/h2><\/a><small class=\"mt-pl\"><strong class=\"mt-pl-a\">alimara<\/strong><span class=\"color-silver-light mt-ml\"> - <\/span><span class=\"color-silver-light mt-pl-d\">13 de juny de 2024<\/span><\/small><p>Paraules clau: Sensellarisme, persones sense llar, recompte, inclusi\u00f3 social. Resum: Aquest article aborda les dades m\u00e9s significatives de l\u2019an\u00e0lisi del IV Recompte de persones que es troben&hellip;<\/p><div class=\"hidden mt-readmore\"><a class=\"mt-readmore-url\" href=\"https:\/\/www.revistaalimara.net\/revista\/sensell%d0%b0risme\/\">Veure article<\/a><\/div><\/div><div class=\"clearfix\"><\/div><\/div><div class=\"poster poster-right normal   size-350\"><a class=\"poster-image mt-radius pull-left\" href=\"https:\/\/www.revistaalimara.net\/revista\/annexe-2-questionaris\/\"><div class=\"mt-post-image\" ><div class=\"mt-post-image-background\" style=\"background-image:url(https:\/\/www.revistaalimara.net\/revista\/wp-content\/uploads\/2024\/05\/Quadre-3-15x15.jpg);\"><\/div><img alt=\"Annexe 2. Q\u00fcestionaris\" class=\"lazy\" src=\"data:image\/gif;base64,R0lGODlhAQABAIAAAAAAAP\/\/\/yH5BAEAAAAALAAAAAABAAEAAAIBRAA7\" data-src=\"https:\/\/www.revistaalimara.net\/revista\/wp-content\/uploads\/2024\/05\/Quadre-3.jpg\" width=\"550\" height=\"550\" \/><\/div><span class=\"post-icon mt-theme-background\"><i class=\"ic-open open\"><\/i><\/span><div class=\"poster-info\"><div class=\"poster-cat\"><span class=\"mt-theme-text\">Inclusi\u00f3\/exclusi\u00f3 social<\/span><\/div><div class=\"poster-data color-silver-light\"><span class=\"poster-views\">1992 <span class=\"mt-data-text\">Visites<\/span><\/span><\/div><\/div><\/a><div class=\"poster-content\"><div class=\"poster-cat\"><span class=\"mt-theme-text\">Inclusi\u00f3\/exclusi\u00f3 social<\/span><\/div><div class=\"poster-data color-silver-light\"><span class=\"poster-views\">1992 <span class=\"mt-data-text\">Visites<\/span><\/span><\/div><a href=\"https:\/\/www.revistaalimara.net\/revista\/annexe-2-questionaris\/\"><h2>Annexe 2. Q\u00fcestionaris<\/h2><\/a><small class=\"mt-pl\"><strong class=\"mt-pl-a\">alimara<\/strong><span class=\"color-silver-light mt-ml\"> - <\/span><span class=\"color-silver-light mt-pl-d\">13 de juny de 2024<\/span><\/small><p>HI HA TRES Q\u00dcESTIONARIS: B1. Q\u00fcestionari de centres amb allotjament. B2. Q\u00fcestionari dirigit a persones en centres amb allotjament. B3. Q\u00fcestionari d'avaluaci\u00f3 per a l'activitat del recompte&hellip;<\/p><div class=\"hidden mt-readmore\"><a class=\"mt-readmore-url\" href=\"https:\/\/www.revistaalimara.net\/revista\/annexe-2-questionaris\/\">Veure article<\/a><\/div><\/div><div class=\"clearfix\"><\/div><\/div><div class=\"poster poster-right normal   size-350\"><a class=\"poster-image mt-radius pull-left\" href=\"https:\/\/www.revistaalimara.net\/revista\/recompte-de-persones-que-es-troben-en-situacio-de-sensellarisme-2023-analisi-estadistica-descriptiva\/\"><div class=\"mt-post-image\" ><div class=\"mt-post-image-background\" style=\"background-image:url(https:\/\/www.revistaalimara.net\/revista\/wp-content\/uploads\/2024\/05\/Quadre-4-15x15.jpg);\"><\/div><img alt=\"Recompte de persones que es troben en situaci\u00f3 de sensellarisme (2023). An\u00e0lisi estad\u00edstica descriptiva.\" class=\"lazy\" src=\"data:image\/gif;base64,R0lGODlhAQABAIAAAAAAAP\/\/\/yH5BAEAAAAALAAAAAABAAEAAAIBRAA7\" data-src=\"https:\/\/www.revistaalimara.net\/revista\/wp-content\/uploads\/2024\/05\/Quadre-4-542x550.jpg\" width=\"550\" height=\"550\" \/><\/div><span class=\"post-icon mt-theme-background\"><i class=\"ic-open open\"><\/i><\/span><div class=\"poster-info\"><div class=\"poster-cat\"><span class=\"mt-theme-text\">Inclusi\u00f3\/exclusi\u00f3 social<\/span><\/div><div class=\"poster-data color-silver-light\"><span class=\"poster-views\">2050 <span class=\"mt-data-text\">Visites<\/span><\/span><\/div><\/div><\/a><div class=\"poster-content\"><div class=\"poster-cat\"><span class=\"mt-theme-text\">Inclusi\u00f3\/exclusi\u00f3 social<\/span><\/div><div class=\"poster-data color-silver-light\"><span class=\"poster-views\">2050 <span class=\"mt-data-text\">Visites<\/span><\/span><\/div><a href=\"https:\/\/www.revistaalimara.net\/revista\/recompte-de-persones-que-es-troben-en-situacio-de-sensellarisme-2023-analisi-estadistica-descriptiva\/\"><h2>Recompte de persones que es troben en situaci\u00f3 de sensellarisme (2023). An\u00e0lisi estad\u00edstica descriptiva.<\/h2><\/a><small class=\"mt-pl\"><strong class=\"mt-pl-a\">alimara<\/strong><span class=\"color-silver-light mt-ml\"> - <\/span><span class=\"color-silver-light mt-pl-d\">12 de juny de 2024<\/span><\/small><p>Recompte de persones que es troben en situaci\u00f3 de sensellarisme (2023). An\u00e0lisi estad\u00edstica descriptiva. Consta de dos apartats: A - Recompte de persones sense sostre. B -&hellip;<\/p><div class=\"hidden mt-readmore\"><a class=\"mt-readmore-url\" href=\"https:\/\/www.revistaalimara.net\/revista\/recompte-de-persones-que-es-troben-en-situacio-de-sensellarisme-2023-analisi-estadistica-descriptiva\/\">Veure article<\/a><\/div><\/div><div class=\"clearfix\"><\/div><\/div><div class=\"poster poster-right normal   size-350\"><a class=\"poster-image mt-radius pull-left\" href=\"https:\/\/www.revistaalimara.net\/revista\/la-importancia-de-la-formacio-destinada-al-personal-de-ladministracio-publica\/\"><div class=\"mt-post-image\" ><div class=\"mt-post-image-background\" style=\"background-image:url(https:\/\/www.revistaalimara.net\/revista\/wp-content\/uploads\/2024\/05\/Quadre-2-15x15.jpg);\"><\/div><img alt=\"La import\u00e0ncia de la formaci\u00f3 destinada al personal de l&#8217;Administraci\u00f3 p\u00fablica. El paper de la persona formadora\" class=\"lazy\" src=\"data:image\/gif;base64,R0lGODlhAQABAIAAAAAAAP\/\/\/yH5BAEAAAAALAAAAAABAAEAAAIBRAA7\" data-src=\"https:\/\/www.revistaalimara.net\/revista\/wp-content\/uploads\/2024\/05\/Quadre-2-539x550.jpg\" width=\"550\" height=\"550\" \/><\/div><span class=\"post-icon mt-theme-background\"><i class=\"ic-open open\"><\/i><\/span><div class=\"poster-info\"><div class=\"poster-cat\"><span class=\"mt-theme-text\">Inclusi\u00f3\/exclusi\u00f3 social<\/span><\/div><div class=\"poster-data color-silver-light\"><span class=\"poster-views\">2229 <span class=\"mt-data-text\">Visites<\/span><\/span><\/div><\/div><\/a><div class=\"poster-content\"><div class=\"poster-cat\"><span class=\"mt-theme-text\">Inclusi\u00f3\/exclusi\u00f3 social<\/span><\/div><div class=\"poster-data color-silver-light\"><span class=\"poster-views\">2229 <span class=\"mt-data-text\">Visites<\/span><\/span><\/div><a href=\"https:\/\/www.revistaalimara.net\/revista\/la-importancia-de-la-formacio-destinada-al-personal-de-ladministracio-publica\/\"><h2>La import\u00e0ncia de la formaci\u00f3 destinada al personal de l&#8217;Administraci\u00f3 p\u00fablica. El paper de la persona formadora<\/h2><\/a><small class=\"mt-pl\"><strong class=\"mt-pl-a\">alimara<\/strong><span class=\"color-silver-light mt-ml\"> - <\/span><span class=\"color-silver-light mt-pl-d\">10 de juny de 2024<\/span><\/small><p>Paraules clau: Aprenentatge en adults, formaci\u00f3 cont\u00ednua, habilitats docents, disseny de la formaci\u00f3, metodologia participativa, avaluaci\u00f3 i millora. Resum: La formaci\u00f3 del personal al servei d\u2019una administraci\u00f3&hellip;<\/p><div class=\"hidden mt-readmore\"><a class=\"mt-readmore-url\" href=\"https:\/\/www.revistaalimara.net\/revista\/la-importancia-de-la-formacio-destinada-al-personal-de-ladministracio-publica\/\">Veure article<\/a><\/div><\/div><div class=\"clearfix\"><\/div><\/div><\/div><div class=\"pagination\"><\/div><\/div><\/div><\/div><\/div><\/div>","protected":false},"excerpt":{"rendered":"","protected":false},"author":2,"featured_media":0,"parent":0,"menu_order":0,"comment_status":"closed","ping_status":"closed","template":"","meta":[],"_links":{"self":[{"href":"https:\/\/www.revistaalimara.net\/revista\/wp-json\/wp\/v2\/pages\/6752"}],"collection":[{"href":"https:\/\/www.revistaalimara.net\/revista\/wp-json\/wp\/v2\/pages"}],"about":[{"href":"https:\/\/www.revistaalimara.net\/revista\/wp-json\/wp\/v2\/types\/page"}],"author":[{"embeddable":true,"href":"https:\/\/www.revistaalimara.net\/revista\/wp-json\/wp\/v2\/users\/2"}],"replies":[{"embeddable":true,"href":"https:\/\/www.revistaalimara.net\/revista\/wp-json\/wp\/v2\/comments?post=6752"}],"version-history":[{"count":18,"href":"https:\/\/www.revistaalimara.net\/revista\/wp-json\/wp\/v2\/pages\/6752\/revisions"}],"predecessor-version":[{"id":7047,"href":"https:\/\/www.revistaalimara.net\/revista\/wp-json\/wp\/v2\/pages\/6752\/revisions\/7047"}],"wp:attachment":[{"href":"https:\/\/www.revistaalimara.net\/revista\/wp-json\/wp\/v2\/media?parent=6752"}],"curies":[{"name":"wp","href":"https:\/\/api.w.org\/{rel}","templated":true}]}}