{"id":6744,"date":"2023-11-23T09:11:06","date_gmt":"2023-11-23T08:11:06","guid":{"rendered":"https:\/\/www.revistaalimara.net\/revista\/?page_id=6744"},"modified":"2024-06-05T12:50:58","modified_gmt":"2024-06-05T11:50:58","slug":"epoca_6_68","status":"publish","type":"page","link":"https:\/\/www.revistaalimara.net\/revista\/epoca_6_68\/","title":{"rendered":"\u00c8poca_6_68"},"content":{"rendered":"<div id=\"pl-6744\"  class=\"panel-layout\" ><div id=\"pg-6744-0\"  class=\"panel-grid panel-no-style\" ><div id=\"pgc-6744-0-0\"  class=\"panel-grid-cell\" ><div id=\"panel-6744-0-0-0\" class=\"so-panel widget widget_sow-headline panel-first-child panel-last-child\" data-index=\"0\" ><div\n\t\t\t\n\t\t\tclass=\"so-widget-sow-headline so-widget-sow-headline-default-54d5f1ab2fc0-6744\"\n\t\t\t\n\t\t><div class=\"sow-headline-container \">\n\t<h1 class='sow-headline'>Articles<\/h1><h3 class='sow-sub-headline'>Descarregau els articles de la revista en format PDF<\/h3><\/div>\n<\/div><\/div><\/div><\/div><div id=\"pg-6744-1\"  class=\"panel-grid panel-no-style\" ><div id=\"pgc-6744-1-0\"  class=\"panel-grid-cell panel-grid-cell-empty\" ><\/div><\/div><div id=\"pg-6744-2\"  class=\"panel-grid panel-no-style\" ><div id=\"pgc-6744-2-0\"  class=\"panel-grid-cell\" ><div id=\"panel-6744-2-0-0\" class=\"so-panel widget widget_media_gallery panel-first-child panel-last-child\" data-index=\"1\" >\n\t\t<style type=\"text\/css\">\n\t\t\t#gallery-1 {\n\t\t\t\tmargin: auto;\n\t\t\t}\n\t\t\t#gallery-1 .gallery-item {\n\t\t\t\tfloat: left;\n\t\t\t\tmargin-top: 10px;\n\t\t\t\ttext-align: center;\n\t\t\t\twidth: 100%;\n\t\t\t}\n\t\t\t#gallery-1 img {\n\t\t\t\tborder: 2px solid #cfcfcf;\n\t\t\t}\n\t\t\t#gallery-1 .gallery-caption {\n\t\t\t\tmargin-left: 0;\n\t\t\t}\n\t\t\t\/* see gallery_shortcode() in wp-includes\/media.php *\/\n\t\t<\/style>\n\t\t<div id='gallery-1' class='gallery galleryid-6744 gallery-columns-1 gallery-size-medium'><dl class='gallery-item'>\n\t\t\t<dt class='gallery-icon portrait'>\n\t\t\t\t<img width=\"211\" height=\"300\" src=\"https:\/\/www.revistaalimara.net\/revista\/wp-content\/uploads\/2023\/11\/portada_n68-211x300.png\" class=\"attachment-medium size-medium\" alt=\"\" decoding=\"async\" loading=\"lazy\" srcset=\"https:\/\/www.revistaalimara.net\/revista\/wp-content\/uploads\/2023\/11\/portada_n68-211x300.png 211w, https:\/\/www.revistaalimara.net\/revista\/wp-content\/uploads\/2023\/11\/portada_n68-386x550.png 386w, https:\/\/www.revistaalimara.net\/revista\/wp-content\/uploads\/2023\/11\/portada_n68-365x520.png 365w, https:\/\/www.revistaalimara.net\/revista\/wp-content\/uploads\/2023\/11\/portada_n68-439x625.png 439w, https:\/\/www.revistaalimara.net\/revista\/wp-content\/uploads\/2023\/11\/portada_n68-15x21.png 15w, https:\/\/www.revistaalimara.net\/revista\/wp-content\/uploads\/2023\/11\/portada_n68.png 450w\" sizes=\"(max-width: 211px) 100vw, 211px\" \/>\n\t\t\t<\/dt><\/dl><br style=\"clear: both\" \/>\n\t\t<\/div>\n<\/div><\/div><div id=\"pgc-6744-2-1\"  class=\"panel-grid-cell\" ><div id=\"panel-6744-2-1-0\" class=\"so-panel widget widget_sow-editor panel-first-child\" data-index=\"2\" ><div\n\t\t\t\n\t\t\tclass=\"so-widget-sow-editor so-widget-sow-editor-base\"\n\t\t\t\n\t\t>\n<div class=\"siteorigin-widget-tinymce textwidget\">\n\t<h6>Alimara. Novembre 2023<\/h6>\n<h3>N\u00daMERO 68<\/h3>\n<\/div>\n<\/div><\/div><div id=\"panel-6744-2-1-1\" class=\"so-panel widget widget_sow-button\" data-index=\"3\" ><div\n\t\t\t\n\t\t\tclass=\"so-widget-sow-button so-widget-sow-button-atom-accbd2cd5c79-6744\"\n\t\t\t\n\t\t><div class=\"ow-button-base ow-button-align-center\">\n\t<a\n\thref=\"https:\/\/www.revistaalimara.net\/revista\/wp-content\/uploads\/2023\/11\/Alimara_68.pdf\"\n\t\tclass=\"download ow-icon-placement-left ow-button-hover\" \t>\n\t\t<span>\n\t\t\t<span class=\"sow-icon-fontawesome sow-far\" data-sow-icon=\"&#xf1c1;\"\n\t\tstyle=\"\" \n\t\taria-hidden=\"true\"><\/span>\n\t\t\tDescarregau la revista sencera en PDF\t\t<\/span>\n\t<\/a>\n<\/div>\n<\/div><\/div><div id=\"panel-6744-2-1-2\" class=\"so-panel widget widget_sow-editor panel-last-child\" data-index=\"4\" ><div\n\t\t\t\n\t\t\tclass=\"so-widget-sow-editor so-widget-sow-editor-base\"\n\t\t\t\n\t\t>\n<div class=\"siteorigin-widget-tinymce textwidget\">\n\t<p>&nbsp;<\/p>\n<p><span style=\"color: #009fe3;\"><strong>\u00cdndex<\/strong><\/span><\/p>\n<p><strong>HIST\u00d2RIA DELS SERVEIS SOCIALS<br \/>\n<\/strong><em><a href=\"https:\/\/www.revistaalimara.net\/revista\/wp-content\/uploads\/2023\/11\/Alimara_68_1_esglesia_de_mallorca.pdf\">L'Esgl\u00e9sia de Mallorca a les perif\u00e8ries humanes i socials dels darrers 40 anys<\/a><br \/>\n<\/em>Joan Josep Matas Pastor<\/p>\n<p><strong>ATENCI\u00d3 A LES CONDUCTES ADDICTIVES<br \/>\n<\/strong><em><a href=\"https:\/\/www.revistaalimara.net\/revista\/wp-content\/uploads\/2023\/11\/Alimara_68_2_addiccions_noves_tecnologies.pdf\">Addicci\u00f3 a noves tecnologies. \u00das i ab\u00fas de les xarxes socials i impacte en la salut mental a la inf\u00e0ncia i l\u2019adolesc\u00e8ncia: trastorns de la conducta aliment\u00e0ria<\/a><br \/>\n<\/em>Rebeca Corbacho Ripoll<\/p>\n<p><strong>TREBALL SOCIAL COMUNITARI<br \/>\n<\/strong><em><a href=\"https:\/\/www.revistaalimara.net\/revista\/wp-content\/uploads\/2023\/11\/Alimara_68_3_ss_i_treball_comunitari.pdf\">Serveis socials i treball comunitari: continuam a l\u2019espera o sortim a la recerca de la comunitat?<\/a><br \/>\n<\/em>Miquel \u00c0ngel Oliver Perell\u00f3<\/p>\n<p><strong>EXPERI\u00c8NCIES I BONES PR\u00c0CTIQUES<br \/>\n<\/strong><em><a href=\"https:\/\/www.revistaalimara.net\/revista\/wp-content\/uploads\/2023\/11\/Alimara_68_4_maltractament_majors.pdf\">El maltractament a les persones majors: d\u2019observadors a protagonistes. Conclusions d\u2019una experi\u00e8ncia educativa en un centre sociosanitari<\/a><br \/>\n<\/em>Silvia D\u00edaz Moya, Carme Ribot O\u2019Ryan<\/p>\n<p><strong>ACCESSIBILITAT<br \/>\n<\/strong><em><a href=\"https:\/\/www.revistaalimara.net\/revista\/wp-content\/uploads\/2023\/11\/Alimara_68_5_accessibilitat_universal.pdf\">Accessibilitat universal: una hist\u00f2ria de desconeixement i reiterat incompliment de la normativa vigent<\/a><br \/>\n<\/em>Maria Magdalena Vanrell, Catalina Amer<\/p>\n<p>&nbsp;<\/p>\n<\/div>\n<\/div><\/div><\/div><\/div><div id=\"pg-6744-3\"  class=\"panel-grid panel-no-style\" ><div id=\"pgc-6744-3-0\"  class=\"panel-grid-cell\" ><div id=\"panel-6744-3-0-0\" class=\"so-panel widget widget_sow-headline panel-first-child panel-last-child\" data-index=\"5\" ><div\n\t\t\t\n\t\t\tclass=\"so-widget-sow-headline so-widget-sow-headline-default-ea0af4cf39ae-6744\"\n\t\t\t\n\t\t><div class=\"sow-headline-container \">\n\t\t\t\t\t\t<div class=\"decoration\">\n\t\t\t\t\t\t<div class=\"decoration-inside\"><\/div>\n\t\t\t\t\t<\/div>\n\t\t\t\t\t<\/div>\n<\/div><\/div><\/div><\/div><div id=\"pg-6744-4\"  class=\"panel-grid panel-no-style\" ><div id=\"pgc-6744-4-0\"  class=\"panel-grid-cell\" ><div id=\"panel-6744-4-0-0\" class=\"widget_text so-panel widget widget_custom_html panel-first-child panel-last-child\" data-index=\"6\" ><div class=\"textwidget custom-html-widget\"><div class=\"line\">\n\t\n<\/div><\/div><\/div><\/div><\/div><\/div>","protected":false},"excerpt":{"rendered":"<p>ArticlesDescarregau els articles de la revista en format PDF Alimara. Novembre 2023 N\u00daMERO 68 Descarregau la revista sencera en PDF &nbsp; \u00cdndex HIST\u00d2RIA DELS SERVEIS SOCIALS L&#8217;Esgl\u00e9sia de Mallorca a les perif\u00e8ries humanes i socials dels darrers 40 anys Joan Josep Matas Pastor ATENCI\u00d3 A LES CONDUCTES ADDICTIVES Addicci\u00f3 a noves tecnologies. \u00das i ab\u00fas [&hellip;]<\/p>\n","protected":false},"author":2,"featured_media":0,"parent":0,"menu_order":0,"comment_status":"closed","ping_status":"closed","template":"","meta":[],"_links":{"self":[{"href":"https:\/\/www.revistaalimara.net\/revista\/wp-json\/wp\/v2\/pages\/6744"}],"collection":[{"href":"https:\/\/www.revistaalimara.net\/revista\/wp-json\/wp\/v2\/pages"}],"about":[{"href":"https:\/\/www.revistaalimara.net\/revista\/wp-json\/wp\/v2\/types\/page"}],"author":[{"embeddable":true,"href":"https:\/\/www.revistaalimara.net\/revista\/wp-json\/wp\/v2\/users\/2"}],"replies":[{"embeddable":true,"href":"https:\/\/www.revistaalimara.net\/revista\/wp-json\/wp\/v2\/comments?post=6744"}],"version-history":[{"count":17,"href":"https:\/\/www.revistaalimara.net\/revista\/wp-json\/wp\/v2\/pages\/6744\/revisions"}],"predecessor-version":[{"id":7030,"href":"https:\/\/www.revistaalimara.net\/revista\/wp-json\/wp\/v2\/pages\/6744\/revisions\/7030"}],"wp:attachment":[{"href":"https:\/\/www.revistaalimara.net\/revista\/wp-json\/wp\/v2\/media?parent=6744"}],"curies":[{"name":"wp","href":"https:\/\/api.w.org\/{rel}","templated":true}]}}