{"id":6561,"date":"2023-05-17T09:54:36","date_gmt":"2023-05-17T08:54:36","guid":{"rendered":"https:\/\/www.revistaalimara.net\/revista\/?page_id=6561"},"modified":"2023-06-07T12:07:45","modified_gmt":"2023-06-07T11:07:45","slug":"miscellania_67","status":"publish","type":"page","link":"https:\/\/www.revistaalimara.net\/revista\/miscellania_67\/","title":{"rendered":"Miscel\u00b7l\u00e0nia: hist\u00f2ria dels serveis socials, accessibilitat sexual i la superaci\u00f3 personal a trav\u00e9s del teatre"},"content":{"rendered":"<div id=\"pl-6561\"  class=\"panel-layout\" ><div id=\"pg-6561-0\"  class=\"panel-grid panel-has-style\" ><div class=\"siteorigin-panels-stretch panel-row-style panel-row-style-for-6561-0\" data-stretch-type=\"full-stretched\" ><div id=\"pgc-6561-0-0\"  class=\"panel-grid-cell\" ><div id=\"panel-6561-0-0-0\" class=\"so-panel widget widget_sow-hero panel-first-child panel-last-child\" data-index=\"0\" ><div\n\t\t\t\n\t\t\tclass=\"so-widget-sow-hero so-widget-sow-hero-default-5e538039d24c-6561\"\n\t\t\t\n\t\t>\t\t\t\t<div class=\"sow-slider-base\" style=\"display: none\" tabindex=\"0\">\n\t\t\t\t\t<ul\n\t\t\t\t\tclass=\"sow-slider-images\"\n\t\t\t\t\tdata-settings=\"{&quot;pagination&quot;:true,&quot;speed&quot;:800,&quot;timeout&quot;:8000,&quot;paused&quot;:false,&quot;pause_on_hover&quot;:false,&quot;swipe&quot;:true,&quot;nav_always_show_desktop&quot;:&quot;&quot;,&quot;nav_always_show_mobile&quot;:&quot;&quot;,&quot;breakpoint&quot;:&quot;780px&quot;,&quot;unmute&quot;:false,&quot;anchor&quot;:null}\"\n\t\t\t\t\tstyle=\"min-height: 400px\"\t\t\t\t\tdata-anchor-id=\"\"\n\t\t\t\t>\t\t<li class=\"sow-slider-image  sow-slider-image-cover\" style=\"visibility: visible;;background-color: #333333\" >\n\t\t\t\t\t<div class=\"sow-slider-image-container\">\n\t\t\t<div class=\"sow-slider-image-wrapper\">\n\t\t\t\t<p style=\"text-align: center\">N\u00daMERO 67 | MAIG 2023<\/p>\n<h3 style=\"text-align: center\">Miscel\u00b7l\u00e0nia: hist\u00f2ria dels serveis socials, accessibilitat sexual i la superaci\u00f3 personal a trav\u00e9s del teatre<\/h3>\n\t\t\t<\/div>\n\t\t<\/div>\n\t\t<div class=\"sow-slider-image-overlay sow-slider-image-cover\" style=\"opacity: 0.5;background-image: url(https:\/\/www.revistaalimara.net\/revista\/wp-content\/uploads\/2023\/05\/F00032NG.jpg)\"  ><\/div>\t\t<\/li>\n\t\t<\/ul>\t\t\t\t<ol class=\"sow-slider-pagination\">\n\t\t\t\t\t\t\t\t\t\t\t<li><a href=\"#\" data-goto=\"0\" aria-label=\"display slide 1\"><\/a><\/li>\n\t\t\t\t\t\t\t\t\t<\/ol>\n\n\t\t\t\t<div class=\"sow-slide-nav sow-slide-nav-next\">\n\t\t\t\t\t<a href=\"#\" data-goto=\"next\" aria-label=\"next slide\" data-action=\"next\">\n\t\t\t\t\t\t<em class=\"sow-sld-icon-thin-right\"><\/em>\n\t\t\t\t\t<\/a>\n\t\t\t\t<\/div>\n\n\t\t\t\t<div class=\"sow-slide-nav sow-slide-nav-prev\">\n\t\t\t\t\t<a href=\"#\" data-goto=\"previous\" aria-label=\"previous slide\" data-action=\"prev\">\n\t\t\t\t\t\t<em class=\"sow-sld-icon-thin-left\"><\/em>\n\t\t\t\t\t<\/a>\n\t\t\t\t<\/div>\n\t\t\t\t<\/div><\/div><\/div><\/div><\/div><\/div><div id=\"pg-6561-1\"  class=\"panel-grid panel-has-style\" ><div class=\"panel-row-style panel-row-style-for-6561-1\" ><div id=\"pgc-6561-1-0\"  class=\"panel-grid-cell\" ><div id=\"panel-6561-1-0-0\" class=\"widget_text so-panel widget widget_custom_html panel-first-child\" data-index=\"1\" ><h3 class=\"widget-title\">Articles de la revista<\/h3><div class=\"textwidget custom-html-widget\"><\/div><\/div><div id=\"panel-6561-1-0-1\" class=\"so-panel widget widget_posts_widget panel-last-child\" data-index=\"2\" ><div><div class=\"poster poster-right normal   size-350\"><a class=\"poster-image mt-radius pull-left\" href=\"https:\/\/www.revistaalimara.net\/revista\/labracada-del-teatre-els-set-poders-historia-destepa-un-bot-del-prosceni-a-la-superacio-personal-i-lesperit-de-grup\/\"><div class=\"mt-post-image\" ><div class=\"mt-post-image-background\" style=\"background-image:url(https:\/\/www.revistaalimara.net\/revista\/wp-content\/uploads\/2023\/05\/Art4n67jpg-15x6.jpg);\"><\/div><img alt=\"L\u2019abra\u00e7ada del teatre: els set poders. Hist\u00f2ria d&#8217;Estepa, un bot del prosceni a la superaci\u00f3 personal i l&#8217;esperit de grup\" class=\"lazy\" src=\"data:image\/gif;base64,R0lGODlhAQABAIAAAAAAAP\/\/\/yH5BAEAAAAALAAAAAABAAEAAAIBRAA7\" data-src=\"https:\/\/www.revistaalimara.net\/revista\/wp-content\/uploads\/2023\/05\/Art4n67jpg-550x229.jpg\" width=\"550\" height=\"550\" \/><\/div><span class=\"post-icon mt-theme-background\"><i class=\"ic-open open\"><\/i><\/span><div class=\"poster-info\"><div class=\"poster-cat\"><span class=\"mt-theme-text\">Discapacitat<\/span><\/div><div class=\"poster-data color-silver-light\"><span class=\"poster-views\">1268 <span class=\"mt-data-text\">Visites<\/span><\/span><\/div><\/div><\/a><div class=\"poster-content\"><div class=\"poster-cat\"><span class=\"mt-theme-text\">Discapacitat<\/span><\/div><div class=\"poster-data color-silver-light\"><span class=\"poster-views\">1268 <span class=\"mt-data-text\">Visites<\/span><\/span><\/div><a href=\"https:\/\/www.revistaalimara.net\/revista\/labracada-del-teatre-els-set-poders-historia-destepa-un-bot-del-prosceni-a-la-superacio-personal-i-lesperit-de-grup\/\"><h2>L\u2019abra\u00e7ada del teatre: els set poders. Hist\u00f2ria d&#8217;Estepa, un bot del prosceni a la superaci\u00f3 personal i l&#8217;esperit de grup<\/h2><\/a><small class=\"mt-pl\"><strong class=\"mt-pl-a\">alimara<\/strong><span class=\"color-silver-light mt-ml\"> - <\/span><span class=\"color-silver-light mt-pl-d\">17 de maig de 2023<\/span><\/small><p>Paraules clau:&nbsp;teatre, salut mental, experi\u00e8ncies, metodologies. Resum Aquest article descriu la creaci\u00f3 i consolidaci\u00f3 del grup de teatre Estepa Teatre de l'Associaci\u00f3 d\u2019Estel de Llevant. S\u2019inici\u00e0 com&hellip;<\/p><div class=\"hidden mt-readmore\"><a class=\"mt-readmore-url\" href=\"https:\/\/www.revistaalimara.net\/revista\/labracada-del-teatre-els-set-poders-historia-destepa-un-bot-del-prosceni-a-la-superacio-personal-i-lesperit-de-grup\/\">Veure article<\/a><\/div><\/div><div class=\"clearfix\"><\/div><\/div><div class=\"poster poster-right normal   size-350\"><a class=\"poster-image mt-radius pull-left\" href=\"https:\/\/www.revistaalimara.net\/revista\/laccessibilitat-sexual-una-nova-forma-metodologica-a-latencio-sexoafectiva-de-les-persones-amb-discapacitat\/\"><div class=\"mt-post-image\" ><div class=\"mt-post-image-background\" style=\"background-image:url(https:\/\/www.revistaalimara.net\/revista\/wp-content\/uploads\/2023\/05\/Art3n67jpg-15x6.jpg);\"><\/div><img alt=\"L&#8217;accessibilitat sexual: una nova forma metodol\u00f2gica a l&#8217;atenci\u00f3 sexoafectiva de les persones amb discapacitat\" class=\"lazy\" src=\"data:image\/gif;base64,R0lGODlhAQABAIAAAAAAAP\/\/\/yH5BAEAAAAALAAAAAABAAEAAAIBRAA7\" data-src=\"https:\/\/www.revistaalimara.net\/revista\/wp-content\/uploads\/2023\/05\/Art3n67jpg-550x229.jpg\" width=\"550\" height=\"550\" \/><\/div><span class=\"post-icon mt-theme-background\"><i class=\"ic-open open\"><\/i><\/span><div class=\"poster-info\"><div class=\"poster-cat\"><span class=\"mt-theme-text\">Accessibilitat<\/span><\/div><div class=\"poster-data color-silver-light\"><span class=\"poster-views\">2068 <span class=\"mt-data-text\">Visites<\/span><\/span><\/div><\/div><\/a><div class=\"poster-content\"><div class=\"poster-cat\"><span class=\"mt-theme-text\">Accessibilitat<\/span><\/div><div class=\"poster-data color-silver-light\"><span class=\"poster-views\">2068 <span class=\"mt-data-text\">Visites<\/span><\/span><\/div><a href=\"https:\/\/www.revistaalimara.net\/revista\/laccessibilitat-sexual-una-nova-forma-metodologica-a-latencio-sexoafectiva-de-les-persones-amb-discapacitat\/\"><h2>L&#8217;accessibilitat sexual: una nova forma metodol\u00f2gica a l&#8217;atenci\u00f3 sexoafectiva de les persones amb discapacitat<\/h2><\/a><small class=\"mt-pl\"><strong class=\"mt-pl-a\">alimara<\/strong><span class=\"color-silver-light mt-ml\"> - <\/span><span class=\"color-silver-light mt-pl-d\">17 de maig de 2023<\/span><\/small><p>Paraules clau:&nbsp;discapacitat, sexualitat, serveis socials, metodologia. Resum Les persones amb lesi\u00f3 medul\u00b7lar i altres grans discapacitats f\u00edsiques conseq\u00fc\u00e8ncia d\u2019altres malalties, despr\u00e9s de participar en un proc\u00e9s rehabilitador&hellip;<\/p><div class=\"hidden mt-readmore\"><a class=\"mt-readmore-url\" href=\"https:\/\/www.revistaalimara.net\/revista\/laccessibilitat-sexual-una-nova-forma-metodologica-a-latencio-sexoafectiva-de-les-persones-amb-discapacitat\/\">Veure article<\/a><\/div><\/div><div class=\"clearfix\"><\/div><\/div><div class=\"poster poster-right normal   size-350\"><a class=\"poster-image mt-radius pull-left\" href=\"https:\/\/www.revistaalimara.net\/revista\/de-la-caritat-i-la-beneficencia-a-les-politiques-socials-marc-historic-del-cristianisme-social-a-mallorca-1945-2023\/\"><div class=\"mt-post-image\" ><div class=\"mt-post-image-background\" style=\"background-image:url(https:\/\/www.revistaalimara.net\/revista\/wp-content\/uploads\/2023\/05\/Art2n67jpg-15x6.jpg);\"><\/div><img alt=\"De la caritat i la benefic\u00e8ncia a les pol\u00edtiques socials: marc hist\u00f2ric del cristianisme social a Mallorca (1945-2023)\" class=\"lazy\" src=\"data:image\/gif;base64,R0lGODlhAQABAIAAAAAAAP\/\/\/yH5BAEAAAAALAAAAAABAAEAAAIBRAA7\" data-src=\"https:\/\/www.revistaalimara.net\/revista\/wp-content\/uploads\/2023\/05\/Art2n67jpg-550x229.jpg\" width=\"550\" height=\"550\" \/><\/div><span class=\"post-icon mt-theme-background\"><i class=\"ic-open open\"><\/i><\/span><div class=\"poster-info\"><div class=\"poster-cat\"><span class=\"mt-theme-text\">Acci\u00f3 comunit\u00e0ria i voluntariat<\/span><\/div><div class=\"poster-data color-silver-light\"><span class=\"poster-views\">1073 <span class=\"mt-data-text\">Visites<\/span><\/span><\/div><\/div><\/a><div class=\"poster-content\"><div class=\"poster-cat\"><span class=\"mt-theme-text\">Acci\u00f3 comunit\u00e0ria i voluntariat<\/span><\/div><div class=\"poster-data color-silver-light\"><span class=\"poster-views\">1073 <span class=\"mt-data-text\">Visites<\/span><\/span><\/div><a href=\"https:\/\/www.revistaalimara.net\/revista\/de-la-caritat-i-la-beneficencia-a-les-politiques-socials-marc-historic-del-cristianisme-social-a-mallorca-1945-2023\/\"><h2>De la caritat i la benefic\u00e8ncia a les pol\u00edtiques socials: marc hist\u00f2ric del cristianisme social a Mallorca (1945-2023)<\/h2><\/a><small class=\"mt-pl\"><strong class=\"mt-pl-a\">alimara<\/strong><span class=\"color-silver-light mt-ml\"> - <\/span><span class=\"color-silver-light mt-pl-d\">17 de maig de 2023<\/span><\/small><p>Paraules clau:&nbsp;catolicisme, hist\u00f2ria social, educaci\u00f3, pol\u00edtiques socials, secularitzaci\u00f3. Resum La caritat i la benefic\u00e8ncia han coexistit a l\u2019Estat espanyol des del segle XIX fins ben entrat el&hellip;<\/p><div class=\"hidden mt-readmore\"><a class=\"mt-readmore-url\" href=\"https:\/\/www.revistaalimara.net\/revista\/de-la-caritat-i-la-beneficencia-a-les-politiques-socials-marc-historic-del-cristianisme-social-a-mallorca-1945-2023\/\">Veure article<\/a><\/div><\/div><div class=\"clearfix\"><\/div><\/div><div class=\"poster poster-right normal   size-350\"><a class=\"poster-image mt-radius pull-left\" href=\"https:\/\/www.revistaalimara.net\/revista\/de-la-beneficencia-a-la-politica-social-dels-drets-socials-seixanta-anys-de-la-politica-social\/\"><div class=\"mt-post-image\" ><div class=\"mt-post-image-background\" style=\"background-image:url(https:\/\/www.revistaalimara.net\/revista\/wp-content\/uploads\/2023\/05\/Art1n67jpg-15x6.jpg);\"><\/div><img alt=\"De la benefic\u00e8ncia a la pol\u00edtica social dels drets socials: seixanta anys de la pol\u00edtica social\" class=\"lazy\" src=\"data:image\/gif;base64,R0lGODlhAQABAIAAAAAAAP\/\/\/yH5BAEAAAAALAAAAAABAAEAAAIBRAA7\" data-src=\"https:\/\/www.revistaalimara.net\/revista\/wp-content\/uploads\/2023\/05\/Art1n67jpg-550x229.jpg\" width=\"550\" height=\"550\" \/><\/div><span class=\"post-icon mt-theme-background\"><i class=\"ic-open open\"><\/i><\/span><div class=\"poster-info\"><div class=\"poster-cat\"><span class=\"mt-theme-text\">Acci\u00f3 comunit\u00e0ria i voluntariat<\/span><\/div><div class=\"poster-data color-silver-light\"><span class=\"poster-views\">1160 <span class=\"mt-data-text\">Visites<\/span><\/span><\/div><\/div><\/a><div class=\"poster-content\"><div class=\"poster-cat\"><span class=\"mt-theme-text\">Acci\u00f3 comunit\u00e0ria i voluntariat<\/span><\/div><div class=\"poster-data color-silver-light\"><span class=\"poster-views\">1160 <span class=\"mt-data-text\">Visites<\/span><\/span><\/div><a href=\"https:\/\/www.revistaalimara.net\/revista\/de-la-beneficencia-a-la-politica-social-dels-drets-socials-seixanta-anys-de-la-politica-social\/\"><h2>De la benefic\u00e8ncia a la pol\u00edtica social dels drets socials: seixanta anys de la pol\u00edtica social<\/h2><\/a><small class=\"mt-pl\"><strong class=\"mt-pl-a\">alimara<\/strong><span class=\"color-silver-light mt-ml\"> - <\/span><span class=\"color-silver-light mt-pl-d\">17 de maig de 2023<\/span><\/small><p>Paraules clau:&nbsp;benefic\u00e8ncia, serveis socials, professionalitzaci\u00f3, drets socials, din\u00e0mica social. Resum Des d'una perspectiva hist\u00f2rica, els serveis socials s\u00f3n el m\u00e9s jove dels sistemes de protecci\u00f3 social. A&hellip;<\/p><div class=\"hidden mt-readmore\"><a class=\"mt-readmore-url\" href=\"https:\/\/www.revistaalimara.net\/revista\/de-la-beneficencia-a-la-politica-social-dels-drets-socials-seixanta-anys-de-la-politica-social\/\">Veure article<\/a><\/div><\/div><div class=\"clearfix\"><\/div><\/div><\/div><div class=\"pagination\"><\/div><\/div><\/div><\/div><\/div><\/div>","protected":false},"excerpt":{"rendered":"","protected":false},"author":2,"featured_media":0,"parent":0,"menu_order":0,"comment_status":"closed","ping_status":"closed","template":"","meta":[],"_links":{"self":[{"href":"https:\/\/www.revistaalimara.net\/revista\/wp-json\/wp\/v2\/pages\/6561"}],"collection":[{"href":"https:\/\/www.revistaalimara.net\/revista\/wp-json\/wp\/v2\/pages"}],"about":[{"href":"https:\/\/www.revistaalimara.net\/revista\/wp-json\/wp\/v2\/types\/page"}],"author":[{"embeddable":true,"href":"https:\/\/www.revistaalimara.net\/revista\/wp-json\/wp\/v2\/users\/2"}],"replies":[{"embeddable":true,"href":"https:\/\/www.revistaalimara.net\/revista\/wp-json\/wp\/v2\/comments?post=6561"}],"version-history":[{"count":9,"href":"https:\/\/www.revistaalimara.net\/revista\/wp-json\/wp\/v2\/pages\/6561\/revisions"}],"predecessor-version":[{"id":6674,"href":"https:\/\/www.revistaalimara.net\/revista\/wp-json\/wp\/v2\/pages\/6561\/revisions\/6674"}],"wp:attachment":[{"href":"https:\/\/www.revistaalimara.net\/revista\/wp-json\/wp\/v2\/media?parent=6561"}],"curies":[{"name":"wp","href":"https:\/\/api.w.org\/{rel}","templated":true}]}}