{"id":6551,"date":"2023-05-17T09:39:12","date_gmt":"2023-05-17T08:39:12","guid":{"rendered":"https:\/\/www.revistaalimara.net\/revista\/?page_id=6551"},"modified":"2023-06-07T12:07:18","modified_gmt":"2023-06-07T11:07:18","slug":"epoca_6_67","status":"publish","type":"page","link":"https:\/\/www.revistaalimara.net\/revista\/epoca_6_67\/","title":{"rendered":"\u00c8poca_6_67"},"content":{"rendered":"<div id=\"pl-6551\"  class=\"panel-layout\" ><div id=\"pg-6551-0\"  class=\"panel-grid panel-no-style\" ><div id=\"pgc-6551-0-0\"  class=\"panel-grid-cell\" ><div id=\"panel-6551-0-0-0\" class=\"so-panel widget widget_sow-headline panel-first-child panel-last-child\" data-index=\"0\" ><div\n\t\t\t\n\t\t\tclass=\"so-widget-sow-headline so-widget-sow-headline-default-54d5f1ab2fc0-6551\"\n\t\t\t\n\t\t><div class=\"sow-headline-container \">\n\t<h1 class='sow-headline'>Articles<\/h1><h3 class='sow-sub-headline'>Descarregau els articles de la revista en format PDF<\/h3><\/div>\n<\/div><\/div><\/div><\/div><div id=\"pg-6551-1\"  class=\"panel-grid panel-no-style\" ><div id=\"pgc-6551-1-0\"  class=\"panel-grid-cell panel-grid-cell-empty\" ><\/div><\/div><div id=\"pg-6551-2\"  class=\"panel-grid panel-no-style\" ><div id=\"pgc-6551-2-0\"  class=\"panel-grid-cell\" ><div id=\"panel-6551-2-0-0\" class=\"so-panel widget widget_media_gallery panel-first-child panel-last-child\" data-index=\"1\" >\n\t\t<style type=\"text\/css\">\n\t\t\t#gallery-1 {\n\t\t\t\tmargin: auto;\n\t\t\t}\n\t\t\t#gallery-1 .gallery-item {\n\t\t\t\tfloat: left;\n\t\t\t\tmargin-top: 10px;\n\t\t\t\ttext-align: center;\n\t\t\t\twidth: 100%;\n\t\t\t}\n\t\t\t#gallery-1 img {\n\t\t\t\tborder: 2px solid #cfcfcf;\n\t\t\t}\n\t\t\t#gallery-1 .gallery-caption {\n\t\t\t\tmargin-left: 0;\n\t\t\t}\n\t\t\t\/* see gallery_shortcode() in wp-includes\/media.php *\/\n\t\t<\/style>\n\t\t<div id='gallery-1' class='gallery galleryid-6551 gallery-columns-1 gallery-size-medium'><dl class='gallery-item'>\n\t\t\t<dt class='gallery-icon portrait'>\n\t\t\t\t<img width=\"214\" height=\"300\" src=\"https:\/\/www.revistaalimara.net\/revista\/wp-content\/uploads\/2023\/05\/portada67-214x300.png\" class=\"attachment-medium size-medium\" alt=\"\" decoding=\"async\" loading=\"lazy\" srcset=\"https:\/\/www.revistaalimara.net\/revista\/wp-content\/uploads\/2023\/05\/portada67-214x300.png 214w, https:\/\/www.revistaalimara.net\/revista\/wp-content\/uploads\/2023\/05\/portada67-15x21.png 15w, https:\/\/www.revistaalimara.net\/revista\/wp-content\/uploads\/2023\/05\/portada67.png 304w\" sizes=\"(max-width: 214px) 100vw, 214px\" \/>\n\t\t\t<\/dt><\/dl><br style=\"clear: both\" \/>\n\t\t<\/div>\n<\/div><\/div><div id=\"pgc-6551-2-1\"  class=\"panel-grid-cell\" ><div id=\"panel-6551-2-1-0\" class=\"so-panel widget widget_sow-editor panel-first-child\" data-index=\"2\" ><div\n\t\t\t\n\t\t\tclass=\"so-widget-sow-editor so-widget-sow-editor-base\"\n\t\t\t\n\t\t>\n<div class=\"siteorigin-widget-tinymce textwidget\">\n\t<h6>Alimara. Maig 2023<\/h6>\n<h3>N\u00daMERO 67<\/h3>\n<\/div>\n<\/div><\/div><div id=\"panel-6551-2-1-1\" class=\"so-panel widget widget_sow-button\" data-index=\"3\" ><div\n\t\t\t\n\t\t\tclass=\"so-widget-sow-button so-widget-sow-button-atom-accbd2cd5c79-6551\"\n\t\t\t\n\t\t><div class=\"ow-button-base ow-button-align-center\">\n\t<a\n\thref=\"https:\/\/www.revistaalimara.net\/revista\/wp-content\/uploads\/2023\/06\/Alimara_67.pdf\"\n\t\tclass=\"download ow-icon-placement-left ow-button-hover\" \t>\n\t\t<span>\n\t\t\t<span class=\"sow-icon-fontawesome sow-far\" data-sow-icon=\"&#xf1c1;\"\n\t\tstyle=\"\" \n\t\taria-hidden=\"true\"><\/span>\n\t\t\tDescarregau la revista sencera en PDF\t\t<\/span>\n\t<\/a>\n<\/div>\n<\/div><\/div><div id=\"panel-6551-2-1-2\" class=\"so-panel widget widget_sow-editor panel-last-child\" data-index=\"4\" ><div\n\t\t\t\n\t\t\tclass=\"so-widget-sow-editor so-widget-sow-editor-base\"\n\t\t\t\n\t\t>\n<div class=\"siteorigin-widget-tinymce textwidget\">\n\t<p>&nbsp;<\/p>\n<p><span style=\"color: #009fe3;\"><strong>\u00cdndex<\/strong><\/span><\/p>\n<p><strong>HIST\u00d2RIA DELS SERVEIS SOCIALS<br \/>\n<\/strong><em><a href=\"https:\/\/www.revistaalimara.net\/revista\/wp-content\/uploads\/2023\/06\/Alimara_67_1_de-la-beneficiencia_a_la_politica_social.pdf\">De la benefic\u00e8ncia a la pol\u00edtica social dels drets socials: seixanta anys de la pol\u00edtica social<\/a><br \/>\n<\/em>Llu\u00eds Ballester Brage<\/p>\n<p><a href=\"https:\/\/www.revistaalimara.net\/revista\/wp-content\/uploads\/2023\/05\/Alimara_67_2_de_la_caritat_i_la_beneficiencia.pdf\"><em>De la caritat i la benefic\u00e8ncia a les pol\u00edtiques socials: marc hist\u00f2ric del cristianisme social a Mallorca (1945-2023)<\/em><\/a><br \/>\nPere Fullana Puigserver<\/p>\n<p><strong>ATENCI\u00d3 A LES PERSONES AMB DISCAPACITAT<br \/>\n<\/strong><em><a href=\"https:\/\/www.revistaalimara.net\/revista\/wp-content\/uploads\/2023\/05\/Alimara_67_3_accessibilitat_sexual.pdf\">L'accessibilitat sexual: una nova forma metodol\u00f2gica a l'atenci\u00f3 sexoafectiva de les persones amb discapacitat<\/a><br \/>\n<\/em>Iv\u00e1n Garc\u00eda Moreno<\/p>\n<p><strong>EXPERI\u00c8NCIES EN PRIMERA PERSONA<br \/>\n<\/strong><em><a href=\"https:\/\/www.revistaalimara.net\/revista\/wp-content\/uploads\/2023\/05\/Alimara_67_4_Estepa_Teatre.pdf\">L\u2019abra\u00e7ada del teatre: els set poders. Hist\u00f2ria d'Estepa, un bot del prosceni a la superaci\u00f3 personal i l'esperit de grup<\/a><br \/>\n<\/em>Manel I. Serrano Servera<\/p>\n<p>&nbsp;<\/p>\n<\/div>\n<\/div><\/div><\/div><\/div><div id=\"pg-6551-3\"  class=\"panel-grid panel-no-style\" ><div id=\"pgc-6551-3-0\"  class=\"panel-grid-cell\" ><div id=\"panel-6551-3-0-0\" class=\"so-panel widget widget_sow-headline panel-first-child panel-last-child\" data-index=\"5\" ><div\n\t\t\t\n\t\t\tclass=\"so-widget-sow-headline so-widget-sow-headline-default-ea0af4cf39ae-6551\"\n\t\t\t\n\t\t><div class=\"sow-headline-container \">\n\t\t\t\t\t\t<div class=\"decoration\">\n\t\t\t\t\t\t<div class=\"decoration-inside\"><\/div>\n\t\t\t\t\t<\/div>\n\t\t\t\t\t<\/div>\n<\/div><\/div><\/div><\/div><div id=\"pg-6551-4\"  class=\"panel-grid panel-no-style\" ><div id=\"pgc-6551-4-0\"  class=\"panel-grid-cell\" ><div id=\"panel-6551-4-0-0\" class=\"widget_text so-panel widget widget_custom_html panel-first-child panel-last-child\" data-index=\"6\" ><div class=\"textwidget custom-html-widget\"><div class=\"line\">\n\t\n<\/div><\/div><\/div><\/div><\/div><\/div>","protected":false},"excerpt":{"rendered":"<p>ArticlesDescarregau els articles de la revista en format PDF Alimara. Maig 2023 N\u00daMERO 67 Descarregau la revista sencera en PDF &nbsp; \u00cdndex HIST\u00d2RIA DELS SERVEIS SOCIALS De la benefic\u00e8ncia a la pol\u00edtica social dels drets socials: seixanta anys de la pol\u00edtica social Llu\u00eds Ballester Brage De la caritat i la benefic\u00e8ncia a les pol\u00edtiques socials: [&hellip;]<\/p>\n","protected":false},"author":2,"featured_media":0,"parent":0,"menu_order":0,"comment_status":"closed","ping_status":"closed","template":"","meta":[],"_links":{"self":[{"href":"https:\/\/www.revistaalimara.net\/revista\/wp-json\/wp\/v2\/pages\/6551"}],"collection":[{"href":"https:\/\/www.revistaalimara.net\/revista\/wp-json\/wp\/v2\/pages"}],"about":[{"href":"https:\/\/www.revistaalimara.net\/revista\/wp-json\/wp\/v2\/types\/page"}],"author":[{"embeddable":true,"href":"https:\/\/www.revistaalimara.net\/revista\/wp-json\/wp\/v2\/users\/2"}],"replies":[{"embeddable":true,"href":"https:\/\/www.revistaalimara.net\/revista\/wp-json\/wp\/v2\/comments?post=6551"}],"version-history":[{"count":14,"href":"https:\/\/www.revistaalimara.net\/revista\/wp-json\/wp\/v2\/pages\/6551\/revisions"}],"predecessor-version":[{"id":6672,"href":"https:\/\/www.revistaalimara.net\/revista\/wp-json\/wp\/v2\/pages\/6551\/revisions\/6672"}],"wp:attachment":[{"href":"https:\/\/www.revistaalimara.net\/revista\/wp-json\/wp\/v2\/media?parent=6551"}],"curies":[{"name":"wp","href":"https:\/\/api.w.org\/{rel}","templated":true}]}}