{"id":6322,"date":"2022-12-20T10:13:59","date_gmt":"2022-12-20T09:13:59","guid":{"rendered":"https:\/\/www.revistaalimara.net\/revista\/?page_id=6322"},"modified":"2023-01-12T07:14:09","modified_gmt":"2023-01-12T06:14:09","slug":"epoca_6_66","status":"publish","type":"page","link":"https:\/\/www.revistaalimara.net\/revista\/epoca_6_66\/","title":{"rendered":"\u00c8poca_6_66"},"content":{"rendered":"<div id=\"pl-6322\"  class=\"panel-layout\" ><div id=\"pg-6322-0\"  class=\"panel-grid panel-no-style\" ><div id=\"pgc-6322-0-0\"  class=\"panel-grid-cell\" ><div id=\"panel-6322-0-0-0\" class=\"so-panel widget widget_sow-headline panel-first-child panel-last-child\" data-index=\"0\" ><div\n\t\t\t\n\t\t\tclass=\"so-widget-sow-headline so-widget-sow-headline-default-54d5f1ab2fc0-6322\"\n\t\t\t\n\t\t><div class=\"sow-headline-container \">\n\t<h1 class='sow-headline'>Articles<\/h1><h3 class='sow-sub-headline'>Descarregau els articles de la revista en format PDF<\/h3><\/div>\n<\/div><\/div><\/div><\/div><div id=\"pg-6322-1\"  class=\"panel-grid panel-no-style\" ><div id=\"pgc-6322-1-0\"  class=\"panel-grid-cell panel-grid-cell-empty\" ><\/div><\/div><div id=\"pg-6322-2\"  class=\"panel-grid panel-no-style\" ><div id=\"pgc-6322-2-0\"  class=\"panel-grid-cell\" ><div id=\"panel-6322-2-0-0\" class=\"so-panel widget widget_media_gallery panel-first-child panel-last-child\" data-index=\"1\" >\n\t\t<style type=\"text\/css\">\n\t\t\t#gallery-1 {\n\t\t\t\tmargin: auto;\n\t\t\t}\n\t\t\t#gallery-1 .gallery-item {\n\t\t\t\tfloat: left;\n\t\t\t\tmargin-top: 10px;\n\t\t\t\ttext-align: center;\n\t\t\t\twidth: 100%;\n\t\t\t}\n\t\t\t#gallery-1 img {\n\t\t\t\tborder: 2px solid #cfcfcf;\n\t\t\t}\n\t\t\t#gallery-1 .gallery-caption {\n\t\t\t\tmargin-left: 0;\n\t\t\t}\n\t\t\t\/* see gallery_shortcode() in wp-includes\/media.php *\/\n\t\t<\/style>\n\t\t<div id='gallery-1' class='gallery galleryid-6322 gallery-columns-1 gallery-size-medium'><dl class='gallery-item'>\n\t\t\t<dt class='gallery-icon portrait'>\n\t\t\t\t<img width=\"213\" height=\"300\" src=\"https:\/\/www.revistaalimara.net\/revista\/wp-content\/uploads\/2022\/12\/Captura-de-pantalla-2022-12-16-a-les-8.18.34-213x300.png\" class=\"attachment-medium size-medium\" alt=\"\" decoding=\"async\" loading=\"lazy\" srcset=\"https:\/\/www.revistaalimara.net\/revista\/wp-content\/uploads\/2022\/12\/Captura-de-pantalla-2022-12-16-a-les-8.18.34-213x300.png 213w, https:\/\/www.revistaalimara.net\/revista\/wp-content\/uploads\/2022\/12\/Captura-de-pantalla-2022-12-16-a-les-8.18.34-369x520.png 369w, https:\/\/www.revistaalimara.net\/revista\/wp-content\/uploads\/2022\/12\/Captura-de-pantalla-2022-12-16-a-les-8.18.34-15x21.png 15w, https:\/\/www.revistaalimara.net\/revista\/wp-content\/uploads\/2022\/12\/Captura-de-pantalla-2022-12-16-a-les-8.18.34.png 387w\" sizes=\"(max-width: 213px) 100vw, 213px\" \/>\n\t\t\t<\/dt><\/dl><br style=\"clear: both\" \/>\n\t\t<\/div>\n<\/div><\/div><div id=\"pgc-6322-2-1\"  class=\"panel-grid-cell\" ><div id=\"panel-6322-2-1-0\" class=\"so-panel widget widget_sow-editor panel-first-child\" data-index=\"2\" ><div\n\t\t\t\n\t\t\tclass=\"so-widget-sow-editor so-widget-sow-editor-base\"\n\t\t\t\n\t\t>\n<div class=\"siteorigin-widget-tinymce textwidget\">\n\t<h6>Alimara. Desembre 2022<\/h6>\n<h3>N\u00daMERO 66<\/h3>\n<\/div>\n<\/div><\/div><div id=\"panel-6322-2-1-1\" class=\"so-panel widget widget_sow-button\" data-index=\"3\" ><div\n\t\t\t\n\t\t\tclass=\"so-widget-sow-button so-widget-sow-button-atom-accbd2cd5c79-6322\"\n\t\t\t\n\t\t><div class=\"ow-button-base ow-button-align-center\">\n\t<a\n\thref=\"https:\/\/www.revistaalimara.net\/revista\/wp-content\/uploads\/2023\/01\/Alimara_66.pdf\"\n\t\tclass=\"download ow-icon-placement-left ow-button-hover\" \t>\n\t\t<span>\n\t\t\t<span class=\"sow-icon-fontawesome sow-far\" data-sow-icon=\"&#xf1c1;\"\n\t\tstyle=\"\" \n\t\taria-hidden=\"true\"><\/span>\n\t\t\tDescarregau la revista sencera en PDF\t\t<\/span>\n\t<\/a>\n<\/div>\n<\/div><\/div><div id=\"panel-6322-2-1-2\" class=\"so-panel widget widget_sow-editor panel-last-child\" data-index=\"4\" ><div\n\t\t\t\n\t\t\tclass=\"so-widget-sow-editor so-widget-sow-editor-base\"\n\t\t\t\n\t\t>\n<div class=\"siteorigin-widget-tinymce textwidget\">\n\t<p>&nbsp;<\/p>\n<p><span style=\"color: #009fe3;\"><strong>\u00cdndex<\/strong><\/span><\/p>\n<p><strong>SERVEIS SOCIALS MUNICIPALS<br \/>\n<\/strong><em><a href=\"https:\/\/www.revistaalimara.net\/revista\/wp-content\/uploads\/2022\/12\/Alimara_66_1_assitencia_juridica.pdf\">L'assist\u00e8ncia jur\u00eddica en l'atenci\u00f3 social de les persones usu\u00e0ries dels serveis socials de l'Ajuntament de Marratx\u00ed<\/a><br \/>\n<\/em>Victor Cornell Comas, Jordi Alfonso Llim\u00f3s, Ant\u00f2nia Malagrava i Gloria Olmos Su\u00f1en<\/p>\n<p><strong>ATENCI\u00d3 A LES CONDUCTES ADDICTIVES<br \/>\n<\/strong><a href=\"https:\/\/www.revistaalimara.net\/revista\/wp-content\/uploads\/2022\/12\/Alimara_66_2_context_infraestructures_conducdes_addictives.pdf\"><em>Contexts i infraestructures en conductes addictives. Plans i recursos<\/em><\/a><br \/>\nAlbert Moratinos Jaume<\/p>\n<p><strong>ATENCI\u00d3 A LES PERSONES MENORS D'EDAT<br \/>\n<\/strong><em><a href=\"https:\/\/www.revistaalimara.net\/revista\/wp-content\/uploads\/2022\/12\/Alimara_66_3_identificacio_ESIA.pdf\">Com podem saber si \u00e9s v\u00edctima d'explotaci\u00f3 sexual? La import\u00e0ncia de la detecci\u00f3 del risc per a la prevenci\u00f3 de l\u2019explotaci\u00f3 sexual en la inf\u00e0ncia i adolesc\u00e8ncia<\/a><br \/>\n<\/em>Beatriz Benavente<\/p>\n<p><em><a href=\"https:\/\/www.revistaalimara.net\/revista\/wp-content\/uploads\/2022\/12\/Alimara_66_4_ciberdelictes_sexuals.pdf\">Usos i riscs als entorns virtuals a l'adolesc\u00e8ncia: els ciberdelictes sexuals<\/a><br \/>\n<\/em>Virginia Ferreiro Basurto<\/p>\n<p><strong>PREMIS I RECONEIXEMENTS<br \/>\n<\/strong><em><a href=\"https:\/\/www.revistaalimara.net\/revista\/wp-content\/uploads\/2023\/01\/Alimara_66_5_premis_innovacio.pdf\">Premis a la Innovaci\u00f3 Social del Consell de Mallorca 2022<\/a><br \/>\n<\/em>Andr\u00e9s Lopez Adarve<\/p>\n<p><strong>VIOL\u00c8NCIA MASCLISTA<br \/>\n<\/strong><em><a href=\"https:\/\/www.revistaalimara.net\/revista\/wp-content\/uploads\/2022\/12\/Alimara_66_6campanya_25n.pdf\">25N, Dia Internacional per a l'Eliminaci\u00f3 de la Viol\u00e8ncia Contra les Dones. Campanya 2022<\/a><br \/>\n<\/em>Comissi\u00f3 Activa d'Igualtat entre Dones i Homes, IMAS<\/p>\n<p>&nbsp;<\/p>\n<\/div>\n<\/div><\/div><\/div><\/div><div id=\"pg-6322-3\"  class=\"panel-grid panel-no-style\" ><div id=\"pgc-6322-3-0\"  class=\"panel-grid-cell\" ><div id=\"panel-6322-3-0-0\" class=\"so-panel widget widget_sow-headline panel-first-child panel-last-child\" data-index=\"5\" ><div\n\t\t\t\n\t\t\tclass=\"so-widget-sow-headline so-widget-sow-headline-default-ea0af4cf39ae-6322\"\n\t\t\t\n\t\t><div class=\"sow-headline-container \">\n\t\t\t\t\t\t<div class=\"decoration\">\n\t\t\t\t\t\t<div class=\"decoration-inside\"><\/div>\n\t\t\t\t\t<\/div>\n\t\t\t\t\t<\/div>\n<\/div><\/div><\/div><\/div><div id=\"pg-6322-4\"  class=\"panel-grid panel-no-style\" ><div id=\"pgc-6322-4-0\"  class=\"panel-grid-cell\" ><div id=\"panel-6322-4-0-0\" class=\"widget_text so-panel widget widget_custom_html panel-first-child panel-last-child\" data-index=\"6\" ><div class=\"textwidget custom-html-widget\"><div class=\"line\">\n\t\n<\/div><\/div><\/div><\/div><\/div><\/div>","protected":false},"excerpt":{"rendered":"<p>ArticlesDescarregau els articles de la revista en format PDF Alimara. Desembre 2022 N\u00daMERO 66 Descarregau la revista sencera en PDF &nbsp; \u00cdndex SERVEIS SOCIALS MUNICIPALS L&#8217;assist\u00e8ncia jur\u00eddica en l&#8217;atenci\u00f3 social de les persones usu\u00e0ries dels serveis socials de l&#8217;Ajuntament de Marratx\u00ed Victor Cornell Comas, Jordi Alfonso Llim\u00f3s, Ant\u00f2nia Malagrava i Gloria Olmos Su\u00f1en ATENCI\u00d3 A [&hellip;]<\/p>\n","protected":false},"author":2,"featured_media":0,"parent":0,"menu_order":0,"comment_status":"closed","ping_status":"closed","template":"","meta":[],"_links":{"self":[{"href":"https:\/\/www.revistaalimara.net\/revista\/wp-json\/wp\/v2\/pages\/6322"}],"collection":[{"href":"https:\/\/www.revistaalimara.net\/revista\/wp-json\/wp\/v2\/pages"}],"about":[{"href":"https:\/\/www.revistaalimara.net\/revista\/wp-json\/wp\/v2\/types\/page"}],"author":[{"embeddable":true,"href":"https:\/\/www.revistaalimara.net\/revista\/wp-json\/wp\/v2\/users\/2"}],"replies":[{"embeddable":true,"href":"https:\/\/www.revistaalimara.net\/revista\/wp-json\/wp\/v2\/comments?post=6322"}],"version-history":[{"count":13,"href":"https:\/\/www.revistaalimara.net\/revista\/wp-json\/wp\/v2\/pages\/6322\/revisions"}],"predecessor-version":[{"id":6466,"href":"https:\/\/www.revistaalimara.net\/revista\/wp-json\/wp\/v2\/pages\/6322\/revisions\/6466"}],"wp:attachment":[{"href":"https:\/\/www.revistaalimara.net\/revista\/wp-json\/wp\/v2\/media?parent=6322"}],"curies":[{"name":"wp","href":"https:\/\/api.w.org\/{rel}","templated":true}]}}