{"id":6225,"date":"2022-06-20T11:18:10","date_gmt":"2022-06-20T10:18:10","guid":{"rendered":"https:\/\/www.revistaalimara.net\/revista\/?page_id=6225"},"modified":"2022-06-20T11:19:36","modified_gmt":"2022-06-20T10:19:36","slug":"latencio-en-drogodependencies-la-municipalitat-i-el-tercer-sector-i-altres-ambits-dels-serveis-socials","status":"publish","type":"page","link":"https:\/\/www.revistaalimara.net\/revista\/latencio-en-drogodependencies-la-municipalitat-i-el-tercer-sector-i-altres-ambits-dels-serveis-socials\/","title":{"rendered":"L\u2019atenci\u00f3 en drogodepend\u00e8ncies, la municipalitat i el tercer sector, i altres \u00e0mbits dels serveis socials"},"content":{"rendered":"<div id=\"pl-6225\"  class=\"panel-layout\" ><div id=\"pg-6225-0\"  class=\"panel-grid panel-has-style\" ><div class=\"siteorigin-panels-stretch panel-row-style panel-row-style-for-6225-0\" data-stretch-type=\"full-stretched\" ><div id=\"pgc-6225-0-0\"  class=\"panel-grid-cell\" ><div id=\"panel-6225-0-0-0\" class=\"so-panel widget widget_sow-hero panel-first-child panel-last-child\" data-index=\"0\" ><div\n\t\t\t\n\t\t\tclass=\"so-widget-sow-hero so-widget-sow-hero-default-5e538039d24c-6225\"\n\t\t\t\n\t\t>\t\t\t\t<div class=\"sow-slider-base\" style=\"display: none\" tabindex=\"0\">\n\t\t\t\t\t<ul\n\t\t\t\t\tclass=\"sow-slider-images\"\n\t\t\t\t\tdata-settings=\"{&quot;pagination&quot;:true,&quot;speed&quot;:800,&quot;timeout&quot;:8000,&quot;paused&quot;:false,&quot;pause_on_hover&quot;:false,&quot;swipe&quot;:true,&quot;nav_always_show_desktop&quot;:&quot;&quot;,&quot;nav_always_show_mobile&quot;:&quot;&quot;,&quot;breakpoint&quot;:&quot;780px&quot;,&quot;unmute&quot;:false,&quot;anchor&quot;:null}\"\n\t\t\t\t\tstyle=\"min-height: 400px\"\t\t\t\t\tdata-anchor-id=\"\"\n\t\t\t\t>\t\t<li class=\"sow-slider-image  sow-slider-image-cover\" style=\"visibility: visible;;background-color: #333333\" >\n\t\t\t\t\t<div class=\"sow-slider-image-container\">\n\t\t\t<div class=\"sow-slider-image-wrapper\">\n\t\t\t\t<p style=\"text-align: center\">N\u00daMERO 62 | NOVEMBRE 2020<\/p>\n\n<h3 style=\"text-align: center\">L\u2019atenci\u00f3 en drogodepend\u00e8ncies, la municipalitat i el tercer sector, i altres \u00e0mbits dels serveis socials<\/h3>\t\t\t<\/div>\n\t\t<\/div>\n\t\t<div class=\"sow-slider-image-overlay sow-slider-image-cover\" style=\"opacity: 0.5;background-image: url(https:\/\/www.revistaalimara.net\/revista\/wp-content\/uploads\/2020\/11\/Foto-portada_2.jpg)\"  ><\/div>\t\t<\/li>\n\t\t<\/ul>\t\t\t\t<ol class=\"sow-slider-pagination\">\n\t\t\t\t\t\t\t\t\t\t\t<li><a href=\"#\" data-goto=\"0\" aria-label=\"display slide 1\"><\/a><\/li>\n\t\t\t\t\t\t\t\t\t<\/ol>\n\n\t\t\t\t<div class=\"sow-slide-nav sow-slide-nav-next\">\n\t\t\t\t\t<a href=\"#\" data-goto=\"next\" aria-label=\"next slide\" data-action=\"next\">\n\t\t\t\t\t\t<em class=\"sow-sld-icon-thin-right\"><\/em>\n\t\t\t\t\t<\/a>\n\t\t\t\t<\/div>\n\n\t\t\t\t<div class=\"sow-slide-nav sow-slide-nav-prev\">\n\t\t\t\t\t<a href=\"#\" data-goto=\"previous\" aria-label=\"previous slide\" data-action=\"prev\">\n\t\t\t\t\t\t<em class=\"sow-sld-icon-thin-left\"><\/em>\n\t\t\t\t\t<\/a>\n\t\t\t\t<\/div>\n\t\t\t\t<\/div><\/div><\/div><\/div><\/div><\/div><div id=\"pg-6225-1\"  class=\"panel-grid panel-has-style\" ><div class=\"panel-row-style panel-row-style-for-6225-1\" ><div id=\"pgc-6225-1-0\"  class=\"panel-grid-cell\" ><div id=\"panel-6225-1-0-0\" class=\"widget_text so-panel widget widget_custom_html panel-first-child\" data-index=\"1\" ><h3 class=\"widget-title\">Articles de la revista<\/h3><div class=\"textwidget custom-html-widget\"><\/div><\/div><div id=\"panel-6225-1-0-1\" class=\"so-panel widget widget_posts_widget panel-last-child\" data-index=\"2\" ><div><div class=\"poster poster-right normal   size-350\"><a class=\"poster-image mt-radius pull-left\" href=\"https:\/\/www.revistaalimara.net\/revista\/afeccio-cap-a-figures-parentals-i-la-seva-influencia-en-el-desenvolupament-de-conductes-addictives\/\"><div class=\"mt-post-image\" ><div class=\"mt-post-image-background\" style=\"background-image:url(https:\/\/www.revistaalimara.net\/revista\/wp-content\/uploads\/2020\/11\/Alimara_62_1.jpg);\"><\/div><img alt=\"Afecci\u00f3 cap a figures parentals i la seva influ\u00e8ncia en el desenvolupament de conductes addictives\" class=\"lazy\" src=\"data:image\/gif;base64,R0lGODlhAQABAIAAAAAAAP\/\/\/yH5BAEAAAAALAAAAAABAAEAAAIBRAA7\" data-src=\"https:\/\/www.revistaalimara.net\/revista\/wp-content\/uploads\/2020\/11\/Alimara_62_1.jpg\" width=\"550\" height=\"550\" \/><\/div><span class=\"post-icon mt-theme-background\"><i class=\"ic-open open\"><\/i><\/span><div class=\"poster-info\"><div class=\"poster-cat\"><span class=\"mt-theme-text\">Drogodepend\u00e8ncia i\/o altres addiccions<\/span><\/div><div class=\"poster-data color-silver-light\"><span class=\"poster-views\">1560 <span class=\"mt-data-text\">Visites<\/span><\/span><\/div><\/div><\/a><div class=\"poster-content\"><div class=\"poster-cat\"><span class=\"mt-theme-text\">Drogodepend\u00e8ncia i\/o altres addiccions<\/span><\/div><div class=\"poster-data color-silver-light\"><span class=\"poster-views\">1560 <span class=\"mt-data-text\">Visites<\/span><\/span><\/div><a href=\"https:\/\/www.revistaalimara.net\/revista\/afeccio-cap-a-figures-parentals-i-la-seva-influencia-en-el-desenvolupament-de-conductes-addictives\/\"><h2>Afecci\u00f3 cap a figures parentals i la seva influ\u00e8ncia en el desenvolupament de conductes addictives<\/h2><\/a><small class=\"mt-pl\"><strong class=\"mt-pl-a\">alimara<\/strong><span class=\"color-silver-light mt-ml\"> - <\/span><span class=\"color-silver-light mt-pl-d\">27 de novembre de 2020<\/span><\/small><p>Paraules clau: afecci\u00f3, conductes addictives, vincle familiar, alcohol. Resum L\u2019objectiu d\u2019aquest article \u00e9s abordar en profunditat la reflexi\u00f3 sobre la influ\u00e8ncia que la \u00absalut\u00bb de l\u2019afecci\u00f3 o&hellip;<\/p><div class=\"hidden mt-readmore\"><a class=\"mt-readmore-url\" href=\"https:\/\/www.revistaalimara.net\/revista\/afeccio-cap-a-figures-parentals-i-la-seva-influencia-en-el-desenvolupament-de-conductes-addictives\/\">Veure article<\/a><\/div><\/div><div class=\"clearfix\"><\/div><\/div><div class=\"poster poster-right normal   size-350\"><a class=\"poster-image mt-radius pull-left\" href=\"https:\/\/www.revistaalimara.net\/revista\/servei-marratxi-social\/\"><div class=\"mt-post-image\" ><div class=\"mt-post-image-background\" style=\"background-image:url(https:\/\/www.revistaalimara.net\/revista\/wp-content\/uploads\/2020\/11\/Alimara_62_3.jpg);\"><\/div><img alt=\"Servei Marratx\u00ed Social\" class=\"lazy\" src=\"data:image\/gif;base64,R0lGODlhAQABAIAAAAAAAP\/\/\/yH5BAEAAAAALAAAAAABAAEAAAIBRAA7\" data-src=\"https:\/\/www.revistaalimara.net\/revista\/wp-content\/uploads\/2020\/11\/Alimara_62_3.jpg\" width=\"550\" height=\"550\" \/><\/div><span class=\"post-icon mt-theme-background\"><i class=\"ic-open open\"><\/i><\/span><div class=\"poster-info\"><div class=\"poster-cat\"><span class=\"mt-theme-text\">Municipalitat<\/span><\/div><div class=\"poster-data color-silver-light\"><span class=\"poster-views\">961 <span class=\"mt-data-text\">Visites<\/span><\/span><\/div><\/div><\/a><div class=\"poster-content\"><div class=\"poster-cat\"><span class=\"mt-theme-text\">Municipalitat<\/span><\/div><div class=\"poster-data color-silver-light\"><span class=\"poster-views\">961 <span class=\"mt-data-text\">Visites<\/span><\/span><\/div><a href=\"https:\/\/www.revistaalimara.net\/revista\/servei-marratxi-social\/\"><h2>Servei Marratx\u00ed Social<\/h2><\/a><small class=\"mt-pl\"><strong class=\"mt-pl-a\">alimara<\/strong><span class=\"color-silver-light mt-ml\"> - <\/span><span class=\"color-silver-light mt-pl-d\">27 de novembre de 2020<\/span><\/small><p>Paraules clau:\u00a0Marratx\u00ed Social, educaci\u00f3 social, atenci\u00f3 comunit\u00e0ria, serveis socials, Estudi6. Resum Aquest article vol donar a con\u00e8ixer les iniciatives que han donat lloc a projectes que s\u2019han&hellip;<\/p><div class=\"hidden mt-readmore\"><a class=\"mt-readmore-url\" href=\"https:\/\/www.revistaalimara.net\/revista\/servei-marratxi-social\/\">Veure article<\/a><\/div><\/div><div class=\"clearfix\"><\/div><\/div><div class=\"poster poster-right normal   size-350\"><a class=\"poster-image mt-radius pull-left\" href=\"https:\/\/www.revistaalimara.net\/revista\/els-sistemes-dinformacio-geografica-en-el-tractament-estadistic-de-dades-dins-lambit-dels-serveis-socials-la-introduccio-de-la-variable-geografica-en-lestudi-de-li\/\"><div class=\"mt-post-image\" ><div class=\"mt-post-image-background\" style=\"background-image:url(https:\/\/www.revistaalimara.net\/revista\/wp-content\/uploads\/2020\/11\/IDRISI_GIS_Seasonal_Trends.jpg);\"><\/div><img alt=\"Els sistemes d\u2019informaci\u00f3 geogr\u00e0fica en el tractament estad\u00edstic de dades dins l\u2019\u00e0mbit dels serveis socials: la introducci\u00f3 de la variable geogr\u00e0fica en l\u2019estudi de l\u2019impacte territorial de les pol\u00edtiques  socials\" class=\"lazy\" src=\"data:image\/gif;base64,R0lGODlhAQABAIAAAAAAAP\/\/\/yH5BAEAAAAALAAAAAABAAEAAAIBRAA7\" data-src=\"https:\/\/www.revistaalimara.net\/revista\/wp-content\/uploads\/2020\/11\/IDRISI_GIS_Seasonal_Trends.jpg\" width=\"550\" height=\"550\" \/><\/div><span class=\"post-icon mt-theme-background\"><i class=\"ic-open open\"><\/i><\/span><div class=\"poster-info\"><div class=\"poster-cat\"><span class=\"mt-theme-text\">Metodologia<\/span><\/div><div class=\"poster-data color-silver-light\"><span class=\"poster-views\">864 <span class=\"mt-data-text\">Visites<\/span><\/span><\/div><\/div><\/a><div class=\"poster-content\"><div class=\"poster-cat\"><span class=\"mt-theme-text\">Metodologia<\/span><\/div><div class=\"poster-data color-silver-light\"><span class=\"poster-views\">864 <span class=\"mt-data-text\">Visites<\/span><\/span><\/div><a href=\"https:\/\/www.revistaalimara.net\/revista\/els-sistemes-dinformacio-geografica-en-el-tractament-estadistic-de-dades-dins-lambit-dels-serveis-socials-la-introduccio-de-la-variable-geografica-en-lestudi-de-li\/\"><h2>Els sistemes d\u2019informaci\u00f3 geogr\u00e0fica en el tractament estad\u00edstic de dades dins l\u2019\u00e0mbit dels serveis socials: la introducci\u00f3 de la variable geogr\u00e0fica en l\u2019estudi de l\u2019impacte territorial de les pol\u00edtiques  socials<\/h2><\/a><small class=\"mt-pl\"><strong class=\"mt-pl-a\">alimara<\/strong><span class=\"color-silver-light mt-ml\"> - <\/span><span class=\"color-silver-light mt-pl-d\">27 de novembre de 2020<\/span><\/small><p>Paraules clau:\u00a0SIG, an\u00e0lisi geogr\u00e0fica, an\u00e0lisi territorial, indicadors territorials, geografia Resum Els SIG s\u00f3n sistemes inform\u00e0tics basats en el tractament, emmagatzemament, estructuraci\u00f3, maneig i an\u00e0lisi de dades espacials,&hellip;<\/p><div class=\"hidden mt-readmore\"><a class=\"mt-readmore-url\" href=\"https:\/\/www.revistaalimara.net\/revista\/els-sistemes-dinformacio-geografica-en-el-tractament-estadistic-de-dades-dins-lambit-dels-serveis-socials-la-introduccio-de-la-variable-geografica-en-lestudi-de-li\/\">Veure article<\/a><\/div><\/div><div class=\"clearfix\"><\/div><\/div><div class=\"poster poster-right normal   size-350\"><a class=\"poster-image mt-radius pull-left\" href=\"https:\/\/www.revistaalimara.net\/revista\/servei-de-visites-familiars\/\"><div class=\"mt-post-image\" ><div class=\"mt-post-image-background\" style=\"background-image:url(https:\/\/www.revistaalimara.net\/revista\/wp-content\/uploads\/2020\/11\/family-family-posing-psychotherapy-father.jpg);\"><\/div><img alt=\"Servei de Visites Familiars\" class=\"lazy\" src=\"data:image\/gif;base64,R0lGODlhAQABAIAAAAAAAP\/\/\/yH5BAEAAAAALAAAAAABAAEAAAIBRAA7\" data-src=\"https:\/\/www.revistaalimara.net\/revista\/wp-content\/uploads\/2020\/11\/family-family-posing-psychotherapy-father.jpg\" width=\"550\" height=\"550\" \/><\/div><span class=\"post-icon mt-theme-background\"><i class=\"ic-open open\"><\/i><\/span><div class=\"poster-info\"><div class=\"poster-cat\"><span class=\"mt-theme-text\">Fam\u00edlies<\/span><\/div><div class=\"poster-data color-silver-light\"><span class=\"poster-views\">905 <span class=\"mt-data-text\">Visites<\/span><\/span><\/div><\/div><\/a><div class=\"poster-content\"><div class=\"poster-cat\"><span class=\"mt-theme-text\">Fam\u00edlies<\/span><\/div><div class=\"poster-data color-silver-light\"><span class=\"poster-views\">905 <span class=\"mt-data-text\">Visites<\/span><\/span><\/div><a href=\"https:\/\/www.revistaalimara.net\/revista\/servei-de-visites-familiars\/\"><h2>Servei de Visites Familiars<\/h2><\/a><small class=\"mt-pl\"><strong class=\"mt-pl-a\">alimara<\/strong><span class=\"color-silver-light mt-ml\"> - <\/span><span class=\"color-silver-light mt-pl-d\">27 de novembre de 2020<\/span><\/small><p>Paraules clau: visites familiars, atenci\u00f3 comunit\u00e0ria, serveis socials. Resum El Servei de Visites Familiars \u00e9s un espai privilegiat, un espai d\u2019observaci\u00f3 i d\u2019escolta, que dona elements per&hellip;<\/p><div class=\"hidden mt-readmore\"><a class=\"mt-readmore-url\" href=\"https:\/\/www.revistaalimara.net\/revista\/servei-de-visites-familiars\/\">Veure article<\/a><\/div><\/div><div class=\"clearfix\"><\/div><\/div><div class=\"poster poster-right normal   size-350\"><a class=\"poster-image mt-radius pull-left\" href=\"https:\/\/www.revistaalimara.net\/revista\/figues-ous-i-cartes-que-no-lliguen-esperant-lesperit-sant-per-iniciar-la-timba-latencio-a-les-drogodependencies-a-la-part-forana\/\"><div class=\"mt-post-image\" ><div class=\"mt-post-image-background\" style=\"background-image:url(https:\/\/www.revistaalimara.net\/revista\/wp-content\/uploads\/2019\/02\/03_IMATGE-WEB_rangga-cahya-nugraha-1223503-unsplash.jpg);\"><\/div><img alt=\"Figues, ous i cartes que no lliguen. Esperant l\u2019Esperit Sant per iniciar la timba. L\u2019atenci\u00f3 a les drogodepend\u00e8ncies a la part forana\" class=\"lazy\" src=\"data:image\/gif;base64,R0lGODlhAQABAIAAAAAAAP\/\/\/yH5BAEAAAAALAAAAAABAAEAAAIBRAA7\" data-src=\"https:\/\/www.revistaalimara.net\/revista\/wp-content\/uploads\/2019\/02\/03_IMATGE-WEB_rangga-cahya-nugraha-1223503-unsplash.jpg\" width=\"550\" height=\"550\" \/><\/div><span class=\"post-icon mt-theme-background\"><i class=\"ic-open open\"><\/i><\/span><div class=\"poster-info\"><div class=\"poster-cat\"><span class=\"mt-theme-text\">Drogodepend\u00e8ncia i\/o altres addiccions<\/span><\/div><div class=\"poster-data color-silver-light\"><span class=\"poster-views\">902 <span class=\"mt-data-text\">Visites<\/span><\/span><\/div><\/div><\/a><div class=\"poster-content\"><div class=\"poster-cat\"><span class=\"mt-theme-text\">Drogodepend\u00e8ncia i\/o altres addiccions<\/span><\/div><div class=\"poster-data color-silver-light\"><span class=\"poster-views\">902 <span class=\"mt-data-text\">Visites<\/span><\/span><\/div><a href=\"https:\/\/www.revistaalimara.net\/revista\/figues-ous-i-cartes-que-no-lliguen-esperant-lesperit-sant-per-iniciar-la-timba-latencio-a-les-drogodependencies-a-la-part-forana\/\"><h2>Figues, ous i cartes que no lliguen. Esperant l\u2019Esperit Sant per iniciar la timba. L\u2019atenci\u00f3 a les drogodepend\u00e8ncies a la part forana<\/h2><\/a><small class=\"mt-pl\"><strong class=\"mt-pl-a\">alimara<\/strong><span class=\"color-silver-light mt-ml\"> - <\/span><span class=\"color-silver-light mt-pl-d\">25 de novembre de 2020<\/span><\/small><p>Paraules clau: tractament de drogodepend\u00e8ncies, conductes addictives, processos relacionals, proc\u00e9s terap\u00e8utic. Resum Aquest article pret\u00e9n oferir una breu descripci\u00f3 de la Secci\u00f3 d\u2019Atenci\u00f3 a les Drogodepend\u00e8ncies, de&hellip;<\/p><div class=\"hidden mt-readmore\"><a class=\"mt-readmore-url\" href=\"https:\/\/www.revistaalimara.net\/revista\/figues-ous-i-cartes-que-no-lliguen-esperant-lesperit-sant-per-iniciar-la-timba-latencio-a-les-drogodependencies-a-la-part-forana\/\">Veure article<\/a><\/div><\/div><div class=\"clearfix\"><\/div><\/div><\/div><div class=\"pagination\"><\/div><\/div><\/div><\/div><\/div><\/div>","protected":false},"excerpt":{"rendered":"<p>Paraules clau: tractament de drogodepend\u00e8ncies, conductes addictives, processos relacionals, proc\u00e9s terap\u00e8utic. Resum Aquest article pret\u00e9n oferir una breu descripci\u00f3 de la Secci\u00f3 d\u2019Atenci\u00f3 a les Drogodepend\u00e8ncies, de la poblaci\u00f3 que at\u00e9n i a les seves particularitats, dels principis b\u00e0sics de la intervenci\u00f3, amb l\u2019objectiu de convidar a una reflexi\u00f3 per desmitificar certes creences entorn de [&hellip;]<\/p>\n","protected":false},"author":2,"featured_media":0,"parent":0,"menu_order":0,"comment_status":"closed","ping_status":"closed","template":"","meta":[],"_links":{"self":[{"href":"https:\/\/www.revistaalimara.net\/revista\/wp-json\/wp\/v2\/pages\/6225"}],"collection":[{"href":"https:\/\/www.revistaalimara.net\/revista\/wp-json\/wp\/v2\/pages"}],"about":[{"href":"https:\/\/www.revistaalimara.net\/revista\/wp-json\/wp\/v2\/types\/page"}],"author":[{"embeddable":true,"href":"https:\/\/www.revistaalimara.net\/revista\/wp-json\/wp\/v2\/users\/2"}],"replies":[{"embeddable":true,"href":"https:\/\/www.revistaalimara.net\/revista\/wp-json\/wp\/v2\/comments?post=6225"}],"version-history":[{"count":5,"href":"https:\/\/www.revistaalimara.net\/revista\/wp-json\/wp\/v2\/pages\/6225\/revisions"}],"predecessor-version":[{"id":6230,"href":"https:\/\/www.revistaalimara.net\/revista\/wp-json\/wp\/v2\/pages\/6225\/revisions\/6230"}],"wp:attachment":[{"href":"https:\/\/www.revistaalimara.net\/revista\/wp-json\/wp\/v2\/media?parent=6225"}],"curies":[{"name":"wp","href":"https:\/\/api.w.org\/{rel}","templated":true}]}}