{"id":6207,"date":"2022-06-20T11:03:08","date_gmt":"2022-06-20T10:03:08","guid":{"rendered":"https:\/\/www.revistaalimara.net\/revista\/?page_id=6207"},"modified":"2022-06-20T11:07:12","modified_gmt":"2022-06-20T10:07:12","slug":"el-model-de-latencio-integral-centrada-en-la-persona-en-dependencia-i-altres-experiencies-innovadores","status":"publish","type":"page","link":"https:\/\/www.revistaalimara.net\/revista\/el-model-de-latencio-integral-centrada-en-la-persona-en-dependencia-i-altres-experiencies-innovadores\/","title":{"rendered":"El model de capital social, les noves masculinitats, la realitat de la dona a pres\u00f3 i altres temes d&#8217;inter\u00e8s social"},"content":{"rendered":"<div id=\"pl-6207\"  class=\"panel-layout\" ><div id=\"pg-6207-0\"  class=\"panel-grid panel-has-style\" ><div class=\"siteorigin-panels-stretch panel-row-style panel-row-style-for-6207-0\" data-stretch-type=\"full-stretched\" ><div id=\"pgc-6207-0-0\"  class=\"panel-grid-cell\" ><div id=\"panel-6207-0-0-0\" class=\"so-panel widget widget_sow-hero panel-first-child panel-last-child\" data-index=\"0\" ><div\n\t\t\t\n\t\t\tclass=\"so-widget-sow-hero so-widget-sow-hero-default-5e538039d24c-6207\"\n\t\t\t\n\t\t>\t\t\t\t<div class=\"sow-slider-base\" style=\"display: none\" tabindex=\"0\">\n\t\t\t\t\t<ul\n\t\t\t\t\tclass=\"sow-slider-images\"\n\t\t\t\t\tdata-settings=\"{&quot;pagination&quot;:true,&quot;speed&quot;:800,&quot;timeout&quot;:8000,&quot;paused&quot;:false,&quot;pause_on_hover&quot;:false,&quot;swipe&quot;:true,&quot;nav_always_show_desktop&quot;:&quot;&quot;,&quot;nav_always_show_mobile&quot;:&quot;&quot;,&quot;breakpoint&quot;:&quot;780px&quot;,&quot;unmute&quot;:false,&quot;anchor&quot;:null}\"\n\t\t\t\t\tstyle=\"min-height: 400px\"\t\t\t\t\tdata-anchor-id=\"\"\n\t\t\t\t>\t\t<li class=\"sow-slider-image  sow-slider-image-cover\" style=\"visibility: visible;;background-color: #333333\" >\n\t\t\t\t\t<div class=\"sow-slider-image-container\">\n\t\t\t<div class=\"sow-slider-image-wrapper\">\n\t\t\t\t<p style=\"text-align: center\">N\u00daMERO 64 | NOVEMBRE 2021<\/p>\n\n<h3 style=\"text-align: center\">El model de capital social, les noves masculinitats, la realitat de la dona a pres\u00f3 i altres temes d'inter\u00e8s social<\/h3>\t\t\t<\/div>\n\t\t<\/div>\n\t\t<div class=\"sow-slider-image-overlay sow-slider-image-cover\" style=\"opacity: 0.5;background-image: url(https:\/\/www.revistaalimara.net\/revista\/wp-content\/uploads\/2021\/11\/portada-num-64-foto.jpeg)\"  ><\/div>\t\t<\/li>\n\t\t<\/ul>\t\t\t\t<ol class=\"sow-slider-pagination\">\n\t\t\t\t\t\t\t\t\t\t\t<li><a href=\"#\" data-goto=\"0\" aria-label=\"display slide 1\"><\/a><\/li>\n\t\t\t\t\t\t\t\t\t<\/ol>\n\n\t\t\t\t<div class=\"sow-slide-nav sow-slide-nav-next\">\n\t\t\t\t\t<a href=\"#\" data-goto=\"next\" aria-label=\"next slide\" data-action=\"next\">\n\t\t\t\t\t\t<em class=\"sow-sld-icon-thin-right\"><\/em>\n\t\t\t\t\t<\/a>\n\t\t\t\t<\/div>\n\n\t\t\t\t<div class=\"sow-slide-nav sow-slide-nav-prev\">\n\t\t\t\t\t<a href=\"#\" data-goto=\"previous\" aria-label=\"previous slide\" data-action=\"prev\">\n\t\t\t\t\t\t<em class=\"sow-sld-icon-thin-left\"><\/em>\n\t\t\t\t\t<\/a>\n\t\t\t\t<\/div>\n\t\t\t\t<\/div><\/div><\/div><\/div><\/div><\/div><div id=\"pg-6207-1\"  class=\"panel-grid panel-has-style\" ><div class=\"panel-row-style panel-row-style-for-6207-1\" ><div id=\"pgc-6207-1-0\"  class=\"panel-grid-cell\" ><div id=\"panel-6207-1-0-0\" class=\"widget_text so-panel widget widget_custom_html panel-first-child\" data-index=\"1\" ><h3 class=\"widget-title\">Articles de la revista<\/h3><div class=\"textwidget custom-html-widget\"><\/div><\/div><div id=\"panel-6207-1-0-1\" class=\"so-panel widget widget_posts_widget panel-last-child\" data-index=\"2\" ><div><div class=\"poster poster-right normal   size-350\"><a class=\"poster-image mt-radius pull-left\" href=\"https:\/\/www.revistaalimara.net\/revista\/reflexions-sobre-el-curs-de-formacio-acompanyament-conscient-al-final-de-la-vida\/\"><div class=\"mt-post-image\" ><div class=\"mt-post-image-background\" style=\"background-image:url(https:\/\/www.revistaalimara.net\/revista\/wp-content\/uploads\/2021\/12\/Capcalera4-15x11.png);\"><\/div><img alt=\"Reflexions sobre el curs de formaci\u00f3 \u00abAcompanyament conscient al final de la vida\u00bb\" class=\"lazy\" src=\"data:image\/gif;base64,R0lGODlhAQABAIAAAAAAAP\/\/\/yH5BAEAAAAALAAAAAABAAEAAAIBRAA7\" data-src=\"https:\/\/www.revistaalimara.net\/revista\/wp-content\/uploads\/2021\/12\/Capcalera4-550x398.png\" width=\"550\" height=\"550\" \/><\/div><span class=\"post-icon mt-theme-background\"><i class=\"ic-open open\"><\/i><\/span><div class=\"poster-info\"><div class=\"poster-cat\"><span class=\"mt-theme-text\">Acci\u00f3 comunit\u00e0ria i voluntariat<\/span><\/div><div class=\"poster-data color-silver-light\"><span class=\"poster-views\">2632 <span class=\"mt-data-text\">Visites<\/span><\/span><\/div><\/div><\/a><div class=\"poster-content\"><div class=\"poster-cat\"><span class=\"mt-theme-text\">Acci\u00f3 comunit\u00e0ria i voluntariat<\/span><\/div><div class=\"poster-data color-silver-light\"><span class=\"poster-views\">2632 <span class=\"mt-data-text\">Visites<\/span><\/span><\/div><a href=\"https:\/\/www.revistaalimara.net\/revista\/reflexions-sobre-el-curs-de-formacio-acompanyament-conscient-al-final-de-la-vida\/\"><h2>Reflexions sobre el curs de formaci\u00f3 \u00abAcompanyament conscient al final de la vida\u00bb<\/h2><\/a><small class=\"mt-pl\"><strong class=\"mt-pl-a\">alimara<\/strong><span class=\"color-silver-light mt-ml\"> - <\/span><span class=\"color-silver-light mt-pl-d\">26 de novembre de 2021<\/span><\/small><p>Paraules clau:&nbsp;acompanyament, mort, formaci\u00f3. Mar Garc\u00eda Rull\u00e1n Directora de l'Associaci\u00f3 Silo\u00e9 Carmen de Espa\u00f1a Fortuny Instructora Cos i Moviment Descarregaul'article en PDF La mort no \u00e9s la&hellip;<\/p><div class=\"hidden mt-readmore\"><a class=\"mt-readmore-url\" href=\"https:\/\/www.revistaalimara.net\/revista\/reflexions-sobre-el-curs-de-formacio-acompanyament-conscient-al-final-de-la-vida\/\">Veure article<\/a><\/div><\/div><div class=\"clearfix\"><\/div><\/div><div class=\"poster poster-right normal   size-350\"><a class=\"poster-image mt-radius pull-left\" href=\"https:\/\/www.revistaalimara.net\/revista\/el-tractament-de-les-drogodependencies-a-preso-analisis-de-la-problematica-de-la-dona-al-centre-penitenciari-de-mallorca\/\"><div class=\"mt-post-image\" ><div class=\"mt-post-image-background\" style=\"background-image:url(https:\/\/www.revistaalimara.net\/revista\/wp-content\/uploads\/2021\/12\/Capcalera3-15x11.png);\"><\/div><img alt=\"El tractament de les drogodepend\u00e8ncies a pres\u00f3: an\u00e0lisis de la problem\u00e0tica de la dona al Centre Penitenciari de Mallorca\" class=\"lazy\" src=\"data:image\/gif;base64,R0lGODlhAQABAIAAAAAAAP\/\/\/yH5BAEAAAAALAAAAAABAAEAAAIBRAA7\" data-src=\"https:\/\/www.revistaalimara.net\/revista\/wp-content\/uploads\/2021\/12\/Capcalera3.png\" width=\"550\" height=\"550\" \/><\/div><span class=\"post-icon mt-theme-background\"><i class=\"ic-open open\"><\/i><\/span><div class=\"poster-info\"><div class=\"poster-cat\"><span class=\"mt-theme-text\">Acci\u00f3 comunit\u00e0ria i voluntariat<\/span><\/div><div class=\"poster-data color-silver-light\"><span class=\"poster-views\">3437 <span class=\"mt-data-text\">Visites<\/span><\/span><\/div><\/div><\/a><div class=\"poster-content\"><div class=\"poster-cat\"><span class=\"mt-theme-text\">Acci\u00f3 comunit\u00e0ria i voluntariat<\/span><\/div><div class=\"poster-data color-silver-light\"><span class=\"poster-views\">3437 <span class=\"mt-data-text\">Visites<\/span><\/span><\/div><a href=\"https:\/\/www.revistaalimara.net\/revista\/el-tractament-de-les-drogodependencies-a-preso-analisis-de-la-problematica-de-la-dona-al-centre-penitenciari-de-mallorca\/\"><h2>El tractament de les drogodepend\u00e8ncies a pres\u00f3: an\u00e0lisis de la problem\u00e0tica de la dona al Centre Penitenciari de Mallorca<\/h2><\/a><small class=\"mt-pl\"><strong class=\"mt-pl-a\">alimara<\/strong><span class=\"color-silver-light mt-ml\"> - <\/span><span class=\"color-silver-light mt-pl-d\">26 de novembre de 2021<\/span><\/small><p>Paraules clau:&nbsp;dones, \u00e0mbit penitenciari, drogodepend\u00e8ncies, tractament. Resum Aquest article fa refer\u00e8ncia a la situaci\u00f3 actual de les dones amb problemes d\u2019addiccions internes en el Centre Penitenciari de&hellip;<\/p><div class=\"hidden mt-readmore\"><a class=\"mt-readmore-url\" href=\"https:\/\/www.revistaalimara.net\/revista\/el-tractament-de-les-drogodependencies-a-preso-analisis-de-la-problematica-de-la-dona-al-centre-penitenciari-de-mallorca\/\">Veure article<\/a><\/div><\/div><div class=\"clearfix\"><\/div><\/div><div class=\"poster poster-right normal   size-350\"><a class=\"poster-image mt-radius pull-left\" href=\"https:\/\/www.revistaalimara.net\/revista\/cap-a-unes-masculinitats-del-s-xxi-reflexions-consideracions-i-transits-per-a-assolir-unes-relacions-igualitaries-respectuoses-i-diverses\/\"><div class=\"mt-post-image\" ><div class=\"mt-post-image-background\" style=\"background-image:url(https:\/\/www.revistaalimara.net\/revista\/wp-content\/uploads\/2021\/12\/Capcalera2-15x12.png);\"><\/div><img alt=\"Cap a unes masculinitats del s. XXI: reflexions, consideracions i tr\u00e0nsits per a assolir unes relacions igualit\u00e0ries, respectuoses i diverses\" class=\"lazy\" src=\"data:image\/gif;base64,R0lGODlhAQABAIAAAAAAAP\/\/\/yH5BAEAAAAALAAAAAABAAEAAAIBRAA7\" data-src=\"https:\/\/www.revistaalimara.net\/revista\/wp-content\/uploads\/2021\/12\/Capcalera2-550x422.png\" width=\"550\" height=\"550\" \/><\/div><span class=\"post-icon mt-theme-background\"><i class=\"ic-open open\"><\/i><\/span><div class=\"poster-info\"><div class=\"poster-cat\"><span class=\"mt-theme-text\">Dona<\/span><\/div><div class=\"poster-data color-silver-light\"><span class=\"poster-views\">3206 <span class=\"mt-data-text\">Visites<\/span><\/span><\/div><\/div><\/a><div class=\"poster-content\"><div class=\"poster-cat\"><span class=\"mt-theme-text\">Dona<\/span><\/div><div class=\"poster-data color-silver-light\"><span class=\"poster-views\">3206 <span class=\"mt-data-text\">Visites<\/span><\/span><\/div><a href=\"https:\/\/www.revistaalimara.net\/revista\/cap-a-unes-masculinitats-del-s-xxi-reflexions-consideracions-i-transits-per-a-assolir-unes-relacions-igualitaries-respectuoses-i-diverses\/\"><h2>Cap a unes masculinitats del s. XXI: reflexions, consideracions i tr\u00e0nsits per a assolir unes relacions igualit\u00e0ries, respectuoses i diverses<\/h2><\/a><small class=\"mt-pl\"><strong class=\"mt-pl-a\">alimara<\/strong><span class=\"color-silver-light mt-ml\"> - <\/span><span class=\"color-silver-light mt-pl-d\">26 de novembre de 2021<\/span><\/small><p>Paraules clau:&nbsp;noves masculinitats, imaginari col\u00b7lectiu, neomasclisme, consci\u00e8ncia de g\u00e8nere i subjectivitats. Resum Aquest article pret\u00e9n indagar sobre un dels principals reptes sociol\u00f2gics i relacionals, que com a&hellip;<\/p><div class=\"hidden mt-readmore\"><a class=\"mt-readmore-url\" href=\"https:\/\/www.revistaalimara.net\/revista\/cap-a-unes-masculinitats-del-s-xxi-reflexions-consideracions-i-transits-per-a-assolir-unes-relacions-igualitaries-respectuoses-i-diverses\/\">Veure article<\/a><\/div><\/div><div class=\"clearfix\"><\/div><\/div><div class=\"poster poster-right normal   size-350\"><a class=\"poster-image mt-radius pull-left\" href=\"https:\/\/www.revistaalimara.net\/revista\/el-desenvolupament-del-capital-social-com-a-repte-del-treball-comunitari\/\"><div class=\"mt-post-image\" ><div class=\"mt-post-image-background\" style=\"background-image:url(https:\/\/www.revistaalimara.net\/revista\/wp-content\/uploads\/2021\/12\/Capcalera1-15x12.png);\"><\/div><img alt=\"El desenvolupament del capital social com a repte del treball comunitari\" class=\"lazy\" src=\"data:image\/gif;base64,R0lGODlhAQABAIAAAAAAAP\/\/\/yH5BAEAAAAALAAAAAABAAEAAAIBRAA7\" data-src=\"https:\/\/www.revistaalimara.net\/revista\/wp-content\/uploads\/2021\/12\/Capcalera1.png\" width=\"550\" height=\"550\" \/><\/div><span class=\"post-icon mt-theme-background\"><i class=\"ic-open open\"><\/i><\/span><div class=\"poster-info\"><div class=\"poster-cat\"><span class=\"mt-theme-text\">Metodologia<\/span><\/div><div class=\"poster-data color-silver-light\"><span class=\"poster-views\">3598 <span class=\"mt-data-text\">Visites<\/span><\/span><\/div><\/div><\/a><div class=\"poster-content\"><div class=\"poster-cat\"><span class=\"mt-theme-text\">Metodologia<\/span><\/div><div class=\"poster-data color-silver-light\"><span class=\"poster-views\">3598 <span class=\"mt-data-text\">Visites<\/span><\/span><\/div><a href=\"https:\/\/www.revistaalimara.net\/revista\/el-desenvolupament-del-capital-social-com-a-repte-del-treball-comunitari\/\"><h2>El desenvolupament del capital social com a repte del treball comunitari<\/h2><\/a><small class=\"mt-pl\"><strong class=\"mt-pl-a\">alimara<\/strong><span class=\"color-silver-light mt-ml\"> - <\/span><span class=\"color-silver-light mt-pl-d\">25 de novembre de 2021<\/span><\/small><p>Paraules clau:&nbsp;Capital social, estrat\u00e8gies, pr\u00e0ctiques socials, treball social, treball socioeducatiu. Resum En aquest article s'hi presenta una perspectiva te\u00f2rica que es considera clau, la del capital social.&hellip;<\/p><div class=\"hidden mt-readmore\"><a class=\"mt-readmore-url\" href=\"https:\/\/www.revistaalimara.net\/revista\/el-desenvolupament-del-capital-social-com-a-repte-del-treball-comunitari\/\">Veure article<\/a><\/div><\/div><div class=\"clearfix\"><\/div><\/div><\/div><div class=\"pagination\"><\/div><\/div><\/div><\/div><\/div><\/div>","protected":false},"excerpt":{"rendered":"","protected":false},"author":2,"featured_media":0,"parent":0,"menu_order":0,"comment_status":"closed","ping_status":"closed","template":"","meta":[],"_links":{"self":[{"href":"https:\/\/www.revistaalimara.net\/revista\/wp-json\/wp\/v2\/pages\/6207"}],"collection":[{"href":"https:\/\/www.revistaalimara.net\/revista\/wp-json\/wp\/v2\/pages"}],"about":[{"href":"https:\/\/www.revistaalimara.net\/revista\/wp-json\/wp\/v2\/types\/page"}],"author":[{"embeddable":true,"href":"https:\/\/www.revistaalimara.net\/revista\/wp-json\/wp\/v2\/users\/2"}],"replies":[{"embeddable":true,"href":"https:\/\/www.revistaalimara.net\/revista\/wp-json\/wp\/v2\/comments?post=6207"}],"version-history":[{"count":7,"href":"https:\/\/www.revistaalimara.net\/revista\/wp-json\/wp\/v2\/pages\/6207\/revisions"}],"predecessor-version":[{"id":6214,"href":"https:\/\/www.revistaalimara.net\/revista\/wp-json\/wp\/v2\/pages\/6207\/revisions\/6214"}],"wp:attachment":[{"href":"https:\/\/www.revistaalimara.net\/revista\/wp-json\/wp\/v2\/media?parent=6207"}],"curies":[{"name":"wp","href":"https:\/\/api.w.org\/{rel}","templated":true}]}}