{"id":6134,"date":"2022-06-20T07:00:50","date_gmt":"2022-06-20T06:00:50","guid":{"rendered":"https:\/\/www.revistaalimara.net\/revista\/?page_id=6134"},"modified":"2022-06-20T11:46:18","modified_gmt":"2022-06-20T10:46:18","slug":"epoca_6_65","status":"publish","type":"page","link":"https:\/\/www.revistaalimara.net\/revista\/epoca_6_65\/","title":{"rendered":"\u00c8poca_6_65"},"content":{"rendered":"<div id=\"pl-6134\"  class=\"panel-layout\" ><div id=\"pg-6134-0\"  class=\"panel-grid panel-no-style\" ><div id=\"pgc-6134-0-0\"  class=\"panel-grid-cell\" ><div id=\"panel-6134-0-0-0\" class=\"so-panel widget widget_sow-headline panel-first-child panel-last-child\" data-index=\"0\" ><div\n\t\t\t\n\t\t\tclass=\"so-widget-sow-headline so-widget-sow-headline-default-54d5f1ab2fc0-6134\"\n\t\t\t\n\t\t><div class=\"sow-headline-container \">\n\t<h1 class='sow-headline'>Articles<\/h1><h3 class='sow-sub-headline'>Descarregau els articles de la revista en format PDF<\/h3><\/div>\n<\/div><\/div><\/div><\/div><div id=\"pg-6134-1\"  class=\"panel-grid panel-no-style\" ><div id=\"pgc-6134-1-0\"  class=\"panel-grid-cell panel-grid-cell-empty\" ><\/div><\/div><div id=\"pg-6134-2\"  class=\"panel-grid panel-no-style\" ><div id=\"pgc-6134-2-0\"  class=\"panel-grid-cell\" ><div id=\"panel-6134-2-0-0\" class=\"so-panel widget widget_media_gallery panel-first-child panel-last-child\" data-index=\"1\" >\n\t\t<style type=\"text\/css\">\n\t\t\t#gallery-1 {\n\t\t\t\tmargin: auto;\n\t\t\t}\n\t\t\t#gallery-1 .gallery-item {\n\t\t\t\tfloat: left;\n\t\t\t\tmargin-top: 10px;\n\t\t\t\ttext-align: center;\n\t\t\t\twidth: 100%;\n\t\t\t}\n\t\t\t#gallery-1 img {\n\t\t\t\tborder: 2px solid #cfcfcf;\n\t\t\t}\n\t\t\t#gallery-1 .gallery-caption {\n\t\t\t\tmargin-left: 0;\n\t\t\t}\n\t\t\t\/* see gallery_shortcode() in wp-includes\/media.php *\/\n\t\t<\/style>\n\t\t<div id='gallery-1' class='gallery galleryid-6134 gallery-columns-1 gallery-size-full'><dl class='gallery-item'>\n\t\t\t<dt class='gallery-icon portrait'>\n\t\t\t\t<img width=\"452\" height=\"640\" src=\"https:\/\/www.revistaalimara.net\/revista\/wp-content\/uploads\/2022\/06\/portada_n_65.png\" class=\"attachment-full size-full\" alt=\"\" decoding=\"async\" loading=\"lazy\" srcset=\"https:\/\/www.revistaalimara.net\/revista\/wp-content\/uploads\/2022\/06\/portada_n_65.png 452w, https:\/\/www.revistaalimara.net\/revista\/wp-content\/uploads\/2022\/06\/portada_n_65-212x300.png 212w, https:\/\/www.revistaalimara.net\/revista\/wp-content\/uploads\/2022\/06\/portada_n_65-388x550.png 388w, https:\/\/www.revistaalimara.net\/revista\/wp-content\/uploads\/2022\/06\/portada_n_65-367x520.png 367w, https:\/\/www.revistaalimara.net\/revista\/wp-content\/uploads\/2022\/06\/portada_n_65-441x625.png 441w, https:\/\/www.revistaalimara.net\/revista\/wp-content\/uploads\/2022\/06\/portada_n_65-15x21.png 15w\" sizes=\"(max-width: 452px) 100vw, 452px\" \/>\n\t\t\t<\/dt><\/dl><br style=\"clear: both\" \/>\n\t\t<\/div>\n<\/div><\/div><div id=\"pgc-6134-2-1\"  class=\"panel-grid-cell\" ><div id=\"panel-6134-2-1-0\" class=\"so-panel widget widget_sow-editor panel-first-child\" data-index=\"2\" ><div\n\t\t\t\n\t\t\tclass=\"so-widget-sow-editor so-widget-sow-editor-base\"\n\t\t\t\n\t\t>\n<div class=\"siteorigin-widget-tinymce textwidget\">\n\t<h6>Alimara. Juny 2022<\/h6>\n<h3>N\u00daMERO 65<\/h3>\n<\/div>\n<\/div><\/div><div id=\"panel-6134-2-1-1\" class=\"so-panel widget widget_sow-button\" data-index=\"3\" ><div\n\t\t\t\n\t\t\tclass=\"so-widget-sow-button so-widget-sow-button-atom-accbd2cd5c79-6134\"\n\t\t\t\n\t\t><div class=\"ow-button-base ow-button-align-center\">\n\t<a\n\thref=\"https:\/\/www.revistaalimara.net\/revista\/wp-content\/uploads\/2022\/06\/Alimara_65-1.pdf\"\n\t\tclass=\"download ow-icon-placement-left ow-button-hover\" \t>\n\t\t<span>\n\t\t\t<span class=\"sow-icon-fontawesome sow-far\" data-sow-icon=\"&#xf1c1;\"\n\t\tstyle=\"\" \n\t\taria-hidden=\"true\"><\/span>\n\t\t\tDescarregau la revista sencera en PDF\t\t<\/span>\n\t<\/a>\n<\/div>\n<\/div><\/div><div id=\"panel-6134-2-1-2\" class=\"so-panel widget widget_sow-editor panel-last-child\" data-index=\"4\" ><div\n\t\t\t\n\t\t\tclass=\"so-widget-sow-editor so-widget-sow-editor-base\"\n\t\t\t\n\t\t>\n<div class=\"siteorigin-widget-tinymce textwidget\">\n\t<p>&nbsp;<\/p>\n<p><span style=\"color: #009fe3;\"><strong>\u00cdndex<\/strong><\/span><\/p>\n<p><strong>TREBALL SOCIAL COMUNITARI<br \/>\n<\/strong><em><a href=\"https:\/\/www.revistaalimara.net\/revista\/wp-content\/uploads\/2022\/06\/Alimara_65_1_recuperacio_rituals.pdf\">Recuperaci\u00f3 i activaci\u00f3 dels rituals socials per a la creaci\u00f3 de comunitat<\/a><br \/>\n<\/em>Llu\u00eds Ballester Brage<\/p>\n<p><strong>IGUALTAT I PERSPECTIVA DE G\u00c8NERE<br \/>\n<\/strong><a href=\"https:\/\/www.revistaalimara.net\/revista\/wp-content\/uploads\/2022\/06\/Alimara_65_2_GAP.pdf\"><em>La modalitat formativa del grup d\u2019aprenentatge (GAP) com a instrument per a l\u2019aplicaci\u00f3 de la perspectiva de g\u00e8nere a l\u2019administraci\u00f3 p\u00fablica<\/em><\/a><br \/>\nFrancesc Serra Buades, Francesca Moll Nadal<\/p>\n<p><strong>ATENCI\u00d3 A LES PERSONES MENORS D'EDAT<br \/>\n<\/strong><em><a href=\"https:\/\/www.revistaalimara.net\/revista\/wp-content\/uploads\/2022\/06\/Alimara_65_3_acolliment_menors.pdf\">Acollida, intervenci\u00f3 i regularitzaci\u00f3 documental de les persones menors d'edat migrants no acompanyades a Mallorca<\/a><br \/>\n<\/em>Alejandra Pons-Estel Riera<\/p>\n<p><strong>EXPERI\u00c8NCIES I BONES PR\u00c0CTIQUES<br \/>\n<\/strong><em><a href=\"https:\/\/www.revistaalimara.net\/revista\/wp-content\/uploads\/2022\/06\/Alimara_65_4_model_rehabilitacio_Bonanova.pdf\">El model de rehabilitaci\u00f3 de la resid\u00e8ncia Bonanova<\/a><br \/>\n<\/em>Olga Romero Beiro, Katia San Sebasti\u00e1n Fern\u00e1ndez<\/p>\n<p>&nbsp;<\/p>\n<\/div>\n<\/div><\/div><\/div><\/div><div id=\"pg-6134-3\"  class=\"panel-grid panel-no-style\" ><div id=\"pgc-6134-3-0\"  class=\"panel-grid-cell\" ><div id=\"panel-6134-3-0-0\" class=\"so-panel widget widget_sow-headline panel-first-child panel-last-child\" data-index=\"5\" ><div\n\t\t\t\n\t\t\tclass=\"so-widget-sow-headline so-widget-sow-headline-default-ea0af4cf39ae-6134\"\n\t\t\t\n\t\t><div class=\"sow-headline-container \">\n\t\t\t\t\t\t<div class=\"decoration\">\n\t\t\t\t\t\t<div class=\"decoration-inside\"><\/div>\n\t\t\t\t\t<\/div>\n\t\t\t\t\t<\/div>\n<\/div><\/div><\/div><\/div><div id=\"pg-6134-4\"  class=\"panel-grid panel-no-style\" ><div id=\"pgc-6134-4-0\"  class=\"panel-grid-cell\" ><div id=\"panel-6134-4-0-0\" class=\"widget_text so-panel widget widget_custom_html panel-first-child panel-last-child\" data-index=\"6\" ><div class=\"textwidget custom-html-widget\"><div class=\"line\">\n\t\n<\/div><\/div><\/div><\/div><\/div><\/div>","protected":false},"excerpt":{"rendered":"<p>ArticlesDescarregau els articles de la revista en format PDF Alimara. Juny 2022 N\u00daMERO 65 Descarregau la revista sencera en PDF &nbsp; \u00cdndex TREBALL SOCIAL COMUNITARI Recuperaci\u00f3 i activaci\u00f3 dels rituals socials per a la creaci\u00f3 de comunitat Llu\u00eds Ballester Brage IGUALTAT I PERSPECTIVA DE G\u00c8NERE La modalitat formativa del grup d\u2019aprenentatge (GAP) com a instrument [&hellip;]<\/p>\n","protected":false},"author":2,"featured_media":0,"parent":0,"menu_order":0,"comment_status":"closed","ping_status":"closed","template":"","meta":[],"_links":{"self":[{"href":"https:\/\/www.revistaalimara.net\/revista\/wp-json\/wp\/v2\/pages\/6134"}],"collection":[{"href":"https:\/\/www.revistaalimara.net\/revista\/wp-json\/wp\/v2\/pages"}],"about":[{"href":"https:\/\/www.revistaalimara.net\/revista\/wp-json\/wp\/v2\/types\/page"}],"author":[{"embeddable":true,"href":"https:\/\/www.revistaalimara.net\/revista\/wp-json\/wp\/v2\/users\/2"}],"replies":[{"embeddable":true,"href":"https:\/\/www.revistaalimara.net\/revista\/wp-json\/wp\/v2\/comments?post=6134"}],"version-history":[{"count":7,"href":"https:\/\/www.revistaalimara.net\/revista\/wp-json\/wp\/v2\/pages\/6134\/revisions"}],"predecessor-version":[{"id":6239,"href":"https:\/\/www.revistaalimara.net\/revista\/wp-json\/wp\/v2\/pages\/6134\/revisions\/6239"}],"wp:attachment":[{"href":"https:\/\/www.revistaalimara.net\/revista\/wp-json\/wp\/v2\/media?parent=6134"}],"curies":[{"name":"wp","href":"https:\/\/api.w.org\/{rel}","templated":true}]}}