{"id":6119,"date":"2022-06-17T11:54:35","date_gmt":"2022-06-17T10:54:35","guid":{"rendered":"https:\/\/www.revistaalimara.net\/revista\/?page_id=6119"},"modified":"2022-06-20T10:56:34","modified_gmt":"2022-06-20T09:56:34","slug":"numero-65","status":"publish","type":"page","link":"https:\/\/www.revistaalimara.net\/revista\/numero-65\/","title":{"rendered":"La recuperaci\u00f3 i activaci\u00f3 dels rituals socials, l\u2019experi\u00e8ncia dels GAP en la perspectiva de g\u00e8nere i el funcionament d\u2019alguns recursos de l\u2019IMAS"},"content":{"rendered":"<div id=\"pl-6119\"  class=\"panel-layout\" ><div id=\"pg-6119-0\"  class=\"panel-grid panel-has-style\" ><div class=\"siteorigin-panels-stretch panel-row-style panel-row-style-for-6119-0\" data-stretch-type=\"full-stretched\" ><div id=\"pgc-6119-0-0\"  class=\"panel-grid-cell\" ><div id=\"panel-6119-0-0-0\" class=\"so-panel widget widget_sow-hero panel-first-child panel-last-child\" data-index=\"0\" ><div\n\t\t\t\n\t\t\tclass=\"so-widget-sow-hero so-widget-sow-hero-default-5e538039d24c-6119\"\n\t\t\t\n\t\t>\t\t\t\t<div class=\"sow-slider-base\" style=\"display: none\" tabindex=\"0\">\n\t\t\t\t\t<ul\n\t\t\t\t\tclass=\"sow-slider-images\"\n\t\t\t\t\tdata-settings=\"{&quot;pagination&quot;:true,&quot;speed&quot;:800,&quot;timeout&quot;:8000,&quot;paused&quot;:false,&quot;pause_on_hover&quot;:false,&quot;swipe&quot;:true,&quot;nav_always_show_desktop&quot;:&quot;&quot;,&quot;nav_always_show_mobile&quot;:&quot;&quot;,&quot;breakpoint&quot;:&quot;780px&quot;,&quot;unmute&quot;:false,&quot;anchor&quot;:null}\"\n\t\t\t\t\tstyle=\"min-height: 400px\"\t\t\t\t\tdata-anchor-id=\"\"\n\t\t\t\t>\t\t<li class=\"sow-slider-image  sow-slider-image-cover\" style=\"visibility: visible;;background-color: #333333\" >\n\t\t\t\t\t<div class=\"sow-slider-image-container\">\n\t\t\t<div class=\"sow-slider-image-wrapper\">\n\t\t\t\t<p style=\"text-align: center\">N\u00daMERO 65 | JUNY 2022<\/p>\n\n<h3 style=\"text-align: center\">La recuperaci\u00f3 i activaci\u00f3 dels rituals socials, l\u2019experi\u00e8ncia dels GAP en la perspectiva de g\u00e8nere i el funcionament d\u2019alguns recursos de l\u2019IMAS<\/h3>\t\t\t<\/div>\n\t\t<\/div>\n\t\t<div class=\"sow-slider-image-overlay sow-slider-image-cover\" style=\"opacity: 0.5;background-image: url(https:\/\/www.revistaalimara.net\/revista\/wp-content\/uploads\/2022\/06\/Alimara_filferro1.png)\"  ><\/div>\t\t<\/li>\n\t\t<\/ul>\t\t\t\t<ol class=\"sow-slider-pagination\">\n\t\t\t\t\t\t\t\t\t\t\t<li><a href=\"#\" data-goto=\"0\" aria-label=\"display slide 1\"><\/a><\/li>\n\t\t\t\t\t\t\t\t\t<\/ol>\n\n\t\t\t\t<div class=\"sow-slide-nav sow-slide-nav-next\">\n\t\t\t\t\t<a href=\"#\" data-goto=\"next\" aria-label=\"next slide\" data-action=\"next\">\n\t\t\t\t\t\t<em class=\"sow-sld-icon-thin-right\"><\/em>\n\t\t\t\t\t<\/a>\n\t\t\t\t<\/div>\n\n\t\t\t\t<div class=\"sow-slide-nav sow-slide-nav-prev\">\n\t\t\t\t\t<a href=\"#\" data-goto=\"previous\" aria-label=\"previous slide\" data-action=\"prev\">\n\t\t\t\t\t\t<em class=\"sow-sld-icon-thin-left\"><\/em>\n\t\t\t\t\t<\/a>\n\t\t\t\t<\/div>\n\t\t\t\t<\/div><\/div><\/div><\/div><\/div><\/div><div id=\"pg-6119-1\"  class=\"panel-grid panel-has-style\" ><div class=\"panel-row-style panel-row-style-for-6119-1\" ><div id=\"pgc-6119-1-0\"  class=\"panel-grid-cell\" ><div id=\"panel-6119-1-0-0\" class=\"widget_text so-panel widget widget_custom_html panel-first-child\" data-index=\"1\" ><h3 class=\"widget-title\">Articles de la revista<\/h3><div class=\"textwidget custom-html-widget\"><\/div><\/div><div id=\"panel-6119-1-0-1\" class=\"so-panel widget widget_posts_widget panel-last-child\" data-index=\"2\" ><div><div class=\"poster poster-right normal   size-350\"><a class=\"poster-image mt-radius pull-left\" href=\"https:\/\/www.revistaalimara.net\/revista\/acollida-intervencio-i-regularitzacio-documental-de-les-persones-menors-dedat-migrants-no-acompanyades-a-mallorca\/\"><div class=\"mt-post-image\" ><div class=\"mt-post-image-background\" style=\"background-image:url(https:\/\/www.revistaalimara.net\/revista\/wp-content\/uploads\/2022\/06\/art3-15x20.png);\"><\/div><img alt=\"Acollida, intervenci\u00f3 i regularitzaci\u00f3 documental de les persones menors d&#8217;edat migrants no acompanyades a Mallorca\" class=\"lazy\" src=\"data:image\/gif;base64,R0lGODlhAQABAIAAAAAAAP\/\/\/yH5BAEAAAAALAAAAAABAAEAAAIBRAA7\" data-src=\"https:\/\/www.revistaalimara.net\/revista\/wp-content\/uploads\/2022\/06\/art3-413x550.png\" width=\"550\" height=\"550\" \/><\/div><span class=\"post-icon mt-theme-background\"><i class=\"ic-open open\"><\/i><\/span><div class=\"poster-info\"><div class=\"poster-cat\"><span class=\"mt-theme-text\">Acolliments i adopcions<\/span><\/div><div class=\"poster-data color-silver-light\"><span class=\"poster-views\">3401 <span class=\"mt-data-text\">Visites<\/span><\/span><\/div><\/div><\/a><div class=\"poster-content\"><div class=\"poster-cat\"><span class=\"mt-theme-text\">Acolliments i adopcions<\/span><\/div><div class=\"poster-data color-silver-light\"><span class=\"poster-views\">3401 <span class=\"mt-data-text\">Visites<\/span><\/span><\/div><a href=\"https:\/\/www.revistaalimara.net\/revista\/acollida-intervencio-i-regularitzacio-documental-de-les-persones-menors-dedat-migrants-no-acompanyades-a-mallorca\/\"><h2>Acollida, intervenci\u00f3 i regularitzaci\u00f3 documental de les persones menors d&#8217;edat migrants no acompanyades a Mallorca<\/h2><\/a><small class=\"mt-pl\"><strong class=\"mt-pl-a\">alimara<\/strong><span class=\"color-silver-light mt-ml\"> - <\/span><span class=\"color-silver-light mt-pl-d\">17 de juny de 2022<\/span><\/small><p>Paraules clau:&nbsp;NNAMNA, menors, acollida, immigraci\u00f3 Resum L\u2019arribada de persones menors d\u2019edat migrants no acompanyades (NNAMNA) a la nostra illa ha suposat un repte per al Servei d\u2019Inf\u00e0ncia&hellip;<\/p><div class=\"hidden mt-readmore\"><a class=\"mt-readmore-url\" href=\"https:\/\/www.revistaalimara.net\/revista\/acollida-intervencio-i-regularitzacio-documental-de-les-persones-menors-dedat-migrants-no-acompanyades-a-mallorca\/\">Veure article<\/a><\/div><\/div><div class=\"clearfix\"><\/div><\/div><div class=\"poster poster-right normal   size-350\"><a class=\"poster-image mt-radius pull-left\" href=\"https:\/\/www.revistaalimara.net\/revista\/la-modalitat-formativa-del-grup-daprenentatge-gap-com-a-instrument-per-a-laplicacio-de-la-perspectiva-de-genere-a-ladministracio-publica\/\"><div class=\"mt-post-image\" ><div class=\"mt-post-image-background\" style=\"background-image:url(https:\/\/www.revistaalimara.net\/revista\/wp-content\/uploads\/2022\/06\/art2-15x20.png);\"><\/div><img alt=\"La modalitat formativa del grup d\u2019aprenentatge (GAP) com a instrument per a l\u2019aplicaci\u00f3 de la perspectiva de g\u00e8nere a l\u2019administraci\u00f3 p\u00fablica\" class=\"lazy\" src=\"data:image\/gif;base64,R0lGODlhAQABAIAAAAAAAP\/\/\/yH5BAEAAAAALAAAAAABAAEAAAIBRAA7\" data-src=\"https:\/\/www.revistaalimara.net\/revista\/wp-content\/uploads\/2022\/06\/art2-413x550.png\" width=\"550\" height=\"550\" \/><\/div><span class=\"post-icon mt-theme-background\"><i class=\"ic-open open\"><\/i><\/span><div class=\"poster-info\"><div class=\"poster-cat\"><span class=\"mt-theme-text\">Administraci\u00f3 p\u00fablica<\/span><\/div><div class=\"poster-data color-silver-light\"><span class=\"poster-views\">2889 <span class=\"mt-data-text\">Visites<\/span><\/span><\/div><\/div><\/a><div class=\"poster-content\"><div class=\"poster-cat\"><span class=\"mt-theme-text\">Administraci\u00f3 p\u00fablica<\/span><\/div><div class=\"poster-data color-silver-light\"><span class=\"poster-views\">2889 <span class=\"mt-data-text\">Visites<\/span><\/span><\/div><a href=\"https:\/\/www.revistaalimara.net\/revista\/la-modalitat-formativa-del-grup-daprenentatge-gap-com-a-instrument-per-a-laplicacio-de-la-perspectiva-de-genere-a-ladministracio-publica\/\"><h2>La modalitat formativa del grup d\u2019aprenentatge (GAP) com a instrument per a l\u2019aplicaci\u00f3 de la perspectiva de g\u00e8nere a l\u2019administraci\u00f3 p\u00fablica<\/h2><\/a><small class=\"mt-pl\"><strong class=\"mt-pl-a\">alimara<\/strong><span class=\"color-silver-light mt-ml\"> - <\/span><span class=\"color-silver-light mt-pl-d\">17 de juny de 2022<\/span><\/small><p>Paraules clau:&nbsp;metodologies, formaci\u00f3, grups d\u2019aprenentatge, perspectiva de g\u00e8nere, igualtat, administraci\u00f3 p\u00fablica Resum La introducci\u00f3 i l\u2019explicaci\u00f3 dels trets principals del Pla de Formaci\u00f3 Cont\u00ednua i del Pla&hellip;<\/p><div class=\"hidden mt-readmore\"><a class=\"mt-readmore-url\" href=\"https:\/\/www.revistaalimara.net\/revista\/la-modalitat-formativa-del-grup-daprenentatge-gap-com-a-instrument-per-a-laplicacio-de-la-perspectiva-de-genere-a-ladministracio-publica\/\">Veure article<\/a><\/div><\/div><div class=\"clearfix\"><\/div><\/div><div class=\"poster poster-right normal   size-350\"><a class=\"poster-image mt-radius pull-left\" href=\"https:\/\/www.revistaalimara.net\/revista\/el-model-de-rehabilitacio-de-la-residencia-bonanova\/\"><div class=\"mt-post-image\" ><div class=\"mt-post-image-background\" style=\"background-image:url(https:\/\/www.revistaalimara.net\/revista\/wp-content\/uploads\/2022\/06\/art4-15x20.png);\"><\/div><img alt=\"El model de rehabilitaci\u00f3 de la resid\u00e8ncia Bonanova\" class=\"lazy\" src=\"data:image\/gif;base64,R0lGODlhAQABAIAAAAAAAP\/\/\/yH5BAEAAAAALAAAAAABAAEAAAIBRAA7\" data-src=\"https:\/\/www.revistaalimara.net\/revista\/wp-content\/uploads\/2022\/06\/art4-413x550.png\" width=\"550\" height=\"550\" \/><\/div><span class=\"post-icon mt-theme-background\"><i class=\"ic-open open\"><\/i><\/span><div class=\"poster-info\"><div class=\"poster-cat\"><span class=\"mt-theme-text\">Depend\u00e8ncia<\/span><\/div><div class=\"poster-data color-silver-light\"><span class=\"poster-views\">1438 <span class=\"mt-data-text\">Visites<\/span><\/span><\/div><\/div><\/a><div class=\"poster-content\"><div class=\"poster-cat\"><span class=\"mt-theme-text\">Depend\u00e8ncia<\/span><\/div><div class=\"poster-data color-silver-light\"><span class=\"poster-views\">1438 <span class=\"mt-data-text\">Visites<\/span><\/span><\/div><a href=\"https:\/\/www.revistaalimara.net\/revista\/el-model-de-rehabilitacio-de-la-residencia-bonanova\/\"><h2>El model de rehabilitaci\u00f3 de la resid\u00e8ncia Bonanova<\/h2><\/a><small class=\"mt-pl\"><strong class=\"mt-pl-a\">alimara<\/strong><span class=\"color-silver-light mt-ml\"> - <\/span><span class=\"color-silver-light mt-pl-d\">17 de juny de 2022<\/span><\/small><p>Paraules clau:&nbsp;rehabilitaci\u00f3, models, gent gran, resid\u00e8ncies Resum Mitjan\u00e7ant un treball complementari, fisioterapeutes i terapeutes ocupacionals s'uneixen per desenvolupar una tasca de millora de la qualitat de vida,&hellip;<\/p><div class=\"hidden mt-readmore\"><a class=\"mt-readmore-url\" href=\"https:\/\/www.revistaalimara.net\/revista\/el-model-de-rehabilitacio-de-la-residencia-bonanova\/\">Veure article<\/a><\/div><\/div><div class=\"clearfix\"><\/div><\/div><div class=\"poster poster-right normal   size-350\"><a class=\"poster-image mt-radius pull-left\" href=\"https:\/\/www.revistaalimara.net\/revista\/recuperacio-i-activacio-dels-rituals-socials-per-a-la-creacio-de-comunitat\/\"><div class=\"mt-post-image\" ><div class=\"mt-post-image-background\" style=\"background-image:url(https:\/\/www.revistaalimara.net\/revista\/wp-content\/uploads\/2022\/06\/art1-15x20.png);\"><\/div><img alt=\"Recuperaci\u00f3 i activaci\u00f3 dels rituals socials per a la creaci\u00f3 de comunitat\" class=\"lazy\" src=\"data:image\/gif;base64,R0lGODlhAQABAIAAAAAAAP\/\/\/yH5BAEAAAAALAAAAAABAAEAAAIBRAA7\" data-src=\"https:\/\/www.revistaalimara.net\/revista\/wp-content\/uploads\/2022\/06\/art1-413x550.png\" width=\"550\" height=\"550\" \/><\/div><span class=\"post-icon mt-theme-background\"><i class=\"ic-open open\"><\/i><\/span><div class=\"poster-info\"><div class=\"poster-cat\"><span class=\"mt-theme-text\">Educaci\u00f3 social<\/span><\/div><div class=\"poster-data color-silver-light\"><span class=\"poster-views\">3426 <span class=\"mt-data-text\">Visites<\/span><\/span><\/div><\/div><\/a><div class=\"poster-content\"><div class=\"poster-cat\"><span class=\"mt-theme-text\">Educaci\u00f3 social<\/span><\/div><div class=\"poster-data color-silver-light\"><span class=\"poster-views\">3426 <span class=\"mt-data-text\">Visites<\/span><\/span><\/div><a href=\"https:\/\/www.revistaalimara.net\/revista\/recuperacio-i-activacio-dels-rituals-socials-per-a-la-creacio-de-comunitat\/\"><h2>Recuperaci\u00f3 i activaci\u00f3 dels rituals socials per a la creaci\u00f3 de comunitat<\/h2><\/a><small class=\"mt-pl\"><strong class=\"mt-pl-a\">alimara<\/strong><span class=\"color-silver-light mt-ml\"> - <\/span><span class=\"color-silver-light mt-pl-d\">17 de juny de 2022<\/span><\/small><p>Paraules clau:&nbsp;rituals, rituals d\u2019interacci\u00f3, continguts i efectes dels rituals, crisi i regeneraci\u00f3 dels rituals. Resum Els rituals assumeixen un paper fonamental en el manteniment i el refor\u00e7&hellip;<\/p><div class=\"hidden mt-readmore\"><a class=\"mt-readmore-url\" href=\"https:\/\/www.revistaalimara.net\/revista\/recuperacio-i-activacio-dels-rituals-socials-per-a-la-creacio-de-comunitat\/\">Veure article<\/a><\/div><\/div><div class=\"clearfix\"><\/div><\/div><\/div><div class=\"pagination\"><\/div><\/div><\/div><\/div><\/div><\/div>","protected":false},"excerpt":{"rendered":"","protected":false},"author":2,"featured_media":0,"parent":0,"menu_order":0,"comment_status":"closed","ping_status":"closed","template":"","meta":[],"_links":{"self":[{"href":"https:\/\/www.revistaalimara.net\/revista\/wp-json\/wp\/v2\/pages\/6119"}],"collection":[{"href":"https:\/\/www.revistaalimara.net\/revista\/wp-json\/wp\/v2\/pages"}],"about":[{"href":"https:\/\/www.revistaalimara.net\/revista\/wp-json\/wp\/v2\/types\/page"}],"author":[{"embeddable":true,"href":"https:\/\/www.revistaalimara.net\/revista\/wp-json\/wp\/v2\/users\/2"}],"replies":[{"embeddable":true,"href":"https:\/\/www.revistaalimara.net\/revista\/wp-json\/wp\/v2\/comments?post=6119"}],"version-history":[{"count":17,"href":"https:\/\/www.revistaalimara.net\/revista\/wp-json\/wp\/v2\/pages\/6119\/revisions"}],"predecessor-version":[{"id":6202,"href":"https:\/\/www.revistaalimara.net\/revista\/wp-json\/wp\/v2\/pages\/6119\/revisions\/6202"}],"wp:attachment":[{"href":"https:\/\/www.revistaalimara.net\/revista\/wp-json\/wp\/v2\/media?parent=6119"}],"curies":[{"name":"wp","href":"https:\/\/api.w.org\/{rel}","templated":true}]}}