{"id":5955,"date":"2021-11-30T09:12:14","date_gmt":"2021-11-30T08:12:14","guid":{"rendered":"https:\/\/www.revistaalimara.net\/revista\/?page_id=5955"},"modified":"2021-12-09T11:25:51","modified_gmt":"2021-12-09T10:25:51","slug":"epoca_6_64","status":"publish","type":"page","link":"https:\/\/www.revistaalimara.net\/revista\/epoca_6_64\/","title":{"rendered":"\u00c8poca_6_64"},"content":{"rendered":"<div id=\"pl-5955\"  class=\"panel-layout\" ><div id=\"pg-5955-0\"  class=\"panel-grid panel-no-style\" ><div id=\"pgc-5955-0-0\"  class=\"panel-grid-cell\" ><div id=\"panel-5955-0-0-0\" class=\"so-panel widget widget_sow-headline panel-first-child panel-last-child\" data-index=\"0\" ><div\n\t\t\t\n\t\t\tclass=\"so-widget-sow-headline so-widget-sow-headline-default-54d5f1ab2fc0-5955\"\n\t\t\t\n\t\t><div class=\"sow-headline-container \">\n\t<h1 class='sow-headline'>Articles<\/h1><h3 class='sow-sub-headline'>Descarregau els articles de la revista en format PDF<\/h3><\/div>\n<\/div><\/div><\/div><\/div><div id=\"pg-5955-1\"  class=\"panel-grid panel-no-style\" ><div id=\"pgc-5955-1-0\"  class=\"panel-grid-cell panel-grid-cell-empty\" ><\/div><\/div><div id=\"pg-5955-2\"  class=\"panel-grid panel-no-style\" ><div id=\"pgc-5955-2-0\"  class=\"panel-grid-cell\" ><div id=\"panel-5955-2-0-0\" class=\"so-panel widget widget_media_gallery panel-first-child panel-last-child\" data-index=\"1\" >\n\t\t<style type=\"text\/css\">\n\t\t\t#gallery-1 {\n\t\t\t\tmargin: auto;\n\t\t\t}\n\t\t\t#gallery-1 .gallery-item {\n\t\t\t\tfloat: left;\n\t\t\t\tmargin-top: 10px;\n\t\t\t\ttext-align: center;\n\t\t\t\twidth: 100%;\n\t\t\t}\n\t\t\t#gallery-1 img {\n\t\t\t\tborder: 2px solid #cfcfcf;\n\t\t\t}\n\t\t\t#gallery-1 .gallery-caption {\n\t\t\t\tmargin-left: 0;\n\t\t\t}\n\t\t\t\/* see gallery_shortcode() in wp-includes\/media.php *\/\n\t\t<\/style>\n\t\t<div id='gallery-1' class='gallery galleryid-5955 gallery-columns-1 gallery-size-full'><dl class='gallery-item'>\n\t\t\t<dt class='gallery-icon portrait'>\n\t\t\t\t<img width=\"499\" height=\"705\" src=\"https:\/\/www.revistaalimara.net\/revista\/wp-content\/uploads\/2021\/12\/Portada_64.png\" class=\"attachment-full size-full\" alt=\"\" decoding=\"async\" loading=\"lazy\" srcset=\"https:\/\/www.revistaalimara.net\/revista\/wp-content\/uploads\/2021\/12\/Portada_64.png 499w, https:\/\/www.revistaalimara.net\/revista\/wp-content\/uploads\/2021\/12\/Portada_64-212x300.png 212w, https:\/\/www.revistaalimara.net\/revista\/wp-content\/uploads\/2021\/12\/Portada_64-389x550.png 389w, https:\/\/www.revistaalimara.net\/revista\/wp-content\/uploads\/2021\/12\/Portada_64-368x520.png 368w, https:\/\/www.revistaalimara.net\/revista\/wp-content\/uploads\/2021\/12\/Portada_64-442x625.png 442w, https:\/\/www.revistaalimara.net\/revista\/wp-content\/uploads\/2021\/12\/Portada_64-15x21.png 15w\" sizes=\"(max-width: 499px) 100vw, 499px\" \/>\n\t\t\t<\/dt><\/dl><br style=\"clear: both\" \/>\n\t\t<\/div>\n<\/div><\/div><div id=\"pgc-5955-2-1\"  class=\"panel-grid-cell\" ><div id=\"panel-5955-2-1-0\" class=\"so-panel widget widget_sow-editor panel-first-child\" data-index=\"2\" ><div\n\t\t\t\n\t\t\tclass=\"so-widget-sow-editor so-widget-sow-editor-base\"\n\t\t\t\n\t\t>\n<div class=\"siteorigin-widget-tinymce textwidget\">\n\t<h6>Alimara. Desembre 2021<\/h6>\n<h3>N\u00daMERO 64<\/h3>\n<\/div>\n<\/div><\/div><div id=\"panel-5955-2-1-1\" class=\"so-panel widget widget_sow-button\" data-index=\"3\" ><div\n\t\t\t\n\t\t\tclass=\"so-widget-sow-button so-widget-sow-button-atom-accbd2cd5c79-5955\"\n\t\t\t\n\t\t><div class=\"ow-button-base ow-button-align-center\">\n\t<a\n\thref=\"https:\/\/www.revistaalimara.net\/revista\/wp-content\/uploads\/2021\/12\/Alimara_64.pdf\"\n\t\tclass=\"download ow-icon-placement-left ow-button-hover\" \t>\n\t\t<span>\n\t\t\t<span class=\"sow-icon-fontawesome sow-far\" data-sow-icon=\"&#xf1c1;\"\n\t\tstyle=\"\" \n\t\taria-hidden=\"true\"><\/span>\n\t\t\tDescarregau la revista sencera en PDF\t\t<\/span>\n\t<\/a>\n<\/div>\n<\/div><\/div><div id=\"panel-5955-2-1-2\" class=\"so-panel widget widget_sow-editor panel-last-child\" data-index=\"4\" ><div\n\t\t\t\n\t\t\tclass=\"so-widget-sow-editor so-widget-sow-editor-base\"\n\t\t\t\n\t\t>\n<div class=\"siteorigin-widget-tinymce textwidget\">\n\t<p>&nbsp;<\/p>\n<p><span style=\"color: #009fe3;\"><strong>\u00cdndex<\/strong><\/span><\/p>\n<p><strong>CAPITAL SOCIAL I TREBALL COMUNITARI<br \/>\n<\/strong><\/p>\n<p><em><a href=\"https:\/\/www.revistaalimara.net\/revista\/wp-content\/uploads\/2021\/12\/Alimara_64_1_capital_social.pdf\">El desenvolupament del capital social com a repte del treball comunitari<\/a><br \/>\n<\/em>Llu\u00eds Ballester Brage,\u00a0Albert Cabellos Vidal i\u00a0Bel\u00e9n Pascual Barrio<\/p>\n<p><strong>IGUALTAT I PERSPECTIVA DE G\u00c8NERE<\/strong><\/p>\n<p><em><a href=\"https:\/\/www.revistaalimara.net\/revista\/wp-content\/uploads\/2021\/12\/Alimara_64_2_masculinitats.pdf\">Cap a unes masculinitats del s. XXI: reflexions, consideracions i tr\u00e0nsits per a assolir unes relacions igualit\u00e0ries, respectuoses i diverses<\/a><\/em><br \/>\nMiquel Far Ferrer<\/p>\n<p>&nbsp;<\/p>\n<p><strong>ATENCI\u00d3 A LES CONDUCTES ADDICTIVES<br \/>\n<\/strong><\/p>\n<p><em><a href=\"https:\/\/www.revistaalimara.net\/revista\/wp-content\/uploads\/2021\/12\/Alimara_64_3_drogodependencies_preso.pdf\">El tractament de les drogodepend\u00e8ncies a pres\u00f3: an\u00e0lisis de la problem\u00e0tica de la dona al Centre Penitenciari de Mallorca<\/a><br \/>\n<\/em>Alejandra Pons-Estel Riera<\/p>\n<p>&nbsp;<\/p>\n<p><strong>EXPERI\u00c8NCIES I BONES PR\u00c0CTIQUES<br \/>\n<\/strong><\/p>\n<p><em><a href=\"https:\/\/www.revistaalimara.net\/revista\/wp-content\/uploads\/2021\/12\/Alimara_64_4_acompanyament_mort.pdf\">Reflexions sobre el curs de formaci\u00f3 \u00abAcompanyament conscient al final de la vida\u00bb<\/a><br \/>\n<\/em>Mar Garc\u00eda Rull\u00e1n i Carmen de Espa\u00f1a Fortuny<\/p>\n<p>&nbsp;<\/p>\n<\/div>\n<\/div><\/div><\/div><\/div><div id=\"pg-5955-3\"  class=\"panel-grid panel-no-style\" ><div id=\"pgc-5955-3-0\"  class=\"panel-grid-cell\" ><div id=\"panel-5955-3-0-0\" class=\"so-panel widget widget_sow-headline panel-first-child panel-last-child\" data-index=\"5\" ><div\n\t\t\t\n\t\t\tclass=\"so-widget-sow-headline so-widget-sow-headline-default-ea0af4cf39ae-5955\"\n\t\t\t\n\t\t><div class=\"sow-headline-container \">\n\t\t\t\t\t\t<div class=\"decoration\">\n\t\t\t\t\t\t<div class=\"decoration-inside\"><\/div>\n\t\t\t\t\t<\/div>\n\t\t\t\t\t<\/div>\n<\/div><\/div><\/div><\/div><div id=\"pg-5955-4\"  class=\"panel-grid panel-no-style\" ><div id=\"pgc-5955-4-0\"  class=\"panel-grid-cell\" ><div id=\"panel-5955-4-0-0\" class=\"widget_text so-panel widget widget_custom_html panel-first-child panel-last-child\" data-index=\"6\" ><div class=\"textwidget custom-html-widget\"><div class=\"line\">\n\t\n<\/div><\/div><\/div><\/div><\/div><\/div>","protected":false},"excerpt":{"rendered":"<p>ArticlesDescarregau els articles de la revista en format PDF Alimara. Desembre 2021 N\u00daMERO 64 Descarregau la revista sencera en PDF &nbsp; \u00cdndex CAPITAL SOCIAL I TREBALL COMUNITARI El desenvolupament del capital social com a repte del treball comunitari Llu\u00eds Ballester Brage,\u00a0Albert Cabellos Vidal i\u00a0Bel\u00e9n Pascual Barrio IGUALTAT I PERSPECTIVA DE G\u00c8NERE Cap a unes masculinitats [&hellip;]<\/p>\n","protected":false},"author":2,"featured_media":0,"parent":0,"menu_order":0,"comment_status":"closed","ping_status":"closed","template":"","meta":[],"_links":{"self":[{"href":"https:\/\/www.revistaalimara.net\/revista\/wp-json\/wp\/v2\/pages\/5955"}],"collection":[{"href":"https:\/\/www.revistaalimara.net\/revista\/wp-json\/wp\/v2\/pages"}],"about":[{"href":"https:\/\/www.revistaalimara.net\/revista\/wp-json\/wp\/v2\/types\/page"}],"author":[{"embeddable":true,"href":"https:\/\/www.revistaalimara.net\/revista\/wp-json\/wp\/v2\/users\/2"}],"replies":[{"embeddable":true,"href":"https:\/\/www.revistaalimara.net\/revista\/wp-json\/wp\/v2\/comments?post=5955"}],"version-history":[{"count":15,"href":"https:\/\/www.revistaalimara.net\/revista\/wp-json\/wp\/v2\/pages\/5955\/revisions"}],"predecessor-version":[{"id":6019,"href":"https:\/\/www.revistaalimara.net\/revista\/wp-json\/wp\/v2\/pages\/5955\/revisions\/6019"}],"wp:attachment":[{"href":"https:\/\/www.revistaalimara.net\/revista\/wp-json\/wp\/v2\/media?parent=5955"}],"curies":[{"name":"wp","href":"https:\/\/api.w.org\/{rel}","templated":true}]}}