{"id":5793,"date":"2021-10-21T09:34:34","date_gmt":"2021-10-21T08:34:34","guid":{"rendered":"https:\/\/www.revistaalimara.net\/revista\/?page_id=5793"},"modified":"2021-11-30T09:22:59","modified_gmt":"2021-11-30T08:22:59","slug":"multimedia","status":"publish","type":"page","link":"https:\/\/www.revistaalimara.net\/revista\/multimedia\/","title":{"rendered":"Multim\u00e8dia"},"content":{"rendered":"<div id=\"pl-gb5793-69f8417a759c3\"  class=\"panel-layout\" ><div id=\"pg-gb5793-69f8417a759c3-0\"  class=\"panel-grid panel-no-style\" ><div id=\"pgc-gb5793-69f8417a759c3-0-0\"  class=\"panel-grid-cell\" ><div id=\"panel-gb5793-69f8417a759c3-0-0-0\" class=\"so-panel widget widget_sow-editor panel-first-child\" data-index=\"0\" ><div\n\t\t\t\n\t\t\tclass=\"so-widget-sow-editor so-widget-sow-editor-base\"\n\t\t\t\n\t\t>\n<div class=\"siteorigin-widget-tinymce textwidget\">\n\t<h2><strong>Genolls nafrats, un documental sobre la poesia d&#8217;Alda Merini<\/strong><\/h2>\n<\/div>\n<\/div><\/div><div id=\"panel-gb5793-69f8417a759c3-0-0-1\" class=\"widget_text so-panel widget widget_custom_html panel-last-child\" data-index=\"1\" ><div class=\"textwidget custom-html-widget\"><div class=\"delimitador\">\n<div class=\"contenedor\">\n<iframe src=\"https:\/\/drive.google.com\/file\/d\/1mTeknChAXfmSJXXBccRDfnRNFw4TWeqX\/preview\" allow=\"autoplay\"><\/iframe>\n<\/div>\n<\/div>\n<\/div><\/div><\/div><\/div><div id=\"pg-gb5793-69f8417a759c3-1\"  class=\"panel-grid panel-no-style\" ><div id=\"pgc-gb5793-69f8417a759c3-1-0\"  class=\"panel-grid-cell\" ><div id=\"panel-gb5793-69f8417a759c3-1-0-0\" class=\"widget_text so-panel widget widget_custom_html panel-first-child panel-last-child\" data-index=\"2\" ><div class=\"textwidget custom-html-widget\"><hr> <\/div><\/div><\/div><\/div><div id=\"pg-gb5793-69f8417a759c3-2\"  class=\"panel-grid panel-no-style\" ><div id=\"pgc-gb5793-69f8417a759c3-2-0\"  class=\"panel-grid-cell\" ><div id=\"panel-gb5793-69f8417a759c3-2-0-0\" class=\"so-panel widget widget_sow-editor panel-first-child panel-last-child\" data-index=\"3\" ><div\n\t\t\t\n\t\t\tclass=\"so-widget-sow-editor so-widget-sow-editor-base\"\n\t\t\t\n\t\t>\n<div class=\"siteorigin-widget-tinymce textwidget\">\n\t<blockquote>\n<p>Els poemes m\u00e9s bells s&#8217;escriuen sobre les pedres<br \/>\namb els genolls nafrats<br \/>\ni les ments esmolades de misteri.<\/p>\n<p>Els poemes m\u00e9s bells s&#8217;escriuen<br \/>\ndavant d&#8217;un altar buit, assetjats per escarcellers<br \/>\nde la divina follia.<\/p>\n<\/blockquote>\n<h6 style=\"padding-left: 560px; text-align: left;\">Alda Merini<\/h6>\n<\/div>\n<\/div><\/div><\/div><div id=\"pgc-gb5793-69f8417a759c3-2-1\"  class=\"panel-grid-cell\" ><div id=\"panel-gb5793-69f8417a759c3-2-1-0\" class=\"so-panel widget widget_sow-editor panel-first-child panel-last-child\" data-index=\"4\" ><div\n\t\t\t\n\t\t\tclass=\"so-widget-sow-editor so-widget-sow-editor-base\"\n\t\t\t\n\t\t>\n<div class=\"siteorigin-widget-tinymce textwidget\">\n\t<p><a href=\"https:\/\/www.revistaalimara.net\/revista\/multimedia\/genolls\/\" rel=\"attachment wp-att-5796\"><img decoding=\"async\" loading=\"lazy\" class=\"aligncenter wp-image-5796 size-medium\" src=\"https:\/\/www.revistaalimara.net\/revista\/wp-content\/uploads\/2021\/10\/genolls-222x300.png\" alt=\"Cartell de Genolls nafrats\" width=\"222\" height=\"300\" srcset=\"https:\/\/www.revistaalimara.net\/revista\/wp-content\/uploads\/2021\/10\/genolls-222x300.png 222w, https:\/\/www.revistaalimara.net\/revista\/wp-content\/uploads\/2021\/10\/genolls-407x550.png 407w, https:\/\/www.revistaalimara.net\/revista\/wp-content\/uploads\/2021\/10\/genolls-384x520.png 384w, https:\/\/www.revistaalimara.net\/revista\/wp-content\/uploads\/2021\/10\/genolls-462x625.png 462w, https:\/\/www.revistaalimara.net\/revista\/wp-content\/uploads\/2021\/10\/genolls-15x20.png 15w, https:\/\/www.revistaalimara.net\/revista\/wp-content\/uploads\/2021\/10\/genolls.png 567w\" sizes=\"(max-width: 222px) 100vw, 222px\" \/><\/a><\/p>\n<\/div>\n<\/div><\/div><\/div><\/div><div id=\"pg-gb5793-69f8417a759c3-3\"  class=\"panel-grid panel-no-style\" ><div id=\"pgc-gb5793-69f8417a759c3-3-0\"  class=\"panel-grid-cell\" ><div id=\"panel-gb5793-69f8417a759c3-3-0-0\" class=\"so-panel widget widget_sow-editor panel-first-child panel-last-child\" data-index=\"5\" ><div\n\t\t\t\n\t\t\tclass=\"so-widget-sow-editor so-widget-sow-editor-base\"\n\t\t\t\n\t\t>\n<div class=\"siteorigin-widget-tinymce textwidget\">\n\t<p>Alda Merini (1931-2009) va ser una poeta, pensadora i escriptora italiana que va crear gran part de la seva obra en un hospital psiqui\u00e0tric de la postguerra italiana, on la va tancar el seu marit. Ha estat proposada diverses vegades per al premi Nobel de literatura i \u00e9s considerada una de les principals veus po\u00e8tiques del Noveccento itali\u00e0. Va ser una escriptora preco\u00e7, que amb nom\u00e9s deu anys guany\u00e0 el seu primer premi de poesia i de qui, amb vint-i-tres, el genial director de cinema Pier Paolo Pasolini va exaltar la genialitat, posant-la al costat de Dino Campana i Rilke. La seva vida i obra anaren sempre aparellades a un cert desequilibri mental.<\/p>\n<p>En la seva obra, defensa i dona veu als col\u00b7lectius d&#8217;exclosos. Ella mateixa va viure volunt\u00e0riament en condicions d&#8217;indig\u00e8ncia els \u00faltims anys de la seva vida, en algunes \u00e8poques alimentada en menjadors de serveis socials.<\/p>\n<p>L&#8217;objectiu d&#8217;aquest documental \u00e9s endinsar-nos en la vida po\u00e8tica d&#8217;Alda Merini a trav\u00e9s dels poemes en catal\u00e0 tradu\u00efts per les poetesses Nora Albert i Meritxell Cucarella Jorba amb els quals transportarem a l&#8217;espectador cap a un m\u00f3n totalment nou, on plaer i patiment s&#8217;uneixen per crear els poemes m\u00e9s bells. Una pe\u00e7a audiovisual que enalteix la figura de Merini com a dona i escriptora, un viatge a l&#8217;interior d&#8217;una de les ments m\u00e9s interessants i colpidores dels darrers temps.<\/p>\n<p><strong>Com va comen\u00e7ar tot<\/strong><\/p>\n<p>Vaig emprendre aquest projecte el dia que arribaren a les meves mans, per casualitat, dos llibres d&#8217;Alda Merini tradu\u00efts al catal\u00e0 per Meritxell Cucurella Jorba i Nora Albert: <em>Cl\u00ednica de l&#8217;aband\u00f3<\/em> i <em>Terra Santa<\/em>. Des del primer moment, em vaig sentir atrapada i totalment captivada pels versos i per la dif\u00edcil per\u00f2 alhora intensa vida de Merini. Com heu vist o veureu al documental, Alda Merini no ho va tenir gens f\u00e0cil: durant molts anys va patir infinitat d&#8217;abusos de tota classe, viol\u00e8ncia masclista, entrades i sortides al psiqui\u00e0tric, indifer\u00e8ncia, etc. Per tot aix\u00f2 i molt m\u00e9s, vaig voler retre-li un homenatge i d&#8217;aqu\u00ed sorg\u00ed la idea de fer el que m\u00e9s m&#8217;agrada: explicar hist\u00f2ries.<\/p>\n<p>\u00c9s curi\u00f3s, perqu\u00e8 en un principi volia fer un biopic sobre la seva vida, per\u00f2 a poc a poc vaig adonar-me que el documental cobrava una altra dimensi\u00f3: el paper que juga la salut mental i la condici\u00f3 de malalta en el proc\u00e9s creatiu, en aquest cas d&#8217;Alda Merini. A partir d&#8217;aqu\u00ed, la meva mirada va passar de projectar-se a un personatge d&#8217;alta cultura (encara que tengui una obra molt popular) i d&#8217;un pa\u00eds lluny\u00e0 del nostre (encara que Mallorca podria ser Sic\u00edlia o Sardenya) a aterrar als problemes quotidians de persones d&#8217;aqu\u00ed devora que pateixen algun problema relacionat amb la salut mental. I aqu\u00ed aparegu\u00e9 na Pilar Ponce, de 3 de Salut Mental, que em va parlar d&#8217;uns activistes que lluiten per desestigmatitzar els trastorns mentals, un grup que es diu Obertament Balears. Aquest moment \u00e9s important perqu\u00e8 vaig veure clar que calia involucrar a totes les persones que formen part d&#8217;aquest projecte en el documental. I aqu\u00ed rau el bess\u00f3 de <em>Genolls Nafrats<\/em>: aquella llarga escena del taller de poesia que v\u00e0rem fer a Inca, on activistes d&#8217;Obertament reciten la poetessa italiana.<\/p>\n<p>En acabar el documental i despr\u00e9s de veure&#8217;l en nombroses ocasions, m&#8217;he adonat que encara ens queda molt\u00edssim de cam\u00ed per rec\u00f3rrer per aconseguir donar veu a rostres i a hist\u00f2ries que normalment no en tenen. Aquest ha estat el meu gra d&#8217;arena per aconseguir una societat lliure d&#8217;estigmes i perjudicis vers la salut mental.<\/p>\n<p style=\"text-align: right;\">Clara Fontanet Abrines<\/p>\n<\/div>\n<\/div><\/div><\/div><\/div><\/div>\n\n\n<p><\/p>\n","protected":false},"excerpt":{"rendered":"<p>Genolls nafrats, un documental sobre la poesia d&#8217;Alda Merini<\/p>\n","protected":false},"author":2,"featured_media":0,"parent":0,"menu_order":0,"comment_status":"closed","ping_status":"closed","template":"","meta":[],"_links":{"self":[{"href":"https:\/\/www.revistaalimara.net\/revista\/wp-json\/wp\/v2\/pages\/5793"}],"collection":[{"href":"https:\/\/www.revistaalimara.net\/revista\/wp-json\/wp\/v2\/pages"}],"about":[{"href":"https:\/\/www.revistaalimara.net\/revista\/wp-json\/wp\/v2\/types\/page"}],"author":[{"embeddable":true,"href":"https:\/\/www.revistaalimara.net\/revista\/wp-json\/wp\/v2\/users\/2"}],"replies":[{"embeddable":true,"href":"https:\/\/www.revistaalimara.net\/revista\/wp-json\/wp\/v2\/comments?post=5793"}],"version-history":[{"count":34,"href":"https:\/\/www.revistaalimara.net\/revista\/wp-json\/wp\/v2\/pages\/5793\/revisions"}],"predecessor-version":[{"id":5842,"href":"https:\/\/www.revistaalimara.net\/revista\/wp-json\/wp\/v2\/pages\/5793\/revisions\/5842"}],"wp:attachment":[{"href":"https:\/\/www.revistaalimara.net\/revista\/wp-json\/wp\/v2\/media?parent=5793"}],"curies":[{"name":"wp","href":"https:\/\/api.w.org\/{rel}","templated":true}]}}