{"id":559,"date":"2018-09-13T20:03:03","date_gmt":"2018-09-13T19:03:03","guid":{"rendered":"http:\/\/www.revistaalimara.net\/revista\/?page_id=559"},"modified":"2024-10-24T08:10:47","modified_gmt":"2024-10-24T07:10:47","slug":"presentacio","status":"publish","type":"page","link":"https:\/\/www.revistaalimara.net\/revista\/presentacio\/","title":{"rendered":"Presentaci\u00f3"},"content":{"rendered":"<div id=\"pl-559\"  class=\"panel-layout\" ><div id=\"pg-559-0\"  class=\"panel-grid panel-has-style\" ><div class=\"siteorigin-panels-stretch panel-row-style panel-row-style-for-559-0\" data-stretch-type=\"full-stretched-padded\" ><div id=\"pgc-559-0-0\"  class=\"panel-grid-cell\" ><div id=\"panel-559-0-0-0\" class=\"so-panel widget widget_sow-headline panel-first-child panel-last-child\" data-index=\"0\" ><div\n\t\t\t\n\t\t\tclass=\"so-widget-sow-headline so-widget-sow-headline-default-7623362f815e-559\"\n\t\t\t\n\t\t><div class=\"sow-headline-container \">\n\t<h1 class='sow-headline'>Presentaci\u00f3<\/h1><\/div>\n<\/div><\/div><\/div><\/div><\/div><div id=\"pg-559-1\"  class=\"panel-grid panel-has-style\" ><div class=\"panel-row-style panel-row-style-for-559-1\" ><div id=\"pgc-559-1-0\"  class=\"panel-grid-cell\" ><div id=\"panel-559-1-0-0\" class=\"so-panel widget widget_sow-editor panel-first-child\" data-index=\"1\" ><div\n\t\t\t\n\t\t\tclass=\"so-widget-sow-editor so-widget-sow-editor-base\"\n\t\t\t\n\t\t>\n<div class=\"siteorigin-widget-tinymce textwidget\">\n\t<p style=\"text-align: justify;\"><span style=\"font-family: Arial, sans-serif;\"><span style=\"color: #333333;\"><span style=\"font-size: medium;\">La revista <\/span><\/span><span style=\"color: #333333;\"><span style=\"font-size: medium;\"><i><b>ALIMARA<\/b><\/i><\/span><\/span><span style=\"color: #333333;\"><span style=\"font-size: medium;\">, de tem\u00e0tica relacionada amb els serveis socials, en la nova etapa digital, la <\/span><\/span><span style=\"color: #333333;\"><span style=\"font-size: medium;\"><b>Col\u00b7lecci\u00f3 IMAS (<\/b><\/span><\/span><span style=\"color: #333333;\"><span style=\"font-size: medium;\"><b>Innovaci\u00f3 i Metodologia en Afers Socials<\/b><\/span><\/span><span style=\"color: #333333;\"><span style=\"font-size: medium;\"><b>)<\/b><\/span><\/span><span style=\"color: #333333;\"><span style=\"font-size: medium;\"> pret\u00e9n ser una publicaci\u00f3 de car\u00e0cter monogr\u00e0fica per difondre experi\u00e8ncies, resultats d\u2019investigacions, programes, projectes, etc., desenvolupats per professionals i personal t\u00e8cnic de l\u2019IMAS en els diferents \u00e0mbits d\u2019intervenci\u00f3. Tamb\u00e9 es fa extensiva a la resta de professionals de les entitats que, si b\u00e9 no formen part del personal de l\u2019IMAS, s\u00ed que hi col\u00b7laboren estretament, ja sigui mitjan\u00e7ant la tasca que duen a terme a trav\u00e9s de la concertaci\u00f3, la subvenci\u00f3 o la contractaci\u00f3 de serveis.<\/span><\/span><\/span><\/p>\n<p style=\"text-align: justify;\"><span style=\"font-family: Arial, sans-serif;\"><span style=\"color: #333333;\"><span style=\"font-size: medium;\">Aquesta revista, que gestiona el Servei de Planificaci\u00f3 i Documentaci\u00f3 de l\u2019IMAS, esdev\u00e9 un projecte que es basa en la idea que la intervenci\u00f3 social \u00e9s multidimensional i hi conflueix el coneixement procedent de m\u00faltiples disciplines: treball social, psicologia, ci\u00e8ncies de l\u2019educaci\u00f3, educaci\u00f3 social, ci\u00e8ncies pol\u00edtiques, sociologia, antropologia, medicina i rehabilitaci\u00f3, etc.<\/span><\/span><\/span><\/p>\n<p style=\"text-align: justify;\"><span style=\"font-family: Arial, sans-serif;\"><span style=\"color: #333333;\"><span style=\"font-size: medium;\">La revista est\u00e0 pensada per recollir articles de reflexi\u00f3 te\u00f2rica i de recerca (b\u00e0sica o aplicada) provinents d\u2019investigacions cient\u00edfiques individuals o col\u00b7lectives. Aix\u00ed mateix, est\u00e0 oberta a la publicaci\u00f3 de comunicacions, pon\u00e8ncies o resums de tesis doctorals que facin aportacions a l\u2019\u00e0mbit de la intervenci\u00f3 social i comunit\u00e0ria.<\/span><\/span><\/span><\/p>\n<p style=\"text-align: justify;\"><span style=\"font-family: Arial, sans-serif;\"><span style=\"color: #333333;\"><span style=\"font-size: medium;\">Aquests treballs es poden publicar en catal\u00e0, espanyol i angl\u00e8s. La finalitat \u00e9s extreure el potencial del personal que, dia a dia, treballa per millorar la <\/span><\/span><span style=\"color: #333333;\"><span style=\"font-size: medium;\">praxi<\/span><\/span><span style=\"color: #333333;\"><span style=\"font-size: medium;\"> en l\u2019atenci\u00f3 social, amb propostes concretes d\u2019intervenci\u00f3, amb l\u2019aplicaci\u00f3 de diferents m\u00e8todes d\u2019an\u00e0lisi, de seguiment i tota una diversitat d\u2019alternatives per satisfer les demandes i necessitats socials de la ciutadania.<\/span><\/span><\/span><\/p>\n<p style=\"text-align: justify;\"><span style=\"font-family: Arial, sans-serif;\"><span style=\"color: #333333;\"><span style=\"font-size: medium;\">Aquesta <\/span><\/span><span style=\"color: #333333;\"><span style=\"font-size: medium;\"><b>Col\u00b7lecci\u00f3 IMAS <\/b><\/span><\/span><span style=\"color: #333333;\"><span style=\"font-size: medium;\">ressorgeix amb un inter\u00e8s cient\u00edfic i t\u00e8cnic, per\u00f2 alhora divulgador de la concreci\u00f3 de les pol\u00edtiques socials inclusives que s\u2019apliquen. La pretensi\u00f3 \u00e9s que el personal que treballa en la complexitat d\u2019aquest \u00e0mbit multidisciplinari pugui aportar idees i reflexions serioses, i enriquir-les amb les seves experi\u00e8ncies i bones pr\u00e0ctiques que es vagin desenvolupant.<\/span><\/span><\/span><\/p>\n<p style=\"text-align: justify;\"><a name=\"_GoBack\"><\/a><span style=\"font-family: Arial, sans-serif;\"><span style=\"color: #333333;\"><span style=\"font-size: medium;\">Com a particularitat d\u2019aquesta etapa nova de la revista <\/span><\/span><span style=\"color: #333333;\"><span style=\"font-size: medium;\"><i>ALIMARA<\/i><\/span><\/span><span style=\"color: #333333;\"><span style=\"font-size: medium;\">, cal destacar no nom\u00e9s la constataci\u00f3 de l\u2019enfocament globalitzador en l\u2019\u00e0mbit dels serveis socials, sin\u00f3 tamb\u00e9 el rigor qualitatiu i metodol\u00f2gic que tot proc\u00e9s d\u2019investigaci\u00f3 exigeix, i que tota experi\u00e8ncia o projecte d\u2019intervenci\u00f3 pugui ser dif\u00f3s com a innovador o com a producte de l\u2019anomenat <\/span><\/span><span style=\"color: #333333;\"><span style=\"font-size: medium;\"><i>saber fer<\/i><\/span><\/span><span style=\"color: #333333;\"><span style=\"font-size: medium;\"> (<\/span><\/span><span style=\"color: #333333;\"><span style=\"font-size: medium;\"><i>know how<\/i><\/span><\/span><span style=\"color: #333333;\"><span style=\"font-size: medium;\">).<\/span><\/span><span style=\"color: #333333;\"><span style=\"font-size: medium;\"> Per aquest motiu, la <\/span><\/span><span style=\"color: #333333;\"><span style=\"font-size: medium;\"><b>Col\u00b7lecci\u00f3 IMAS<\/b><\/span><\/span><b> <\/b><span style=\"color: #333333;\"><span style=\"font-size: medium;\">t\u00e9<\/span><\/span><b> <\/b><span style=\"color: #333333;\"><span style=\"font-size: medium;\">un equip de direcci\u00f3 de la publicaci\u00f3 i tamb\u00e9 compta amb la col\u00b7laboraci\u00f3 de l\u2019\u00c0rea de Treball Social i Serveis Socials (adscrita al Departament de Filosofia i Treball Social de la UIB), que t\u00e9 com a finalitat:<\/span><\/span><\/span><\/p>\n<ul>\n<li style=\"text-align: justify;\"><span style=\"font-family: Arial, sans-serif;\"><span style=\"color: #333333;\"><span style=\"font-size: medium;\">Assegurar la transfer\u00e8ncia del coneixement. Ser un canal de difusi\u00f3 on es puguin donar a con\u00e8ixer els projectes desenvolupats, les metodologies emprades de forma sistem\u00e0tica, les propostes innovadores i que, a hores d\u2019ara, o no s\u00f3n accessibles, o \u00fanicament ho s\u00f3n de manera molt redu\u00efda i sense capacitat de generar un impacte en l\u2019\u00e0mbit on es desplega.<\/span><\/span><\/span><\/li>\n<li style=\"text-align: justify;\"><span style=\"font-family: Arial, sans-serif;\"><span style=\"color: #333333;\"><span style=\"font-size: medium;\">Dotar les publicacions d\u2019un rigor metodol\u00f2gic i d\u2019un nivell de qualitat \u00f2ptim per a la difusi\u00f3.<\/span><\/span><\/span><\/li>\n<li style=\"text-align: justify;\"><span style=\"font-family: Arial, sans-serif;\"><span style=\"color: #333333;\"><span style=\"font-size: medium;\">Aconseguir ser un referent significatiu i un canal de difusi\u00f3 en l\u2019\u00e0mbit de la intervenci\u00f3 social, entesa des d\u2019una perspectiva global i interdisciplin\u00e0ria.<\/span><\/span><\/span><\/li>\n<li style=\"text-align: justify;\"><span style=\"font-family: Arial, sans-serif;\"><span style=\"color: #333333;\"><span style=\"font-size: medium;\">Establir un espai cientificot\u00e8cnic en el qual professionals, tant de l\u2019\u00e0mbit dels serveis socials com d\u2019altres \u00e0mbits afins, puguin reflectir els coneixements, l\u2019experi\u00e8ncia professional i les bones pr\u00e0ctiques respecte de les pol\u00edtiques inclusives i de promoci\u00f3 de la qualitat de vida per a la ciutadania.<\/span><\/span><\/span><\/li>\n<li style=\"text-align: justify;\"><span style=\"font-family: Arial, sans-serif;\"><span style=\"color: #333333;\"><span style=\"font-size: medium;\">Ser un mitj\u00e0 de difusi\u00f3 que, a trav\u00e9s dels articles, promogui els drets de persones i dels col\u00b7lectius m\u00e9s vulnerables i fomenti la reflexi\u00f3, la toler\u00e0ncia, la igualtat i l\u2019autodeterminaci\u00f3 de la persona.<\/span><\/span><\/span><\/li>\n<\/ul>\n<\/div>\n<\/div><\/div><div id=\"panel-559-1-0-4\" class=\"so-panel widget widget_media_image panel-last-child\" data-index=\"5\" ><img width=\"300\" height=\"107\" src=\"https:\/\/www.revistaalimara.net\/revista\/wp-content\/uploads\/2023\/10\/IMAS_603x216-px-300x107.png\" class=\"image wp-image-6724  attachment-medium size-medium\" alt=\"\" decoding=\"async\" loading=\"lazy\" style=\"max-width: 100%; height: auto;\" srcset=\"https:\/\/www.revistaalimara.net\/revista\/wp-content\/uploads\/2023\/10\/IMAS_603x216-px-300x107.png 300w, https:\/\/www.revistaalimara.net\/revista\/wp-content\/uploads\/2023\/10\/IMAS_603x216-px-550x197.png 550w, https:\/\/www.revistaalimara.net\/revista\/wp-content\/uploads\/2023\/10\/IMAS_603x216-px-520x186.png 520w, https:\/\/www.revistaalimara.net\/revista\/wp-content\/uploads\/2023\/10\/IMAS_603x216-px-15x5.png 15w, https:\/\/www.revistaalimara.net\/revista\/wp-content\/uploads\/2023\/10\/IMAS_603x216-px.png 603w\" sizes=\"(max-width: 300px) 100vw, 300px\" \/><\/div><\/div><div id=\"pgc-559-1-1\"  class=\"panel-grid-cell\" ><div id=\"panel-559-1-1-0\" class=\"so-panel widget widget_sow-editor panel-first-child\" data-index=\"6\" ><div\n\t\t\t\n\t\t\tclass=\"so-widget-sow-editor so-widget-sow-editor-base\"\n\t\t\t\n\t\t>\n<div class=\"siteorigin-widget-tinymce textwidget\">\n\t<h4><span style=\"color: #009fe3;\">REVISTA ALIMARA<\/span><br \/>\n<span style=\"color: #009fe3;\">(Col\u00b7lecci\u00f3 IMAS)<\/span><\/h4>\n<p><span style=\"color: #009fe3;\"><em>Innovaci\u00f3 i Metodologia en Afers Socials<\/em><\/span><\/p>\n<\/div>\n<\/div><\/div><div id=\"panel-559-1-1-1\" class=\"so-panel widget widget_media_image\" data-index=\"7\" ><img width=\"1225\" height=\"188\" src=\"https:\/\/www.revistaalimara.net\/revista\/wp-content\/uploads\/2023\/10\/logos-IMAS-UIB.png\" class=\"image wp-image-6718  attachment-full size-full\" alt=\"\" decoding=\"async\" loading=\"lazy\" style=\"max-width: 100%; height: auto;\" srcset=\"https:\/\/www.revistaalimara.net\/revista\/wp-content\/uploads\/2023\/10\/logos-IMAS-UIB.png 1225w, https:\/\/www.revistaalimara.net\/revista\/wp-content\/uploads\/2023\/10\/logos-IMAS-UIB-300x46.png 300w, https:\/\/www.revistaalimara.net\/revista\/wp-content\/uploads\/2023\/10\/logos-IMAS-UIB-1024x157.png 1024w, https:\/\/www.revistaalimara.net\/revista\/wp-content\/uploads\/2023\/10\/logos-IMAS-UIB-768x118.png 768w, https:\/\/www.revistaalimara.net\/revista\/wp-content\/uploads\/2023\/10\/logos-IMAS-UIB-550x84.png 550w, https:\/\/www.revistaalimara.net\/revista\/wp-content\/uploads\/2023\/10\/logos-IMAS-UIB-520x80.png 520w, https:\/\/www.revistaalimara.net\/revista\/wp-content\/uploads\/2023\/10\/logos-IMAS-UIB-625x96.png 625w, https:\/\/www.revistaalimara.net\/revista\/wp-content\/uploads\/2023\/10\/logos-IMAS-UIB-15x2.png 15w, https:\/\/www.revistaalimara.net\/revista\/wp-content\/uploads\/2023\/10\/logos-IMAS-UIB-854x131.png 854w\" sizes=\"(max-width: 1225px) 100vw, 1225px\" \/><\/div><div id=\"panel-559-1-1-2\" class=\"so-panel widget widget_sow-editor\" data-index=\"8\" ><div\n\t\t\t\n\t\t\tclass=\"so-widget-sow-editor so-widget-sow-editor-base\"\n\t\t\t\n\t\t>\n<div class=\"siteorigin-widget-tinymce textwidget\">\n\t<h4><span style=\"color: #009fe3;\">Consell de direcci\u00f3:<\/span><\/h4>\n<p><span style=\"color: #009fe3;\">Guillermo S\u00e1nchez Cifre, president de l'IMAS<br \/>\n<\/span><span style=\"color: #009fe3;\">Maria Magdalena Garc\u00eda Gual, vicepresidenta de l'IMAS<\/span><\/p>\n<\/div>\n<\/div><\/div><div id=\"panel-559-1-1-3\" class=\"so-panel widget widget_sow-editor\" data-index=\"9\" ><div\n\t\t\t\n\t\t\tclass=\"so-widget-sow-editor so-widget-sow-editor-base\"\n\t\t\t\n\t\t>\n<div class=\"siteorigin-widget-tinymce textwidget\">\n\t<h4><span style=\"color: #009fe3;\">Secretaria de redacci\u00f3:<\/span><\/h4>\n<p><span style=\"color: #009fe3;\">Secci\u00f3 de Programes Transversals, Servei de Planificaci\u00f3 i Documentaci\u00f3 de l\u2019IMAS<\/span><br \/>\n<span style=\"color: #009fe3;\">Equip de Premsa de l\u2019IMAS<\/span><\/p>\n<\/div>\n<\/div><\/div><div id=\"panel-559-1-1-4\" class=\"so-panel widget widget_sow-editor\" data-index=\"10\" ><div\n\t\t\t\n\t\t\tclass=\"so-widget-sow-editor so-widget-sow-editor-base\"\n\t\t\t\n\t\t>\n<div class=\"siteorigin-widget-tinymce textwidget\">\n\t<h4><span style=\"color: #009fe3;\">Consell de redacci\u00f3:<\/span><\/h4>\n<p><span style=\"color: #009fe3;\">Institut Mallorqu\u00ed d'Afers Socials (IMAS):<br \/>\nSecci\u00f3 de Programes Transversals,<\/span>\u00a0<span style=\"color: #009fe3;\">Servei de Planificaci\u00f3 i Documentaci\u00f3 de l\u2019\u00c0rea de Ger\u00e8ncia<br \/>\nServeis de la Direcci\u00f3 Insular d\u2019Atenci\u00f3 Comunit\u00e0ria i Promoci\u00f3 de l'Autonomia Personal<\/span><br \/>\n<span style=\"color: #009fe3;\">Serveis de la Direcci\u00f3 Insular d\u2019Atenci\u00f3 a Persones amb Discapacitat<br \/>\nServeis de la Direcci\u00f3 Insular d\u2019Atenci\u00f3 Sociosanit\u00e0ria<br \/>\n<\/span><span style=\"color: #009fe3;\">Serveis de la Direcci\u00f3 Insular de Serveis Socials, Inf\u00e0ncia i Fam\u00edlia<br \/>\nServeis de la Direcci\u00f3 Insular de Centres i Programes d'Atenci\u00f3 Integral a la Inf\u00e0ncia i Adolesc\u00e8ncia<\/span><span style=\"color: #009fe3;\"><br \/>\n<\/span><span style=\"color: #009fe3;\">Serveis de la Direcci\u00f3 Insular d'Inclusi\u00f3 Social<\/span><\/p>\n<div><\/div>\n<\/div>\n<\/div><\/div><div id=\"panel-559-1-1-5\" class=\"so-panel widget widget_sow-editor\" data-index=\"11\" ><div\n\t\t\t\n\t\t\tclass=\"so-widget-sow-editor so-widget-sow-editor-base\"\n\t\t\t\n\t\t>\n<div class=\"siteorigin-widget-tinymce textwidget\">\n\t<h4><span style=\"color: #009fe3;\">En col\u00b7laboraci\u00f3:<br \/>\n<\/span><\/h4>\n<p><span style=\"color: #009fe3;\">Universitat de les Illes Balears (UIB)<\/span><br \/>\n<span style=\"color: #009fe3;\">\u00c0rea de Treball Social (Departament de Filosofia i Treball Social)<\/span><\/p>\n<\/div>\n<\/div><\/div><div id=\"panel-559-1-1-6\" class=\"so-panel widget widget_media_image panel-last-child\" data-index=\"12\" ><img width=\"1000\" height=\"707\" src=\"https:\/\/www.revistaalimara.net\/revista\/wp-content\/uploads\/2021\/06\/Poster_Alimara_web_2.jpg\" class=\"image wp-image-5468  attachment-full size-full\" alt=\"\" decoding=\"async\" loading=\"lazy\" style=\"max-width: 100%; height: auto;\" srcset=\"https:\/\/www.revistaalimara.net\/revista\/wp-content\/uploads\/2021\/06\/Poster_Alimara_web_2.jpg 1000w, https:\/\/www.revistaalimara.net\/revista\/wp-content\/uploads\/2021\/06\/Poster_Alimara_web_2-300x212.jpg 300w, https:\/\/www.revistaalimara.net\/revista\/wp-content\/uploads\/2021\/06\/Poster_Alimara_web_2-768x543.jpg 768w, https:\/\/www.revistaalimara.net\/revista\/wp-content\/uploads\/2021\/06\/Poster_Alimara_web_2-550x389.jpg 550w, https:\/\/www.revistaalimara.net\/revista\/wp-content\/uploads\/2021\/06\/Poster_Alimara_web_2-520x368.jpg 520w, https:\/\/www.revistaalimara.net\/revista\/wp-content\/uploads\/2021\/06\/Poster_Alimara_web_2-625x442.jpg 625w, https:\/\/www.revistaalimara.net\/revista\/wp-content\/uploads\/2021\/06\/Poster_Alimara_web_2-15x11.jpg 15w, https:\/\/www.revistaalimara.net\/revista\/wp-content\/uploads\/2021\/06\/Poster_Alimara_web_2-854x604.jpg 854w\" sizes=\"(max-width: 1000px) 100vw, 1000px\" \/><\/div><\/div><\/div><\/div><\/div>","protected":false},"excerpt":{"rendered":"<p>La revista ALIMARA, de tem\u00e0tica relacionada amb els serveis socials, en la nova etapa digital, la Col\u00b7lecci\u00f3 IMAS (Innovaci\u00f3 i Metodologia en Afers Socials) pret\u00e9n ser una publicaci\u00f3 de car\u00e0cter monogr\u00e0fica per difondre experi\u00e8ncies, resultats d\u2019investigacions, programes, projectes, etc., desenvolupats per professionals i personal t\u00e8cnic de l\u2019IMAS en els diferents \u00e0mbits d\u2019intervenci\u00f3. Tamb\u00e9 es fa [&hellip;]<\/p>\n","protected":false},"author":2,"featured_media":0,"parent":0,"menu_order":0,"comment_status":"closed","ping_status":"closed","template":"","meta":[],"_links":{"self":[{"href":"https:\/\/www.revistaalimara.net\/revista\/wp-json\/wp\/v2\/pages\/559"}],"collection":[{"href":"https:\/\/www.revistaalimara.net\/revista\/wp-json\/wp\/v2\/pages"}],"about":[{"href":"https:\/\/www.revistaalimara.net\/revista\/wp-json\/wp\/v2\/types\/page"}],"author":[{"embeddable":true,"href":"https:\/\/www.revistaalimara.net\/revista\/wp-json\/wp\/v2\/users\/2"}],"replies":[{"embeddable":true,"href":"https:\/\/www.revistaalimara.net\/revista\/wp-json\/wp\/v2\/comments?post=559"}],"version-history":[{"count":144,"href":"https:\/\/www.revistaalimara.net\/revista\/wp-json\/wp\/v2\/pages\/559\/revisions"}],"predecessor-version":[{"id":7356,"href":"https:\/\/www.revistaalimara.net\/revista\/wp-json\/wp\/v2\/pages\/559\/revisions\/7356"}],"wp:attachment":[{"href":"https:\/\/www.revistaalimara.net\/revista\/wp-json\/wp\/v2\/media?parent=559"}],"curies":[{"name":"wp","href":"https:\/\/api.w.org\/{rel}","templated":true}]}}