{"id":5473,"date":"2021-07-05T11:53:15","date_gmt":"2021-07-05T10:53:15","guid":{"rendered":"https:\/\/www.revistaalimara.net\/revista\/?page_id=5473"},"modified":"2021-07-26T09:42:15","modified_gmt":"2021-07-26T08:42:15","slug":"epoca_6_63","status":"publish","type":"page","link":"https:\/\/www.revistaalimara.net\/revista\/epoca_6_63\/","title":{"rendered":"\u00c8poca_6_63"},"content":{"rendered":"<div id=\"pl-5473\"  class=\"panel-layout\" ><div id=\"pg-5473-0\"  class=\"panel-grid panel-no-style\" ><div id=\"pgc-5473-0-0\"  class=\"panel-grid-cell\" ><div id=\"panel-5473-0-0-0\" class=\"so-panel widget widget_sow-headline panel-first-child panel-last-child\" data-index=\"0\" ><div\n\t\t\t\n\t\t\tclass=\"so-widget-sow-headline so-widget-sow-headline-default-54d5f1ab2fc0-5473\"\n\t\t\t\n\t\t><div class=\"sow-headline-container \">\n\t<h1 class='sow-headline'>Articles<\/h1><h3 class='sow-sub-headline'>Descarregau els articles de la revista en format PDF<\/h3><\/div>\n<\/div><\/div><\/div><\/div><div id=\"pg-5473-1\"  class=\"panel-grid panel-no-style\" ><div id=\"pgc-5473-1-0\"  class=\"panel-grid-cell panel-grid-cell-empty\" ><\/div><\/div><div id=\"pg-5473-2\"  class=\"panel-grid panel-no-style\" ><div id=\"pgc-5473-2-0\"  class=\"panel-grid-cell\" ><div id=\"panel-5473-2-0-0\" class=\"so-panel widget widget_media_gallery panel-first-child panel-last-child\" data-index=\"1\" >\n\t\t<style type=\"text\/css\">\n\t\t\t#gallery-1 {\n\t\t\t\tmargin: auto;\n\t\t\t}\n\t\t\t#gallery-1 .gallery-item {\n\t\t\t\tfloat: left;\n\t\t\t\tmargin-top: 10px;\n\t\t\t\ttext-align: center;\n\t\t\t\twidth: 100%;\n\t\t\t}\n\t\t\t#gallery-1 img {\n\t\t\t\tborder: 2px solid #cfcfcf;\n\t\t\t}\n\t\t\t#gallery-1 .gallery-caption {\n\t\t\t\tmargin-left: 0;\n\t\t\t}\n\t\t\t\/* see gallery_shortcode() in wp-includes\/media.php *\/\n\t\t<\/style>\n\t\t<div id='gallery-1' class='gallery galleryid-5473 gallery-columns-1 gallery-size-full'><dl class='gallery-item'>\n\t\t\t<dt class='gallery-icon portrait'>\n\t\t\t\t<img width=\"433\" height=\"612\" src=\"https:\/\/www.revistaalimara.net\/revista\/wp-content\/uploads\/2021\/07\/Portada_n63.png\" class=\"attachment-full size-full\" alt=\"\" decoding=\"async\" loading=\"lazy\" srcset=\"https:\/\/www.revistaalimara.net\/revista\/wp-content\/uploads\/2021\/07\/Portada_n63.png 433w, https:\/\/www.revistaalimara.net\/revista\/wp-content\/uploads\/2021\/07\/Portada_n63-212x300.png 212w, https:\/\/www.revistaalimara.net\/revista\/wp-content\/uploads\/2021\/07\/Portada_n63-389x550.png 389w, https:\/\/www.revistaalimara.net\/revista\/wp-content\/uploads\/2021\/07\/Portada_n63-368x520.png 368w, https:\/\/www.revistaalimara.net\/revista\/wp-content\/uploads\/2021\/07\/Portada_n63-15x21.png 15w\" sizes=\"(max-width: 433px) 100vw, 433px\" \/>\n\t\t\t<\/dt><\/dl><br style=\"clear: both\" \/>\n\t\t<\/div>\n<\/div><\/div><div id=\"pgc-5473-2-1\"  class=\"panel-grid-cell\" ><div id=\"panel-5473-2-1-0\" class=\"so-panel widget widget_sow-editor panel-first-child\" data-index=\"2\" ><div\n\t\t\t\n\t\t\tclass=\"so-widget-sow-editor so-widget-sow-editor-base\"\n\t\t\t\n\t\t>\n<div class=\"siteorigin-widget-tinymce textwidget\">\n\t<h6>Alimara. Juliol 2021<\/h6>\n<h3>N\u00daMERO 63<\/h3>\n<\/div>\n<\/div><\/div><div id=\"panel-5473-2-1-1\" class=\"so-panel widget widget_sow-button\" data-index=\"3\" ><div\n\t\t\t\n\t\t\tclass=\"so-widget-sow-button so-widget-sow-button-atom-accbd2cd5c79-5473\"\n\t\t\t\n\t\t><div class=\"ow-button-base ow-button-align-center\">\n\t<a\n\thref=\"https:\/\/www.revistaalimara.net\/revista\/wp-content\/uploads\/2021\/07\/Alimara_63.pdf\"\n\t\tclass=\"download ow-icon-placement-left ow-button-hover\" \t>\n\t\t<span>\n\t\t\t<span class=\"sow-icon-fontawesome sow-far\" data-sow-icon=\"&#xf1c1;\"\n\t\tstyle=\"\" \n\t\taria-hidden=\"true\"><\/span>\n\t\t\tDescarregau la revista sencera en PDF\t\t<\/span>\n\t<\/a>\n<\/div>\n<\/div><\/div><div id=\"panel-5473-2-1-2\" class=\"so-panel widget widget_sow-editor panel-last-child\" data-index=\"4\" ><div\n\t\t\t\n\t\t\tclass=\"so-widget-sow-editor so-widget-sow-editor-base\"\n\t\t\t\n\t\t>\n<div class=\"siteorigin-widget-tinymce textwidget\">\n\t<p>&nbsp;<\/p>\n<p><span style=\"color: #009fe3;\"><strong>\u00cdndex<\/strong><\/span><\/p>\n<p><strong>ATENCI\u00d3 A LES CONDUCTES ADDICTIVES<br \/>\n<\/strong><\/p>\n<p><em><a href=\"https:\/\/www.revistaalimara.net\/revista\/wp-content\/uploads\/2021\/07\/Alimara_63_1.pdf\">Intervenci\u00f3 psicol\u00f2gica en trauma i conductes addictives des de l'UCA. Abra\u00e7a els teus dimonis: un cas cl\u00ednic de trauma i conducta addictiva<\/a><br \/>\n<\/em>Marga Llamb\u00edas Llans\u00f3 i Albert Moratinos Jaume<\/p>\n<p>&nbsp;<\/p>\n<p><strong>ATENCI\u00d3 A LA DEPEND\u00c8NCIA<\/strong><\/p>\n<p><a href=\"https:\/\/www.revistaalimara.net\/revista\/wp-content\/uploads\/2021\/07\/Alimara_63_2.pdf\"><em>Aproximaci\u00f3 al model d\u2019atenci\u00f3 integral de la persona (AICP)<\/em><\/a><br \/>\nApol\u00b7l\u00f2nia Binimelis<\/p>\n<p><a href=\"https:\/\/www.revistaalimara.net\/revista\/wp-content\/uploads\/2021\/07\/Alimara_63_3.pdf\"><em>An\u00e0lisi del Programa de Servei d'Atenci\u00f3 Integral a Domicili segons la implementaci\u00f3 del model d'atenci\u00f3 integral i centrat en la persona<\/em><\/a><br \/>\nLaura Pioletti<\/p>\n<p><a href=\"https:\/\/www.revistaalimara.net\/revista\/wp-content\/uploads\/2021\/07\/Alimara_63_4.pdf\"><em>Experi\u00e8ncies innovadores. Projecte Biografies: hist\u00f2ries de vida.<br \/>\nEntrevista a Francesca Vadell Cubells, directora de <\/em>Biografies: hist\u00f2ries de vida<\/a><br \/>\nMar\u00eda Jos\u00e9 de Prada Llos\u00e1<\/p>\n<p>&nbsp;<\/p>\n<p><strong>LA COOPERACI\u00d3 I LA DINAMITZACI\u00d3 SOCIAL<br \/>\n<\/strong><\/p>\n<p><em><a href=\"https:\/\/www.revistaalimara.net\/revista\/wp-content\/uploads\/2021\/07\/Alimara_63_5.pdf\">El voluntariat en l\u2019\u00e0mbit sociosanitari: un apropament a la realitat que troben les persones volunt\u00e0ries<\/a><br \/>\n<\/em>Ana J. Ca\u00f1as-Lerma<\/p>\n<p>&nbsp;<\/p>\n<\/div>\n<\/div><\/div><\/div><\/div><div id=\"pg-5473-3\"  class=\"panel-grid panel-no-style\" ><div id=\"pgc-5473-3-0\"  class=\"panel-grid-cell\" ><div id=\"panel-5473-3-0-0\" class=\"so-panel widget widget_sow-headline panel-first-child panel-last-child\" data-index=\"5\" ><div\n\t\t\t\n\t\t\tclass=\"so-widget-sow-headline so-widget-sow-headline-default-ea0af4cf39ae-5473\"\n\t\t\t\n\t\t><div class=\"sow-headline-container \">\n\t\t\t\t\t\t<div class=\"decoration\">\n\t\t\t\t\t\t<div class=\"decoration-inside\"><\/div>\n\t\t\t\t\t<\/div>\n\t\t\t\t\t<\/div>\n<\/div><\/div><\/div><\/div><div id=\"pg-5473-4\"  class=\"panel-grid panel-no-style\" ><div id=\"pgc-5473-4-0\"  class=\"panel-grid-cell\" ><div id=\"panel-5473-4-0-0\" class=\"widget_text so-panel widget widget_custom_html panel-first-child panel-last-child\" data-index=\"6\" ><div class=\"textwidget custom-html-widget\"><div class=\"line\">\n\t\n<\/div><\/div><\/div><\/div><\/div><\/div>","protected":false},"excerpt":{"rendered":"<p>ArticlesDescarregau els articles de la revista en format PDF Alimara. Juliol 2021 N\u00daMERO 63 Descarregau la revista sencera en PDF &nbsp; \u00cdndex ATENCI\u00d3 A LES CONDUCTES ADDICTIVES Intervenci\u00f3 psicol\u00f2gica en trauma i conductes addictives des de l&#8217;UCA. Abra\u00e7a els teus dimonis: un cas cl\u00ednic de trauma i conducta addictiva Marga Llamb\u00edas Llans\u00f3 i Albert Moratinos [&hellip;]<\/p>\n","protected":false},"author":2,"featured_media":0,"parent":0,"menu_order":0,"comment_status":"closed","ping_status":"closed","template":"","meta":[],"_links":{"self":[{"href":"https:\/\/www.revistaalimara.net\/revista\/wp-json\/wp\/v2\/pages\/5473"}],"collection":[{"href":"https:\/\/www.revistaalimara.net\/revista\/wp-json\/wp\/v2\/pages"}],"about":[{"href":"https:\/\/www.revistaalimara.net\/revista\/wp-json\/wp\/v2\/types\/page"}],"author":[{"embeddable":true,"href":"https:\/\/www.revistaalimara.net\/revista\/wp-json\/wp\/v2\/users\/2"}],"replies":[{"embeddable":true,"href":"https:\/\/www.revistaalimara.net\/revista\/wp-json\/wp\/v2\/comments?post=5473"}],"version-history":[{"count":17,"href":"https:\/\/www.revistaalimara.net\/revista\/wp-json\/wp\/v2\/pages\/5473\/revisions"}],"predecessor-version":[{"id":5770,"href":"https:\/\/www.revistaalimara.net\/revista\/wp-json\/wp\/v2\/pages\/5473\/revisions\/5770"}],"wp:attachment":[{"href":"https:\/\/www.revistaalimara.net\/revista\/wp-json\/wp\/v2\/media?parent=5473"}],"curies":[{"name":"wp","href":"https:\/\/api.w.org\/{rel}","templated":true}]}}