{"id":4786,"date":"2020-10-27T13:57:59","date_gmt":"2020-10-27T12:57:59","guid":{"rendered":"http:\/\/www.revistaalimara.net\/revista\/?page_id=4786"},"modified":"2021-04-23T07:53:32","modified_gmt":"2021-04-23T06:53:32","slug":"epoca-6_suplement-60","status":"publish","type":"page","link":"https:\/\/www.revistaalimara.net\/revista\/epoca-6_suplement-60\/","title":{"rendered":"\u00c8poca 6_Suplement 60"},"content":{"rendered":"<div id=\"pl-4786\"  class=\"panel-layout\" ><div id=\"pg-4786-0\"  class=\"panel-grid panel-has-style\" ><div class=\"siteorigin-panels-stretch panel-row-style panel-row-style-for-4786-0\" data-stretch-type=\"full-stretched-padded\" ><div id=\"pgc-4786-0-0\"  class=\"panel-grid-cell\" ><div id=\"panel-4786-0-0-0\" class=\"so-panel widget widget_sow-headline panel-first-child panel-last-child\" data-index=\"0\" ><div\n\t\t\t\n\t\t\tclass=\"so-widget-sow-headline so-widget-sow-headline-default-59dfc4e8e66e-4786\"\n\t\t\t\n\t\t><div class=\"sow-headline-container \">\n\t<h1 class='sow-headline'>Articles<\/h1><h3 class='sow-sub-headline'>Descarrega't aqu\u00ed les versions en PDF del articles de la revista<\/h3><\/div>\n<\/div><\/div><\/div><\/div><\/div><div id=\"pg-4786-1\"  class=\"panel-grid panel-no-style\" ><div id=\"pgc-4786-1-0\"  class=\"panel-grid-cell\" ><div id=\"panel-4786-1-0-0\" class=\"so-panel widget widget_media_gallery panel-first-child panel-last-child\" data-index=\"1\" >\n\t\t<style type=\"text\/css\">\n\t\t\t#gallery-1 {\n\t\t\t\tmargin: auto;\n\t\t\t}\n\t\t\t#gallery-1 .gallery-item {\n\t\t\t\tfloat: left;\n\t\t\t\tmargin-top: 10px;\n\t\t\t\ttext-align: center;\n\t\t\t\twidth: 100%;\n\t\t\t}\n\t\t\t#gallery-1 img {\n\t\t\t\tborder: 2px solid #cfcfcf;\n\t\t\t}\n\t\t\t#gallery-1 .gallery-caption {\n\t\t\t\tmargin-left: 0;\n\t\t\t}\n\t\t\t\/* see gallery_shortcode() in wp-includes\/media.php *\/\n\t\t<\/style>\n\t\t<div id='gallery-1' class='gallery galleryid-4786 gallery-columns-1 gallery-size-large'><dl class='gallery-item'>\n\t\t\t<dt class='gallery-icon portrait'>\n\t\t\t\t<a href='https:\/\/www.revistaalimara.net\/revista\/analisi-del-iii-recompte-de-persones-sense-sostre-de-mallorca-2019\/portada_revista-alimara_suplement-num-60\/'><img width=\"724\" height=\"1024\" src=\"https:\/\/www.revistaalimara.net\/revista\/wp-content\/uploads\/2019\/09\/PORTADA_Revista-Alimara_SUPLEMENT-num-60.jpg\" class=\"attachment-large size-large\" alt=\"\" decoding=\"async\" loading=\"lazy\" \/><\/a>\n\t\t\t<\/dt><\/dl><br style=\"clear: both\" \/>\n\t\t<\/div>\n<\/div><\/div><div id=\"pgc-4786-1-1\"  class=\"panel-grid-cell\" ><div id=\"panel-4786-1-1-0\" class=\"so-panel widget widget_sow-editor panel-first-child\" data-index=\"2\" ><div\n\t\t\t\n\t\t\tclass=\"so-widget-sow-editor so-widget-sow-editor-base\"\n\t\t\t\n\t\t>\n<div class=\"siteorigin-widget-tinymce textwidget\">\n\t<h6>Alimara. Any 2019<\/h6>\n<h3>SUPLEMENT N\u00daM. 60<\/h3>\n<\/div>\n<\/div><\/div><div id=\"panel-4786-1-1-1\" class=\"so-panel widget widget_sow-button\" data-index=\"3\" ><div\n\t\t\t\n\t\t\tclass=\"so-widget-sow-button so-widget-sow-button-atom-856bc4319b16-4786\"\n\t\t\t\n\t\t><div class=\"ow-button-base ow-button-align-left\">\n\t<a\n\thref=\"http:\/\/www.revistaalimara.net\/revista\/wp-content\/uploads\/2019\/09\/Revista-Alimara_SUPLEMENT-num-60_REVISTA-COMPLETA_Comprimit.pdf\"\n\t\tclass=\"download ow-icon-placement-left ow-button-hover\" \t>\n\t\t<span>\n\t\t\t<span class=\"sow-icon-fontawesome sow-far\" data-sow-icon=\"&#xf1c1;\"\n\t\tstyle=\"\" \n\t\taria-hidden=\"true\"><\/span>\n\t\t\tDescarrega't el suplement en pdf\t\t<\/span>\n\t<\/a>\n<\/div>\n<\/div><\/div><div id=\"panel-4786-1-1-2\" class=\"so-panel widget widget_sow-editor panel-last-child\" data-index=\"4\" ><div\n\t\t\t\n\t\t\tclass=\"so-widget-sow-editor so-widget-sow-editor-base\"\n\t\t\t\n\t\t>\n<div class=\"siteorigin-widget-tinymce textwidget\">\n\t<p>&nbsp;<\/p>\n<p><span style=\"color: #009fe3;\"><strong>\u00cdndex<\/strong><\/span><\/p>\n<p><a href=\"http:\/\/www.revistaalimara.net\/revista\/wp-content\/uploads\/2019\/09\/02-Article_Revista-Alimara_SUPLEMENT-num-60.pdf\"><em>Les xifres en el III Recompte de persones sense sostre de Mallorca de persones en situaci\u00f3 de carrer, 2019.<\/em><\/a><br \/>\nM. Elena Lluch Cerd\u00e0 i Guillem Salv\u00e0 Serra<\/p>\n<p><a href=\"http:\/\/www.revistaalimara.net\/revista\/wp-content\/uploads\/2019\/08\/Article_SUPLEMENT_num.55_miscel\u00b7l\u00e0nia_Ascension-Alvarez_Miquel-Joan-Far.pdf\"><em>Persones usu\u00e0ries que pernocten als centres de la Xarxa d'Inclusi\u00f3 Social. An\u00e0lisi del III recompte de persones sense sostre.<\/em><\/a><em><br \/>\n<\/em>Alfons L\u00f3pez Berm\u00fadez<\/p>\n<p><a href=\"http:\/\/www.revistaalimara.net\/revista\/wp-content\/uploads\/2019\/09\/04-Article_Revista-Alimara_SUPLEMENT-num-60.pdf\"><em>Ep\u00edleg: cadena perp\u00e8tua per als condemnats al carrer.<\/em><\/a><em><br \/>\n<\/em>Jaume Santandreu<\/p>\n<p><a href=\"http:\/\/www.revistaalimara.net\/revista\/wp-content\/uploads\/2019\/09\/Recompte_2019_alimara.pdf\"><em>Annex. Recompte de persones sense sostre i a centres.<\/em><\/a><em><br \/>\n<\/em>Sebasti\u00e0 Cerd\u00e0 i Francesc Serra<\/p>\n<\/div>\n<\/div><\/div><\/div><\/div><div id=\"pg-4786-2\"  class=\"panel-grid panel-no-style\" ><div id=\"pgc-4786-2-0\"  class=\"panel-grid-cell\" ><div id=\"panel-4786-2-0-0\" class=\"so-panel widget widget_sow-headline panel-first-child panel-last-child\" data-index=\"5\" ><div\n\t\t\t\n\t\t\tclass=\"so-widget-sow-headline so-widget-sow-headline-default-7a013a4047e8-4786\"\n\t\t\t\n\t\t><div class=\"sow-headline-container \">\n\t<\/div>\n<\/div><\/div><\/div><\/div><div id=\"pg-4786-3\"  class=\"panel-grid panel-no-style\" ><div id=\"pgc-4786-3-0\"  class=\"panel-grid-cell\" ><div id=\"panel-4786-3-0-0\" class=\"widget_text so-panel widget widget_custom_html panel-first-child panel-last-child\" data-index=\"6\" ><div class=\"textwidget custom-html-widget\"><div class=\"line\">\n\t\n<\/div><\/div><\/div><\/div><\/div><\/div>","protected":false},"excerpt":{"rendered":"<p>Alimara. Any 2019 SUPLEMENT N\u00daM. 60 &nbsp; \u00cdndex Les xifres en el III Recompte de persones sense sostre de Mallorca de persones en situaci\u00f3 de carrer, 2019. M. Elena Lluch Cerd\u00e0 i Guillem Salv\u00e0 Serra Persones usu\u00e0ries que pernocten als centres de la Xarxa d&#8217;Inclusi\u00f3 Social. An\u00e0lisi del III recompte de persones sense sostre. Alfons [&hellip;]<\/p>\n","protected":false},"author":2,"featured_media":0,"parent":0,"menu_order":0,"comment_status":"closed","ping_status":"closed","template":"","meta":[],"_links":{"self":[{"href":"https:\/\/www.revistaalimara.net\/revista\/wp-json\/wp\/v2\/pages\/4786"}],"collection":[{"href":"https:\/\/www.revistaalimara.net\/revista\/wp-json\/wp\/v2\/pages"}],"about":[{"href":"https:\/\/www.revistaalimara.net\/revista\/wp-json\/wp\/v2\/types\/page"}],"author":[{"embeddable":true,"href":"https:\/\/www.revistaalimara.net\/revista\/wp-json\/wp\/v2\/users\/2"}],"replies":[{"embeddable":true,"href":"https:\/\/www.revistaalimara.net\/revista\/wp-json\/wp\/v2\/comments?post=4786"}],"version-history":[{"count":32,"href":"https:\/\/www.revistaalimara.net\/revista\/wp-json\/wp\/v2\/pages\/4786\/revisions"}],"predecessor-version":[{"id":5436,"href":"https:\/\/www.revistaalimara.net\/revista\/wp-json\/wp\/v2\/pages\/4786\/revisions\/5436"}],"wp:attachment":[{"href":"https:\/\/www.revistaalimara.net\/revista\/wp-json\/wp\/v2\/media?parent=4786"}],"curies":[{"name":"wp","href":"https:\/\/api.w.org\/{rel}","templated":true}]}}