{"id":4740,"date":"2020-10-27T12:13:21","date_gmt":"2020-10-27T11:13:21","guid":{"rendered":"http:\/\/www.revistaalimara.net\/revista\/?page_id=4740"},"modified":"2021-04-23T07:53:32","modified_gmt":"2021-04-23T06:53:32","slug":"epoca_6_60","status":"publish","type":"page","link":"https:\/\/www.revistaalimara.net\/revista\/epoca_6_60\/","title":{"rendered":"\u00c8poca_6_60"},"content":{"rendered":"<div id=\"pl-4740\"  class=\"panel-layout\" ><div id=\"pg-4740-0\"  class=\"panel-grid panel-has-style\" ><div class=\"siteorigin-panels-stretch panel-row-style panel-row-style-for-4740-0\" data-stretch-type=\"full-stretched-padded\" ><div id=\"pgc-4740-0-0\"  class=\"panel-grid-cell\" ><div id=\"panel-4740-0-0-0\" class=\"so-panel widget widget_sow-headline panel-first-child panel-last-child\" data-index=\"0\" ><div\n\t\t\t\n\t\t\tclass=\"so-widget-sow-headline so-widget-sow-headline-default-59dfc4e8e66e-4740\"\n\t\t\t\n\t\t><div class=\"sow-headline-container \">\n\t<h1 class='sow-headline'>Articles<\/h1><h3 class='sow-sub-headline'>Descarrega't aqu\u00ed les versions en PDF del articles de la revista<\/h3><\/div>\n<\/div><\/div><\/div><\/div><\/div><div id=\"pg-4740-1\"  class=\"panel-grid panel-no-style\" ><div id=\"pgc-4740-1-0\"  class=\"panel-grid-cell panel-grid-cell-empty\" ><\/div><\/div><div id=\"pg-4740-2\"  class=\"panel-grid panel-no-style\" ><div id=\"pgc-4740-2-0\"  class=\"panel-grid-cell\" ><div id=\"panel-4740-2-0-0\" class=\"so-panel widget widget_media_gallery panel-first-child panel-last-child\" data-index=\"1\" >\n\t\t<style type=\"text\/css\">\n\t\t\t#gallery-1 {\n\t\t\t\tmargin: auto;\n\t\t\t}\n\t\t\t#gallery-1 .gallery-item {\n\t\t\t\tfloat: left;\n\t\t\t\tmargin-top: 10px;\n\t\t\t\ttext-align: center;\n\t\t\t\twidth: 100%;\n\t\t\t}\n\t\t\t#gallery-1 img {\n\t\t\t\tborder: 2px solid #cfcfcf;\n\t\t\t}\n\t\t\t#gallery-1 .gallery-caption {\n\t\t\t\tmargin-left: 0;\n\t\t\t}\n\t\t\t\/* see gallery_shortcode() in wp-includes\/media.php *\/\n\t\t<\/style>\n\t\t<div id='gallery-1' class='gallery galleryid-4740 gallery-columns-1 gallery-size-large'><dl class='gallery-item'>\n\t\t\t<dt class='gallery-icon portrait'>\n\t\t\t\t<img width=\"596\" height=\"842\" src=\"https:\/\/www.revistaalimara.net\/revista\/wp-content\/uploads\/2019\/05\/Alimara_\u00c8poca-6.jpg\" class=\"attachment-large size-large\" alt=\"\" decoding=\"async\" loading=\"lazy\" \/>\n\t\t\t<\/dt><\/dl><br style=\"clear: both\" \/>\n\t\t<\/div>\n<\/div><\/div><div id=\"pgc-4740-2-1\"  class=\"panel-grid-cell\" ><div id=\"panel-4740-2-1-0\" class=\"so-panel widget widget_sow-editor panel-first-child\" data-index=\"2\" ><div\n\t\t\t\n\t\t\tclass=\"so-widget-sow-editor so-widget-sow-editor-base\"\n\t\t\t\n\t\t>\n<div class=\"siteorigin-widget-tinymce textwidget\">\n\t<h6>Alimara. Gener 2019<\/h6>\n<h3>N\u00daMERO 60<\/h3>\n<\/div>\n<\/div><\/div><div id=\"panel-4740-2-1-1\" class=\"so-panel widget widget_sow-button\" data-index=\"3\" ><div\n\t\t\t\n\t\t\tclass=\"so-widget-sow-button so-widget-sow-button-atom-856bc4319b16-4740\"\n\t\t\t\n\t\t><div class=\"ow-button-base ow-button-align-left\">\n\t<a\n\thref=\"http:\/\/www.revistaalimara.net\/revista\/wp-content\/uploads\/2019\/02\/Revista-Alimara_num-60_REVISTA-COMPLETA_web.pdf\"\n\t\tclass=\"download ow-icon-placement-left ow-button-hover\" target=\"_blank\" rel=\"noopener noreferrer\" \t>\n\t\t<span>\n\t\t\t<span class=\"sow-icon-fontawesome sow-far\" data-sow-icon=\"&#xf1c1;\"\n\t\tstyle=\"\" \n\t\taria-hidden=\"true\"><\/span>\n\t\t\tDescarrega't la revista sencera en pdf \t\t<\/span>\n\t<\/a>\n<\/div>\n<\/div><\/div><div id=\"panel-4740-2-1-2\" class=\"so-panel widget widget_sow-editor panel-last-child\" data-index=\"4\" ><div\n\t\t\t\n\t\t\tclass=\"so-widget-sow-editor so-widget-sow-editor-base\"\n\t\t\t\n\t\t>\n<div class=\"siteorigin-widget-tinymce textwidget\">\n\t<p>&nbsp;<\/p>\n<p><span style=\"color: #009fe3;\"><strong>\u00cdndex<\/strong><\/span><\/p>\n<p><strong>EXCLUSI\u00d3 SOCIAL I SENSELLARISME<\/strong><\/p>\n<p style=\"padding-left: 30px;\"><a href=\"http:\/\/www.revistaalimara.net\/revista\/wp-content\/uploads\/2019\/02\/Revista-Alimara-60_Article-01.pdf\"><em>Estrat\u00e8gia d'atenci\u00f3 al sensellarisme a Mallorca. D'un problema de gesti\u00f3 a un problema amb soluci\u00f3<\/em><\/a><em><br \/>\n<\/em>Teresa Vallespir<\/p>\n<p style=\"padding-left: 30px;\"><a href=\"http:\/\/www.revistaalimara.net\/revista\/wp-content\/uploads\/2019\/02\/Revista-Alimara-60_Article-02.pdf\"><em>Exclusi\u00f3 social, sensellarisme i la Xarxa d'Inclusi\u00f3 Social de Mallorca<\/em><\/a><em><br \/>\n<\/em>Sebasti\u00e0 Cerd\u00e0 Compomar<\/p>\n<p style=\"padding-left: 30px;\"><em>Exclusi\u00f3 i Sensellarisme. Un fenomen global<br \/>\n<a href=\"http:\/\/www.revistaalimara.net\/revista\/wp-content\/uploads\/2019\/02\/Revista-Alimara-60_Article-03.pdf\">Catal\u00e0<\/a> \/ <a href=\"http:\/\/www.revistaalimara.net\/revista\/wp-content\/uploads\/2019\/02\/Revista-Alimara-60_Article-03_CAST.pdf\">castell\u00e0<\/a><br \/>\n<\/em>Patricia G\u00f3mez G\u00f3mez<\/p>\n<p><strong>LA XARXA D'INCLUSI\u00d3 SOCIAL<\/strong><\/p>\n<p style=\"padding-left: 30px;\"><a href=\"http:\/\/www.revistaalimara.net\/revista\/wp-content\/uploads\/2019\/02\/Revista-Alimara-60_Article-04.pdf\"><em>La import\u00e0ncia de la valoraci\u00f3 com a eix central de la Xarxa d\u2019Inclusi\u00f3 Social<\/em><\/a><em><br \/>\n<\/em>Francisca Sim\u00f3 Borr\u00e0s i Carme Estarelles Rullan<\/p>\n<p style=\"padding-left: 30px;\"><a href=\"http:\/\/www.revistaalimara.net\/revista\/wp-content\/uploads\/2019\/02\/Revista-Alimara-60_Article-05.pdf\"><em>El servei d\u2019allotjament alternatiu de baixa exig\u00e8ncia. Programa de suport a les necessitats b\u00e0siques de les persones usu\u00e0ries de Ca l\u2019Ardiaca<\/em><\/a><em><br \/>\n<\/em>Est\u00edbaliz Nanclares S\u00e1ez De C\u00e1mara, Dulce Jaume Zovko i Biel Gelabert Noguera<\/p>\n<p style=\"padding-left: 30px;\"><em>Valors i qualitat en el servei d\u2019acollida i d\u2019inserci\u00f3 per a persones en situaci\u00f3 d\u2019exclusi\u00f3 i consum de t\u00f2xics: el centre \"Sa Placeta\"<br \/>\n<\/em><em><a href=\"http:\/\/www.revistaalimara.net\/revista\/wp-content\/uploads\/2019\/02\/Revista-Alimara-60_Article-06.pdf\">Catal\u00e0<\/a> \/ <a href=\"http:\/\/www.revistaalimara.net\/revista\/wp-content\/uploads\/2019\/02\/Revista-Alimara-60_Article-06_CAST.pdf\">castell\u00e0<\/a><\/em><em><br \/>\n<\/em>Idoia Marug\u00e1n Flores<\/p>\n<p style=\"padding-left: 30px;\"><em><a href=\"http:\/\/www.revistaalimara.net\/revista\/wp-content\/uploads\/2019\/02\/Revista-Alimara-60_Article-07.pdf\">El centre Casa de Fam\u00edlia. Quan l\u2019exclusi\u00f3 social s\u2019envelleix i els cossos i les \u00e0nimes tamb\u00e9<\/a><br \/>\n<\/em>Ant\u00f2nia Bestard Pareja<\/p>\n<p style=\"padding-left: 30px;\"><em><a href=\"http:\/\/www.revistaalimara.net\/revista\/wp-content\/uploads\/2019\/02\/Revista-Alimara-60_Article-08.pdf\">Unitat M\u00f2bil d\u2019Emerg\u00e8ncia Social, el carrer \u00e9s el darrer lloc on arribar<\/a><br \/>\n<\/em>Margalida Plaza Cabot<\/p>\n<p style=\"padding-left: 30px;\"><em><a href=\"http:\/\/www.revistaalimara.net\/revista\/wp-content\/uploads\/2019\/02\/Revista-Alimara-60_Article-09.pdf\">L\u2019alberg de Manacor. La descentralitzaci\u00f3 dels processos d\u2019inclusi\u00f3 social<\/a><br \/>\n<\/em>Noelia Hern\u00e1ndez, Aina Maria Llull i Rafel Sans\u00f3<\/p>\n<p style=\"padding-left: 30px;\"><em><a href=\"http:\/\/www.revistaalimara.net\/revista\/wp-content\/uploads\/2019\/02\/Revista-Alimara-60_Article-10.pdf\">Fam\u00edlies en risc: treball de prevenci\u00f3 per no aprofundir en l\u2019exclusi\u00f3 social. Un recurs espec\u00edfic, l\u2019espai d\u2019acollida Es Convent<\/a><br \/>\n<\/em>Immaculada Iglesias Barcel\u00f3<\/p>\n<p style=\"padding-left: 30px;\"><em><a href=\"http:\/\/www.revistaalimara.net\/revista\/wp-content\/uploads\/2019\/02\/Revista-Alimara-60_Article-11.pdf\">Servei de primera acollida. L\u2019amplitud de la porta s\u2019adapta a les necessitats m\u00e9s b\u00e0siques<\/a><br \/>\n<\/em>Toni Mascaraque Rojas<\/p>\n<p style=\"padding-left: 30px;\"><em><a href=\"http:\/\/www.revistaalimara.net\/revista\/wp-content\/uploads\/2019\/02\/Revista-Alimara-60_Article-12.pdf\">Generant oportunitats des del servei d\u2019inserci\u00f3 sociolaboral de la Xarxa d\u2019Inclusi\u00f3 Social de l\u2019IMAS<\/a><br \/>\n<\/em>Itziar Hortelano Paredes, Nicol\u00e1s Naury Wahnich, Mateu Barcel\u00f3 Sastre i Maria Jaume Jaume<\/p>\n<p style=\"padding-left: 30px;\"><em><a href=\"http:\/\/www.revistaalimara.net\/revista\/wp-content\/uploads\/2019\/02\/Revista-Alimara-60_Article-13.pdf\">El servei d\u2019acolliment per a persones adultes de l\u2019Ajuntament de Palma<\/a><br \/>\n<\/em>Catalina Juan Grau<\/p>\n<p style=\"padding-left: 30px;\"><em><a href=\"http:\/\/www.revistaalimara.net\/revista\/wp-content\/uploads\/2019\/02\/Revista-Alimara-60_Article-14.pdf\">La realitat de l'habitatge a Palma. Resposta municipal<\/a><br \/>\n<\/em>Catalina Juan Grau<\/p>\n<p style=\"padding-left: 30px;\"><em><a href=\"http:\/\/www.revistaalimara.net\/revista\/wp-content\/uploads\/2019\/02\/Revista-Alimara-60_Article-15.pdf\">Obrint Portes. Cap al dret de la salut de les persones sense llar<\/a><br \/>\n<\/em>Maria Molinero Delgado<\/p>\n<p style=\"padding-left: 30px;\"><em><a href=\"http:\/\/www.revistaalimara.net\/revista\/wp-content\/uploads\/2019\/02\/Revista-Alimara-60_Article-16.pdf\">Consideracions sobre l'exclusi\u00f3 extrema de <\/a><\/em><a href=\"http:\/\/www.revistaalimara.net\/revista\/wp-content\/uploads\/2019\/02\/Revista-Alimara-60_Article-12.pdf\">margin\u00e0lia<\/a><em><a href=\"http:\/\/www.revistaalimara.net\/revista\/wp-content\/uploads\/2019\/02\/Revista-Alimara-60_Article-12.pdf\"> estant<\/a><br \/>\n<\/em>Jaume Mateu i Mart\u00ed<\/p>\n<p style=\"padding-left: 30px;\"><em><a href=\"http:\/\/www.revistaalimara.net\/revista\/wp-content\/uploads\/2019\/02\/Revista-Alimara-60_Article-17.pdf\">Ca L'Arc\u00e0dia II, un refugi digne<\/a><br \/>\n<\/em>Fernando Cabrera Villalobos<\/p>\n<\/div>\n<\/div><\/div><\/div><\/div><div id=\"pg-4740-3\"  class=\"panel-grid panel-no-style\" ><div id=\"pgc-4740-3-0\"  class=\"panel-grid-cell\" ><div id=\"panel-4740-3-0-0\" class=\"so-panel widget widget_sow-headline panel-first-child panel-last-child\" data-index=\"5\" ><div\n\t\t\t\n\t\t\tclass=\"so-widget-sow-headline so-widget-sow-headline-default-2be1a85ec5f1-4740\"\n\t\t\t\n\t\t><div class=\"sow-headline-container \">\n\t\t\t\t\t\t<div class=\"decoration\">\n\t\t\t\t\t\t<div class=\"decoration-inside\"><\/div>\n\t\t\t\t\t<\/div>\n\t\t\t\t\t<\/div>\n<\/div><\/div><\/div><\/div><div id=\"pg-4740-4\"  class=\"panel-grid panel-no-style\" ><div id=\"pgc-4740-4-0\"  class=\"panel-grid-cell\" ><div id=\"panel-4740-4-0-0\" class=\"widget_text so-panel widget widget_custom_html panel-first-child panel-last-child\" data-index=\"6\" ><div class=\"textwidget custom-html-widget\"><div class=\"line\">\n\t\n<\/div><\/div><\/div><\/div><\/div><\/div>","protected":false},"excerpt":{"rendered":"<p>ArticlesDescarrega&#8217;t aqu\u00ed les versions en PDF del articles de la revista Alimara. Gener 2019 N\u00daMERO 60 Descarrega&#8217;t la revista sencera en pdf &nbsp; \u00cdndex EXCLUSI\u00d3 SOCIAL I SENSELLARISME Estrat\u00e8gia d&#8217;atenci\u00f3 al sensellarisme a Mallorca. D&#8217;un problema de gesti\u00f3 a un problema amb soluci\u00f3 Teresa Vallespir Exclusi\u00f3 social, sensellarisme i la Xarxa d&#8217;Inclusi\u00f3 Social de Mallorca [&hellip;]<\/p>\n","protected":false},"author":2,"featured_media":0,"parent":0,"menu_order":0,"comment_status":"closed","ping_status":"closed","template":"","meta":[],"_links":{"self":[{"href":"https:\/\/www.revistaalimara.net\/revista\/wp-json\/wp\/v2\/pages\/4740"}],"collection":[{"href":"https:\/\/www.revistaalimara.net\/revista\/wp-json\/wp\/v2\/pages"}],"about":[{"href":"https:\/\/www.revistaalimara.net\/revista\/wp-json\/wp\/v2\/types\/page"}],"author":[{"embeddable":true,"href":"https:\/\/www.revistaalimara.net\/revista\/wp-json\/wp\/v2\/users\/2"}],"replies":[{"embeddable":true,"href":"https:\/\/www.revistaalimara.net\/revista\/wp-json\/wp\/v2\/comments?post=4740"}],"version-history":[{"count":38,"href":"https:\/\/www.revistaalimara.net\/revista\/wp-json\/wp\/v2\/pages\/4740\/revisions"}],"predecessor-version":[{"id":4832,"href":"https:\/\/www.revistaalimara.net\/revista\/wp-json\/wp\/v2\/pages\/4740\/revisions\/4832"}],"wp:attachment":[{"href":"https:\/\/www.revistaalimara.net\/revista\/wp-json\/wp\/v2\/media?parent=4740"}],"curies":[{"name":"wp","href":"https:\/\/api.w.org\/{rel}","templated":true}]}}