{"id":4231,"date":"2019-08-21T13:32:49","date_gmt":"2019-08-21T11:32:49","guid":{"rendered":"http:\/\/www.revistaalimara.net\/revista\/?page_id=4231"},"modified":"2021-04-23T07:53:33","modified_gmt":"2021-04-23T06:53:33","slug":"epoca-5_suplement-53","status":"publish","type":"page","link":"https:\/\/www.revistaalimara.net\/revista\/epoca-5_suplement-53\/","title":{"rendered":"\u00c8poca 5_Suplement 53"},"content":{"rendered":"<div id=\"pl-4231\"  class=\"panel-layout\" ><div id=\"pg-4231-0\"  class=\"panel-grid panel-has-style\" ><div class=\"siteorigin-panels-stretch panel-row-style panel-row-style-for-4231-0\" data-stretch-type=\"full-stretched-padded\" ><div id=\"pgc-4231-0-0\"  class=\"panel-grid-cell\" ><div id=\"panel-4231-0-0-0\" class=\"so-panel widget widget_sow-headline panel-first-child panel-last-child\" data-index=\"0\" ><div\n\t\t\t\n\t\t\tclass=\"so-widget-sow-headline so-widget-sow-headline-default-7623362f815e-4231\"\n\t\t\t\n\t\t><div class=\"sow-headline-container \">\n\t<h1 class='sow-headline'>Articles<\/h1><h3 class='sow-sub-headline'>Descarrega't aqu\u00ed les versions en PDF del articles de la revista<\/h3><\/div>\n<\/div><\/div><\/div><\/div><\/div><div id=\"pg-4231-1\"  class=\"panel-grid panel-has-style\" ><div class=\"panel-row-style panel-row-style-for-4231-1\" ><div id=\"pgc-4231-1-0\"  class=\"panel-grid-cell panel-grid-cell-empty\" ><\/div><\/div><\/div><div id=\"pg-4231-2\"  class=\"panel-grid panel-no-style\" ><div id=\"pgc-4231-2-0\"  class=\"panel-grid-cell\" ><div id=\"panel-4231-2-0-0\" class=\"so-panel widget widget_media_gallery panel-first-child panel-last-child\" data-index=\"1\" >\n\t\t<style type=\"text\/css\">\n\t\t\t#gallery-1 {\n\t\t\t\tmargin: auto;\n\t\t\t}\n\t\t\t#gallery-1 .gallery-item {\n\t\t\t\tfloat: left;\n\t\t\t\tmargin-top: 10px;\n\t\t\t\ttext-align: center;\n\t\t\t\twidth: 100%;\n\t\t\t}\n\t\t\t#gallery-1 img {\n\t\t\t\tborder: 2px solid #cfcfcf;\n\t\t\t}\n\t\t\t#gallery-1 .gallery-caption {\n\t\t\t\tmargin-left: 0;\n\t\t\t}\n\t\t\t\/* see gallery_shortcode() in wp-includes\/media.php *\/\n\t\t<\/style>\n\t\t<div id='gallery-1' class='gallery galleryid-4231 gallery-columns-1 gallery-size-large'><dl class='gallery-item'>\n\t\t\t<dt class='gallery-icon portrait'>\n\t\t\t\t<a href='https:\/\/www.revistaalimara.net\/revista\/wp-content\/uploads\/2019\/03\/PORTADA_num.53_INDEX_miscel\u00b7l\u00e0nia.jpg'><img width=\"202\" height=\"300\" src=\"https:\/\/www.revistaalimara.net\/revista\/wp-content\/uploads\/2019\/03\/PORTADA_num.53_INDEX_miscel\u00b7l\u00e0nia.jpg\" class=\"attachment-large size-large\" alt=\"\" decoding=\"async\" loading=\"lazy\" \/><\/a>\n\t\t\t<\/dt><\/dl><br style=\"clear: both\" \/>\n\t\t<\/div>\n<\/div><\/div><div id=\"pgc-4231-2-1\"  class=\"panel-grid-cell\" ><div id=\"panel-4231-2-1-0\" class=\"so-panel widget widget_sow-editor panel-first-child\" data-index=\"2\" ><div\n\t\t\t\n\t\t\tclass=\"so-widget-sow-editor so-widget-sow-editor-base\"\n\t\t\t\n\t\t>\n<div class=\"siteorigin-widget-tinymce textwidget\">\n\t<h6>Alimara. Any 2010<\/h6>\n<h3>SUPLEMENT N\u00daM. 53<\/h3>\n<\/div>\n<\/div><\/div><div id=\"panel-4231-2-1-1\" class=\"so-panel widget widget_sow-button\" data-index=\"3\" ><div\n\t\t\t\n\t\t\tclass=\"so-widget-sow-button so-widget-sow-button-atom-8294661747ec-4231\"\n\t\t\t\n\t\t><div class=\"ow-button-base ow-button-align-left\">\n\t<a\n\thref=\"http:\/\/www.revistaalimara.net\/revista\/wp-content\/uploads\/2019\/03\/SUPLEMENT_num.53_miscel\u00b7l\u00e0nia.pdf\"\n\t\tclass=\"download ow-icon-placement-left ow-button-hover\" target=\"_blank\" rel=\"noopener noreferrer\" \t>\n\t\t<span>\n\t\t\t<span class=\"sow-icon-fontawesome sow-far\" data-sow-icon=\"&#xf1c1;\"\n\t\tstyle=\"\" \n\t\taria-hidden=\"true\"><\/span>\n\t\t\tDescarrega't el suplement en pdf\t\t<\/span>\n\t<\/a>\n<\/div>\n<\/div><\/div><div id=\"panel-4231-2-1-2\" class=\"so-panel widget widget_sow-editor panel-last-child\" data-index=\"4\" ><div\n\t\t\t\n\t\t\tclass=\"so-widget-sow-editor so-widget-sow-editor-base\"\n\t\t\t\n\t\t>\n<div class=\"siteorigin-widget-tinymce textwidget\">\n\t<p>&nbsp;<\/p>\n<p><span style=\"color: #009fe3;\"><strong>\u00cdndex<\/strong><\/span><\/p>\n<p style=\"padding-left: 30px;\"><a href=\"http:\/\/www.revistaalimara.net\/revista\/wp-content\/uploads\/2019\/08\/Article_SUPLEMENT_num.53_miscel\u00b7l\u00e0nia_Iria-Sanz.pdf\"><em>Certificaci\u00f3 del Servei d'Ajuda a Domicili sota la Norma UNE158301.<\/em><\/a><em><br \/>\n<\/em>Iria Sanz V\u00e1zquez (responsable de Qualitat d'INTRESS)<\/p>\n<p style=\"padding-left: 30px;\"><a href=\"http:\/\/www.revistaalimara.net\/revista\/wp-content\/uploads\/2019\/08\/Article_SUPLEMENT_num.53_miscel\u00b7l\u00e0nia_Rosa-Gonzalez.pdf\"><em>Els projectes migratoris de les dones. No s'han quedat a casa.<\/em><\/a><em><br \/>\n<\/em>Rosa Gonz\u00e1lez (Cap Centre Municipal de Serveis Socials Est de l'Aj. de Palma)<\/p>\n<p style=\"padding-left: 30px;\"><a href=\"http:\/\/www.revistaalimara.net\/revista\/wp-content\/uploads\/2019\/08\/Article_SUPLEMENT_num.53_miscel\u00b7l\u00e0nia_Departament-de-Benestar-Social.pdf\"><em>Premis Consell de Mallorca a la Solidaritat 2009.<\/em><\/a><em><br \/>\n<\/em>Departament de Benestar Social<\/p>\n<p style=\"padding-left: 30px;\"><a href=\"http:\/\/www.revistaalimara.net\/revista\/wp-content\/uploads\/2019\/08\/Article_SUPLEMENT_num.53_miscel\u00b7l\u00e0nia_M-antonia-Ramis.pdf\"><em>I Jornades sobre acollida de persones nouvigudes.<\/em><\/a><em><br \/>\n<\/em>M. Ant\u00f2nia Ramis Sastre (responsable de la Secci\u00f3 de Dinamitzaci\u00f3 Ling\u00fc\u00edstica del Consell de Mallorca)<\/p>\n<\/div>\n<\/div><\/div><\/div><\/div><div id=\"pg-4231-3\"  class=\"panel-grid panel-has-style\" ><div class=\"siteorigin-panels-stretch panel-row-style panel-row-style-for-4231-3\" data-stretch-type=\"full-stretched-padded\" ><div id=\"pgc-4231-3-0\"  class=\"panel-grid-cell\" ><div id=\"panel-4231-3-0-0\" class=\"so-panel widget widget_sow-headline panel-first-child panel-last-child\" data-index=\"5\" ><div\n\t\t\t\n\t\t\tclass=\"so-widget-sow-headline so-widget-sow-headline-default-7623362f815e-4231\"\n\t\t\t\n\t\t><div class=\"sow-headline-container \">\n\t<\/div>\n<\/div><\/div><\/div><\/div><\/div><div id=\"pg-4231-4\"  class=\"panel-grid panel-has-style\" ><div class=\"panel-row-style panel-row-style-for-4231-4\" ><div id=\"pgc-4231-4-0\"  class=\"panel-grid-cell panel-grid-cell-empty\" ><\/div><\/div><\/div><div id=\"pg-4231-5\"  class=\"panel-grid panel-no-style\" ><div id=\"pgc-4231-5-0\"  class=\"panel-grid-cell\" ><div id=\"panel-4231-5-0-0\" class=\"widget_text so-panel widget widget_custom_html panel-first-child panel-last-child\" data-index=\"6\" ><div class=\"textwidget custom-html-widget\"><div class=\"line\">\n\t\n<\/div><\/div><\/div><\/div><\/div><\/div>","protected":false},"excerpt":{"rendered":"<p>ArticlesDescarrega&#8217;t aqu\u00ed les versions en PDF del articles de la revista Alimara. Any 2010 SUPLEMENT N\u00daM. 53 Descarrega&#8217;t el suplement en pdf &nbsp; \u00cdndex Certificaci\u00f3 del Servei d&#8217;Ajuda a Domicili sota la Norma UNE158301. Iria Sanz V\u00e1zquez (responsable de Qualitat d&#8217;INTRESS) Els projectes migratoris de les dones. No s&#8217;han quedat a casa. Rosa Gonz\u00e1lez (Cap [&hellip;]<\/p>\n","protected":false},"author":2,"featured_media":0,"parent":0,"menu_order":0,"comment_status":"closed","ping_status":"closed","template":"","meta":[],"_links":{"self":[{"href":"https:\/\/www.revistaalimara.net\/revista\/wp-json\/wp\/v2\/pages\/4231"}],"collection":[{"href":"https:\/\/www.revistaalimara.net\/revista\/wp-json\/wp\/v2\/pages"}],"about":[{"href":"https:\/\/www.revistaalimara.net\/revista\/wp-json\/wp\/v2\/types\/page"}],"author":[{"embeddable":true,"href":"https:\/\/www.revistaalimara.net\/revista\/wp-json\/wp\/v2\/users\/2"}],"replies":[{"embeddable":true,"href":"https:\/\/www.revistaalimara.net\/revista\/wp-json\/wp\/v2\/comments?post=4231"}],"version-history":[{"count":2,"href":"https:\/\/www.revistaalimara.net\/revista\/wp-json\/wp\/v2\/pages\/4231\/revisions"}],"predecessor-version":[{"id":4237,"href":"https:\/\/www.revistaalimara.net\/revista\/wp-json\/wp\/v2\/pages\/4231\/revisions\/4237"}],"wp:attachment":[{"href":"https:\/\/www.revistaalimara.net\/revista\/wp-json\/wp\/v2\/media?parent=4231"}],"curies":[{"name":"wp","href":"https:\/\/api.w.org\/{rel}","templated":true}]}}