{"id":4182,"date":"2019-08-21T12:29:15","date_gmt":"2019-08-21T10:29:15","guid":{"rendered":"http:\/\/www.revistaalimara.net\/revista\/?page_id=4182"},"modified":"2021-04-23T07:53:33","modified_gmt":"2021-04-23T06:53:33","slug":"epoca-5_suplement-50","status":"publish","type":"page","link":"https:\/\/www.revistaalimara.net\/revista\/epoca-5_suplement-50\/","title":{"rendered":"\u00c8poca 5_Suplement 50"},"content":{"rendered":"<div id=\"pl-4182\"  class=\"panel-layout\" ><div id=\"pg-4182-0\"  class=\"panel-grid panel-has-style\" ><div class=\"siteorigin-panels-stretch panel-row-style panel-row-style-for-4182-0\" data-stretch-type=\"full-stretched-padded\" ><div id=\"pgc-4182-0-0\"  class=\"panel-grid-cell\" ><div id=\"panel-4182-0-0-0\" class=\"so-panel widget widget_sow-headline panel-first-child panel-last-child\" data-index=\"0\" ><div\n\t\t\t\n\t\t\tclass=\"so-widget-sow-headline so-widget-sow-headline-default-7623362f815e-4182\"\n\t\t\t\n\t\t><div class=\"sow-headline-container \">\n\t<h1 class='sow-headline'>Articles<\/h1><h3 class='sow-sub-headline'>Descarrega't aqu\u00ed les versions en PDF del articles de la revista<\/h3><\/div>\n<\/div><\/div><\/div><\/div><\/div><div id=\"pg-4182-1\"  class=\"panel-grid panel-has-style\" ><div class=\"panel-row-style panel-row-style-for-4182-1\" ><div id=\"pgc-4182-1-0\"  class=\"panel-grid-cell panel-grid-cell-empty\" ><\/div><\/div><\/div><div id=\"pg-4182-2\"  class=\"panel-grid panel-no-style\" ><div id=\"pgc-4182-2-0\"  class=\"panel-grid-cell\" ><div id=\"panel-4182-2-0-0\" class=\"so-panel widget widget_media_gallery panel-first-child panel-last-child\" data-index=\"1\" >\n\t\t<style type=\"text\/css\">\n\t\t\t#gallery-1 {\n\t\t\t\tmargin: auto;\n\t\t\t}\n\t\t\t#gallery-1 .gallery-item {\n\t\t\t\tfloat: left;\n\t\t\t\tmargin-top: 10px;\n\t\t\t\ttext-align: center;\n\t\t\t\twidth: 100%;\n\t\t\t}\n\t\t\t#gallery-1 img {\n\t\t\t\tborder: 2px solid #cfcfcf;\n\t\t\t}\n\t\t\t#gallery-1 .gallery-caption {\n\t\t\t\tmargin-left: 0;\n\t\t\t}\n\t\t\t\/* see gallery_shortcode() in wp-includes\/media.php *\/\n\t\t<\/style>\n\t\t<div id='gallery-1' class='gallery galleryid-4182 gallery-columns-1 gallery-size-large'><dl class='gallery-item'>\n\t\t\t<dt class='gallery-icon portrait'>\n\t\t\t\t<a href='https:\/\/www.revistaalimara.net\/revista\/wp-content\/uploads\/2019\/03\/PORTADA_num.50_INDEX_miscel\u00b7l\u00e0nia.jpg'><img width=\"202\" height=\"300\" src=\"https:\/\/www.revistaalimara.net\/revista\/wp-content\/uploads\/2019\/03\/PORTADA_num.50_INDEX_miscel\u00b7l\u00e0nia.jpg\" class=\"attachment-large size-large\" alt=\"\" decoding=\"async\" loading=\"lazy\" \/><\/a>\n\t\t\t<\/dt><\/dl><br style=\"clear: both\" \/>\n\t\t<\/div>\n<\/div><\/div><div id=\"pgc-4182-2-1\"  class=\"panel-grid-cell\" ><div id=\"panel-4182-2-1-0\" class=\"so-panel widget widget_sow-editor panel-first-child\" data-index=\"2\" ><div\n\t\t\t\n\t\t\tclass=\"so-widget-sow-editor so-widget-sow-editor-base\"\n\t\t\t\n\t\t>\n<div class=\"siteorigin-widget-tinymce textwidget\">\n\t<h6>Alimara. Any 2007\/2008<\/h6>\n<h3>SUPLEMENT N\u00daM. 50<\/h3>\n<\/div>\n<\/div><\/div><div id=\"panel-4182-2-1-1\" class=\"so-panel widget widget_sow-button\" data-index=\"3\" ><div\n\t\t\t\n\t\t\tclass=\"so-widget-sow-button so-widget-sow-button-atom-8294661747ec-4182\"\n\t\t\t\n\t\t><div class=\"ow-button-base ow-button-align-left\">\n\t<a\n\thref=\"http:\/\/www.revistaalimara.net\/revista\/wp-content\/uploads\/2019\/03\/SUPLIMENT_num.50_miscel\u00b7l\u00e0nia.pdf\"\n\t\tclass=\"download ow-icon-placement-left ow-button-hover\" target=\"_blank\" rel=\"noopener noreferrer\" \t>\n\t\t<span>\n\t\t\t<span class=\"sow-icon-fontawesome sow-far\" data-sow-icon=\"&#xf1c1;\"\n\t\tstyle=\"\" \n\t\taria-hidden=\"true\"><\/span>\n\t\t\tDescarrega't el suplement en pdf\t\t<\/span>\n\t<\/a>\n<\/div>\n<\/div><\/div><div id=\"panel-4182-2-1-2\" class=\"so-panel widget widget_sow-editor panel-last-child\" data-index=\"4\" ><div\n\t\t\t\n\t\t\tclass=\"so-widget-sow-editor so-widget-sow-editor-base\"\n\t\t\t\n\t\t>\n<div class=\"siteorigin-widget-tinymce textwidget\">\n\t<p>&nbsp;<\/p>\n<p><span style=\"color: #009fe3;\"><strong>\u00cdndex<\/strong><\/span><\/p>\n<p style=\"padding-left: 30px;\"><a href=\"http:\/\/www.revistaalimara.net\/revista\/wp-content\/uploads\/2019\/08\/Article_SUPLIMENT_num.50_miscel\u00b7l\u00e0nia_Jaume-Mateu.pdf\"><em>En el 21\u00e8 aniversari del naixement de la revista Alimara.<\/em><\/a><em><br \/>\n<\/em>Jaume Mateu i Mart\u00ed (Biblioteca i Documentaci\u00f3. IMAS)<\/p>\n<p style=\"padding-left: 30px;\"><a href=\"http:\/\/www.revistaalimara.net\/revista\/wp-content\/uploads\/2019\/08\/Article_SUPLIMENT_num.50_miscel\u00b7l\u00e0nia_Registre-Voluntats-Anticipades-de-Balears.pdf\"><em>Despr\u00e9s d'un any de funcionament, 270 persones ha fet el testament vital.<\/em><\/a><em><br \/>\n<\/em>Registre de Voluntats anticipades de Balears<\/p>\n<p style=\"padding-left: 30px;\"><a href=\"http:\/\/www.revistaalimara.net\/revista\/wp-content\/uploads\/2019\/08\/Article_SUPLIMENT_num.50_miscel\u00b7l\u00e0nia_M-Concepcion-Casado.pdf\"><em>Reflexions i pluja d'idees sobre la situaci\u00f3 actual i el futur dels serveis socials en els municipis de la Part Forana.<\/em><\/a><em><br \/>\n<\/em>M\u00aa Concepci\u00f3n Casado Mena (Treballadora Social. Cap de Servei de Tercera Edat, Serveis Socials i Sanitat de l'Ajuntament de Calvi\u00e0)<\/p>\n<p style=\"padding-left: 30px;\"><a href=\"http:\/\/www.revistaalimara.net\/revista\/wp-content\/uploads\/2019\/08\/Article_SUPLIMENT_num.50_miscel\u00b7l\u00e0nia_Aj-Porreres.pdf\"><em>Els serveis socials de Porreres.<\/em><\/a><em><br \/>\n<\/em>Ajuntament de Porreres<\/p>\n<p style=\"padding-left: 30px;\"><em><a href=\"http:\/\/www.revistaalimara.net\/revista\/wp-content\/uploads\/2019\/08\/Article_SUPLIMENT_num.50_miscel\u00b7l\u00e0nia_Jaume-Garau.pdf\">Estrat\u00e8gia de l'Institut Mallorqu\u00ed d'Afers Socials (IMAS) Jornada sobre el futur dels serveis socials a Mallorca. Palma 12 de mar\u00e7 de 2008.<\/a><br \/>\n<\/em>Jaume Garau. Conseller executiu de Benestar Social del Consell de Mallorca i president de l'IMAS<\/p>\n<p style=\"padding-left: 30px;\"><a href=\"http:\/\/www.revistaalimara.net\/revista\/wp-content\/uploads\/2019\/08\/Article_SUPLIMENT_num.50_miscel\u00b7l\u00e0nia_Obra-Social-La-Caixa.pdf\"><em>Programa socials a les Illes Balears.<\/em><\/a><em><br \/>\n<\/em>Obra Social de 'la Caixa'<\/p>\n<p style=\"padding-left: 30px;\"><em><a href=\"http:\/\/www.revistaalimara.net\/revista\/wp-content\/uploads\/2019\/08\/Article_SUPLIMENT_num.50_miscel\u00b7l\u00e0nia_M-Dulce-Fontanals.pdf\">Iniciativa privada i serveis socials. Jornada sobre el futur dels serveis socials de Mallorca 12 de mar\u00e7 de 2008.<\/a><br \/>\n<\/em>M\u00aa Dulce Fontanals (Directora Fundaci\u00f3 SAR)<\/p>\n<p style=\"padding-left: 30px;\"><em><a href=\"http:\/\/www.revistaalimara.net\/revista\/wp-content\/uploads\/2019\/08\/Article_SUPLIMENT_num.50_miscel\u00b7l\u00e0nia_Marta-Soler-Saquero.pdf\">El paper del tercer sector en els serveis socials. Jornada sobre el futur dels serveis socials de Mallorca 12 de mar\u00e7 de 2008.<\/a><br \/>\n<\/em>Marta Soler Saquero (Presidenta EAPN-IB)<\/p>\n<p style=\"padding-left: 30px;\"><a href=\"http:\/\/www.revistaalimara.net\/revista\/wp-content\/uploads\/2019\/08\/Article_SUPLIMENT_num.50_miscel\u00b7l\u00e0nia_Fundacio-Mambre.pdf\"><em>La Fundaci\u00f3 Mambr\u00e9<\/em><em>.<\/em><\/a><em><br \/>\n<\/em>Fundaci\u00f3 Mambr\u00e9<\/p>\n<p style=\"padding-left: 30px;\"><a href=\"http:\/\/www.revistaalimara.net\/revista\/wp-content\/uploads\/2019\/08\/Article_SUPLIMENT_num.50_miscel\u00b7l\u00e0nia_Fernando-Fantova.pdf\"><em>Situaci\u00f3 actual dels serveis socials: reptes estrat\u00e8gics en un moment clau<\/em><em>.<\/em><\/a><em><br \/>\n<\/em>Fernando Fantova (Consultor social)<\/p>\n<p style=\"padding-left: 30px;\"><a href=\"http:\/\/www.revistaalimara.net\/revista\/wp-content\/uploads\/2019\/08\/Article_SUPLIMENT_num.50_miscel\u00b7l\u00e0nia_Carles-Barba.pdf\"><em>L'articulaci\u00f3 del tercer sector social a Catalunya<\/em><em>.<\/em><\/a><em><br \/>\n<\/em>Carles Barba (President de la Taula d'Entitats del tercer sector social a Catalunya)<\/p>\n<\/div>\n<\/div><\/div><\/div><\/div><div id=\"pg-4182-3\"  class=\"panel-grid panel-has-style\" ><div class=\"siteorigin-panels-stretch panel-row-style panel-row-style-for-4182-3\" data-stretch-type=\"full-stretched-padded\" ><div id=\"pgc-4182-3-0\"  class=\"panel-grid-cell\" ><div id=\"panel-4182-3-0-0\" class=\"so-panel widget widget_sow-headline panel-first-child panel-last-child\" data-index=\"5\" ><div\n\t\t\t\n\t\t\tclass=\"so-widget-sow-headline so-widget-sow-headline-default-7623362f815e-4182\"\n\t\t\t\n\t\t><div class=\"sow-headline-container \">\n\t<\/div>\n<\/div><\/div><\/div><\/div><\/div><div id=\"pg-4182-4\"  class=\"panel-grid panel-has-style\" ><div class=\"panel-row-style panel-row-style-for-4182-4\" ><div id=\"pgc-4182-4-0\"  class=\"panel-grid-cell panel-grid-cell-empty\" ><\/div><\/div><\/div><div id=\"pg-4182-5\"  class=\"panel-grid panel-no-style\" ><div id=\"pgc-4182-5-0\"  class=\"panel-grid-cell\" ><div id=\"panel-4182-5-0-0\" class=\"widget_text so-panel widget widget_custom_html panel-first-child panel-last-child\" data-index=\"6\" ><div class=\"textwidget custom-html-widget\"><div class=\"line\">\n\t\n<\/div><\/div><\/div><\/div><\/div><\/div>","protected":false},"excerpt":{"rendered":"<p>ArticlesDescarrega&#8217;t aqu\u00ed les versions en PDF del articles de la revista Alimara. Any 2007\/2008 SUPLEMENT N\u00daM. 50 Descarrega&#8217;t el suplement en pdf &nbsp; \u00cdndex En el 21\u00e8 aniversari del naixement de la revista Alimara. Jaume Mateu i Mart\u00ed (Biblioteca i Documentaci\u00f3. IMAS) Despr\u00e9s d&#8217;un any de funcionament, 270 persones ha fet el testament vital. Registre [&hellip;]<\/p>\n","protected":false},"author":2,"featured_media":0,"parent":0,"menu_order":0,"comment_status":"closed","ping_status":"closed","template":"","meta":[],"_links":{"self":[{"href":"https:\/\/www.revistaalimara.net\/revista\/wp-json\/wp\/v2\/pages\/4182"}],"collection":[{"href":"https:\/\/www.revistaalimara.net\/revista\/wp-json\/wp\/v2\/pages"}],"about":[{"href":"https:\/\/www.revistaalimara.net\/revista\/wp-json\/wp\/v2\/types\/page"}],"author":[{"embeddable":true,"href":"https:\/\/www.revistaalimara.net\/revista\/wp-json\/wp\/v2\/users\/2"}],"replies":[{"embeddable":true,"href":"https:\/\/www.revistaalimara.net\/revista\/wp-json\/wp\/v2\/comments?post=4182"}],"version-history":[{"count":10,"href":"https:\/\/www.revistaalimara.net\/revista\/wp-json\/wp\/v2\/pages\/4182\/revisions"}],"predecessor-version":[{"id":4205,"href":"https:\/\/www.revistaalimara.net\/revista\/wp-json\/wp\/v2\/pages\/4182\/revisions\/4205"}],"wp:attachment":[{"href":"https:\/\/www.revistaalimara.net\/revista\/wp-json\/wp\/v2\/media?parent=4182"}],"curies":[{"name":"wp","href":"https:\/\/api.w.org\/{rel}","templated":true}]}}