{"id":4043,"date":"2019-08-20T13:21:04","date_gmt":"2019-08-20T11:21:04","guid":{"rendered":"http:\/\/www.revistaalimara.net\/revista\/?page_id=4043"},"modified":"2021-04-23T07:53:33","modified_gmt":"2021-04-23T06:53:33","slug":"epoca-5_57","status":"publish","type":"page","link":"https:\/\/www.revistaalimara.net\/revista\/epoca-5_57\/","title":{"rendered":"\u00c8poca 5_57"},"content":{"rendered":"<div id=\"pl-4043\"  class=\"panel-layout\" ><div id=\"pg-4043-0\"  class=\"panel-grid panel-has-style\" ><div class=\"siteorigin-panels-stretch panel-row-style panel-row-style-for-4043-0\" data-stretch-type=\"full-stretched-padded\" ><div id=\"pgc-4043-0-0\"  class=\"panel-grid-cell\" ><div id=\"panel-4043-0-0-0\" class=\"so-panel widget widget_sow-headline panel-first-child panel-last-child\" data-index=\"0\" ><div\n\t\t\t\n\t\t\tclass=\"so-widget-sow-headline so-widget-sow-headline-default-7623362f815e-4043\"\n\t\t\t\n\t\t><div class=\"sow-headline-container \">\n\t<h1 class='sow-headline'>Articles<\/h1><h3 class='sow-sub-headline'>Descarrega't aqu\u00ed les versions en PDF del articles de la revista<\/h3><\/div>\n<\/div><\/div><\/div><\/div><\/div><div id=\"pg-4043-1\"  class=\"panel-grid panel-has-style\" ><div class=\"panel-row-style panel-row-style-for-4043-1\" ><div id=\"pgc-4043-1-0\"  class=\"panel-grid-cell panel-grid-cell-empty\" ><\/div><\/div><\/div><div id=\"pg-4043-2\"  class=\"panel-grid panel-no-style\" ><div id=\"pgc-4043-2-0\"  class=\"panel-grid-cell\" ><div id=\"panel-4043-2-0-0\" class=\"so-panel widget widget_media_gallery panel-first-child panel-last-child\" data-index=\"1\" >\n\t\t<style type=\"text\/css\">\n\t\t\t#gallery-1 {\n\t\t\t\tmargin: auto;\n\t\t\t}\n\t\t\t#gallery-1 .gallery-item {\n\t\t\t\tfloat: left;\n\t\t\t\tmargin-top: 10px;\n\t\t\t\ttext-align: center;\n\t\t\t\twidth: 100%;\n\t\t\t}\n\t\t\t#gallery-1 img {\n\t\t\t\tborder: 2px solid #cfcfcf;\n\t\t\t}\n\t\t\t#gallery-1 .gallery-caption {\n\t\t\t\tmargin-left: 0;\n\t\t\t}\n\t\t\t\/* see gallery_shortcode() in wp-includes\/media.php *\/\n\t\t<\/style>\n\t\t<div id='gallery-1' class='gallery galleryid-4043 gallery-columns-1 gallery-size-large'><dl class='gallery-item'>\n\t\t\t<dt class='gallery-icon portrait'>\n\t\t\t\t<a href='https:\/\/www.revistaalimara.net\/revista\/wp-content\/uploads\/2019\/08\/Portada_num57.jpg'><img width=\"595\" height=\"841\" src=\"https:\/\/www.revistaalimara.net\/revista\/wp-content\/uploads\/2019\/08\/Portada_num57.jpg\" class=\"attachment-large size-large\" alt=\"\" decoding=\"async\" loading=\"lazy\" \/><\/a>\n\t\t\t<\/dt><\/dl><br style=\"clear: both\" \/>\n\t\t<\/div>\n<\/div><\/div><div id=\"pgc-4043-2-1\"  class=\"panel-grid-cell\" ><div id=\"panel-4043-2-1-0\" class=\"so-panel widget widget_sow-editor panel-first-child\" data-index=\"2\" ><div\n\t\t\t\n\t\t\tclass=\"so-widget-sow-editor so-widget-sow-editor-base\"\n\t\t\t\n\t\t>\n<div class=\"siteorigin-widget-tinymce textwidget\">\n\t<h6>Alimara. Desembre 2012<\/h6>\n<h3>N\u00daMERO 57<\/h3>\n<\/div>\n<\/div><\/div><div id=\"panel-4043-2-1-1\" class=\"so-panel widget widget_sow-button\" data-index=\"3\" ><div\n\t\t\t\n\t\t\tclass=\"so-widget-sow-button so-widget-sow-button-atom-8294661747ec-4043\"\n\t\t\t\n\t\t><div class=\"ow-button-base ow-button-align-left\">\n\t<a\n\thref=\"http:\/\/www.revistaalimara.net\/revista\/wp-content\/uploads\/2019\/08\/Revista-Alimara_num-57_Epoca-5.pdf\"\n\t\tclass=\"download ow-icon-placement-left ow-button-hover\" target=\"_blank\" rel=\"noopener noreferrer\" \t>\n\t\t<span>\n\t\t\t<span class=\"sow-icon-fontawesome sow-far\" data-sow-icon=\"&#xf1c1;\"\n\t\tstyle=\"\" \n\t\taria-hidden=\"true\"><\/span>\n\t\t\tDescarrega't la revista sencera en pdf \t\t<\/span>\n\t<\/a>\n<\/div>\n<\/div><\/div><div id=\"panel-4043-2-1-2\" class=\"so-panel widget widget_sow-editor panel-last-child\" data-index=\"4\" ><div\n\t\t\t\n\t\t\tclass=\"so-widget-sow-editor so-widget-sow-editor-base\"\n\t\t\t\n\t\t>\n<div class=\"siteorigin-widget-tinymce textwidget\">\n\t<p>&nbsp;<\/p>\n<p><span style=\"color: #009fe3;\"><strong>\u00cdndex<\/strong><\/span><\/p>\n<p style=\"padding-left: 30px;\"><a href=\"http:\/\/www.revistaalimara.net\/revista\/wp-content\/uploads\/2019\/08\/Article_Revista-Alimara_num-57_Joan-Escandell.pdf\"><em>Deu anys del programa Fam\u00edlies Cangur al Consell de Mallorca. Qu\u00e8 hi ha darrera les xifres?<\/em><\/a><em><br \/>\n<\/em>Joan Escandell Mayans<\/p>\n<p style=\"padding-left: 30px;\"><a href=\"http:\/\/www.revistaalimara.net\/revista\/wp-content\/uploads\/2019\/08\/Article_Revista-Alimara_num-57_Manuel-Gordo.pdf\"><em>L'acolliment familiar dins una actuaci\u00f3 ecol\u00f2gica i comunit\u00e0ria en l'a<\/em><em>tenci\u00f3 a la inf\u00e0ncia.<\/em><\/a><em><br \/>\n<\/em>Manuel Gordo Sevilla<\/p>\n<p style=\"padding-left: 30px;\"><a href=\"http:\/\/www.revistaalimara.net\/revista\/wp-content\/uploads\/2019\/08\/Article_Revista-Alimara_num-57_Jose-Diaz.pdf\"><em>Tornar a comen\u00e7ar. El final dels acolliments familiars.<\/em><\/a><em><br \/>\n<\/em>Jos\u00e9 D\u00edaz Cappa<\/p>\n<p style=\"padding-left: 30px;\"><a href=\"http:\/\/www.revistaalimara.net\/revista\/wp-content\/uploads\/2019\/08\/Article_Revista-Alimara_num-57_Maica-Mui\u00f1os.pdf\"><em>Una ullada a l'acolliment des de l'equip de suport.<\/em><\/a><em><br \/>\n<\/em>Maica Mui\u00f1os<\/p>\n<p style=\"padding-left: 30px;\"><em><a href=\"http:\/\/www.revistaalimara.net\/revista\/wp-content\/uploads\/2019\/08\/Article_Revista-Alimara_num-57_Ricardo-Lucas-Casado.pdf\">La captaci\u00f3 en models d'acolliment familiar voluntari.<\/a><br \/>\n<\/em>Ricardo-Lucas Casad\u00f3 Tar\u00edn<\/p>\n<p style=\"padding-left: 30px;\"><a href=\"http:\/\/www.revistaalimara.net\/revista\/wp-content\/uploads\/2019\/08\/Article_Revista-Alimara_num-57_Jose-Maria-Rodriguez.pdf\"><em>Reptes i dilemes en acolliment familiar. El suport psicoterap\u00e8utic en fam\u00edlies acollidores.<\/em><\/a><em><br \/>\n<\/em>Jos\u00e9 Mar\u00eda Rodr\u00edguez de Castro<\/p>\n<p style=\"padding-left: 30px;\"><em><a href=\"http:\/\/www.revistaalimara.net\/revista\/wp-content\/uploads\/2019\/08\/Article_Revista-Alimara_num-57_Eva-Maria-Munoz_Montserrat-Germain_Maria-Angeles-Valles_Pere-Fullana_Juan-Carlos-Alba.pdf\">Vincle, afecci\u00f3 i acolliment familiar temporal.<\/a><br \/>\n<\/em>Eva Mar\u00eda Mu\u00f1oz Santos, Montserrat Germain Ariso, Mar\u00eda \u00c1ngeles Vall\u00e9s Bustamante, Pere Fullana Faconer i Juan Carlos Alba Mel\u00e9ndez<\/p>\n<p style=\"padding-left: 30px;\"><em><a href=\"http:\/\/www.revistaalimara.net\/revista\/wp-content\/uploads\/2019\/08\/Article_Revista-Alimara_num-57_-Amoros_Balsells_Fuentes-Pelaez_Mateos_Cruz_Mundel_Pastor_Vaquero.pdf\">El suport a la fam\u00edlia biol\u00f2gica, un factor b\u00e0sic per a la reunificaci\u00f3 en els acolliments familiars i residencials.<\/a><br \/>\n<\/em>Pere Amor\u00f3s, M. \u00c0ngels Balsells, N\u00faria Fuentes-Pel\u00e1ez, Ainoa Mateo, M. Cruz Molina, Anna Mundel, Crescencia Pastor i Eduard Vaquero<\/p>\n<p style=\"padding-left: 30px;\"><a href=\"http:\/\/www.revistaalimara.net\/revista\/wp-content\/uploads\/2019\/08\/Article_Revista-Alimara_num-57_Carmen-Artero.pdf\"><em>Fam\u00edlia d'acollida: una nova forma de vida.<\/em><\/a><em><br \/>\n<\/em>Carmen Artero<\/p>\n<p style=\"padding-left: 30px;\"><a href=\"http:\/\/www.revistaalimara.net\/revista\/wp-content\/uploads\/2019\/08\/Article_Revista-Alimara_num-57_Joan-Ferrer_Margarita-Lafuente.pdf\"><em>\"Vols compartir la teva fam\u00edlia?\".<\/em><\/a><em><br \/>\n<\/em>Joan Ferrer i Margarita Lafuente<\/p>\n<\/div>\n<\/div><\/div><\/div><\/div><div id=\"pg-4043-3\"  class=\"panel-grid panel-has-style\" ><div class=\"siteorigin-panels-stretch panel-row-style panel-row-style-for-4043-3\" data-stretch-type=\"full-stretched-padded\" ><div id=\"pgc-4043-3-0\"  class=\"panel-grid-cell\" ><div id=\"panel-4043-3-0-0\" class=\"so-panel widget widget_sow-headline panel-first-child panel-last-child\" data-index=\"5\" ><div\n\t\t\t\n\t\t\tclass=\"so-widget-sow-headline so-widget-sow-headline-default-7623362f815e-4043\"\n\t\t\t\n\t\t><div class=\"sow-headline-container \">\n\t<\/div>\n<\/div><\/div><\/div><\/div><\/div><div id=\"pg-4043-4\"  class=\"panel-grid panel-has-style\" ><div class=\"panel-row-style panel-row-style-for-4043-4\" ><div id=\"pgc-4043-4-0\"  class=\"panel-grid-cell panel-grid-cell-empty\" ><\/div><\/div><\/div><div id=\"pg-4043-5\"  class=\"panel-grid panel-no-style\" ><div id=\"pgc-4043-5-0\"  class=\"panel-grid-cell\" ><div id=\"panel-4043-5-0-0\" class=\"widget_text so-panel widget widget_custom_html panel-first-child panel-last-child\" data-index=\"6\" ><div class=\"textwidget custom-html-widget\"><div class=\"line\">\n\t\n<\/div><\/div><\/div><\/div><\/div><\/div>","protected":false},"excerpt":{"rendered":"<p>ArticlesDescarrega&#8217;t aqu\u00ed les versions en PDF del articles de la revista Alimara. Desembre 2012 N\u00daMERO 57 Descarrega&#8217;t la revista sencera en pdf &nbsp; \u00cdndex Deu anys del programa Fam\u00edlies Cangur al Consell de Mallorca. Qu\u00e8 hi ha darrera les xifres? Joan Escandell Mayans L&#8217;acolliment familiar dins una actuaci\u00f3 ecol\u00f2gica i comunit\u00e0ria en l&#8217;atenci\u00f3 a la [&hellip;]<\/p>\n","protected":false},"author":2,"featured_media":0,"parent":0,"menu_order":0,"comment_status":"closed","ping_status":"closed","template":"","meta":[],"_links":{"self":[{"href":"https:\/\/www.revistaalimara.net\/revista\/wp-json\/wp\/v2\/pages\/4043"}],"collection":[{"href":"https:\/\/www.revistaalimara.net\/revista\/wp-json\/wp\/v2\/pages"}],"about":[{"href":"https:\/\/www.revistaalimara.net\/revista\/wp-json\/wp\/v2\/types\/page"}],"author":[{"embeddable":true,"href":"https:\/\/www.revistaalimara.net\/revista\/wp-json\/wp\/v2\/users\/2"}],"replies":[{"embeddable":true,"href":"https:\/\/www.revistaalimara.net\/revista\/wp-json\/wp\/v2\/comments?post=4043"}],"version-history":[{"count":4,"href":"https:\/\/www.revistaalimara.net\/revista\/wp-json\/wp\/v2\/pages\/4043\/revisions"}],"predecessor-version":[{"id":4162,"href":"https:\/\/www.revistaalimara.net\/revista\/wp-json\/wp\/v2\/pages\/4043\/revisions\/4162"}],"wp:attachment":[{"href":"https:\/\/www.revistaalimara.net\/revista\/wp-json\/wp\/v2\/media?parent=4043"}],"curies":[{"name":"wp","href":"https:\/\/api.w.org\/{rel}","templated":true}]}}