{"id":4021,"date":"2019-08-20T11:58:26","date_gmt":"2019-08-20T09:58:26","guid":{"rendered":"http:\/\/www.revistaalimara.net\/revista\/?page_id=4021"},"modified":"2021-04-23T07:54:12","modified_gmt":"2021-04-23T06:54:12","slug":"epoca-5_54","status":"publish","type":"page","link":"https:\/\/www.revistaalimara.net\/revista\/epoca-5_54\/","title":{"rendered":"\u00c8poca 5_54"},"content":{"rendered":"<div id=\"pl-4021\"  class=\"panel-layout\" ><div id=\"pg-4021-0\"  class=\"panel-grid panel-has-style\" ><div class=\"siteorigin-panels-stretch panel-row-style panel-row-style-for-4021-0\" data-stretch-type=\"full-stretched-padded\" ><div id=\"pgc-4021-0-0\"  class=\"panel-grid-cell\" ><div id=\"panel-4021-0-0-0\" class=\"so-panel widget widget_sow-headline panel-first-child panel-last-child\" data-index=\"0\" ><div\n\t\t\t\n\t\t\tclass=\"so-widget-sow-headline so-widget-sow-headline-default-7623362f815e-4021\"\n\t\t\t\n\t\t><div class=\"sow-headline-container \">\n\t<h1 class='sow-headline'>Articles<\/h1><h3 class='sow-sub-headline'>Descarrega't aqu\u00ed les versions en PDF del articles de la revista<\/h3><\/div>\n<\/div><\/div><\/div><\/div><\/div><div id=\"pg-4021-1\"  class=\"panel-grid panel-has-style\" ><div class=\"panel-row-style panel-row-style-for-4021-1\" ><div id=\"pgc-4021-1-0\"  class=\"panel-grid-cell panel-grid-cell-empty\" ><\/div><\/div><\/div><div id=\"pg-4021-2\"  class=\"panel-grid panel-no-style\" ><div id=\"pgc-4021-2-0\"  class=\"panel-grid-cell\" ><div id=\"panel-4021-2-0-0\" class=\"so-panel widget widget_media_gallery panel-first-child panel-last-child\" data-index=\"1\" >\n\t\t<style type=\"text\/css\">\n\t\t\t#gallery-1 {\n\t\t\t\tmargin: auto;\n\t\t\t}\n\t\t\t#gallery-1 .gallery-item {\n\t\t\t\tfloat: left;\n\t\t\t\tmargin-top: 10px;\n\t\t\t\ttext-align: center;\n\t\t\t\twidth: 100%;\n\t\t\t}\n\t\t\t#gallery-1 img {\n\t\t\t\tborder: 2px solid #cfcfcf;\n\t\t\t}\n\t\t\t#gallery-1 .gallery-caption {\n\t\t\t\tmargin-left: 0;\n\t\t\t}\n\t\t\t\/* see gallery_shortcode() in wp-includes\/media.php *\/\n\t\t<\/style>\n\t\t<div id='gallery-1' class='gallery galleryid-4021 gallery-columns-1 gallery-size-large'><dl class='gallery-item'>\n\t\t\t<dt class='gallery-icon portrait'>\n\t\t\t\t<a href='https:\/\/www.revistaalimara.net\/revista\/wp-content\/uploads\/2019\/08\/Portada_num54.jpg'><img width=\"595\" height=\"841\" src=\"https:\/\/www.revistaalimara.net\/revista\/wp-content\/uploads\/2019\/08\/Portada_num54.jpg\" class=\"attachment-large size-large\" alt=\"\" decoding=\"async\" loading=\"lazy\" \/><\/a>\n\t\t\t<\/dt><\/dl><br style=\"clear: both\" \/>\n\t\t<\/div>\n<\/div><\/div><div id=\"pgc-4021-2-1\"  class=\"panel-grid-cell\" ><div id=\"panel-4021-2-1-0\" class=\"so-panel widget widget_sow-editor panel-first-child\" data-index=\"2\" ><div\n\t\t\t\n\t\t\tclass=\"so-widget-sow-editor so-widget-sow-editor-base\"\n\t\t\t\n\t\t>\n<div class=\"siteorigin-widget-tinymce textwidget\">\n\t<h6>Alimara. Juny 2010<\/h6>\n<h3>N\u00daMERO 54<\/h3>\n<\/div>\n<\/div><\/div><div id=\"panel-4021-2-1-1\" class=\"so-panel widget widget_sow-button\" data-index=\"3\" ><div\n\t\t\t\n\t\t\tclass=\"so-widget-sow-button so-widget-sow-button-atom-8294661747ec-4021\"\n\t\t\t\n\t\t><div class=\"ow-button-base ow-button-align-left\">\n\t<a\n\thref=\"http:\/\/www.revistaalimara.net\/revista\/wp-content\/uploads\/2019\/08\/Revista-Alimara_num-54_Epoca-5.pdf\"\n\t\tclass=\"download ow-icon-placement-left ow-button-hover\" target=\"_blank\" rel=\"noopener noreferrer\" \t>\n\t\t<span>\n\t\t\t<span class=\"sow-icon-fontawesome sow-far\" data-sow-icon=\"&#xf1c1;\"\n\t\tstyle=\"\" \n\t\taria-hidden=\"true\"><\/span>\n\t\t\tDescarrega't la revista sencera en pdf \t\t<\/span>\n\t<\/a>\n<\/div>\n<\/div><\/div><div id=\"panel-4021-2-1-2\" class=\"so-panel widget widget_sow-editor panel-last-child\" data-index=\"4\" ><div\n\t\t\t\n\t\t\tclass=\"so-widget-sow-editor so-widget-sow-editor-base\"\n\t\t\t\n\t\t>\n<div class=\"siteorigin-widget-tinymce textwidget\">\n\t<p>&nbsp;<\/p>\n<p><span style=\"color: #009fe3;\"><strong>\u00cdndex<\/strong><\/span><\/p>\n<p style=\"padding-left: 30px;\"><a href=\"http:\/\/www.revistaalimara.net\/revista\/wp-content\/uploads\/2019\/08\/Article_Revista-Alimara_num-54_Jaume-Garau.pdf\"><em>Augmentar el pas cap a l'Accessibilitat Universal.<\/em><\/a><em><br \/>\n<\/em>Jaume Garau Salas<\/p>\n<p style=\"padding-left: 30px;\"><a href=\"http:\/\/www.revistaalimara.net\/revista\/wp-content\/uploads\/2019\/08\/Article_Revista-Alimara_num-54_Jose-Antonio-Junca.pdf\"><em>Reflexions al voltant de l'Accessibilitat Universal des de l'experi\u00e8ncia, el pragmatisme i el pas del temps.<\/em><\/a><em><br \/>\n<\/em>Jos\u00e9 Antonio Junc\u00e0 Urbiena<\/p>\n<p style=\"padding-left: 30px;\"><a href=\"http:\/\/www.revistaalimara.net\/revista\/wp-content\/uploads\/2019\/08\/Article_Revista-Alimara_num-54_Pere-Ferrer.pdf\"><em>10 anys de la Taula per a l'Accessibilitat.<\/em><\/a><em><br \/>\n<\/em>Pere Ferrer i Guasp<\/p>\n<p style=\"padding-left: 30px;\"><a href=\"http:\/\/www.revistaalimara.net\/revista\/wp-content\/uploads\/2019\/08\/Article_Revista-Alimara_num-54_Maurici-Puiz_Jeroni-Ramon_Joana-M-Petrus.pdf\"><em>Gesti\u00f3 de l'accessibilitat urban\u00edstica i arquitect\u00f2nica mitjan\u00e7ant tecnologies de la informaci\u00f3 geogr\u00e0fica: Sistema d'Informaci\u00f3 Geogr\u00e0fica de l'Accessibilitat de Mallorca (SIGAM).<\/em><\/a><em><br \/>\n<\/em>Maurici Ruiz P\u00e9rez, Jer\u00f2nia Ramon Molinas, Joana M. Petrus Bey.<\/p>\n<p style=\"padding-left: 30px;\"><a href=\"http:\/\/www.revistaalimara.net\/revista\/wp-content\/uploads\/2019\/08\/Article_Revista-Alimara_num-54_Jose-Luis-Garcia.pdf\"><em>En bicicleta a trav\u00e9s del silenci.<\/em><\/a><em><br \/>\n<\/em>Jos\u00e9 Luis Garc\u00eda Ginard<\/p>\n<p style=\"padding-left: 30px;\"><a href=\"http:\/\/www.revistaalimara.net\/revista\/wp-content\/uploads\/2019\/08\/Article_Revista-Alimara_num-54_Maximo-Dominguez.pdf\"><em>I en cas d'incendi, per on sortim nosaltres?<\/em><\/a><em><br \/>\n<\/em>Maximino Dom\u00ednguez Vara<\/p>\n<p style=\"padding-left: 30px;\"><em><a href=\"http:\/\/www.revistaalimara.net\/revista\/wp-content\/uploads\/2019\/08\/Article_Revista-Alimara_num-54_Pere-Ferrer-entrevista-a-Guillem-Fullana.pdf\">Entrevista a Guillem Fullana.<\/a><br \/>\n<\/em>Pere Ferrer Guasp<\/p>\n<p style=\"padding-left: 30px;\"><em><a href=\"http:\/\/www.revistaalimara.net\/revista\/wp-content\/uploads\/2019\/08\/Article_Revista-Alimara_num-54_Merce-Garcia.pdf\">L'acc\u00e9s al treball.<\/a><br \/>\n<\/em>Merc\u00e8 Garcia Roca<\/p>\n<p style=\"padding-left: 30px;\"><em><a href=\"http:\/\/www.revistaalimara.net\/revista\/wp-content\/uploads\/2019\/08\/Article_Revista-Alimara_num-54_Francisco-Jose-Perales_Joan-Jordi-Muntaner.pdf\">El projecte SINA, sistema d'interacci\u00f3 natural avan\u00e7at.<\/a><br \/>\n<\/em>Francisco Jos\u00e9 Perales i Joan Jordi Muntaner<\/p>\n<p style=\"padding-left: 30px;\"><em><a href=\"http:\/\/www.revistaalimara.net\/revista\/wp-content\/uploads\/2019\/08\/Article_Revista-Alimara_num-54_Associacio-Pares-de-Persones-discapacitat-auditiva.pdf\">ASPA, experi\u00e8ncia i traject\u00f2ria en la discapacitat auditiva.<\/a><br \/>\n<\/em>Associaci\u00f3 de Padres de Persones amb discapacitat auditiva<\/p>\n<p style=\"padding-left: 30px;\"><em><a href=\"http:\/\/www.revistaalimara.net\/revista\/wp-content\/uploads\/2019\/08\/Article_Revista-Alimara_num-54_Magdalena-Vadell.pdf\">La situaci\u00f3 de les persones sordes de les Illes Balears.<\/a><br \/>\n<\/em>Magdalena Vadell Llad\u00f3<\/p>\n<p style=\"padding-left: 30px;\"><em><a href=\"http:\/\/www.revistaalimara.net\/revista\/wp-content\/uploads\/2019\/08\/Article_Revista-Alimara_num-54_Maria-del-Carmen-Soler.pdf\">10 anys d'hist\u00f2ria i molts m\u00e9s de futur.<\/a><br \/>\n<\/em>Maria del Carmen Soler<\/p>\n<\/div>\n<\/div><\/div><\/div><\/div><div id=\"pg-4021-3\"  class=\"panel-grid panel-has-style\" ><div class=\"siteorigin-panels-stretch panel-row-style panel-row-style-for-4021-3\" data-stretch-type=\"full-stretched-padded\" ><div id=\"pgc-4021-3-0\"  class=\"panel-grid-cell\" ><div id=\"panel-4021-3-0-0\" class=\"so-panel widget widget_sow-headline panel-first-child panel-last-child\" data-index=\"5\" ><div\n\t\t\t\n\t\t\tclass=\"so-widget-sow-headline so-widget-sow-headline-default-7623362f815e-4021\"\n\t\t\t\n\t\t><div class=\"sow-headline-container \">\n\t<\/div>\n<\/div><\/div><\/div><\/div><\/div><div id=\"pg-4021-4\"  class=\"panel-grid panel-has-style\" ><div class=\"panel-row-style panel-row-style-for-4021-4\" ><div id=\"pgc-4021-4-0\"  class=\"panel-grid-cell panel-grid-cell-empty\" ><\/div><\/div><\/div><div id=\"pg-4021-5\"  class=\"panel-grid panel-no-style\" ><div id=\"pgc-4021-5-0\"  class=\"panel-grid-cell\" ><div id=\"panel-4021-5-0-0\" class=\"widget_text so-panel widget widget_custom_html panel-first-child panel-last-child\" data-index=\"6\" ><div class=\"textwidget custom-html-widget\"><div class=\"line\">\n\t\n<\/div><\/div><\/div><\/div><\/div><\/div>","protected":false},"excerpt":{"rendered":"<p>ArticlesDescarrega&#8217;t aqu\u00ed les versions en PDF del articles de la revista Alimara. Juny 2010 N\u00daMERO 54 Descarrega&#8217;t la revista sencera en pdf &nbsp; \u00cdndex Augmentar el pas cap a l&#8217;Accessibilitat Universal. Jaume Garau Salas Reflexions al voltant de l&#8217;Accessibilitat Universal des de l&#8217;experi\u00e8ncia, el pragmatisme i el pas del temps. Jos\u00e9 Antonio Junc\u00e0 Urbiena 10 [&hellip;]<\/p>\n","protected":false},"author":2,"featured_media":0,"parent":0,"menu_order":0,"comment_status":"closed","ping_status":"closed","template":"","meta":[],"_links":{"self":[{"href":"https:\/\/www.revistaalimara.net\/revista\/wp-json\/wp\/v2\/pages\/4021"}],"collection":[{"href":"https:\/\/www.revistaalimara.net\/revista\/wp-json\/wp\/v2\/pages"}],"about":[{"href":"https:\/\/www.revistaalimara.net\/revista\/wp-json\/wp\/v2\/types\/page"}],"author":[{"embeddable":true,"href":"https:\/\/www.revistaalimara.net\/revista\/wp-json\/wp\/v2\/users\/2"}],"replies":[{"embeddable":true,"href":"https:\/\/www.revistaalimara.net\/revista\/wp-json\/wp\/v2\/comments?post=4021"}],"version-history":[{"count":6,"href":"https:\/\/www.revistaalimara.net\/revista\/wp-json\/wp\/v2\/pages\/4021\/revisions"}],"predecessor-version":[{"id":4119,"href":"https:\/\/www.revistaalimara.net\/revista\/wp-json\/wp\/v2\/pages\/4021\/revisions\/4119"}],"wp:attachment":[{"href":"https:\/\/www.revistaalimara.net\/revista\/wp-json\/wp\/v2\/media?parent=4021"}],"curies":[{"name":"wp","href":"https:\/\/api.w.org\/{rel}","templated":true}]}}