{"id":4016,"date":"2019-08-20T09:55:56","date_gmt":"2019-08-20T07:55:56","guid":{"rendered":"http:\/\/www.revistaalimara.net\/revista\/?page_id=4016"},"modified":"2021-04-23T07:54:12","modified_gmt":"2021-04-23T06:54:12","slug":"epoca-5_53","status":"publish","type":"page","link":"https:\/\/www.revistaalimara.net\/revista\/epoca-5_53\/","title":{"rendered":"\u00c8poca 5_53"},"content":{"rendered":"<div id=\"pl-4016\"  class=\"panel-layout\" ><div id=\"pg-4016-0\"  class=\"panel-grid panel-has-style\" ><div class=\"siteorigin-panels-stretch panel-row-style panel-row-style-for-4016-0\" data-stretch-type=\"full-stretched-padded\" ><div id=\"pgc-4016-0-0\"  class=\"panel-grid-cell\" ><div id=\"panel-4016-0-0-0\" class=\"so-panel widget widget_sow-headline panel-first-child panel-last-child\" data-index=\"0\" ><div\n\t\t\t\n\t\t\tclass=\"so-widget-sow-headline so-widget-sow-headline-default-7623362f815e-4016\"\n\t\t\t\n\t\t><div class=\"sow-headline-container \">\n\t<h1 class='sow-headline'>Articles<\/h1><h3 class='sow-sub-headline'>Descarrega't aqu\u00ed les versions en PDF del articles de la revista<\/h3><\/div>\n<\/div><\/div><\/div><\/div><\/div><div id=\"pg-4016-1\"  class=\"panel-grid panel-has-style\" ><div class=\"panel-row-style panel-row-style-for-4016-1\" ><div id=\"pgc-4016-1-0\"  class=\"panel-grid-cell panel-grid-cell-empty\" ><\/div><\/div><\/div><div id=\"pg-4016-2\"  class=\"panel-grid panel-no-style\" ><div id=\"pgc-4016-2-0\"  class=\"panel-grid-cell\" ><div id=\"panel-4016-2-0-0\" class=\"so-panel widget widget_media_gallery panel-first-child panel-last-child\" data-index=\"1\" >\n\t\t<style type=\"text\/css\">\n\t\t\t#gallery-1 {\n\t\t\t\tmargin: auto;\n\t\t\t}\n\t\t\t#gallery-1 .gallery-item {\n\t\t\t\tfloat: left;\n\t\t\t\tmargin-top: 10px;\n\t\t\t\ttext-align: center;\n\t\t\t\twidth: 100%;\n\t\t\t}\n\t\t\t#gallery-1 img {\n\t\t\t\tborder: 2px solid #cfcfcf;\n\t\t\t}\n\t\t\t#gallery-1 .gallery-caption {\n\t\t\t\tmargin-left: 0;\n\t\t\t}\n\t\t\t\/* see gallery_shortcode() in wp-includes\/media.php *\/\n\t\t<\/style>\n\t\t<div id='gallery-1' class='gallery galleryid-4016 gallery-columns-1 gallery-size-large'><dl class='gallery-item'>\n\t\t\t<dt class='gallery-icon portrait'>\n\t\t\t\t<a href='https:\/\/www.revistaalimara.net\/revista\/wp-content\/uploads\/2019\/08\/Portada_num53.jpg'><img width=\"595\" height=\"841\" src=\"https:\/\/www.revistaalimara.net\/revista\/wp-content\/uploads\/2019\/08\/Portada_num53.jpg\" class=\"attachment-large size-large\" alt=\"\" decoding=\"async\" loading=\"lazy\" \/><\/a>\n\t\t\t<\/dt><\/dl><br style=\"clear: both\" \/>\n\t\t<\/div>\n<\/div><\/div><div id=\"pgc-4016-2-1\"  class=\"panel-grid-cell\" ><div id=\"panel-4016-2-1-0\" class=\"so-panel widget widget_sow-editor panel-first-child\" data-index=\"2\" ><div\n\t\t\t\n\t\t\tclass=\"so-widget-sow-editor so-widget-sow-editor-base\"\n\t\t\t\n\t\t>\n<div class=\"siteorigin-widget-tinymce textwidget\">\n\t<h6>Alimara. Gener 2010<\/h6>\n<h3>N\u00daMERO 53<\/h3>\n<\/div>\n<\/div><\/div><div id=\"panel-4016-2-1-1\" class=\"so-panel widget widget_sow-button\" data-index=\"3\" ><div\n\t\t\t\n\t\t\tclass=\"so-widget-sow-button so-widget-sow-button-atom-8294661747ec-4016\"\n\t\t\t\n\t\t><div class=\"ow-button-base ow-button-align-left\">\n\t<a\n\thref=\"http:\/\/www.revistaalimara.net\/revista\/wp-content\/uploads\/2019\/08\/Revista-Alimara_num-53_Epoca-5.pdf\"\n\t\tclass=\"download ow-icon-placement-left ow-button-hover\" target=\"_blank\" rel=\"noopener noreferrer\" \t>\n\t\t<span>\n\t\t\t<span class=\"sow-icon-fontawesome sow-far\" data-sow-icon=\"&#xf1c1;\"\n\t\tstyle=\"\" \n\t\taria-hidden=\"true\"><\/span>\n\t\t\tDescarrega't la revista sencera en pdf \t\t<\/span>\n\t<\/a>\n<\/div>\n<\/div><\/div><div id=\"panel-4016-2-1-2\" class=\"so-panel widget widget_sow-editor panel-last-child\" data-index=\"4\" ><div\n\t\t\t\n\t\t\tclass=\"so-widget-sow-editor so-widget-sow-editor-base\"\n\t\t\t\n\t\t>\n<div class=\"siteorigin-widget-tinymce textwidget\">\n\t<p>&nbsp;<\/p>\n<p><span style=\"color: #009fe3;\"><strong>\u00cdndex<\/strong><\/span><\/p>\n<p style=\"padding-left: 30px;\"><a href=\"http:\/\/www.revistaalimara.net\/revista\/wp-content\/uploads\/2019\/08\/Article_Revista-Alimara_num-53_Arcadi-Oliveres.pdf\"><em>Una mirada actual a les relacions Nord-Sud.<\/em><\/a><em><br \/>\n<\/em>Arcadi Oliveres<\/p>\n<p style=\"padding-left: 30px;\"><a href=\"http:\/\/www.revistaalimara.net\/revista\/wp-content\/uploads\/2019\/08\/Article_Revista-Alimara_num-53_Catalina-Socies.pdf\"><em>El Consell de Mallorca i la cooperaci\u00f3 per al desenvolupament dels pobles del Sud.<\/em><\/a><em><br \/>\n<\/em>Catalina Socies<\/p>\n<p style=\"padding-left: 30px; text-align: left;\"><a href=\"http:\/\/www.revistaalimara.net\/revista\/wp-content\/uploads\/2019\/08\/Article_Revista-Alimara_num-53_Miquel-Angel-Llauger.pdf\"><em>Una mirada al Fons.<\/em><\/a><em><br \/>\n<\/em>Miquel \u00c0ngel Llauger i Rossell\u00f3<\/p>\n<p style=\"padding-left: 30px;\"><a href=\"http:\/\/www.revistaalimara.net\/revista\/wp-content\/uploads\/2019\/08\/Article_Revista-Alimara_num-53_Marisa-Calzadilla.pdf\"><em>Dona en el desenvolupament. La cooperaci\u00f3 internacional sota una mirada de g\u00e8nere.<\/em><\/a><em><br \/>\n<\/em>Marisa Calzadilla<\/p>\n<p style=\"padding-left: 30px;\"><a href=\"http:\/\/www.revistaalimara.net\/revista\/wp-content\/uploads\/2019\/08\/Article_Revista-Alimara_num-53_Coia-Sanchez.pdf\"><em>Comunitats organitzades, propostes col\u00b7lectives. Campanya H2O, recursos did\u00e0ctics i formatius sobre l'aigua al planeta Terra.<\/em><\/a><em><br \/>\n<\/em>Coia S\u00e1nchez Garc\u00eda<\/p>\n<p style=\"padding-left: 30px;\"><a href=\"http:\/\/www.revistaalimara.net\/revista\/wp-content\/uploads\/2019\/08\/Article_Revista-Alimara_num-53_Marcelo-Unamuno.pdf\"><em>Campanya \"Mallorca per \u00c0frica\".<\/em><\/a><em><br \/>\n<\/em>Marcelo Unamuno Miera<\/p>\n<p style=\"padding-left: 30px;\"><em><a href=\"http:\/\/www.revistaalimara.net\/revista\/wp-content\/uploads\/2019\/08\/Article_Revista-Alimara_num-53_Iolanda-Pericas.pdf\">Mounira El-Alami: \"Espanya i Marroc est\u00e0vem abocats a treballar junts\".<\/a><br \/>\n<\/em>Iolanda Peric\u00e0s<\/p>\n<p style=\"padding-left: 30px;\"><em><a href=\"http:\/\/www.revistaalimara.net\/revista\/wp-content\/uploads\/2019\/08\/Article_Revista-Alimara_num-53_Jaume-Mateu-i-Iolanda-Pericas.pdf\">Anna Ferrer: \"La gent ha assumit que som la successora de Vicen\u00e7, per\u00f2 \u00e9s molt dif\u00edcil substituir una persona com ell\".<\/a><br \/>\n<\/em>Jaume Mateu i Iolanda Peric\u00e0s<\/p>\n<p style=\"padding-left: 30px;\"><em><a href=\"http:\/\/www.revistaalimara.net\/revista\/wp-content\/uploads\/2019\/08\/Article_Revista-Alimara_num-53_Margalida-Capella.pdf\">Creaci\u00f3 de la Xarxa Mallorquina de Municipis pels Drets Humans.<\/a><br \/>\n<\/em>Margalida Capell\u00e0<\/p>\n<\/div>\n<\/div><\/div><\/div><\/div><div id=\"pg-4016-3\"  class=\"panel-grid panel-has-style\" ><div class=\"siteorigin-panels-stretch panel-row-style panel-row-style-for-4016-3\" data-stretch-type=\"full-stretched-padded\" ><div id=\"pgc-4016-3-0\"  class=\"panel-grid-cell\" ><div id=\"panel-4016-3-0-0\" class=\"so-panel widget widget_sow-headline panel-first-child panel-last-child\" data-index=\"5\" ><div\n\t\t\t\n\t\t\tclass=\"so-widget-sow-headline so-widget-sow-headline-default-7623362f815e-4016\"\n\t\t\t\n\t\t><div class=\"sow-headline-container \">\n\t<\/div>\n<\/div><\/div><\/div><\/div><\/div><div id=\"pg-4016-4\"  class=\"panel-grid panel-has-style\" ><div class=\"panel-row-style panel-row-style-for-4016-4\" ><div id=\"pgc-4016-4-0\"  class=\"panel-grid-cell panel-grid-cell-empty\" ><\/div><\/div><\/div><div id=\"pg-4016-5\"  class=\"panel-grid panel-no-style\" ><div id=\"pgc-4016-5-0\"  class=\"panel-grid-cell\" ><div id=\"panel-4016-5-0-0\" class=\"widget_text so-panel widget widget_custom_html panel-first-child panel-last-child\" data-index=\"6\" ><div class=\"textwidget custom-html-widget\"><div class=\"line\">\n\t\n<\/div><\/div><\/div><\/div><\/div><\/div>","protected":false},"excerpt":{"rendered":"<p>ArticlesDescarrega&#8217;t aqu\u00ed les versions en PDF del articles de la revista Alimara. Gener 2010 N\u00daMERO 53 Descarrega&#8217;t la revista sencera en pdf &nbsp; \u00cdndex Una mirada actual a les relacions Nord-Sud. Arcadi Oliveres El Consell de Mallorca i la cooperaci\u00f3 per al desenvolupament dels pobles del Sud. Catalina Socies Una mirada al Fons. Miquel \u00c0ngel [&hellip;]<\/p>\n","protected":false},"author":2,"featured_media":0,"parent":0,"menu_order":0,"comment_status":"closed","ping_status":"closed","template":"","meta":[],"_links":{"self":[{"href":"https:\/\/www.revistaalimara.net\/revista\/wp-json\/wp\/v2\/pages\/4016"}],"collection":[{"href":"https:\/\/www.revistaalimara.net\/revista\/wp-json\/wp\/v2\/pages"}],"about":[{"href":"https:\/\/www.revistaalimara.net\/revista\/wp-json\/wp\/v2\/types\/page"}],"author":[{"embeddable":true,"href":"https:\/\/www.revistaalimara.net\/revista\/wp-json\/wp\/v2\/users\/2"}],"replies":[{"embeddable":true,"href":"https:\/\/www.revistaalimara.net\/revista\/wp-json\/wp\/v2\/comments?post=4016"}],"version-history":[{"count":8,"href":"https:\/\/www.revistaalimara.net\/revista\/wp-json\/wp\/v2\/pages\/4016\/revisions"}],"predecessor-version":[{"id":4103,"href":"https:\/\/www.revistaalimara.net\/revista\/wp-json\/wp\/v2\/pages\/4016\/revisions\/4103"}],"wp:attachment":[{"href":"https:\/\/www.revistaalimara.net\/revista\/wp-json\/wp\/v2\/media?parent=4016"}],"curies":[{"name":"wp","href":"https:\/\/api.w.org\/{rel}","templated":true}]}}