{"id":4013,"date":"2019-08-20T09:32:44","date_gmt":"2019-08-20T07:32:44","guid":{"rendered":"http:\/\/www.revistaalimara.net\/revista\/?page_id=4013"},"modified":"2021-04-23T07:54:12","modified_gmt":"2021-04-23T06:54:12","slug":"epoca-5_52","status":"publish","type":"page","link":"https:\/\/www.revistaalimara.net\/revista\/epoca-5_52\/","title":{"rendered":"\u00c8poca 5_52"},"content":{"rendered":"<div id=\"pl-4013\"  class=\"panel-layout\" ><div id=\"pg-4013-0\"  class=\"panel-grid panel-has-style\" ><div class=\"siteorigin-panels-stretch panel-row-style panel-row-style-for-4013-0\" data-stretch-type=\"full-stretched-padded\" ><div id=\"pgc-4013-0-0\"  class=\"panel-grid-cell\" ><div id=\"panel-4013-0-0-0\" class=\"so-panel widget widget_sow-headline panel-first-child panel-last-child\" data-index=\"0\" ><div\n\t\t\t\n\t\t\tclass=\"so-widget-sow-headline so-widget-sow-headline-default-7623362f815e-4013\"\n\t\t\t\n\t\t><div class=\"sow-headline-container \">\n\t<h1 class='sow-headline'>Articles<\/h1><h3 class='sow-sub-headline'>Descarrega't aqu\u00ed les versions en PDF del articles de la revista<\/h3><\/div>\n<\/div><\/div><\/div><\/div><\/div><div id=\"pg-4013-1\"  class=\"panel-grid panel-has-style\" ><div class=\"panel-row-style panel-row-style-for-4013-1\" ><div id=\"pgc-4013-1-0\"  class=\"panel-grid-cell panel-grid-cell-empty\" ><\/div><\/div><\/div><div id=\"pg-4013-2\"  class=\"panel-grid panel-no-style\" ><div id=\"pgc-4013-2-0\"  class=\"panel-grid-cell\" ><div id=\"panel-4013-2-0-0\" class=\"so-panel widget widget_media_gallery panel-first-child panel-last-child\" data-index=\"1\" >\n\t\t<style type=\"text\/css\">\n\t\t\t#gallery-1 {\n\t\t\t\tmargin: auto;\n\t\t\t}\n\t\t\t#gallery-1 .gallery-item {\n\t\t\t\tfloat: left;\n\t\t\t\tmargin-top: 10px;\n\t\t\t\ttext-align: center;\n\t\t\t\twidth: 100%;\n\t\t\t}\n\t\t\t#gallery-1 img {\n\t\t\t\tborder: 2px solid #cfcfcf;\n\t\t\t}\n\t\t\t#gallery-1 .gallery-caption {\n\t\t\t\tmargin-left: 0;\n\t\t\t}\n\t\t\t\/* see gallery_shortcode() in wp-includes\/media.php *\/\n\t\t<\/style>\n\t\t<div id='gallery-1' class='gallery galleryid-4013 gallery-columns-1 gallery-size-large'><dl class='gallery-item'>\n\t\t\t<dt class='gallery-icon portrait'>\n\t\t\t\t<a href='https:\/\/www.revistaalimara.net\/revista\/wp-content\/uploads\/2019\/08\/Portada_num52.jpg'><img width=\"595\" height=\"841\" src=\"https:\/\/www.revistaalimara.net\/revista\/wp-content\/uploads\/2019\/08\/Portada_num52.jpg\" class=\"attachment-large size-large\" alt=\"\" decoding=\"async\" loading=\"lazy\" \/><\/a>\n\t\t\t<\/dt><\/dl><br style=\"clear: both\" \/>\n\t\t<\/div>\n<\/div><\/div><div id=\"pgc-4013-2-1\"  class=\"panel-grid-cell\" ><div id=\"panel-4013-2-1-0\" class=\"so-panel widget widget_sow-editor panel-first-child\" data-index=\"2\" ><div\n\t\t\t\n\t\t\tclass=\"so-widget-sow-editor so-widget-sow-editor-base\"\n\t\t\t\n\t\t>\n<div class=\"siteorigin-widget-tinymce textwidget\">\n\t<h6>Alimara. Juny 2009<\/h6>\n<h3>N\u00daMERO 52<\/h3>\n<\/div>\n<\/div><\/div><div id=\"panel-4013-2-1-1\" class=\"so-panel widget widget_sow-button\" data-index=\"3\" ><div\n\t\t\t\n\t\t\tclass=\"so-widget-sow-button so-widget-sow-button-atom-8294661747ec-4013\"\n\t\t\t\n\t\t><div class=\"ow-button-base ow-button-align-left\">\n\t<a\n\thref=\"http:\/\/www.revistaalimara.net\/revista\/wp-content\/uploads\/2019\/08\/Revista-Alimara_num-52_Epoca-5.pdf\"\n\t\tclass=\"download ow-icon-placement-left ow-button-hover\" target=\"_blank\" rel=\"noopener noreferrer\" \t>\n\t\t<span>\n\t\t\t<span class=\"sow-icon-fontawesome sow-far\" data-sow-icon=\"&#xf1c1;\"\n\t\tstyle=\"\" \n\t\taria-hidden=\"true\"><\/span>\n\t\t\tDescarrega't la revista sencera en pdf \t\t<\/span>\n\t<\/a>\n<\/div>\n<\/div><\/div><div id=\"panel-4013-2-1-2\" class=\"so-panel widget widget_sow-editor panel-last-child\" data-index=\"4\" ><div\n\t\t\t\n\t\t\tclass=\"so-widget-sow-editor so-widget-sow-editor-base\"\n\t\t\t\n\t\t>\n<div class=\"siteorigin-widget-tinymce textwidget\">\n\t<p>&nbsp;<\/p>\n<p><span style=\"color: #009fe3;\"><strong>\u00cdndex<\/strong><\/span><\/p>\n<p style=\"padding-left: 30px;\"><a href=\"http:\/\/www.revistaalimara.net\/revista\/wp-content\/uploads\/2019\/08\/Article_Revista-Alimara_num-52_Sebastia-Cerda.pdf\"><em>Canvis socials i de maneres d'entendre l'exclusi\u00f3 social en el segle XXI: del concepte de marginaci\u00f3 al concepte d'exclusi\u00f3 social. La Xarxa d'Inserci\u00f3 Social. <\/em><\/a><em><br \/>\n<\/em>Sebasti\u00e0 Cerd\u00e0 Campomar<\/p>\n<p style=\"padding-left: 30px;\"><a href=\"http:\/\/www.revistaalimara.net\/revista\/wp-content\/uploads\/2019\/08\/Article_Revista-Alimara_num-52_Marcelo-Unamuno.pdf\"><em>Introducci\u00f3.<\/em><\/a><em><br \/>\n<\/em>Marcelo Unamuno Miera<\/p>\n<p style=\"padding-left: 30px;\"><a href=\"http:\/\/www.revistaalimara.net\/revista\/wp-content\/uploads\/2019\/08\/Article_Revista-Alimara_num-52_Jaume-Mateu.pdf\"><em>L'atenci\u00f3 a l'exclusi\u00f3 social a Mallorca. apunts hist\u00f2rics.<\/em><\/a><em><br \/>\n<\/em>Jaume Mateu i Mart\u00ed<\/p>\n<p style=\"padding-left: 30px;\"><a href=\"http:\/\/www.revistaalimara.net\/revista\/wp-content\/uploads\/2019\/08\/Article_Revista-Alimara_num-52_Biel-Gelabert.pdf\"><em>L'alberg de ca l'Ardiaca, les dades.<\/em><\/a><em><br \/>\n<\/em>Biel Gelabert i Noguera<\/p>\n<p style=\"padding-left: 30px;\"><a href=\"http:\/\/www.revistaalimara.net\/revista\/wp-content\/uploads\/2019\/08\/Article_Revista-Alimara_num-52_Jose-M-Pi\u00f1eiro-i-Pau-Buades.pdf\"><em>Sa Placeta.<\/em><\/a><em><br \/>\n<\/em>Jos\u00e9 M. Pii\u00f1ero Rodr\u00edguez i Pau Buades Feliu<\/p>\n<p style=\"padding-left: 30px;\"><a href=\"http:\/\/www.revistaalimara.net\/revista\/wp-content\/uploads\/2019\/08\/Article_Revista-Alimara_num-52_Gloria-Lopez.pdf\"><em>Fundaci\u00f3 social La Sapi\u00e8ncia. Programes.<\/em><\/a><em><br \/>\n<\/em>Gl\u00f2ria L\u00f3pez<\/p>\n<p style=\"padding-left: 30px;\"><em><a href=\"http:\/\/www.revistaalimara.net\/revista\/wp-content\/uploads\/2019\/08\/Article_Revista-Alimara_num-52_Jaume-Santandreu.pdf\">Visi\u00f3 apassionada de Can Gaz\u00e0.<\/a><br \/>\n<\/em>Jaume Santandreu<\/p>\n<p style=\"padding-left: 30px;\"><em><a href=\"http:\/\/www.revistaalimara.net\/revista\/wp-content\/uploads\/2019\/08\/Article_Revista-Alimara_num-52_Gloria-Prats.pdf\">Salut mental i exclusi\u00f3 social.<\/a><br \/>\n<\/em>Gl\u00f2ria Prats F\u00e0brega<\/p>\n<p style=\"padding-left: 30px;\"><em><a href=\"http:\/\/www.revistaalimara.net\/revista\/wp-content\/uploads\/2019\/08\/Article_Revista-Alimara_num-52_Manuela-Sanchez-Aina-Torres-Gerardo-de-la-Vega.pdf\">Estudi descriptiu sobre pacients amb trastorn mental acollits en un servei residencial d'exclusi\u00f3 social.<\/a><br \/>\n<\/em>Manuela S\u00e1nchez Grao, Aina Torres Mateu, Gerardo de la Vega Alemparte<\/p>\n<p style=\"padding-left: 30px;\"><em><a href=\"http:\/\/www.revistaalimara.net\/revista\/wp-content\/uploads\/2019\/08\/Article_Revista-Alimara_num-52_Ana-Espinosa.pdf\">La Unitat M\u00f2bil d'Emerg\u00e8ncia Social.<\/a><br \/>\n<\/em>Ana Espinosa<\/p>\n<\/div>\n<\/div><\/div><\/div><\/div><div id=\"pg-4013-3\"  class=\"panel-grid panel-has-style\" ><div class=\"siteorigin-panels-stretch panel-row-style panel-row-style-for-4013-3\" data-stretch-type=\"full-stretched-padded\" ><div id=\"pgc-4013-3-0\"  class=\"panel-grid-cell\" ><div id=\"panel-4013-3-0-0\" class=\"so-panel widget widget_sow-headline panel-first-child panel-last-child\" data-index=\"5\" ><div\n\t\t\t\n\t\t\tclass=\"so-widget-sow-headline so-widget-sow-headline-default-7623362f815e-4013\"\n\t\t\t\n\t\t><div class=\"sow-headline-container \">\n\t<\/div>\n<\/div><\/div><\/div><\/div><\/div><div id=\"pg-4013-4\"  class=\"panel-grid panel-has-style\" ><div class=\"panel-row-style panel-row-style-for-4013-4\" ><div id=\"pgc-4013-4-0\"  class=\"panel-grid-cell panel-grid-cell-empty\" ><\/div><\/div><\/div><div id=\"pg-4013-5\"  class=\"panel-grid panel-no-style\" ><div id=\"pgc-4013-5-0\"  class=\"panel-grid-cell\" ><div id=\"panel-4013-5-0-0\" class=\"widget_text so-panel widget widget_custom_html panel-first-child panel-last-child\" data-index=\"6\" ><div class=\"textwidget custom-html-widget\"><div class=\"line\">\n\t\n<\/div><\/div><\/div><\/div><\/div><\/div>","protected":false},"excerpt":{"rendered":"<p>ArticlesDescarrega&#8217;t aqu\u00ed les versions en PDF del articles de la revista Alimara. Juny 2009 N\u00daMERO 52 Descarrega&#8217;t la revista sencera en pdf &nbsp; \u00cdndex Canvis socials i de maneres d&#8217;entendre l&#8217;exclusi\u00f3 social en el segle XXI: del concepte de marginaci\u00f3 al concepte d&#8217;exclusi\u00f3 social. La Xarxa d&#8217;Inserci\u00f3 Social. Sebasti\u00e0 Cerd\u00e0 Campomar Introducci\u00f3. Marcelo Unamuno Miera [&hellip;]<\/p>\n","protected":false},"author":2,"featured_media":0,"parent":0,"menu_order":0,"comment_status":"closed","ping_status":"closed","template":"","meta":[],"_links":{"self":[{"href":"https:\/\/www.revistaalimara.net\/revista\/wp-json\/wp\/v2\/pages\/4013"}],"collection":[{"href":"https:\/\/www.revistaalimara.net\/revista\/wp-json\/wp\/v2\/pages"}],"about":[{"href":"https:\/\/www.revistaalimara.net\/revista\/wp-json\/wp\/v2\/types\/page"}],"author":[{"embeddable":true,"href":"https:\/\/www.revistaalimara.net\/revista\/wp-json\/wp\/v2\/users\/2"}],"replies":[{"embeddable":true,"href":"https:\/\/www.revistaalimara.net\/revista\/wp-json\/wp\/v2\/comments?post=4013"}],"version-history":[{"count":6,"href":"https:\/\/www.revistaalimara.net\/revista\/wp-json\/wp\/v2\/pages\/4013\/revisions"}],"predecessor-version":[{"id":4090,"href":"https:\/\/www.revistaalimara.net\/revista\/wp-json\/wp\/v2\/pages\/4013\/revisions\/4090"}],"wp:attachment":[{"href":"https:\/\/www.revistaalimara.net\/revista\/wp-json\/wp\/v2\/media?parent=4013"}],"curies":[{"name":"wp","href":"https:\/\/api.w.org\/{rel}","templated":true}]}}