{"id":4010,"date":"2019-08-20T09:05:10","date_gmt":"2019-08-20T07:05:10","guid":{"rendered":"http:\/\/www.revistaalimara.net\/revista\/?page_id=4010"},"modified":"2021-04-23T07:54:12","modified_gmt":"2021-04-23T06:54:12","slug":"epoca-5_51","status":"publish","type":"page","link":"https:\/\/www.revistaalimara.net\/revista\/epoca-5_51\/","title":{"rendered":"\u00c8poca 5_51"},"content":{"rendered":"<div id=\"pl-4010\"  class=\"panel-layout\" ><div id=\"pg-4010-0\"  class=\"panel-grid panel-has-style\" ><div class=\"siteorigin-panels-stretch panel-row-style panel-row-style-for-4010-0\" data-stretch-type=\"full-stretched-padded\" ><div id=\"pgc-4010-0-0\"  class=\"panel-grid-cell\" ><div id=\"panel-4010-0-0-0\" class=\"so-panel widget widget_sow-headline panel-first-child panel-last-child\" data-index=\"0\" ><div\n\t\t\t\n\t\t\tclass=\"so-widget-sow-headline so-widget-sow-headline-default-7623362f815e-4010\"\n\t\t\t\n\t\t><div class=\"sow-headline-container \">\n\t<h1 class='sow-headline'>Articles<\/h1><h3 class='sow-sub-headline'>Descarrega't aqu\u00ed les versions en PDF del articles de la revista<\/h3><\/div>\n<\/div><\/div><\/div><\/div><\/div><div id=\"pg-4010-1\"  class=\"panel-grid panel-has-style\" ><div class=\"panel-row-style panel-row-style-for-4010-1\" ><div id=\"pgc-4010-1-0\"  class=\"panel-grid-cell panel-grid-cell-empty\" ><\/div><\/div><\/div><div id=\"pg-4010-2\"  class=\"panel-grid panel-no-style\" ><div id=\"pgc-4010-2-0\"  class=\"panel-grid-cell\" ><div id=\"panel-4010-2-0-0\" class=\"so-panel widget widget_media_gallery panel-first-child panel-last-child\" data-index=\"1\" >\n\t\t<style type=\"text\/css\">\n\t\t\t#gallery-1 {\n\t\t\t\tmargin: auto;\n\t\t\t}\n\t\t\t#gallery-1 .gallery-item {\n\t\t\t\tfloat: left;\n\t\t\t\tmargin-top: 10px;\n\t\t\t\ttext-align: center;\n\t\t\t\twidth: 100%;\n\t\t\t}\n\t\t\t#gallery-1 img {\n\t\t\t\tborder: 2px solid #cfcfcf;\n\t\t\t}\n\t\t\t#gallery-1 .gallery-caption {\n\t\t\t\tmargin-left: 0;\n\t\t\t}\n\t\t\t\/* see gallery_shortcode() in wp-includes\/media.php *\/\n\t\t<\/style>\n\t\t<div id='gallery-1' class='gallery galleryid-4010 gallery-columns-1 gallery-size-large'><dl class='gallery-item'>\n\t\t\t<dt class='gallery-icon portrait'>\n\t\t\t\t<a href='https:\/\/www.revistaalimara.net\/revista\/wp-content\/uploads\/2019\/08\/Portada_num51.jpg'><img width=\"595\" height=\"841\" src=\"https:\/\/www.revistaalimara.net\/revista\/wp-content\/uploads\/2019\/08\/Portada_num51.jpg\" class=\"attachment-large size-large\" alt=\"\" decoding=\"async\" loading=\"lazy\" \/><\/a>\n\t\t\t<\/dt><\/dl><br style=\"clear: both\" \/>\n\t\t<\/div>\n<\/div><\/div><div id=\"pgc-4010-2-1\"  class=\"panel-grid-cell\" ><div id=\"panel-4010-2-1-0\" class=\"so-panel widget widget_sow-editor panel-first-child\" data-index=\"2\" ><div\n\t\t\t\n\t\t\tclass=\"so-widget-sow-editor so-widget-sow-editor-base\"\n\t\t\t\n\t\t>\n<div class=\"siteorigin-widget-tinymce textwidget\">\n\t<h6>Alimara. Desembre 2008<\/h6>\n<h3>N\u00daMERO 51<\/h3>\n<\/div>\n<\/div><\/div><div id=\"panel-4010-2-1-1\" class=\"so-panel widget widget_sow-button\" data-index=\"3\" ><div\n\t\t\t\n\t\t\tclass=\"so-widget-sow-button so-widget-sow-button-atom-8294661747ec-4010\"\n\t\t\t\n\t\t><div class=\"ow-button-base ow-button-align-left\">\n\t<a\n\thref=\"http:\/\/www.revistaalimara.net\/revista\/wp-content\/uploads\/2019\/08\/Revista-Alimara_num-51_Epoca-5.pdf\"\n\t\tclass=\"download ow-icon-placement-left ow-button-hover\" target=\"_blank\" rel=\"noopener noreferrer\" \t>\n\t\t<span>\n\t\t\t<span class=\"sow-icon-fontawesome sow-far\" data-sow-icon=\"&#xf1c1;\"\n\t\tstyle=\"\" \n\t\taria-hidden=\"true\"><\/span>\n\t\t\tDescarrega't la revista sencera en pdf \t\t<\/span>\n\t<\/a>\n<\/div>\n<\/div><\/div><div id=\"panel-4010-2-1-2\" class=\"so-panel widget widget_sow-editor panel-last-child\" data-index=\"4\" ><div\n\t\t\t\n\t\t\tclass=\"so-widget-sow-editor so-widget-sow-editor-base\"\n\t\t\t\n\t\t>\n<div class=\"siteorigin-widget-tinymce textwidget\">\n\t<p>&nbsp;<\/p>\n<p><span style=\"color: #009fe3;\"><strong>\u00cdndex<\/strong><\/span><\/p>\n<p style=\"padding-left: 30px;\"><a href=\"http:\/\/www.revistaalimara.net\/revista\/wp-content\/uploads\/2019\/08\/Article_Revista-Alimara_num-51_Gregori-Estarellas.pdf\"><em>Presentaci\u00f3. <\/em><\/a><em><br \/>\n<\/em>Gregori Estarellas Colom<\/p>\n<p style=\"padding-left: 30px;\"><a href=\"http:\/\/www.revistaalimara.net\/revista\/wp-content\/uploads\/2019\/08\/Article_Revista-Alimara_num-51_Josefina-Ramis.pdf\"><em>Les pol\u00edtiques d'inf\u00e0ncia: una obligada aposta de futur. <\/em><\/a><em><br \/>\n<\/em>Josefa Ramis<\/p>\n<p style=\"padding-left: 30px;\"><a href=\"http:\/\/www.revistaalimara.net\/revista\/wp-content\/uploads\/2019\/08\/Article_Revista-Alimara_num-51_Pere-Fullana.pdf\"><em>Menors a Mallorca en perspectiva hist\u00f2rica (1796-1975). <\/em><\/a><em><br \/>\n<\/em>Pere Fullana i Puigserver<\/p>\n<p style=\"padding-left: 30px;\"><a href=\"http:\/\/www.revistaalimara.net\/revista\/wp-content\/uploads\/2019\/08\/Article_Revista-Alimara_num-51_Fundacio-Natzaret.pdf\"><em>Fundaci\u00f3 Natzaret. <\/em><\/a><em><br \/>\n<\/em><\/p>\n<p style=\"padding-left: 30px;\"><a href=\"http:\/\/www.revistaalimara.net\/revista\/wp-content\/uploads\/2019\/08\/Article_Revista-Alimara_num-51_Llar-El-temple.pdf\"><em>Llars El temple:125 anys d'hist\u00f2ria, 125 anys de comprom\u00eds.<\/em><\/a><\/p>\n<p style=\"padding-left: 30px;\"><a href=\"http:\/\/www.revistaalimara.net\/revista\/wp-content\/uploads\/2019\/08\/Article_Revista-Alimara_num-51_Serafi-Carballo.pdf\"><em>Fam\u00edlia biol\u00f2gica i protecci\u00f3 del menor: camins per a una col\u00b7laboraci\u00f3 necess\u00e0ria per garantir el benestar infantil. <\/em><\/a><em><br \/>\n<\/em>Seraf\u00edn Carballo Garcia<\/p>\n<p style=\"padding-left: 30px;\"><em><a href=\"http:\/\/www.revistaalimara.net\/revista\/wp-content\/uploads\/2019\/08\/Article_Revista-Alimara_num-51_Bernadi-Segui.pdf\">De l'acolliment residencial a l'acolliment familiar (dues alternatives per garantir la protecci\u00f3 del menor).<\/a><br \/>\n<\/em>Bernad\u00ed Segu\u00ed Vaquer<\/p>\n<p style=\"padding-left: 30px;\"><em><a href=\"http:\/\/www.revistaalimara.net\/revista\/wp-content\/uploads\/2019\/08\/Article_Revista-Alimara_num-51_M-Pilar-Diaz.pdf\">Centre de menors immigrants no acompanyats Norai.<\/a><br \/>\n<\/em>M\u00aa Pilar D\u00edaz Jorge<\/p>\n<p style=\"padding-left: 30px;\"><em><a href=\"http:\/\/www.revistaalimara.net\/revista\/wp-content\/uploads\/2019\/08\/Article_Revista-Alimara_num-51_Margalida-Villalonga.pdf\">Projecte solidari (2005-2008). Centre NORAI Ensenyament des del cor. Una altra manera d'aprendre.<\/a><br \/>\n<\/em>Margalida Villalonga<\/p>\n<p style=\"padding-left: 30px;\"><em><a href=\"http:\/\/www.revistaalimara.net\/revista\/wp-content\/uploads\/2019\/08\/Article_Revista-Alimara_num-51_Antonia-Cerda.pdf\">Apunts per al tractament educativoterap\u00e8utic de nins i nines amb trastorns d'afecci\u00f3 des d'un context residencial.<\/a><br \/>\n<\/em>Ant\u00f2nia Cerd\u00e0 Martorell<\/p>\n<p style=\"padding-left: 30px;\"><a href=\"http:\/\/www.revistaalimara.net\/revista\/wp-content\/uploads\/2019\/08\/Article_Revista-Alimara_num-51_Federacio-Infancia-i-Adolescencia.pdf\"><em>Federaci\u00f3 d'Entitats d'Atenci\u00f3 a la Inf\u00e0ncia i Adolesc\u00e8ncia Balear.\u00a0<\/em><\/a><\/p>\n<p style=\"padding-left: 30px;\"><em><a href=\"http:\/\/www.revistaalimara.net\/revista\/wp-content\/uploads\/2019\/08\/Article_Revista-Alimara_num-51_Joan-Ferrer.pdf\">Projecte Mentories: atenci\u00f3 psicosocial per a fills i filles de v\u00edctimes de viol\u00e8ncia de g\u00e8nere.<\/a><br \/>\nJoan Ferrer\u00a0<\/em><\/p>\n<\/div>\n<\/div><\/div><\/div><\/div><div id=\"pg-4010-3\"  class=\"panel-grid panel-has-style\" ><div class=\"siteorigin-panels-stretch panel-row-style panel-row-style-for-4010-3\" data-stretch-type=\"full-stretched-padded\" ><div id=\"pgc-4010-3-0\"  class=\"panel-grid-cell\" ><div id=\"panel-4010-3-0-0\" class=\"so-panel widget widget_sow-headline panel-first-child panel-last-child\" data-index=\"5\" ><div\n\t\t\t\n\t\t\tclass=\"so-widget-sow-headline so-widget-sow-headline-default-7623362f815e-4010\"\n\t\t\t\n\t\t><div class=\"sow-headline-container \">\n\t<\/div>\n<\/div><\/div><\/div><\/div><\/div><div id=\"pg-4010-4\"  class=\"panel-grid panel-has-style\" ><div class=\"panel-row-style panel-row-style-for-4010-4\" ><div id=\"pgc-4010-4-0\"  class=\"panel-grid-cell panel-grid-cell-empty\" ><\/div><\/div><\/div><div id=\"pg-4010-5\"  class=\"panel-grid panel-no-style\" ><div id=\"pgc-4010-5-0\"  class=\"panel-grid-cell\" ><div id=\"panel-4010-5-0-0\" class=\"widget_text so-panel widget widget_custom_html panel-first-child panel-last-child\" data-index=\"6\" ><div class=\"textwidget custom-html-widget\"><div class=\"line\">\n\t\n<\/div><\/div><\/div><\/div><\/div><\/div>","protected":false},"excerpt":{"rendered":"<p>ArticlesDescarrega&#8217;t aqu\u00ed les versions en PDF del articles de la revista Alimara. Desembre 2008 N\u00daMERO 51 Descarrega&#8217;t la revista sencera en pdf &nbsp; \u00cdndex Presentaci\u00f3. Gregori Estarellas Colom Les pol\u00edtiques d&#8217;inf\u00e0ncia: una obligada aposta de futur. Josefa Ramis Menors a Mallorca en perspectiva hist\u00f2rica (1796-1975). Pere Fullana i Puigserver Fundaci\u00f3 Natzaret. Llars El temple:125 anys [&hellip;]<\/p>\n","protected":false},"author":2,"featured_media":0,"parent":0,"menu_order":0,"comment_status":"closed","ping_status":"closed","template":"","meta":[],"_links":{"self":[{"href":"https:\/\/www.revistaalimara.net\/revista\/wp-json\/wp\/v2\/pages\/4010"}],"collection":[{"href":"https:\/\/www.revistaalimara.net\/revista\/wp-json\/wp\/v2\/pages"}],"about":[{"href":"https:\/\/www.revistaalimara.net\/revista\/wp-json\/wp\/v2\/types\/page"}],"author":[{"embeddable":true,"href":"https:\/\/www.revistaalimara.net\/revista\/wp-json\/wp\/v2\/users\/2"}],"replies":[{"embeddable":true,"href":"https:\/\/www.revistaalimara.net\/revista\/wp-json\/wp\/v2\/comments?post=4010"}],"version-history":[{"count":6,"href":"https:\/\/www.revistaalimara.net\/revista\/wp-json\/wp\/v2\/pages\/4010\/revisions"}],"predecessor-version":[{"id":4074,"href":"https:\/\/www.revistaalimara.net\/revista\/wp-json\/wp\/v2\/pages\/4010\/revisions\/4074"}],"wp:attachment":[{"href":"https:\/\/www.revistaalimara.net\/revista\/wp-json\/wp\/v2\/media?parent=4010"}],"curies":[{"name":"wp","href":"https:\/\/api.w.org\/{rel}","templated":true}]}}