{"id":4007,"date":"2019-08-19T15:01:46","date_gmt":"2019-08-19T13:01:46","guid":{"rendered":"http:\/\/www.revistaalimara.net\/revista\/?page_id=4007"},"modified":"2021-04-23T07:54:12","modified_gmt":"2021-04-23T06:54:12","slug":"epoca-5_50","status":"publish","type":"page","link":"https:\/\/www.revistaalimara.net\/revista\/epoca-5_50\/","title":{"rendered":"\u00c8poca 5_50"},"content":{"rendered":"<div id=\"pl-4007\"  class=\"panel-layout\" ><div id=\"pg-4007-0\"  class=\"panel-grid panel-has-style\" ><div class=\"siteorigin-panels-stretch panel-row-style panel-row-style-for-4007-0\" data-stretch-type=\"full-stretched-padded\" ><div id=\"pgc-4007-0-0\"  class=\"panel-grid-cell\" ><div id=\"panel-4007-0-0-0\" class=\"so-panel widget widget_sow-headline panel-first-child panel-last-child\" data-index=\"0\" ><div\n\t\t\t\n\t\t\tclass=\"so-widget-sow-headline so-widget-sow-headline-default-7623362f815e-4007\"\n\t\t\t\n\t\t><div class=\"sow-headline-container \">\n\t<h1 class='sow-headline'>Articles<\/h1><h3 class='sow-sub-headline'>Descarrega't aqu\u00ed les versions en PDF del articles de la revista<\/h3><\/div>\n<\/div><\/div><\/div><\/div><\/div><div id=\"pg-4007-1\"  class=\"panel-grid panel-has-style\" ><div class=\"panel-row-style panel-row-style-for-4007-1\" ><div id=\"pgc-4007-1-0\"  class=\"panel-grid-cell panel-grid-cell-empty\" ><\/div><\/div><\/div><div id=\"pg-4007-2\"  class=\"panel-grid panel-no-style\" ><div id=\"pgc-4007-2-0\"  class=\"panel-grid-cell\" ><div id=\"panel-4007-2-0-0\" class=\"so-panel widget widget_media_gallery panel-first-child panel-last-child\" data-index=\"1\" >\n\t\t<style type=\"text\/css\">\n\t\t\t#gallery-1 {\n\t\t\t\tmargin: auto;\n\t\t\t}\n\t\t\t#gallery-1 .gallery-item {\n\t\t\t\tfloat: left;\n\t\t\t\tmargin-top: 10px;\n\t\t\t\ttext-align: center;\n\t\t\t\twidth: 100%;\n\t\t\t}\n\t\t\t#gallery-1 img {\n\t\t\t\tborder: 2px solid #cfcfcf;\n\t\t\t}\n\t\t\t#gallery-1 .gallery-caption {\n\t\t\t\tmargin-left: 0;\n\t\t\t}\n\t\t\t\/* see gallery_shortcode() in wp-includes\/media.php *\/\n\t\t<\/style>\n\t\t<div id='gallery-1' class='gallery galleryid-4007 gallery-columns-1 gallery-size-large'><dl class='gallery-item'>\n\t\t\t<dt class='gallery-icon portrait'>\n\t\t\t\t<a href='https:\/\/www.revistaalimara.net\/revista\/wp-content\/uploads\/2019\/08\/Portada_num50.jpg'><img width=\"595\" height=\"841\" src=\"https:\/\/www.revistaalimara.net\/revista\/wp-content\/uploads\/2019\/08\/Portada_num50.jpg\" class=\"attachment-large size-large\" alt=\"\" decoding=\"async\" loading=\"lazy\" \/><\/a>\n\t\t\t<\/dt><\/dl><br style=\"clear: both\" \/>\n\t\t<\/div>\n<\/div><\/div><div id=\"pgc-4007-2-1\"  class=\"panel-grid-cell\" ><div id=\"panel-4007-2-1-0\" class=\"so-panel widget widget_sow-editor panel-first-child\" data-index=\"2\" ><div\n\t\t\t\n\t\t\tclass=\"so-widget-sow-editor so-widget-sow-editor-base\"\n\t\t\t\n\t\t>\n<div class=\"siteorigin-widget-tinymce textwidget\">\n\t<h6>Alimara. Juny 2008<\/h6>\n<h3>N\u00daMERO 50<\/h3>\n<\/div>\n<\/div><\/div><div id=\"panel-4007-2-1-1\" class=\"so-panel widget widget_sow-button\" data-index=\"3\" ><div\n\t\t\t\n\t\t\tclass=\"so-widget-sow-button so-widget-sow-button-atom-8294661747ec-4007\"\n\t\t\t\n\t\t><div class=\"ow-button-base ow-button-align-left\">\n\t<a\n\thref=\"http:\/\/www.revistaalimara.net\/revista\/wp-content\/uploads\/2019\/08\/Revista-Alimara_num-50_Epoca-5.pdf\"\n\t\tclass=\"download ow-icon-placement-left ow-button-hover\" target=\"_blank\" rel=\"noopener noreferrer\" \t>\n\t\t<span>\n\t\t\t<span class=\"sow-icon-fontawesome sow-far\" data-sow-icon=\"&#xf1c1;\"\n\t\tstyle=\"\" \n\t\taria-hidden=\"true\"><\/span>\n\t\t\tDescarrega't la revista sencera en pdf \t\t<\/span>\n\t<\/a>\n<\/div>\n<\/div><\/div><div id=\"panel-4007-2-1-2\" class=\"so-panel widget widget_sow-editor panel-last-child\" data-index=\"4\" ><div\n\t\t\t\n\t\t\tclass=\"so-widget-sow-editor so-widget-sow-editor-base\"\n\t\t\t\n\t\t>\n<div class=\"siteorigin-widget-tinymce textwidget\">\n\t<p>&nbsp;<\/p>\n<p><span style=\"color: #009fe3;\"><strong>\u00cdndex<\/strong><\/span><\/p>\n<p style=\"padding-left: 30px;\"><em><a href=\"http:\/\/www.revistaalimara.net\/revista\/wp-content\/uploads\/2019\/08\/Article_Revista-Alimara_num-50_Balbino-Pardilla.pdf\">Llei 39\/2006, d'Autonomia Personal i atenci\u00f3 a les Persones en situaci\u00f3 de Depend\u00e8ncia: caracter\u00edstiques principals.<\/a> <\/em><em><br \/>\n<\/em>Balbino Pardilla<\/p>\n<p style=\"padding-left: 30px;\"><a href=\"http:\/\/www.revistaalimara.net\/revista\/wp-content\/uploads\/2019\/08\/Article_Revista-Alimara_num-50_Catalina-Juan-Garau.pdf\"><em>Els serveis d'atenci\u00f3 a les persones en situaci\u00f3 de depend\u00e8ncia de l'Ajuntament de Palma. <\/em><\/a><em><br \/>\n<\/em>Catalina Juan Garau<\/p>\n<p style=\"padding-left: 30px;\"><a href=\"http:\/\/www.revistaalimara.net\/revista\/wp-content\/uploads\/2019\/08\/Article_Revista-Alimara_num-50_Equip-tecnic.pdf\"><em>Experi\u00e8ncia pilot del desplegament de la Llei 39\/2006, de promoci\u00f3 de l'autonomia i atenci\u00f3 a les persones en situaci\u00f3 de depend\u00e8ncia en els serveis socials comunitaris de la Mancomunitat Pla de Mallorca. <\/em><\/a><em><br \/>\n<\/em>Equip t\u00e8cnic dels Serveis Socials Comunitaris de la Mancomunitat: margalida Ribot Moll, Francesca Rossell\u00f3 Mas, Iolanda Cirer Sotos, Magdalena Viedma Viedma, Margalida Rossell\u00f3 Bauza i Petra Juan Socies<\/p>\n<p style=\"padding-left: 30px;\"><a href=\"http:\/\/www.revistaalimara.net\/revista\/wp-content\/uploads\/2019\/08\/Article_Revista-Alimara_num-50_Comissio-atencio-dependencia-IMAS.pdf\"><em>Aportacions a un nou marc d'atenci\u00f3 a les persones majors i els seus familiars. <\/em><\/a><em><br \/>\n<\/em>Comissi\u00f3 d'atenci\u00f3 a la Depend\u00e8ncia IMAS: coloma Poquet, Isabel Cuart, Neus Homar, Erique Campos, Maria Magdalena Matamales, ana Vergara, Catalina Maria Fullana i Tomeu Barcel\u00f3<\/p>\n<p style=\"padding-left: 30px;\"><a href=\"http:\/\/www.revistaalimara.net\/revista\/wp-content\/uploads\/2019\/08\/Article_Revista-Alimara_num-50_Montserrat-Montagut.pdf\"><em>Les persones cuidadores en la llei 39\/2006 d'atenci\u00f3 a la depend\u00e8ncia i la igualtat d'oportunitats. <\/em><\/a><em><br \/>\n<\/em>Montserrat Montagut<\/p>\n<p style=\"padding-left: 30px;\"><a href=\"http:\/\/www.revistaalimara.net\/revista\/wp-content\/uploads\/2019\/08\/Article_Revista-Alimara_num-50_FEAPS-Balears.pdf\"><em>La Llei d'Autonomia Personal: una visi\u00f3 des de la discapacitat intel\u00b7lectual. <\/em><\/a><em><br \/>\n<\/em>FEAPS Balears<\/p>\n<p style=\"padding-left: 30px;\"><a href=\"http:\/\/www.revistaalimara.net\/revista\/wp-content\/uploads\/2019\/08\/Article_Revista-Alimara_num-50_Equip-atencio-dependencia-IMAS.pdf\"><em>Reptes per a la implantaci\u00f3 del Sistema per a l'Autonomia i l'atenci\u00f3 a la Depend\u00e8ncia a l'IMAS. <\/em><\/a><em><br \/>\n<\/em>Equip d'atenci\u00f3 a la Depend\u00e8ncia, IMAS<\/p>\n<\/div>\n<\/div><\/div><\/div><\/div><div id=\"pg-4007-3\"  class=\"panel-grid panel-has-style\" ><div class=\"siteorigin-panels-stretch panel-row-style panel-row-style-for-4007-3\" data-stretch-type=\"full-stretched-padded\" ><div id=\"pgc-4007-3-0\"  class=\"panel-grid-cell\" ><div id=\"panel-4007-3-0-0\" class=\"so-panel widget widget_sow-headline panel-first-child panel-last-child\" data-index=\"5\" ><div\n\t\t\t\n\t\t\tclass=\"so-widget-sow-headline so-widget-sow-headline-default-7623362f815e-4007\"\n\t\t\t\n\t\t><div class=\"sow-headline-container \">\n\t<\/div>\n<\/div><\/div><\/div><\/div><\/div><div id=\"pg-4007-4\"  class=\"panel-grid panel-has-style\" ><div class=\"panel-row-style panel-row-style-for-4007-4\" ><div id=\"pgc-4007-4-0\"  class=\"panel-grid-cell panel-grid-cell-empty\" ><\/div><\/div><\/div><div id=\"pg-4007-5\"  class=\"panel-grid panel-no-style\" ><div id=\"pgc-4007-5-0\"  class=\"panel-grid-cell\" ><div id=\"panel-4007-5-0-0\" class=\"widget_text so-panel widget widget_custom_html panel-first-child panel-last-child\" data-index=\"6\" ><div class=\"textwidget custom-html-widget\"><div class=\"line\">\n\t\n<\/div><\/div><\/div><\/div><\/div><\/div>","protected":false},"excerpt":{"rendered":"<p>ArticlesDescarrega&#8217;t aqu\u00ed les versions en PDF del articles de la revista Alimara. Juny 2008 N\u00daMERO 50 Descarrega&#8217;t la revista sencera en pdf &nbsp; \u00cdndex Llei 39\/2006, d&#8217;Autonomia Personal i atenci\u00f3 a les Persones en situaci\u00f3 de Depend\u00e8ncia: caracter\u00edstiques principals. Balbino Pardilla Els serveis d&#8217;atenci\u00f3 a les persones en situaci\u00f3 de depend\u00e8ncia de l&#8217;Ajuntament de Palma. [&hellip;]<\/p>\n","protected":false},"author":2,"featured_media":0,"parent":0,"menu_order":0,"comment_status":"closed","ping_status":"closed","template":"","meta":[],"_links":{"self":[{"href":"https:\/\/www.revistaalimara.net\/revista\/wp-json\/wp\/v2\/pages\/4007"}],"collection":[{"href":"https:\/\/www.revistaalimara.net\/revista\/wp-json\/wp\/v2\/pages"}],"about":[{"href":"https:\/\/www.revistaalimara.net\/revista\/wp-json\/wp\/v2\/types\/page"}],"author":[{"embeddable":true,"href":"https:\/\/www.revistaalimara.net\/revista\/wp-json\/wp\/v2\/users\/2"}],"replies":[{"embeddable":true,"href":"https:\/\/www.revistaalimara.net\/revista\/wp-json\/wp\/v2\/comments?post=4007"}],"version-history":[{"count":5,"href":"https:\/\/www.revistaalimara.net\/revista\/wp-json\/wp\/v2\/pages\/4007\/revisions"}],"predecessor-version":[{"id":4752,"href":"https:\/\/www.revistaalimara.net\/revista\/wp-json\/wp\/v2\/pages\/4007\/revisions\/4752"}],"wp:attachment":[{"href":"https:\/\/www.revistaalimara.net\/revista\/wp-json\/wp\/v2\/media?parent=4007"}],"curies":[{"name":"wp","href":"https:\/\/api.w.org\/{rel}","templated":true}]}}