{"id":3927,"date":"2019-07-18T12:06:47","date_gmt":"2019-07-18T10:06:47","guid":{"rendered":"http:\/\/www.revistaalimara.net\/revista\/?page_id=3927"},"modified":"2024-05-31T10:09:04","modified_gmt":"2024-05-31T09:09:04","slug":"documents-tecnics","status":"publish","type":"page","link":"https:\/\/www.revistaalimara.net\/revista\/documents-tecnics\/","title":{"rendered":"Documents t\u00e8cnics"},"content":{"rendered":"<div id=\"pl-3927\"  class=\"panel-layout\" ><div id=\"pg-3927-0\"  class=\"panel-grid panel-has-style\" ><div class=\"siteorigin-panels-stretch panel-row-style panel-row-style-for-3927-0\" data-stretch-type=\"full-stretched-padded\" ><div id=\"pgc-3927-0-0\"  class=\"panel-grid-cell\" ><div id=\"panel-3927-0-0-0\" class=\"so-panel widget widget_sow-headline panel-first-child panel-last-child\" data-index=\"0\" ><div\n\t\t\t\n\t\t\tclass=\"so-widget-sow-headline so-widget-sow-headline-default-7623362f815e-3927\"\n\t\t\t\n\t\t><div class=\"sow-headline-container \">\n\t<h1 class='sow-headline'>Documents t\u00e8cnics<\/h1><\/div>\n<\/div><\/div><\/div><\/div><\/div><div id=\"pg-3927-1\"  class=\"panel-grid panel-no-style\" ><div id=\"pgc-3927-1-0\"  class=\"panel-grid-cell\" ><div id=\"panel-3927-1-0-0\" class=\"so-panel widget widget_media_image panel-first-child panel-last-child\" data-index=\"1\" ><div class=\"img-revista panel-widget-style panel-widget-style-for-3927-1-0-0\" ><img width=\"214\" height=\"300\" src=\"https:\/\/www.revistaalimara.net\/revista\/wp-content\/uploads\/2024\/05\/Portada-guia-igualtat-214x300.png\" class=\"image wp-image-6967  attachment-medium size-medium\" alt=\"\" decoding=\"async\" loading=\"lazy\" style=\"max-width: 100%; height: auto;\" srcset=\"https:\/\/www.revistaalimara.net\/revista\/wp-content\/uploads\/2024\/05\/Portada-guia-igualtat-214x300.png 214w, https:\/\/www.revistaalimara.net\/revista\/wp-content\/uploads\/2024\/05\/Portada-guia-igualtat-392x550.png 392w, https:\/\/www.revistaalimara.net\/revista\/wp-content\/uploads\/2024\/05\/Portada-guia-igualtat-371x520.png 371w, https:\/\/www.revistaalimara.net\/revista\/wp-content\/uploads\/2024\/05\/Portada-guia-igualtat-446x625.png 446w, https:\/\/www.revistaalimara.net\/revista\/wp-content\/uploads\/2024\/05\/Portada-guia-igualtat-15x21.png 15w, https:\/\/www.revistaalimara.net\/revista\/wp-content\/uploads\/2024\/05\/Portada-guia-igualtat.png 600w\" sizes=\"(max-width: 214px) 100vw, 214px\" \/><\/div><\/div><\/div><div id=\"pgc-3927-1-1\"  class=\"panel-grid-cell\" ><div id=\"panel-3927-1-1-0\" class=\"so-panel widget widget_sow-editor panel-first-child\" data-index=\"2\" ><div\n\t\t\t\n\t\t\tclass=\"so-widget-sow-editor so-widget-sow-editor-base\"\n\t\t\t\n\t\t>\n<div class=\"siteorigin-widget-tinymce textwidget\">\n\t<h6>Documents t\u00e8cnics: perspectiva de g\u00e8nere i igualtat<\/h6>\n<h3>Guia pr\u00e0ctica per a l\u2019aplicaci\u00f3 de la perspectiva de g\u00e8nere a l\u2019administraci\u00f3 p\u00fablica<\/h3>\n<\/div>\n<\/div><\/div><div id=\"panel-3927-1-1-1\" class=\"so-panel widget widget_sow-button panel-last-child\" data-index=\"3\" ><div\n\t\t\t\n\t\t\tclass=\"so-widget-sow-button so-widget-sow-button-atom-8294661747ec-3927\"\n\t\t\t\n\t\t><div class=\"ow-button-base ow-button-align-left\">\n\t<a\n\thref=\"https:\/\/www.revistaalimara.net\/revista\/wp-content\/uploads\/2024\/05\/GUIA-PM-00364-2024.pdf\"\n\t\tclass=\"download ow-icon-placement-left ow-button-hover\" target=\"_blank\" rel=\"noopener noreferrer\" \t>\n\t\t<span>\n\t\t\t<span class=\"sow-icon-fontawesome sow-far\" data-sow-icon=\"&#xf1c1;\"\n\t\tstyle=\"\" \n\t\taria-hidden=\"true\"><\/span>\n\t\t\tDescarregau el document t\u00e8cnic en pdf \t\t<\/span>\n\t<\/a>\n<\/div>\n<\/div><\/div><\/div><\/div><div id=\"pg-3927-2\"  class=\"panel-grid panel-no-style\" ><div id=\"pgc-3927-2-0\"  class=\"panel-grid-cell\" ><div id=\"panel-3927-2-0-0\" class=\"so-panel widget widget_media_image panel-first-child panel-last-child\" data-index=\"4\" ><div class=\"img-revista panel-widget-style panel-widget-style-for-3927-2-0-0\" ><img width=\"210\" height=\"300\" src=\"https:\/\/www.revistaalimara.net\/revista\/wp-content\/uploads\/2023\/07\/Diagnostic-participatiu-210x300.png\" class=\"image wp-image-6696  attachment-medium size-medium\" alt=\"\" decoding=\"async\" loading=\"lazy\" style=\"max-width: 100%; height: auto;\" srcset=\"https:\/\/www.revistaalimara.net\/revista\/wp-content\/uploads\/2023\/07\/Diagnostic-participatiu-210x300.png 210w, https:\/\/www.revistaalimara.net\/revista\/wp-content\/uploads\/2023\/07\/Diagnostic-participatiu-385x550.png 385w, https:\/\/www.revistaalimara.net\/revista\/wp-content\/uploads\/2023\/07\/Diagnostic-participatiu-364x520.png 364w, https:\/\/www.revistaalimara.net\/revista\/wp-content\/uploads\/2023\/07\/Diagnostic-participatiu-438x625.png 438w, https:\/\/www.revistaalimara.net\/revista\/wp-content\/uploads\/2023\/07\/Diagnostic-participatiu-15x21.png 15w, https:\/\/www.revistaalimara.net\/revista\/wp-content\/uploads\/2023\/07\/Diagnostic-participatiu.png 505w\" sizes=\"(max-width: 210px) 100vw, 210px\" \/><\/div><\/div><\/div><div id=\"pgc-3927-2-1\"  class=\"panel-grid-cell\" ><div id=\"panel-3927-2-1-0\" class=\"so-panel widget widget_sow-editor panel-first-child\" data-index=\"5\" ><div\n\t\t\t\n\t\t\tclass=\"so-widget-sow-editor so-widget-sow-editor-base\"\n\t\t\t\n\t\t>\n<div class=\"siteorigin-widget-tinymce textwidget\">\n\t<h6>Documents t\u00e8cnics: inf\u00e0ncia i fam\u00edlia<\/h6>\n<h3>Diagn\u00f2stic participatiu sobre el benestar d\u2019infants i adolescents a Mallorca<\/h3>\n<\/div>\n<\/div><\/div><div id=\"panel-3927-2-1-1\" class=\"so-panel widget widget_sow-button panel-last-child\" data-index=\"6\" ><div\n\t\t\t\n\t\t\tclass=\"so-widget-sow-button so-widget-sow-button-atom-8294661747ec-3927\"\n\t\t\t\n\t\t><div class=\"ow-button-base ow-button-align-left\">\n\t<a\n\thref=\"https:\/\/drive.google.com\/file\/d\/1WBST2ZMamgwtoCIObooAO00leUH-8K40\/view?usp=share_link\"\n\t\tclass=\"download ow-icon-placement-left ow-button-hover\" target=\"_blank\" rel=\"noopener noreferrer\" \t>\n\t\t<span>\n\t\t\t<span class=\"sow-icon-fontawesome sow-far\" data-sow-icon=\"&#xf1c1;\"\n\t\tstyle=\"\" \n\t\taria-hidden=\"true\"><\/span>\n\t\t\tDescarregau el document t\u00e8cnic en pdf \t\t<\/span>\n\t<\/a>\n<\/div>\n<\/div><\/div><\/div><\/div><div id=\"pg-3927-3\"  class=\"panel-grid panel-has-style\" ><div class=\"panel-row-style panel-row-style-for-3927-3\" ><div id=\"pgc-3927-3-0\"  class=\"panel-grid-cell\" ><div id=\"panel-3927-3-0-0\" class=\"widget_text so-panel widget widget_custom_html panel-first-child panel-last-child\" data-index=\"7\" ><div class=\"textwidget custom-html-widget\"><hr><\/div><\/div><\/div><\/div><\/div><div id=\"pg-3927-4\"  class=\"panel-grid panel-no-style\" ><div id=\"pgc-3927-4-0\"  class=\"panel-grid-cell\" ><div id=\"panel-3927-4-0-0\" class=\"so-panel widget widget_media_image panel-first-child panel-last-child\" data-index=\"8\" ><div class=\"img-revista panel-widget-style panel-widget-style-for-3927-4-0-0\" ><img width=\"207\" height=\"300\" src=\"https:\/\/www.revistaalimara.net\/revista\/wp-content\/uploads\/2023\/07\/Portada-edatisme-207x300.png\" class=\"image wp-image-6685  attachment-medium size-medium\" alt=\"\" decoding=\"async\" loading=\"lazy\" style=\"max-width: 100%; height: auto;\" srcset=\"https:\/\/www.revistaalimara.net\/revista\/wp-content\/uploads\/2023\/07\/Portada-edatisme-207x300.png 207w, https:\/\/www.revistaalimara.net\/revista\/wp-content\/uploads\/2023\/07\/Portada-edatisme-379x550.png 379w, https:\/\/www.revistaalimara.net\/revista\/wp-content\/uploads\/2023\/07\/Portada-edatisme-359x520.png 359w, https:\/\/www.revistaalimara.net\/revista\/wp-content\/uploads\/2023\/07\/Portada-edatisme-431x625.png 431w, https:\/\/www.revistaalimara.net\/revista\/wp-content\/uploads\/2023\/07\/Portada-edatisme-15x22.png 15w, https:\/\/www.revistaalimara.net\/revista\/wp-content\/uploads\/2023\/07\/Portada-edatisme.png 444w\" sizes=\"(max-width: 207px) 100vw, 207px\" \/><\/div><\/div><\/div><div id=\"pgc-3927-4-1\"  class=\"panel-grid-cell\" ><div id=\"panel-3927-4-1-0\" class=\"so-panel widget widget_sow-editor panel-first-child\" data-index=\"9\" ><div\n\t\t\t\n\t\t\tclass=\"so-widget-sow-editor so-widget-sow-editor-base\"\n\t\t\t\n\t\t>\n<div class=\"siteorigin-widget-tinymce textwidget\">\n\t<h6>Documents t\u00e8cnics: gent gran<\/h6>\n<h3>Edatisme<\/h3>\n<\/div>\n<\/div><\/div><div id=\"panel-3927-4-1-1\" class=\"so-panel widget widget_sow-button\" data-index=\"10\" ><div\n\t\t\t\n\t\t\tclass=\"so-widget-sow-button so-widget-sow-button-atom-8294661747ec-3927\"\n\t\t\t\n\t\t><div class=\"ow-button-base ow-button-align-left\">\n\t<a\n\thref=\"https:\/\/drive.google.com\/file\/d\/1fypDQxZX5Brh9EbJMccGzJmwSYWq4oJ7\/view?usp=share_link\"\n\t\tclass=\"download ow-icon-placement-left ow-button-hover\" target=\"_blank\" rel=\"noopener noreferrer\" \t>\n\t\t<span>\n\t\t\t<span class=\"sow-icon-fontawesome sow-far\" data-sow-icon=\"&#xf1c1;\"\n\t\tstyle=\"\" \n\t\taria-hidden=\"true\"><\/span>\n\t\t\tDescarregau el document t\u00e8cnic en pdf \t\t<\/span>\n\t<\/a>\n<\/div>\n<\/div><\/div><div id=\"panel-3927-4-1-2\" class=\"widget_text so-panel widget widget_custom_html panel-last-child\" data-index=\"11\" ><div class=\"textwidget custom-html-widget\"><br>\n<br>\n<a href=\"https:\/\/drive.google.com\/file\/d\/1Q0WFGMTPDkTDUs6_hRZ8Xj6VBn7ucBDM\/view?usp=share_link\">Versi\u00f3 en castell\u00e0<\/a><\/div><\/div><\/div><\/div><div id=\"pg-3927-5\"  class=\"panel-grid panel-has-style\" ><div class=\"panel-row-style panel-row-style-for-3927-5\" ><div id=\"pgc-3927-5-0\"  class=\"panel-grid-cell\" ><div id=\"panel-3927-5-0-0\" class=\"widget_text so-panel widget widget_custom_html panel-first-child panel-last-child\" data-index=\"12\" ><div class=\"textwidget custom-html-widget\"><hr><\/div><\/div><\/div><\/div><\/div><div id=\"pg-3927-6\"  class=\"panel-grid panel-no-style\" ><div id=\"pgc-3927-6-0\"  class=\"panel-grid-cell\" ><div id=\"panel-3927-6-0-0\" class=\"so-panel widget widget_media_image panel-first-child panel-last-child\" data-index=\"13\" ><div class=\"img-revista panel-widget-style panel-widget-style-for-3927-6-0-0\" ><img width=\"212\" height=\"212\" src=\"https:\/\/www.revistaalimara.net\/revista\/wp-content\/uploads\/2022\/07\/Captura-de-pantalla-2022-07-15-a-les-13.09.54-300x300.png\" class=\"image wp-image-6286  attachment-212x212 size-212x212\" alt=\"\" decoding=\"async\" loading=\"lazy\" style=\"max-width: 100%; height: auto;\" srcset=\"https:\/\/www.revistaalimara.net\/revista\/wp-content\/uploads\/2022\/07\/Captura-de-pantalla-2022-07-15-a-les-13.09.54-300x300.png 300w, https:\/\/www.revistaalimara.net\/revista\/wp-content\/uploads\/2022\/07\/Captura-de-pantalla-2022-07-15-a-les-13.09.54-150x150.png 150w, https:\/\/www.revistaalimara.net\/revista\/wp-content\/uploads\/2022\/07\/Captura-de-pantalla-2022-07-15-a-les-13.09.54-550x550.png 550w, https:\/\/www.revistaalimara.net\/revista\/wp-content\/uploads\/2022\/07\/Captura-de-pantalla-2022-07-15-a-les-13.09.54-520x520.png 520w, https:\/\/www.revistaalimara.net\/revista\/wp-content\/uploads\/2022\/07\/Captura-de-pantalla-2022-07-15-a-les-13.09.54-625x625.png 625w, https:\/\/www.revistaalimara.net\/revista\/wp-content\/uploads\/2022\/07\/Captura-de-pantalla-2022-07-15-a-les-13.09.54-15x15.png 15w, https:\/\/www.revistaalimara.net\/revista\/wp-content\/uploads\/2022\/07\/Captura-de-pantalla-2022-07-15-a-les-13.09.54.png 667w\" sizes=\"(max-width: 212px) 100vw, 212px\" \/><\/div><\/div><\/div><div id=\"pgc-3927-6-1\"  class=\"panel-grid-cell\" ><div id=\"panel-3927-6-1-0\" class=\"so-panel widget widget_sow-editor panel-first-child\" data-index=\"14\" ><div\n\t\t\t\n\t\t\tclass=\"so-widget-sow-editor so-widget-sow-editor-base\"\n\t\t\t\n\t\t>\n<div class=\"siteorigin-widget-tinymce textwidget\">\n\t<h6>Documents t\u00e8cnics: gent gran<\/h6>\n<h3>Guia b\u00e0sica per a treballar amb gent gran<\/h3>\n<\/div>\n<\/div><\/div><div id=\"panel-3927-6-1-1\" class=\"so-panel widget widget_sow-button panel-last-child\" data-index=\"15\" ><div\n\t\t\t\n\t\t\tclass=\"so-widget-sow-button so-widget-sow-button-atom-8294661747ec-3927\"\n\t\t\t\n\t\t><div class=\"ow-button-base ow-button-align-left\">\n\t<a\n\thref=\"https:\/\/www.revistaalimara.net\/revista\/wp-content\/uploads\/2022\/07\/Guia-basica-gent-gran-EVIF-IMAS_compressed_2.pdf\"\n\t\tclass=\"download ow-icon-placement-left ow-button-hover\" target=\"_blank\" rel=\"noopener noreferrer\" \t>\n\t\t<span>\n\t\t\t<span class=\"sow-icon-fontawesome sow-far\" data-sow-icon=\"&#xf1c1;\"\n\t\tstyle=\"\" \n\t\taria-hidden=\"true\"><\/span>\n\t\t\tDescarregau el document t\u00e8cnic en pdf \t\t<\/span>\n\t<\/a>\n<\/div>\n<\/div><\/div><\/div><\/div><div id=\"pg-3927-7\"  class=\"panel-grid panel-has-style\" ><div class=\"panel-row-style panel-row-style-for-3927-7\" ><div id=\"pgc-3927-7-0\"  class=\"panel-grid-cell\" ><div id=\"panel-3927-7-0-0\" class=\"widget_text so-panel widget widget_custom_html panel-first-child panel-last-child\" data-index=\"16\" ><div class=\"textwidget custom-html-widget\"><hr><\/div><\/div><\/div><\/div><\/div><div id=\"pg-3927-8\"  class=\"panel-grid panel-no-style\" ><div id=\"pgc-3927-8-0\"  class=\"panel-grid-cell\" ><div id=\"panel-3927-8-0-0\" class=\"so-panel widget widget_media_image panel-first-child panel-last-child\" data-index=\"17\" ><div class=\"img-revista panel-widget-style panel-widget-style-for-3927-8-0-0\" ><img width=\"212\" height=\"300\" src=\"https:\/\/www.revistaalimara.net\/revista\/wp-content\/uploads\/2022\/06\/Portada_Estimulacio_CATALA_2021-2022-212x300.png\" class=\"image wp-image-6147  attachment-medium size-medium\" alt=\"\" decoding=\"async\" loading=\"lazy\" style=\"max-width: 100%; height: auto;\" srcset=\"https:\/\/www.revistaalimara.net\/revista\/wp-content\/uploads\/2022\/06\/Portada_Estimulacio_CATALA_2021-2022-212x300.png 212w, https:\/\/www.revistaalimara.net\/revista\/wp-content\/uploads\/2022\/06\/Portada_Estimulacio_CATALA_2021-2022-722x1024.png 722w, https:\/\/www.revistaalimara.net\/revista\/wp-content\/uploads\/2022\/06\/Portada_Estimulacio_CATALA_2021-2022-768x1089.png 768w, https:\/\/www.revistaalimara.net\/revista\/wp-content\/uploads\/2022\/06\/Portada_Estimulacio_CATALA_2021-2022-388x550.png 388w, https:\/\/www.revistaalimara.net\/revista\/wp-content\/uploads\/2022\/06\/Portada_Estimulacio_CATALA_2021-2022-367x520.png 367w, https:\/\/www.revistaalimara.net\/revista\/wp-content\/uploads\/2022\/06\/Portada_Estimulacio_CATALA_2021-2022-441x625.png 441w, https:\/\/www.revistaalimara.net\/revista\/wp-content\/uploads\/2022\/06\/Portada_Estimulacio_CATALA_2021-2022-15x21.png 15w, https:\/\/www.revistaalimara.net\/revista\/wp-content\/uploads\/2022\/06\/Portada_Estimulacio_CATALA_2021-2022-854x1210.png 854w, https:\/\/www.revistaalimara.net\/revista\/wp-content\/uploads\/2022\/06\/Portada_Estimulacio_CATALA_2021-2022.png 944w\" sizes=\"(max-width: 212px) 100vw, 212px\" \/><\/div><\/div><\/div><div id=\"pgc-3927-8-1\"  class=\"panel-grid-cell\" ><div id=\"panel-3927-8-1-0\" class=\"so-panel widget widget_sow-editor panel-first-child\" data-index=\"18\" ><div\n\t\t\t\n\t\t\tclass=\"so-widget-sow-editor so-widget-sow-editor-base\"\n\t\t\t\n\t\t>\n<div class=\"siteorigin-widget-tinymce textwidget\">\n\t<h6>Documents t\u00e8cnics: gent gran<\/h6>\n<h3>Quadern d\u2019exercicis per al foment de l\u2019autonomia de les persones majors<br \/>\nESTIMULACI\u00d3 COGNITIVA<br \/>\n2021-2022<\/h3>\n<\/div>\n<\/div><\/div><div id=\"panel-3927-8-1-1\" class=\"so-panel widget widget_sow-button\" data-index=\"19\" ><div\n\t\t\t\n\t\t\tclass=\"so-widget-sow-button so-widget-sow-button-atom-8294661747ec-3927\"\n\t\t\t\n\t\t><div class=\"ow-button-base ow-button-align-left\">\n\t<a\n\thref=\"https:\/\/drive.google.com\/file\/d\/1cf7EJs922mMemA5FcEhxC9VYZ4nqROlj\/view?usp=sharing\"\n\t\tclass=\"download ow-icon-placement-left ow-button-hover\" target=\"_blank\" rel=\"noopener noreferrer\" \t>\n\t\t<span>\n\t\t\t<span class=\"sow-icon-fontawesome sow-far\" data-sow-icon=\"&#xf1c1;\"\n\t\tstyle=\"\" \n\t\taria-hidden=\"true\"><\/span>\n\t\t\tDescarregau el document t\u00e8cnic en pdf \t\t<\/span>\n\t<\/a>\n<\/div>\n<\/div><\/div><div id=\"panel-3927-8-1-2\" class=\"widget_text so-panel widget widget_custom_html panel-last-child\" data-index=\"20\" ><div class=\"textwidget custom-html-widget\"><br>\n<br>\n<a href=\"https:\/\/drive.google.com\/file\/d\/1djQrXsIrhN9fVKq9I7jeigjBf85KluuY\/view?usp=sharing\">Versi\u00f3 en castell\u00e0<\/a><\/div><\/div><\/div><\/div><div id=\"pg-3927-9\"  class=\"panel-grid panel-has-style\" ><div class=\"panel-row-style panel-row-style-for-3927-9\" ><div id=\"pgc-3927-9-0\"  class=\"panel-grid-cell\" ><div id=\"panel-3927-9-0-0\" class=\"widget_text so-panel widget widget_custom_html panel-first-child panel-last-child\" data-index=\"21\" ><div class=\"textwidget custom-html-widget\"><hr><\/div><\/div><\/div><\/div><\/div><div id=\"pg-3927-10\"  class=\"panel-grid panel-no-style\" ><div id=\"pgc-3927-10-0\"  class=\"panel-grid-cell panel-grid-cell-empty\" ><\/div><\/div><div id=\"pg-3927-11\"  class=\"panel-grid panel-no-style\" ><div id=\"pgc-3927-11-0\"  class=\"panel-grid-cell\" ><div id=\"panel-3927-11-0-0\" class=\"so-panel widget widget_media_image panel-first-child panel-last-child\" data-index=\"22\" ><div class=\"img-revista panel-widget-style panel-widget-style-for-3927-11-0-0\" ><img width=\"212\" height=\"300\" src=\"https:\/\/www.revistaalimara.net\/revista\/wp-content\/uploads\/2022\/06\/Portada_estimulacio_CATALA_2020r-212x300.png\" class=\"image wp-image-6148  attachment-medium size-medium\" alt=\"\" decoding=\"async\" loading=\"lazy\" style=\"max-width: 100%; height: auto;\" srcset=\"https:\/\/www.revistaalimara.net\/revista\/wp-content\/uploads\/2022\/06\/Portada_estimulacio_CATALA_2020r-212x300.png 212w, https:\/\/www.revistaalimara.net\/revista\/wp-content\/uploads\/2022\/06\/Portada_estimulacio_CATALA_2020r-389x550.png 389w, https:\/\/www.revistaalimara.net\/revista\/wp-content\/uploads\/2022\/06\/Portada_estimulacio_CATALA_2020r-368x520.png 368w, https:\/\/www.revistaalimara.net\/revista\/wp-content\/uploads\/2022\/06\/Portada_estimulacio_CATALA_2020r-442x625.png 442w, https:\/\/www.revistaalimara.net\/revista\/wp-content\/uploads\/2022\/06\/Portada_estimulacio_CATALA_2020r-15x21.png 15w, https:\/\/www.revistaalimara.net\/revista\/wp-content\/uploads\/2022\/06\/Portada_estimulacio_CATALA_2020r.png 555w\" sizes=\"(max-width: 212px) 100vw, 212px\" \/><\/div><\/div><\/div><div id=\"pgc-3927-11-1\"  class=\"panel-grid-cell\" ><div id=\"panel-3927-11-1-0\" class=\"so-panel widget widget_sow-editor panel-first-child\" data-index=\"23\" ><div\n\t\t\t\n\t\t\tclass=\"so-widget-sow-editor so-widget-sow-editor-base\"\n\t\t\t\n\t\t>\n<div class=\"siteorigin-widget-tinymce textwidget\">\n\t<h6>Documents t\u00e8cnics: gent gran<\/h6>\n<h3>Quadern d\u2019exercicis per al foment de l\u2019autonomia de les persones majors<br \/>\nESTIMULACI\u00d3 COGNITIVA<br \/>\n2020-2021<\/h3>\n<\/div>\n<\/div><\/div><div id=\"panel-3927-11-1-1\" class=\"so-panel widget widget_sow-button\" data-index=\"24\" ><div\n\t\t\t\n\t\t\tclass=\"so-widget-sow-button so-widget-sow-button-atom-8294661747ec-3927\"\n\t\t\t\n\t\t><div class=\"ow-button-base ow-button-align-left\">\n\t<a\n\thref=\"https:\/\/drive.google.com\/file\/d\/1kGWmI8IzPnnFsb4IzTLtPm1J2dVEL1-7\/view?usp=sharing\"\n\t\tclass=\"download ow-icon-placement-left ow-button-hover\" target=\"_blank\" rel=\"noopener noreferrer\" \t>\n\t\t<span>\n\t\t\t<span class=\"sow-icon-fontawesome sow-far\" data-sow-icon=\"&#xf1c1;\"\n\t\tstyle=\"\" \n\t\taria-hidden=\"true\"><\/span>\n\t\t\tDescarregau el document t\u00e8cnic en pdf \t\t<\/span>\n\t<\/a>\n<\/div>\n<\/div><\/div><div id=\"panel-3927-11-1-2\" class=\"widget_text so-panel widget widget_custom_html panel-last-child\" data-index=\"25\" ><div class=\"textwidget custom-html-widget\"><br>\n<br>\n<a href=\"https:\/\/drive.google.com\/file\/d\/1ev_-nxrJ6eHg-QF0DkF102SGetxhBzMR\/view?usp=sharing\">Versi\u00f3 en castell\u00e0<\/a><\/div><\/div><\/div><\/div><div id=\"pg-3927-12\"  class=\"panel-grid panel-has-style\" ><div class=\"panel-row-style panel-row-style-for-3927-12\" ><div id=\"pgc-3927-12-0\"  class=\"panel-grid-cell\" ><div id=\"panel-3927-12-0-0\" class=\"widget_text so-panel widget widget_custom_html panel-first-child panel-last-child\" data-index=\"26\" ><div class=\"textwidget custom-html-widget\"><hr><\/div><\/div><\/div><\/div><\/div><div id=\"pg-3927-13\"  class=\"panel-grid panel-no-style\" ><div id=\"pgc-3927-13-0\"  class=\"panel-grid-cell\" ><div id=\"panel-3927-13-0-0\" class=\"so-panel widget widget_media_image panel-first-child panel-last-child\" data-index=\"27\" ><div class=\"img-revista panel-widget-style panel-widget-style-for-3927-13-0-0\" ><img width=\"211\" height=\"300\" src=\"https:\/\/www.revistaalimara.net\/revista\/wp-content\/uploads\/2021\/12\/Portada_protocol_maltractament-211x300.png\" class=\"image wp-image-5991  attachment-medium size-medium\" alt=\"\" decoding=\"async\" loading=\"lazy\" style=\"max-width: 100%; height: auto;\" srcset=\"https:\/\/www.revistaalimara.net\/revista\/wp-content\/uploads\/2021\/12\/Portada_protocol_maltractament-211x300.png 211w, https:\/\/www.revistaalimara.net\/revista\/wp-content\/uploads\/2021\/12\/Portada_protocol_maltractament-386x550.png 386w, https:\/\/www.revistaalimara.net\/revista\/wp-content\/uploads\/2021\/12\/Portada_protocol_maltractament-365x520.png 365w, https:\/\/www.revistaalimara.net\/revista\/wp-content\/uploads\/2021\/12\/Portada_protocol_maltractament-439x625.png 439w, https:\/\/www.revistaalimara.net\/revista\/wp-content\/uploads\/2021\/12\/Portada_protocol_maltractament-15x21.png 15w, https:\/\/www.revistaalimara.net\/revista\/wp-content\/uploads\/2021\/12\/Portada_protocol_maltractament.png 450w\" sizes=\"(max-width: 211px) 100vw, 211px\" \/><\/div><\/div><\/div><div id=\"pgc-3927-13-1\"  class=\"panel-grid-cell\" ><div id=\"panel-3927-13-1-0\" class=\"so-panel widget widget_sow-editor panel-first-child\" data-index=\"28\" ><div\n\t\t\t\n\t\t\tclass=\"so-widget-sow-editor so-widget-sow-editor-base\"\n\t\t\t\n\t\t>\n<div class=\"siteorigin-widget-tinymce textwidget\">\n\t<h6>Documents t\u00e8cnics: gent gran<\/h6>\n<h3>Protocol d\u2019actuaci\u00f3 davant les situacions de maltractaments dom\u00e8stics i d\u2019autoneglig\u00e8ncia<\/h3>\n<\/div>\n<\/div><\/div><div id=\"panel-3927-13-1-1\" class=\"so-panel widget widget_sow-button panel-last-child\" data-index=\"29\" ><div\n\t\t\t\n\t\t\tclass=\"so-widget-sow-button so-widget-sow-button-atom-8294661747ec-3927\"\n\t\t\t\n\t\t><div class=\"ow-button-base ow-button-align-left\">\n\t<a\n\thref=\"https:\/\/www.revistaalimara.net\/revista\/wp-content\/uploads\/2021\/12\/LlibreMaltractamentsLowRes-2.pdf\"\n\t\tclass=\"download ow-icon-placement-left ow-button-hover\" target=\"_blank\" rel=\"noopener noreferrer\" \t>\n\t\t<span>\n\t\t\t<span class=\"sow-icon-fontawesome sow-far\" data-sow-icon=\"&#xf1c1;\"\n\t\tstyle=\"\" \n\t\taria-hidden=\"true\"><\/span>\n\t\t\tDescarregau el document t\u00e8cnic en pdf \t\t<\/span>\n\t<\/a>\n<\/div>\n<\/div><\/div><\/div><\/div><div id=\"pg-3927-14\"  class=\"panel-grid panel-has-style\" ><div class=\"panel-row-style panel-row-style-for-3927-14\" ><div id=\"pgc-3927-14-0\"  class=\"panel-grid-cell\" ><div id=\"panel-3927-14-0-0\" class=\"widget_text so-panel widget widget_custom_html panel-first-child panel-last-child\" data-index=\"30\" ><div class=\"textwidget custom-html-widget\"><hr><\/div><\/div><\/div><\/div><\/div><div id=\"pg-3927-15\"  class=\"panel-grid panel-no-style\" ><div id=\"pgc-3927-15-0\"  class=\"panel-grid-cell\" ><div id=\"panel-3927-15-0-0\" class=\"so-panel widget widget_media_image panel-first-child panel-last-child\" data-index=\"31\" ><div class=\"img-revista panel-widget-style panel-widget-style-for-3927-15-0-0\" ><img width=\"212\" height=\"300\" src=\"https:\/\/www.revistaalimara.net\/revista\/wp-content\/uploads\/2019\/07\/portada_Manual-dIntervencio-del-servei-de-Proteccio-al-Menor.jpg\" class=\"image wp-image-3959  attachment-212x300 size-212x300\" alt=\"\" decoding=\"async\" loading=\"lazy\" style=\"max-width: 100%; height: auto;\" \/><\/div><\/div><\/div><div id=\"pgc-3927-15-1\"  class=\"panel-grid-cell\" ><div id=\"panel-3927-15-1-0\" class=\"so-panel widget widget_sow-editor panel-first-child\" data-index=\"32\" ><div\n\t\t\t\n\t\t\tclass=\"so-widget-sow-editor so-widget-sow-editor-base\"\n\t\t\t\n\t\t>\n<div class=\"siteorigin-widget-tinymce textwidget\">\n\t<h6>Documents t\u00e8cnics: inf\u00e0ncia i fam\u00edlia<\/h6>\n<h3>Manual d'Intervenci\u00f3 del Servei de Protecci\u00f3 al Menor<\/h3>\n<\/div>\n<\/div><\/div><div id=\"panel-3927-15-1-1\" class=\"so-panel widget widget_sow-button panel-last-child\" data-index=\"33\" ><div\n\t\t\t\n\t\t\tclass=\"so-widget-sow-button so-widget-sow-button-atom-8294661747ec-3927\"\n\t\t\t\n\t\t><div class=\"ow-button-base ow-button-align-left\">\n\t<a\n\thref=\"https:\/\/www.revistaalimara.net\/revista\/wp-content\/uploads\/2019\/07\/Manual-dIntervencio-del-Servei-de-Proteccio-al-Menor.pdf\"\n\t\tclass=\"download ow-icon-placement-left ow-button-hover\" target=\"_blank\" rel=\"noopener noreferrer\" \t>\n\t\t<span>\n\t\t\t<span class=\"sow-icon-fontawesome sow-far\" data-sow-icon=\"&#xf1c1;\"\n\t\tstyle=\"\" \n\t\taria-hidden=\"true\"><\/span>\n\t\t\tDescarregau el document t\u00e8cnic en pdf \t\t<\/span>\n\t<\/a>\n<\/div>\n<\/div><\/div><\/div><\/div><div id=\"pg-3927-16\"  class=\"panel-grid panel-no-style\" ><div id=\"pgc-3927-16-0\"  class=\"panel-grid-cell\" ><div id=\"panel-3927-16-0-0\" class=\"widget_text so-panel widget widget_custom_html panel-first-child panel-last-child\" data-index=\"34\" ><div class=\"textwidget custom-html-widget\"><div class=\"line\">\n\t\n<\/div><\/div><\/div><\/div><\/div><\/div>","protected":false},"excerpt":{"rendered":"<p>Documents t\u00e8cnics: perspectiva de g\u00e8nere i igualtat Guia pr\u00e0ctica per a l\u2019aplicaci\u00f3 de la perspectiva de g\u00e8nere a l\u2019administraci\u00f3 p\u00fablica<\/p>\n","protected":false},"author":2,"featured_media":0,"parent":0,"menu_order":0,"comment_status":"closed","ping_status":"closed","template":"","meta":[],"_links":{"self":[{"href":"https:\/\/www.revistaalimara.net\/revista\/wp-json\/wp\/v2\/pages\/3927"}],"collection":[{"href":"https:\/\/www.revistaalimara.net\/revista\/wp-json\/wp\/v2\/pages"}],"about":[{"href":"https:\/\/www.revistaalimara.net\/revista\/wp-json\/wp\/v2\/types\/page"}],"author":[{"embeddable":true,"href":"https:\/\/www.revistaalimara.net\/revista\/wp-json\/wp\/v2\/users\/2"}],"replies":[{"embeddable":true,"href":"https:\/\/www.revistaalimara.net\/revista\/wp-json\/wp\/v2\/comments?post=3927"}],"version-history":[{"count":39,"href":"https:\/\/www.revistaalimara.net\/revista\/wp-json\/wp\/v2\/pages\/3927\/revisions"}],"predecessor-version":[{"id":3962,"href":"https:\/\/www.revistaalimara.net\/revista\/wp-json\/wp\/v2\/pages\/3927\/revisions\/3962"}],"wp:attachment":[{"href":"https:\/\/www.revistaalimara.net\/revista\/wp-json\/wp\/v2\/media?parent=3927"}],"curies":[{"name":"wp","href":"https:\/\/api.w.org\/{rel}","templated":true}]}}