{"id":3574,"date":"2019-06-17T14:56:47","date_gmt":"2019-06-17T12:56:47","guid":{"rendered":"http:\/\/www.revistaalimara.net\/revista\/?page_id=3574"},"modified":"2021-04-23T07:54:13","modified_gmt":"2021-04-23T06:54:13","slug":"epoca-4_44","status":"publish","type":"page","link":"https:\/\/www.revistaalimara.net\/revista\/epoca-4_44\/","title":{"rendered":"\u00c8poca 4_44"},"content":{"rendered":"<div id=\"pl-3574\"  class=\"panel-layout\" ><div id=\"pg-3574-0\"  class=\"panel-grid panel-has-style\" ><div class=\"siteorigin-panels-stretch panel-row-style panel-row-style-for-3574-0\" data-stretch-type=\"full-stretched-padded\" ><div id=\"pgc-3574-0-0\"  class=\"panel-grid-cell\" ><div id=\"panel-3574-0-0-0\" class=\"so-panel widget widget_sow-headline panel-first-child panel-last-child\" data-index=\"0\" ><div\n\t\t\t\n\t\t\tclass=\"so-widget-sow-headline so-widget-sow-headline-default-7623362f815e-3574\"\n\t\t\t\n\t\t><div class=\"sow-headline-container \">\n\t<h1 class='sow-headline'>Articles<\/h1><h3 class='sow-sub-headline'>Descarrega't aqu\u00ed les versions en PDF del articles de la revista<\/h3><\/div>\n<\/div><\/div><\/div><\/div><\/div><div id=\"pg-3574-1\"  class=\"panel-grid panel-has-style\" ><div class=\"panel-row-style panel-row-style-for-3574-1\" ><div id=\"pgc-3574-1-0\"  class=\"panel-grid-cell panel-grid-cell-empty\" ><\/div><\/div><\/div><div id=\"pg-3574-2\"  class=\"panel-grid panel-no-style\" ><div id=\"pgc-3574-2-0\"  class=\"panel-grid-cell\" ><div id=\"panel-3574-2-0-0\" class=\"so-panel widget widget_media_gallery panel-first-child panel-last-child\" data-index=\"1\" >\n\t\t<style type=\"text\/css\">\n\t\t\t#gallery-1 {\n\t\t\t\tmargin: auto;\n\t\t\t}\n\t\t\t#gallery-1 .gallery-item {\n\t\t\t\tfloat: left;\n\t\t\t\tmargin-top: 10px;\n\t\t\t\ttext-align: center;\n\t\t\t\twidth: 100%;\n\t\t\t}\n\t\t\t#gallery-1 img {\n\t\t\t\tborder: 2px solid #cfcfcf;\n\t\t\t}\n\t\t\t#gallery-1 .gallery-caption {\n\t\t\t\tmargin-left: 0;\n\t\t\t}\n\t\t\t\/* see gallery_shortcode() in wp-includes\/media.php *\/\n\t\t<\/style>\n\t\t<div id='gallery-1' class='gallery galleryid-3574 gallery-columns-1 gallery-size-large'><dl class='gallery-item'>\n\t\t\t<dt class='gallery-icon portrait'>\n\t\t\t\t<a href='https:\/\/www.revistaalimara.net\/revista\/wp-content\/uploads\/2019\/06\/Num-44-1.jpg'><img width=\"656\" height=\"936\" src=\"https:\/\/www.revistaalimara.net\/revista\/wp-content\/uploads\/2019\/06\/Num-44-1.jpg\" class=\"attachment-large size-large\" alt=\"\" decoding=\"async\" loading=\"lazy\" \/><\/a>\n\t\t\t<\/dt><\/dl><br style=\"clear: both\" \/>\n\t\t<\/div>\n<\/div><\/div><div id=\"pgc-3574-2-1\"  class=\"panel-grid-cell\" ><div id=\"panel-3574-2-1-0\" class=\"so-panel widget widget_sow-editor panel-first-child\" data-index=\"2\" ><div\n\t\t\t\n\t\t\tclass=\"so-widget-sow-editor so-widget-sow-editor-base\"\n\t\t\t\n\t\t>\n<div class=\"siteorigin-widget-tinymce textwidget\">\n\t<h6>Alimara. Desembre 1999<\/h6>\n<h3>N\u00daMERO 44<\/h3>\n<\/div>\n<\/div><\/div><div id=\"panel-3574-2-1-1\" class=\"so-panel widget widget_sow-button\" data-index=\"3\" ><div\n\t\t\t\n\t\t\tclass=\"so-widget-sow-button so-widget-sow-button-atom-8294661747ec-3574\"\n\t\t\t\n\t\t><div class=\"ow-button-base ow-button-align-left\">\n\t<a\n\thref=\"http:\/\/www.revistaalimara.net\/revista\/wp-content\/uploads\/2019\/06\/Revista-Alimara-44_Sencera.pdf\"\n\t\tclass=\"download ow-icon-placement-left ow-button-hover\" target=\"_blank\" rel=\"noopener noreferrer\" \t>\n\t\t<span>\n\t\t\t<span class=\"sow-icon-fontawesome sow-far\" data-sow-icon=\"&#xf1c1;\"\n\t\tstyle=\"\" \n\t\taria-hidden=\"true\"><\/span>\n\t\t\tDescarrega't la revista sencera en pdf \t\t<\/span>\n\t<\/a>\n<\/div>\n<\/div><\/div><div id=\"panel-3574-2-1-2\" class=\"so-panel widget widget_sow-editor panel-last-child\" data-index=\"4\" ><div\n\t\t\t\n\t\t\tclass=\"so-widget-sow-editor so-widget-sow-editor-base\"\n\t\t\t\n\t\t>\n<div class=\"siteorigin-widget-tinymce textwidget\">\n\t<p>&nbsp;<\/p>\n<p><a href=\"http:\/\/www.revistaalimara.net\/revista\/wp-content\/uploads\/2019\/06\/Revista-Alimara-44_Presentacio.pdf\"><strong><span style=\"color: #009fe3;\">Pre<\/span><\/strong><strong><span style=\"color: #009fe3;\">s<\/span><\/strong><strong><span style=\"color: #009fe3;\">entaci\u00f3<\/span><\/strong><\/a><\/p>\n<p><strong><span style=\"color: #009fe3;\">Pol\u00edtica Social<\/span><\/strong><\/p>\n<p style=\"padding-left: 30px;\"><em><a href=\"http:\/\/www.revistaalimara.net\/revista\/wp-content\/uploads\/2019\/06\/Revista-Alimara-44_Politica-social_Caro.pdf\">La pol\u00edtica de Benestar Social des del Govern de les Illes Balears.<\/a><br \/>\n<\/em>Fernanda Caro Blanco<\/p>\n<p style=\"padding-left: 30px;\"><em><a href=\"http:\/\/www.revistaalimara.net\/revista\/wp-content\/uploads\/2019\/06\/Revista-Alimara-44_Politica-social_Sintes.pdf\">Vers una Conselleria de Benestar Social de Mallorca.<\/a><br \/>\n<\/em>Josefina Sintes Janer<\/p>\n<p style=\"padding-left: 30px;\"><em><a href=\"http:\/\/www.revistaalimara.net\/revista\/wp-content\/uploads\/2019\/06\/Revista-Alimara-44_Politica-social_Gascon.pdf\">L'actuaci\u00f3 pol\u00edtica de la Conselleria de Salut i Benestar Social del Consell Insular de Mallorca.<\/a><br \/>\n<\/em>Miquel Gasc\u00f3n Mir<\/p>\n<p style=\"padding-left: 30px;\"><em><a href=\"http:\/\/www.revistaalimara.net\/revista\/wp-content\/uploads\/2019\/06\/Revista-Alimara-44_Politica-social_Nadal.pdf\">L'atenci\u00f3 Social a la Ciutat de Palma: prioritats i criteris d'actuaci\u00f3.<\/a><br \/>\n<\/em>Antoni Nadal Estela<\/p>\n<p><span style=\"color: #009fe3;\"><strong>Territorialitzaci\u00f3 - Compet\u00e8ncies<\/strong><\/span><\/p>\n<p style=\"padding-left: 30px;\"><em><a href=\"http:\/\/www.revistaalimara.net\/revista\/wp-content\/uploads\/2019\/06\/Revista-Alimara-44_Territorialitzacio_Mascaro.pdf\">El llarg cam\u00ed cap a la descentralitzaci\u00f3 dels Serveis Socials.<\/a><br \/>\n<\/em>Pere Mascar\u00f3 Pons<\/p>\n<p><span style=\"color: #009fe3;\"><strong>Salari Social - RMI<\/strong><\/span><\/p>\n<p style=\"padding-left: 30px;\"><em><a href=\"http:\/\/www.revistaalimara.net\/revista\/wp-content\/uploads\/2019\/06\/Revista-Alimara-44_Salari-Social-RMI_Nadal.pdf\">An\u00e0lisi del proc\u00e9s d'inserci\u00f3 d'un grup de perceptors de la renda m\u00ednima d'inserci\u00f3 (RMI).<\/a><br \/>\n<\/em>Carme Nadal<\/p>\n<p style=\"padding-left: 30px;\"><em><a href=\"http:\/\/www.revistaalimara.net\/revista\/wp-content\/uploads\/2019\/06\/Revista-Alimara-44_Salari-Social-RMI_Horrach_Quevedo.pdf\">Propostes d'actuaci\u00f3 per a la remodelaci\u00f3 del Suport Transitori Comunitari\/Renda M\u00ednima d'Inserci\u00f3.<\/a><br \/>\n<\/em>Andreu Horrach Torrens i Josep Quevedo Garcia<\/p>\n<p><span style=\"color: #009fe3;\"><strong>Dona<\/strong><\/span><\/p>\n<p style=\"padding-left: 30px;\"><em><a href=\"http:\/\/www.revistaalimara.net\/revista\/wp-content\/uploads\/2019\/06\/Revista-Alimara-44_Dona_Montagut.pdf\">Les dones i l'Estat del Benestar. Les persones que s'en cuiden d'altres.<\/a><br \/>\n<\/em>Montserrat Montagut<\/p>\n<p><span style=\"color: #009fe3;\"><strong>Documents T\u00e8cnics<\/strong><\/span><\/p>\n<p style=\"padding-left: 30px;\"><a href=\"http:\/\/www.revistaalimara.net\/revista\/wp-content\/uploads\/2019\/06\/Revista-Alimara-44_Documents-Tecnics_Pacte-de-Progres.pdf\"><em>Pacte de Progr\u00e9s.<\/em><\/a><\/p>\n<p style=\"padding-left: 30px;\"><a href=\"http:\/\/www.revistaalimara.net\/revista\/wp-content\/uploads\/2019\/06\/Revista-Alimara-44_Documents-Tecnics_Carta-Internacional-del-Drets-Humans.pdf\"><em>Carta Internacional dels Drets Humans.<\/em><\/a><\/p>\n<\/div>\n<\/div><\/div><\/div><\/div><div id=\"pg-3574-3\"  class=\"panel-grid panel-has-style\" ><div class=\"siteorigin-panels-stretch panel-row-style panel-row-style-for-3574-3\" data-stretch-type=\"full-stretched-padded\" ><div id=\"pgc-3574-3-0\"  class=\"panel-grid-cell\" ><div id=\"panel-3574-3-0-0\" class=\"so-panel widget widget_sow-headline panel-first-child panel-last-child\" data-index=\"5\" ><div\n\t\t\t\n\t\t\tclass=\"so-widget-sow-headline so-widget-sow-headline-default-7623362f815e-3574\"\n\t\t\t\n\t\t><div class=\"sow-headline-container \">\n\t<\/div>\n<\/div><\/div><\/div><\/div><\/div><div id=\"pg-3574-4\"  class=\"panel-grid panel-has-style\" ><div class=\"panel-row-style panel-row-style-for-3574-4\" ><div id=\"pgc-3574-4-0\"  class=\"panel-grid-cell panel-grid-cell-empty\" ><\/div><\/div><\/div><div id=\"pg-3574-5\"  class=\"panel-grid panel-no-style\" ><div id=\"pgc-3574-5-0\"  class=\"panel-grid-cell\" ><div id=\"panel-3574-5-0-0\" class=\"widget_text so-panel widget widget_custom_html panel-first-child panel-last-child\" data-index=\"6\" ><div class=\"textwidget custom-html-widget\"><div class=\"line\">\n\t\n<\/div><\/div><\/div><\/div><\/div><\/div>","protected":false},"excerpt":{"rendered":"<p>ArticlesDescarrega&#8217;t aqu\u00ed les versions en PDF del articles de la revista Alimara. Desembre 1999 N\u00daMERO 44 Descarrega&#8217;t la revista sencera en pdf &nbsp; Presentaci\u00f3 Pol\u00edtica Social La pol\u00edtica de Benestar Social des del Govern de les Illes Balears. Fernanda Caro Blanco Vers una Conselleria de Benestar Social de Mallorca. Josefina Sintes Janer L&#8217;actuaci\u00f3 pol\u00edtica de [&hellip;]<\/p>\n","protected":false},"author":2,"featured_media":0,"parent":0,"menu_order":0,"comment_status":"closed","ping_status":"closed","template":"","meta":[],"_links":{"self":[{"href":"https:\/\/www.revistaalimara.net\/revista\/wp-json\/wp\/v2\/pages\/3574"}],"collection":[{"href":"https:\/\/www.revistaalimara.net\/revista\/wp-json\/wp\/v2\/pages"}],"about":[{"href":"https:\/\/www.revistaalimara.net\/revista\/wp-json\/wp\/v2\/types\/page"}],"author":[{"embeddable":true,"href":"https:\/\/www.revistaalimara.net\/revista\/wp-json\/wp\/v2\/users\/2"}],"replies":[{"embeddable":true,"href":"https:\/\/www.revistaalimara.net\/revista\/wp-json\/wp\/v2\/comments?post=3574"}],"version-history":[{"count":12,"href":"https:\/\/www.revistaalimara.net\/revista\/wp-json\/wp\/v2\/pages\/3574\/revisions"}],"predecessor-version":[{"id":3604,"href":"https:\/\/www.revistaalimara.net\/revista\/wp-json\/wp\/v2\/pages\/3574\/revisions\/3604"}],"wp:attachment":[{"href":"https:\/\/www.revistaalimara.net\/revista\/wp-json\/wp\/v2\/media?parent=3574"}],"curies":[{"name":"wp","href":"https:\/\/api.w.org\/{rel}","templated":true}]}}