{"id":3494,"date":"2019-06-13T12:53:00","date_gmt":"2019-06-13T10:53:00","guid":{"rendered":"http:\/\/www.revistaalimara.net\/revista\/?page_id=3494"},"modified":"2021-04-23T07:54:13","modified_gmt":"2021-04-23T06:54:13","slug":"epoca-4_41","status":"publish","type":"page","link":"https:\/\/www.revistaalimara.net\/revista\/epoca-4_41\/","title":{"rendered":"\u00c8poca 4_41"},"content":{"rendered":"<div id=\"pl-3494\"  class=\"panel-layout\" ><div id=\"pg-3494-0\"  class=\"panel-grid panel-has-style\" ><div class=\"siteorigin-panels-stretch panel-row-style panel-row-style-for-3494-0\" data-stretch-type=\"full-stretched-padded\" ><div id=\"pgc-3494-0-0\"  class=\"panel-grid-cell\" ><div id=\"panel-3494-0-0-0\" class=\"so-panel widget widget_sow-headline panel-first-child panel-last-child\" data-index=\"0\" ><div\n\t\t\t\n\t\t\tclass=\"so-widget-sow-headline so-widget-sow-headline-default-7623362f815e-3494\"\n\t\t\t\n\t\t><div class=\"sow-headline-container \">\n\t<h1 class='sow-headline'>Articles<\/h1><h3 class='sow-sub-headline'>Descarrega't aqu\u00ed les versions en PDF del articles de la revista<\/h3><\/div>\n<\/div><\/div><\/div><\/div><\/div><div id=\"pg-3494-1\"  class=\"panel-grid panel-has-style\" ><div class=\"panel-row-style panel-row-style-for-3494-1\" ><div id=\"pgc-3494-1-0\"  class=\"panel-grid-cell panel-grid-cell-empty\" ><\/div><\/div><\/div><div id=\"pg-3494-2\"  class=\"panel-grid panel-no-style\" ><div id=\"pgc-3494-2-0\"  class=\"panel-grid-cell\" ><div id=\"panel-3494-2-0-0\" class=\"so-panel widget widget_media_gallery panel-first-child panel-last-child\" data-index=\"1\" >\n\t\t<style type=\"text\/css\">\n\t\t\t#gallery-1 {\n\t\t\t\tmargin: auto;\n\t\t\t}\n\t\t\t#gallery-1 .gallery-item {\n\t\t\t\tfloat: left;\n\t\t\t\tmargin-top: 10px;\n\t\t\t\ttext-align: center;\n\t\t\t\twidth: 100%;\n\t\t\t}\n\t\t\t#gallery-1 img {\n\t\t\t\tborder: 2px solid #cfcfcf;\n\t\t\t}\n\t\t\t#gallery-1 .gallery-caption {\n\t\t\t\tmargin-left: 0;\n\t\t\t}\n\t\t\t\/* see gallery_shortcode() in wp-includes\/media.php *\/\n\t\t<\/style>\n\t\t<div id='gallery-1' class='gallery galleryid-3494 gallery-columns-1 gallery-size-large'><dl class='gallery-item'>\n\t\t\t<dt class='gallery-icon portrait'>\n\t\t\t\t<a href='https:\/\/www.revistaalimara.net\/revista\/wp-content\/uploads\/2019\/06\/Num-41-1.jpg'><img width=\"645\" height=\"944\" src=\"https:\/\/www.revistaalimara.net\/revista\/wp-content\/uploads\/2019\/06\/Num-41-1.jpg\" class=\"attachment-large size-large\" alt=\"\" decoding=\"async\" loading=\"lazy\" \/><\/a>\n\t\t\t<\/dt><\/dl><br style=\"clear: both\" \/>\n\t\t<\/div>\n<\/div><\/div><div id=\"pgc-3494-2-1\"  class=\"panel-grid-cell\" ><div id=\"panel-3494-2-1-0\" class=\"so-panel widget widget_sow-editor panel-first-child\" data-index=\"2\" ><div\n\t\t\t\n\t\t\tclass=\"so-widget-sow-editor so-widget-sow-editor-base\"\n\t\t\t\n\t\t>\n<div class=\"siteorigin-widget-tinymce textwidget\">\n\t<h6>Alimara. Juny 1998<\/h6>\n<h3>N\u00daMERO 41<\/h3>\n<\/div>\n<\/div><\/div><div id=\"panel-3494-2-1-1\" class=\"so-panel widget widget_sow-button\" data-index=\"3\" ><div\n\t\t\t\n\t\t\tclass=\"so-widget-sow-button so-widget-sow-button-atom-8294661747ec-3494\"\n\t\t\t\n\t\t><div class=\"ow-button-base ow-button-align-left\">\n\t<a\n\thref=\"http:\/\/www.revistaalimara.net\/revista\/wp-content\/uploads\/2019\/06\/Revista-Alimara-41_Sencera.pdf\"\n\t\tclass=\"download ow-icon-placement-left ow-button-hover\" target=\"_blank\" rel=\"noopener noreferrer\" \t>\n\t\t<span>\n\t\t\t<span class=\"sow-icon-fontawesome sow-far\" data-sow-icon=\"&#xf1c1;\"\n\t\tstyle=\"\" \n\t\taria-hidden=\"true\"><\/span>\n\t\t\tDescarrega't la revista sencera en pdf \t\t<\/span>\n\t<\/a>\n<\/div>\n<\/div><\/div><div id=\"panel-3494-2-1-2\" class=\"so-panel widget widget_sow-editor panel-last-child\" data-index=\"4\" ><div\n\t\t\t\n\t\t\tclass=\"so-widget-sow-editor so-widget-sow-editor-base\"\n\t\t\t\n\t\t>\n<div class=\"siteorigin-widget-tinymce textwidget\">\n\t<p>&nbsp;<\/p>\n<p><a href=\"http:\/\/www.revistaalimara.net\/revista\/wp-content\/uploads\/2019\/06\/Revista-Alimara-num-41_Presentacio.pdf\"><strong><span style=\"color: #009fe3;\">Pre<\/span><\/strong><strong><span style=\"color: #009fe3;\">s<\/span><\/strong><strong><span style=\"color: #009fe3;\">entaci\u00f3<\/span><\/strong><\/a><\/p>\n<p><strong><span style=\"color: #009fe3;\">Menors<\/span><\/strong><\/p>\n<p style=\"padding-left: 30px;\"><em><a href=\"http:\/\/www.revistaalimara.net\/revista\/wp-content\/uploads\/2019\/06\/Revista-Alimara-num-41_Menors_Oliver.pdf\">Les transfer\u00e8ncies als consells insulars en mat\u00e8ria de protecci\u00f3 de menors.<\/a><br \/>\n<\/em>Josep Ll. Oliver Torrell\u00f3<\/p>\n<p style=\"padding-left: 30px;\"><em><a href=\"http:\/\/www.revistaalimara.net\/revista\/wp-content\/uploads\/2019\/06\/Revista-Alimara-num-41_Menors_Alcarreta.pdf\">Resum del projecte de mediaci\u00f3 per a l'adopci\u00f3 de menors de la Rep\u00fablica Russa.<\/a><br \/>\n<\/em>Manuel Alcarreta<\/p>\n<p style=\"padding-left: 30px;\"><em><a href=\"http:\/\/www.revistaalimara.net\/revista\/wp-content\/uploads\/2019\/06\/Revista-Alimara-num-41_Menors_Martorell_Mercant_Oliver_Secall.pdf\">Llars del menor. Context actual i tend\u00e8ncies de futur.<\/a><br \/>\n<\/em>Ant\u00f2nia Cerd\u00e0 Martorell<br \/>\nMargarita Mercant Morell<br \/>\nJosep Ll. Oliver Torell\u00f3<br \/>\nMaria V. Secall de Fermentino<\/p>\n<p style=\"padding-left: 30px;\"><em><a href=\"http:\/\/www.revistaalimara.net\/revista\/wp-content\/uploads\/2019\/06\/Revista-Alimara-num-41_Menors_Ferra.pdf\">Fundaci\u00f3 les Minyones: Seguint el discurs de la realitat.<\/a><br \/>\n<\/em>Aina Ferr\u00e0 i Flux\u00e0<\/p>\n<p style=\"padding-left: 30px;\"><em><a href=\"http:\/\/www.revistaalimara.net\/revista\/wp-content\/uploads\/2019\/06\/Revista-Alimara-num-41_Menors_Rossello_Barcelo.pdf\">Un model d'intervenci\u00f3 social en la UDSE-Nazaret: La restructuraci\u00f3 del sistema cognitivo-normatiu dels menors.<\/a><br \/>\n<\/em>B\u00e0rbara Rossell\u00f3<br \/>\nAndr\u00e9s Barcel\u00f3<\/p>\n<p style=\"padding-left: 30px;\"><em><a href=\"http:\/\/www.revistaalimara.net\/revista\/wp-content\/uploads\/2019\/06\/Revista-Alimara-num-41_Menors_Rossello_Munoz_Jaume_Rubio.pdf\">El treball comunitari dels educadors del correr GR.E.C.<\/a><br \/>\n<\/em>Araceli Mu\u00f1oz Ruiz<br \/>\nAntoni Jaume Castell\u00f3<br \/>\nCarmen Rubio Batan\u00e1s<\/p>\n<p style=\"padding-left: 30px;\"><em><a href=\"http:\/\/www.revistaalimara.net\/revista\/wp-content\/uploads\/2019\/06\/Revista-Alimara-num-41_Menors_Jaume.pdf\">Coordinaci\u00f3 t\u00e8cnica dels educadors de carrer.<\/a><br \/>\n<\/em>Antoni Jaume Castell\u00f3<\/p>\n<p style=\"padding-left: 30px;\"><em><a href=\"http:\/\/www.revistaalimara.net\/revista\/wp-content\/uploads\/2019\/06\/Revista-Alimara-num-41_Menors_Ballester.pdf\">Les noves formes de fam\u00edlia a Mallorca. (1\u00aa part)<\/a><br \/>\n<\/em>Llu\u00eds Ballester Brage<\/p>\n<p><span style=\"color: #009fe3;\"><strong>Comunicaci\u00f3<\/strong><\/span><\/p>\n<p style=\"padding-left: 30px;\"><em><a href=\"http:\/\/www.revistaalimara.net\/revista\/wp-content\/uploads\/2019\/06\/Revista-Alimara-num-41_Comunicacio_Caldentey.pdf\">Amb el llenguatge escorat.<\/a><br \/>\n<\/em>Miquel Caldentey Bisbal<\/p>\n<p style=\"padding-left: 30px;\"><em><a href=\"http:\/\/www.revistaalimara.net\/revista\/wp-content\/uploads\/2019\/06\/Revista-Alimara-num-41_Comunicacio_Montagut_Canela.pdf\">El llenguatge en l'atenci\u00f3 social. El reconeixement del femen\u00ed i la seva representaci\u00f3 en el llenguatge.<\/a><br \/>\n<\/em>M. Montserrat Montagut i Canela<\/p>\n<p><span style=\"color: #009fe3;\"><strong>Exclusi\u00f3 Social<\/strong><\/span><\/p>\n<p style=\"padding-left: 30px;\"><em><a href=\"http:\/\/www.revistaalimara.net\/revista\/wp-content\/uploads\/2019\/06\/Revista-Alimara-num-41_Exclusio-social_Nadal.pdf\">Situaci\u00f3 de necessitats i inseribilitat dels perceptors de la renda m\u00ednima d'inserci\u00f3. Juliol-Desembre 1997.<\/a><br \/>\n<\/em>Carme Nadal Casanovas<\/p>\n<p style=\"padding-left: 30px;\"><em><a href=\"http:\/\/www.revistaalimara.net\/revista\/wp-content\/uploads\/2019\/06\/Revista-Alimara-num-41_Exclusio-social_Oliver.pdf\">Els programes amb c\u00e0rrec a la renda m\u00ednima d'inserci\u00f3 (RMI): Reflexions per al debat.<\/a><br \/>\n<\/em>Miquel \u00c0ngel Oliver Perell\u00f3<\/p>\n<p style=\"padding-left: 30px;\"><em><a href=\"http:\/\/www.revistaalimara.net\/revista\/wp-content\/uploads\/2019\/06\/Revista-Alimara-num-41_Exclusio-social_Munoz.pdf\">Programes d'intervenci\u00f3 en el servei d'acolliment i promoci\u00f3 sociolaboral.<\/a><br \/>\n<\/em>Pilar Mu\u00f1oz Segura<\/p>\n<p><span style=\"color: #009fe3;\"><strong>Gent Gran<\/strong><\/span><\/p>\n<p style=\"padding-left: 30px;\"><em><a href=\"http:\/\/www.revistaalimara.net\/revista\/wp-content\/uploads\/2019\/06\/Revista-Alimara-num-41_Gent-Gran_Llitra.pdf\">Aproximaci\u00f3 a la situaci\u00f3 actual dels centres de dia per a la gent gran a Catalunya.<\/a><br \/>\n<\/em>Esteve Llitr\u00e0 i Virgili<\/p>\n<p style=\"padding-left: 30px;\"><a href=\"http:\/\/www.revistaalimara.net\/revista\/wp-content\/uploads\/2019\/06\/Revista-Alimara-num-41_Gent-Gran_Annex.pdf\"><em>Annex.<\/em><\/a><\/p>\n<p style=\"padding-left: 30px;\"><em><a href=\"http:\/\/www.revistaalimara.net\/revista\/wp-content\/uploads\/2019\/06\/Revista-Alimara-num-41_Gent-Gran_Sastre.pdf\">Algunes aportacions de l'antropologia aplicada a la intervenci\u00f3 en el camp de la vellesa.<\/a><br \/>\n<\/em>T\u00f2fol Sastre Ramis<\/p>\n<p><span style=\"color: #009fe3;\"><strong>Documents T\u00e8cnics<\/strong><\/span><\/p>\n<p style=\"padding-left: 30px;\"><a href=\"http:\/\/www.revistaalimara.net\/revista\/wp-content\/uploads\/2019\/06\/Revista-Alimara-num-41_Documents-Tecnics_Convencio.pdf\"><em>Convenci\u00f3 feta a la Haia dia 29 de maig de 1993 relativa a la protecci\u00f3 d'infants i a la cooperaci\u00f3 en mat\u00e8ria d'adopci\u00f3 internacional.<\/em><\/a><\/p>\n<p style=\"padding-left: 30px;\"><a href=\"http:\/\/www.revistaalimara.net\/revista\/wp-content\/uploads\/2019\/06\/Revista-Alimara-num-41_Documents-Tecnics_Adopcio.pdf\"><em>Adopci\u00f3 de menors a l'estat espanyol.<\/em><\/a><\/p>\n<p style=\"padding-left: 30px;\"><a href=\"http:\/\/www.revistaalimara.net\/revista\/wp-content\/uploads\/2019\/06\/Revista-Alimara-num-41_Documents-Tecnics_Informacio.pdf\"><em>Informaci\u00f3 sobre acolliments familiar.<\/em><\/a><\/p>\n<p style=\"padding-left: 30px;\"><em><a href=\"http:\/\/www.revistaalimara.net\/revista\/wp-content\/uploads\/2019\/06\/Revista-Alimara-num-41_Documents-Tecnics_Direccio-general-de-proteccio-juridica-del-menor.pdf\">Una fam\u00edlia acollidora. \u00bfVol col\u00b7laborar amb una altra fam\u00edlia en l'atenci\u00f3 d'una infart?<\/a><br \/>\n<\/em>Direcci\u00f3 General de Protecci\u00f3 Jur\u00eddica del Menor<\/p>\n<\/div>\n<\/div><\/div><\/div><\/div><div id=\"pg-3494-3\"  class=\"panel-grid panel-has-style\" ><div class=\"siteorigin-panels-stretch panel-row-style panel-row-style-for-3494-3\" data-stretch-type=\"full-stretched-padded\" ><div id=\"pgc-3494-3-0\"  class=\"panel-grid-cell\" ><div id=\"panel-3494-3-0-0\" class=\"so-panel widget widget_sow-headline panel-first-child panel-last-child\" data-index=\"5\" ><div\n\t\t\t\n\t\t\tclass=\"so-widget-sow-headline so-widget-sow-headline-default-7623362f815e-3494\"\n\t\t\t\n\t\t><div class=\"sow-headline-container \">\n\t<\/div>\n<\/div><\/div><\/div><\/div><\/div><div id=\"pg-3494-4\"  class=\"panel-grid panel-has-style\" ><div class=\"panel-row-style panel-row-style-for-3494-4\" ><div id=\"pgc-3494-4-0\"  class=\"panel-grid-cell panel-grid-cell-empty\" ><\/div><\/div><\/div><div id=\"pg-3494-5\"  class=\"panel-grid panel-no-style\" ><div id=\"pgc-3494-5-0\"  class=\"panel-grid-cell\" ><div id=\"panel-3494-5-0-0\" class=\"widget_text so-panel widget widget_custom_html panel-first-child panel-last-child\" data-index=\"6\" ><div class=\"textwidget custom-html-widget\"><div class=\"line\">\n\t\n<\/div><\/div><\/div><\/div><\/div><\/div>","protected":false},"excerpt":{"rendered":"<p>ArticlesDescarrega&#8217;t aqu\u00ed les versions en PDF del articles de la revista Alimara. Juny 1998 N\u00daMERO 41 Descarrega&#8217;t la revista sencera en pdf &nbsp; Presentaci\u00f3 Menors Les transfer\u00e8ncies als consells insulars en mat\u00e8ria de protecci\u00f3 de menors. Josep Ll. Oliver Torrell\u00f3 Resum del projecte de mediaci\u00f3 per a l&#8217;adopci\u00f3 de menors de la Rep\u00fablica Russa. Manuel [&hellip;]<\/p>\n","protected":false},"author":2,"featured_media":0,"parent":0,"menu_order":0,"comment_status":"closed","ping_status":"closed","template":"","meta":[],"_links":{"self":[{"href":"https:\/\/www.revistaalimara.net\/revista\/wp-json\/wp\/v2\/pages\/3494"}],"collection":[{"href":"https:\/\/www.revistaalimara.net\/revista\/wp-json\/wp\/v2\/pages"}],"about":[{"href":"https:\/\/www.revistaalimara.net\/revista\/wp-json\/wp\/v2\/types\/page"}],"author":[{"embeddable":true,"href":"https:\/\/www.revistaalimara.net\/revista\/wp-json\/wp\/v2\/users\/2"}],"replies":[{"embeddable":true,"href":"https:\/\/www.revistaalimara.net\/revista\/wp-json\/wp\/v2\/comments?post=3494"}],"version-history":[{"count":10,"href":"https:\/\/www.revistaalimara.net\/revista\/wp-json\/wp\/v2\/pages\/3494\/revisions"}],"predecessor-version":[{"id":3538,"href":"https:\/\/www.revistaalimara.net\/revista\/wp-json\/wp\/v2\/pages\/3494\/revisions\/3538"}],"wp:attachment":[{"href":"https:\/\/www.revistaalimara.net\/revista\/wp-json\/wp\/v2\/media?parent=3494"}],"curies":[{"name":"wp","href":"https:\/\/api.w.org\/{rel}","templated":true}]}}