{"id":2998,"date":"2019-05-22T15:08:19","date_gmt":"2019-05-22T13:08:19","guid":{"rendered":"http:\/\/www.revistaalimara.net\/revista\/?page_id=2998"},"modified":"2021-04-23T07:54:27","modified_gmt":"2021-04-23T06:54:27","slug":"epoca-4_37","status":"publish","type":"page","link":"https:\/\/www.revistaalimara.net\/revista\/epoca-4_37\/","title":{"rendered":"\u00c8poca 4_37"},"content":{"rendered":"<div id=\"pl-2998\"  class=\"panel-layout\" ><div id=\"pg-2998-0\"  class=\"panel-grid panel-has-style\" ><div class=\"siteorigin-panels-stretch panel-row-style panel-row-style-for-2998-0\" data-stretch-type=\"full-stretched-padded\" ><div id=\"pgc-2998-0-0\"  class=\"panel-grid-cell\" ><div id=\"panel-2998-0-0-0\" class=\"so-panel widget widget_sow-headline panel-first-child panel-last-child\" data-index=\"0\" ><div\n\t\t\t\n\t\t\tclass=\"so-widget-sow-headline so-widget-sow-headline-default-7623362f815e-2998\"\n\t\t\t\n\t\t><div class=\"sow-headline-container \">\n\t<h1 class='sow-headline'>Articles<\/h1><h3 class='sow-sub-headline'>Descarrega't aqu\u00ed les versions en PDF del articles de la revista<\/h3><\/div>\n<\/div><\/div><\/div><\/div><\/div><div id=\"pg-2998-1\"  class=\"panel-grid panel-has-style\" ><div class=\"panel-row-style panel-row-style-for-2998-1\" ><div id=\"pgc-2998-1-0\"  class=\"panel-grid-cell panel-grid-cell-empty\" ><\/div><\/div><\/div><div id=\"pg-2998-2\"  class=\"panel-grid panel-no-style\" ><div id=\"pgc-2998-2-0\"  class=\"panel-grid-cell\" ><div id=\"panel-2998-2-0-0\" class=\"so-panel widget widget_media_gallery panel-first-child panel-last-child\" data-index=\"1\" >\n\t\t<style type=\"text\/css\">\n\t\t\t#gallery-1 {\n\t\t\t\tmargin: auto;\n\t\t\t}\n\t\t\t#gallery-1 .gallery-item {\n\t\t\t\tfloat: left;\n\t\t\t\tmargin-top: 10px;\n\t\t\t\ttext-align: center;\n\t\t\t\twidth: 100%;\n\t\t\t}\n\t\t\t#gallery-1 img {\n\t\t\t\tborder: 2px solid #cfcfcf;\n\t\t\t}\n\t\t\t#gallery-1 .gallery-caption {\n\t\t\t\tmargin-left: 0;\n\t\t\t}\n\t\t\t\/* see gallery_shortcode() in wp-includes\/media.php *\/\n\t\t<\/style>\n\t\t<div id='gallery-1' class='gallery galleryid-2998 gallery-columns-1 gallery-size-large'><dl class='gallery-item'>\n\t\t\t<dt class='gallery-icon portrait'>\n\t\t\t\t<a href='https:\/\/www.revistaalimara.net\/revista\/wp-content\/uploads\/2019\/06\/portada-num-37.jpg'><img width=\"649\" height=\"944\" src=\"https:\/\/www.revistaalimara.net\/revista\/wp-content\/uploads\/2019\/06\/portada-num-37.jpg\" class=\"attachment-large size-large\" alt=\"\" decoding=\"async\" loading=\"lazy\" \/><\/a>\n\t\t\t<\/dt><\/dl><br style=\"clear: both\" \/>\n\t\t<\/div>\n<\/div><\/div><div id=\"pgc-2998-2-1\"  class=\"panel-grid-cell\" ><div id=\"panel-2998-2-1-0\" class=\"so-panel widget widget_sow-editor panel-first-child\" data-index=\"2\" ><div\n\t\t\t\n\t\t\tclass=\"so-widget-sow-editor so-widget-sow-editor-base\"\n\t\t\t\n\t\t>\n<div class=\"siteorigin-widget-tinymce textwidget\">\n\t<h6>Alimara. Juny 1996<\/h6>\n<h3>N\u00daMERO 37<\/h3>\n<\/div>\n<\/div><\/div><div id=\"panel-2998-2-1-1\" class=\"so-panel widget widget_sow-button\" data-index=\"3\" ><div\n\t\t\t\n\t\t\tclass=\"so-widget-sow-button so-widget-sow-button-atom-8294661747ec-2998\"\n\t\t\t\n\t\t><div class=\"ow-button-base ow-button-align-left\">\n\t<a\n\thref=\"http:\/\/www.revistaalimara.net\/revista\/wp-content\/uploads\/2019\/07\/Revista-Alimara-37_Sencera.pdf\"\n\t\tclass=\"download ow-icon-placement-left ow-button-hover\" target=\"_blank\" rel=\"noopener noreferrer\" \t>\n\t\t<span>\n\t\t\t<span class=\"sow-icon-fontawesome sow-far\" data-sow-icon=\"&#xf1c1;\"\n\t\tstyle=\"\" \n\t\taria-hidden=\"true\"><\/span>\n\t\t\tDescarrega't la revista sencera en pdf \t\t<\/span>\n\t<\/a>\n<\/div>\n<\/div><\/div><div id=\"panel-2998-2-1-2\" class=\"so-panel widget widget_sow-editor panel-last-child\" data-index=\"4\" ><div\n\t\t\t\n\t\t\tclass=\"so-widget-sow-editor so-widget-sow-editor-base\"\n\t\t\t\n\t\t>\n<div class=\"siteorigin-widget-tinymce textwidget\">\n\t<p>&nbsp;<\/p>\n<p><a href=\"http:\/\/www.revistaalimara.net\/revista\/wp-content\/uploads\/2019\/05\/Revista-Alimara-num.-37_2_presentacion.pdf\"><strong><span style=\"color: #009fe3;\">Presentaci\u00f3<\/span><\/strong><\/a><\/p>\n<p><strong><span style=\"color: #009fe3;\">Pol\u00edtica Social<br \/>\n<\/span><\/strong><\/p>\n<p style=\"padding-left: 30px;\"><a href=\"http:\/\/www.revistaalimara.net\/revista\/wp-content\/uploads\/2019\/05\/Revista-Alimara-num.-37_politica-social_Catalina-Juan-Garau.pdf\"><em>El pla estrat\u00e8gic d'acci\u00f3 social 1996\/99 de l'Ajuntament de Palma.<\/em><\/a><br \/>\nCatalina Juan Garau<\/p>\n<p style=\"padding-left: 30px;\"><a href=\"http:\/\/www.revistaalimara.net\/revista\/wp-content\/uploads\/2019\/05\/Revista-Alimara-num.-37_politica-social_Comissi\u00f3-de-Benestar-Social-del-Consell-Insular-de-Mallorca.pdf\"><em>Pla estrat\u00e8gic 1996-1999.<\/em><\/a><br \/>\nComissi\u00f3 de Benestar Social del Consell de Mallorca<\/p>\n<p><strong><span style=\"color: #009fe3;\">Metodologia<br \/>\n<\/span><\/strong><\/p>\n<p style=\"padding-left: 30px;\"><a href=\"http:\/\/www.revistaalimara.net\/revista\/wp-content\/uploads\/2019\/05\/Revista-Alimara-num.-37_metodologia_Jaume-Garau.pdf\"><em>La qualitat dels Serveis Socials.<\/em><\/a><br \/>\nJaume Garau<\/p>\n<p><strong><span style=\"color: #009fe3;\">Menors<\/span><\/strong><\/p>\n<p style=\"padding-left: 30px;\"><a href=\"http:\/\/www.revistaalimara.net\/revista\/wp-content\/uploads\/2019\/05\/Revista-Alimara-num.-37_menors_C-de-Coord-de-Salut-Mental-Infanto-juvenil-de-Palma.pdf\"><em>Conclusions de la Jornada de Treball de les Comissions de Coordinaci\u00f3 de Salut Mental Infanto-juvenil de la Ciutat de Palma.<\/em><\/a><br \/>\nComissi\u00f3 de Coordinaci\u00f3 de Salut Mental Infanto-juvenil de Palma<\/p>\n<p><strong><span style=\"color: #009fe3;\">Inserci\u00f3 S\u00f2ciolaboral<\/span><\/strong><\/p>\n<p style=\"padding-left: 30px;\"><a href=\"http:\/\/www.revistaalimara.net\/revista\/wp-content\/uploads\/2019\/05\/Revista-Alimara-num.-37_insercio-sociolaboral_Jordi-Lopez-Bezunartea.pdf\"><em>Gabinet d'Inserci\u00f3 S\u00f2ciolaboral: A Inserci\u00f3 per l'Econ\u00f2mic.<\/em><\/a><br \/>\nJordi L\u00f3pez Bezunartea<\/p>\n<p style=\"padding-left: 30px;\"><a href=\"http:\/\/www.revistaalimara.net\/revista\/wp-content\/uploads\/2019\/05\/Revista-Alimara-num.-37_insercio-sociolaboral_Jaume-Payeras-Vives.pdf\"><em>Exper\u00e8ncia pilot: Taller d'Habilitats Socials per a la Inserci\u00f3 Laboral.<\/em><\/a><br \/>\nJaume Payeras Vives<\/p>\n<p><strong><span style=\"color: #009fe3;\">Prostituci\u00f3<\/span><\/strong><\/p>\n<p style=\"padding-left: 30px;\"><a href=\"http:\/\/www.revistaalimara.net\/revista\/wp-content\/uploads\/2019\/05\/Revista-Alimara-num.-37_prostitucio_Equip-de-Pis-Petit.-Caritas.pdf\"><em>Pis d'Atenci\u00f3 i Orientaci\u00f3 de la dona.<\/em><\/a><br \/>\nEquip de Pis Petit. C\u00e0ritas<\/p>\n<p><strong><span style=\"color: #009fe3;\">Turisme Social<\/span><\/strong><\/p>\n<p style=\"padding-left: 30px;\"><a href=\"http:\/\/www.revistaalimara.net\/revista\/wp-content\/uploads\/2019\/05\/Revista-Alimara-num.-37_turisme-social_Rafel-Cifre-Tugores.pdf\"><em>Turisme Social a Calvi\u00e0.<\/em><\/a><br \/>\nRafel Cifre Tugores<\/p>\n<p style=\"padding-left: 30px;\"><a href=\"http:\/\/www.revistaalimara.net\/revista\/wp-content\/uploads\/2019\/05\/Revista-Alimara-num.-37_turisme-social_Redaccio-Alimara.pdf\"><em>Conclusions del Seminari Internacional de Turisme Social.<\/em><\/a><br \/>\nRedacci\u00f3 Alimara<\/p>\n<p><strong><span style=\"color: #009fe3;\">Voluntariat<\/span><\/strong><\/p>\n<p style=\"padding-left: 30px;\"><a href=\"http:\/\/www.revistaalimara.net\/revista\/wp-content\/uploads\/2019\/05\/Revista-Alimara-num.-37_voluntariat_Jorge-C-Torres.pdf\"><em>La Llei Estatal del Voluntariat.<\/em><\/a><br \/>\nJorge C. Torres<\/p>\n<p><strong><span style=\"color: #009fe3;\">Documents T\u00e8cnics<\/span><\/strong><\/p>\n<p style=\"padding-left: 30px;\"><a href=\"http:\/\/www.revistaalimara.net\/revista\/wp-content\/uploads\/2019\/05\/Revista-Alimara-num.-37_documents-tecnics_Atencio-Primaria-Municipal.pdf\"><em>Atenci\u00f3 Social Prim\u00e0ria Municipal.<\/em><\/a><\/p>\n<p style=\"padding-left: 30px;\"><a href=\"http:\/\/www.revistaalimara.net\/revista\/wp-content\/uploads\/2019\/05\/Revista-Alimara-num.-37_documents-tecnics_SIO.pdf\"><em>Servei d'Informaci\u00f3 i Orientaci\u00f3 (SIO).<\/em><\/a><\/p>\n<p style=\"padding-left: 30px;\"><a href=\"http:\/\/www.revistaalimara.net\/revista\/wp-content\/uploads\/2019\/05\/Revista-Alimara-num.-37_documents-tecnics_SAD.pdf\"><em>Servei d'Ajuda a Domicili (SAD).<\/em><\/a><\/p>\n<\/div>\n<\/div><\/div><\/div><\/div><div id=\"pg-2998-3\"  class=\"panel-grid panel-has-style\" ><div class=\"siteorigin-panels-stretch panel-row-style panel-row-style-for-2998-3\" data-stretch-type=\"full-stretched-padded\" ><div id=\"pgc-2998-3-0\"  class=\"panel-grid-cell\" ><div id=\"panel-2998-3-0-0\" class=\"so-panel widget widget_sow-headline panel-first-child panel-last-child\" data-index=\"5\" ><div\n\t\t\t\n\t\t\tclass=\"so-widget-sow-headline so-widget-sow-headline-default-7623362f815e-2998\"\n\t\t\t\n\t\t><div class=\"sow-headline-container \">\n\t<\/div>\n<\/div><\/div><\/div><\/div><\/div><div id=\"pg-2998-4\"  class=\"panel-grid panel-has-style\" ><div class=\"panel-row-style panel-row-style-for-2998-4\" ><div id=\"pgc-2998-4-0\"  class=\"panel-grid-cell panel-grid-cell-empty\" ><\/div><\/div><\/div><div id=\"pg-2998-5\"  class=\"panel-grid panel-no-style\" ><div id=\"pgc-2998-5-0\"  class=\"panel-grid-cell\" ><div id=\"panel-2998-5-0-0\" class=\"widget_text so-panel widget widget_custom_html panel-first-child panel-last-child\" data-index=\"6\" ><div class=\"textwidget custom-html-widget\"><div class=\"line\">\n\t\n<\/div><\/div><\/div><\/div><\/div><\/div>","protected":false},"excerpt":{"rendered":"<p>ArticlesDescarrega&#8217;t aqu\u00ed les versions en PDF del articles de la revista Alimara. Juny 1996 N\u00daMERO 37 Descarrega&#8217;t la revista sencera en pdf &nbsp; Presentaci\u00f3 Pol\u00edtica Social El pla estrat\u00e8gic d&#8217;acci\u00f3 social 1996\/99 de l&#8217;Ajuntament de Palma. Catalina Juan Garau Pla estrat\u00e8gic 1996-1999. Comissi\u00f3 de Benestar Social del Consell de Mallorca Metodologia La qualitat dels Serveis [&hellip;]<\/p>\n","protected":false},"author":2,"featured_media":0,"parent":0,"menu_order":0,"comment_status":"closed","ping_status":"closed","template":"","meta":[],"_links":{"self":[{"href":"https:\/\/www.revistaalimara.net\/revista\/wp-json\/wp\/v2\/pages\/2998"}],"collection":[{"href":"https:\/\/www.revistaalimara.net\/revista\/wp-json\/wp\/v2\/pages"}],"about":[{"href":"https:\/\/www.revistaalimara.net\/revista\/wp-json\/wp\/v2\/types\/page"}],"author":[{"embeddable":true,"href":"https:\/\/www.revistaalimara.net\/revista\/wp-json\/wp\/v2\/users\/2"}],"replies":[{"embeddable":true,"href":"https:\/\/www.revistaalimara.net\/revista\/wp-json\/wp\/v2\/comments?post=2998"}],"version-history":[{"count":66,"href":"https:\/\/www.revistaalimara.net\/revista\/wp-json\/wp\/v2\/pages\/2998\/revisions"}],"predecessor-version":[{"id":3912,"href":"https:\/\/www.revistaalimara.net\/revista\/wp-json\/wp\/v2\/pages\/2998\/revisions\/3912"}],"wp:attachment":[{"href":"https:\/\/www.revistaalimara.net\/revista\/wp-json\/wp\/v2\/media?parent=2998"}],"curies":[{"name":"wp","href":"https:\/\/api.w.org\/{rel}","templated":true}]}}