{"id":2979,"date":"2019-05-22T13:52:05","date_gmt":"2019-05-22T11:52:05","guid":{"rendered":"http:\/\/www.revistaalimara.net\/revista\/?page_id=2979"},"modified":"2021-04-23T07:54:27","modified_gmt":"2021-04-23T06:54:27","slug":"epoca-5","status":"publish","type":"page","link":"https:\/\/www.revistaalimara.net\/revista\/epoca-5\/","title":{"rendered":"\u00c8poca 5"},"content":{"rendered":"<div id=\"pl-2979\"  class=\"panel-layout\" ><div id=\"pg-2979-0\"  class=\"panel-grid panel-has-style\" ><div class=\"siteorigin-panels-stretch panel-row-style panel-row-style-for-2979-0\" data-stretch-type=\"full-stretched-padded\" ><div id=\"pgc-2979-0-0\"  class=\"panel-grid-cell\" ><div id=\"panel-2979-0-0-0\" class=\"so-panel widget widget_sow-headline panel-first-child panel-last-child\" data-index=\"0\" ><div\n\t\t\t\n\t\t\tclass=\"so-widget-sow-headline so-widget-sow-headline-default-b8f8d496220f-2979\"\n\t\t\t\n\t\t><div class=\"sow-headline-container \">\n\t<h1 class='sow-headline'>\u00c8poca 5<\/h1><p class='sow-sub-headline'>Descarrega't aqu\u00ed les versions en PDF de les revistes publicades<\/p><\/div>\n<\/div><\/div><\/div><\/div><\/div><div id=\"pg-2979-1\"  class=\"panel-grid panel-has-style\" ><div class=\"panel-row-style panel-row-style-for-2979-1\" ><div id=\"pgc-2979-1-0\"  class=\"panel-grid-cell\" ><div id=\"panel-2979-1-0-0\" class=\"so-panel widget widget_media_image panel-first-child\" data-index=\"1\" ><img width=\"212\" height=\"300\" src=\"https:\/\/www.revistaalimara.net\/revista\/wp-content\/uploads\/2019\/08\/Portada_num50.jpg\" class=\"image wp-image-3992  attachment-212x300 size-212x300\" alt=\"\" decoding=\"async\" loading=\"lazy\" style=\"max-width: 100%; height: auto;\" \/><\/div><div id=\"panel-2979-1-0-1\" class=\"so-panel widget widget_sow-editor\" data-index=\"2\" ><div\n\t\t\t\n\t\t\tclass=\"so-widget-sow-editor so-widget-sow-editor-base\"\n\t\t\t\n\t\t>\n<div class=\"siteorigin-widget-tinymce textwidget\">\n\t<h6>N\u00daMERO 50.<br \/>\nJuny 2008<\/h6>\n<\/div>\n<\/div><\/div><div id=\"panel-2979-1-0-2\" class=\"so-panel widget widget_sow-button panel-last-child\" data-index=\"3\" ><div\n\t\t\t\n\t\t\tclass=\"so-widget-sow-button so-widget-sow-button-atom-8294661747ec-2979\"\n\t\t\t\n\t\t><div class=\"ow-button-base ow-button-align-left\">\n\t<a\n\thref=\"http:\/\/www.revistaalimara.net\/revista\/epoca-5_50\/\"\n\t\tclass=\"download ow-icon-placement-left ow-button-hover\" \t>\n\t\t<span>\n\t\t\t<span class=\"sow-icon-fontawesome sow-far\" data-sow-icon=\"&#xf1c1;\"\n\t\tstyle=\"\" \n\t\taria-hidden=\"true\"><\/span>\n\t\t\tVeure articles\t\t<\/span>\n\t<\/a>\n<\/div>\n<\/div><\/div><\/div><div id=\"pgc-2979-1-1\"  class=\"panel-grid-cell\" ><div id=\"panel-2979-1-1-0\" class=\"so-panel widget widget_media_image panel-first-child\" data-index=\"4\" ><img width=\"202\" height=\"300\" src=\"https:\/\/www.revistaalimara.net\/revista\/wp-content\/uploads\/2019\/03\/PORTADA_num.50_INDEX_miscel\u00b7l\u00e0nia.jpg\" class=\"image wp-image-2751  attachment-full size-full\" alt=\"\" decoding=\"async\" loading=\"lazy\" style=\"max-width: 100%; height: auto;\" \/><\/div><div id=\"panel-2979-1-1-1\" class=\"so-panel widget widget_sow-editor\" data-index=\"5\" ><div\n\t\t\t\n\t\t\tclass=\"so-widget-sow-editor so-widget-sow-editor-base\"\n\t\t\t\n\t\t>\n<div class=\"siteorigin-widget-tinymce textwidget\">\n\t<h6>SUPLEMENT<br \/>\nN\u00daMERO 50. 2008-2007<\/h6>\n<\/div>\n<\/div><\/div><div id=\"panel-2979-1-1-2\" class=\"so-panel widget widget_sow-button panel-last-child\" data-index=\"6\" ><div\n\t\t\t\n\t\t\tclass=\"so-widget-sow-button so-widget-sow-button-atom-8294661747ec-2979\"\n\t\t\t\n\t\t><div class=\"ow-button-base ow-button-align-left\">\n\t<a\n\thref=\"http:\/\/www.revistaalimara.net\/revista\/epoca-5_suplement-50\/\"\n\t\tclass=\"download ow-icon-placement-left ow-button-hover\" \t>\n\t\t<span>\n\t\t\t<span class=\"sow-icon-fontawesome sow-far\" data-sow-icon=\"&#xf1c1;\"\n\t\tstyle=\"\" \n\t\taria-hidden=\"true\"><\/span>\n\t\t\tVeure articles\t\t<\/span>\n\t<\/a>\n<\/div>\n<\/div><\/div><\/div><div id=\"pgc-2979-1-2\"  class=\"panel-grid-cell\" ><div id=\"panel-2979-1-2-0\" class=\"so-panel widget widget_media_image panel-first-child\" data-index=\"7\" ><img width=\"212\" height=\"300\" src=\"https:\/\/www.revistaalimara.net\/revista\/wp-content\/uploads\/2019\/08\/Portada_num51.jpg\" class=\"image wp-image-3993  attachment-212x300 size-212x300\" alt=\"\" decoding=\"async\" loading=\"lazy\" style=\"max-width: 100%; height: auto;\" \/><\/div><div id=\"panel-2979-1-2-1\" class=\"so-panel widget widget_sow-editor\" data-index=\"8\" ><div\n\t\t\t\n\t\t\tclass=\"so-widget-sow-editor so-widget-sow-editor-base\"\n\t\t\t\n\t\t>\n<div class=\"siteorigin-widget-tinymce textwidget\">\n\t<h6>N\u00daMERO 51.<br \/>\nDesembre 2008<\/h6>\n<\/div>\n<\/div><\/div><div id=\"panel-2979-1-2-2\" class=\"so-panel widget widget_sow-button panel-last-child\" data-index=\"9\" ><div\n\t\t\t\n\t\t\tclass=\"so-widget-sow-button so-widget-sow-button-atom-8294661747ec-2979\"\n\t\t\t\n\t\t><div class=\"ow-button-base ow-button-align-left\">\n\t<a\n\thref=\"http:\/\/www.revistaalimara.net\/revista\/epoca-5_51\/\"\n\t\tclass=\"download-small ow-icon-placement-left ow-button-hover\" \t>\n\t\t<span>\n\t\t\t<span class=\"sow-icon-fontawesome sow-far\" data-sow-icon=\"&#xf1c1;\"\n\t\tstyle=\"\" \n\t\taria-hidden=\"true\"><\/span>\n\t\t\tVeure articles\t\t<\/span>\n\t<\/a>\n<\/div>\n<\/div><\/div><\/div><div id=\"pgc-2979-1-3\"  class=\"panel-grid-cell\" ><div id=\"panel-2979-1-3-0\" class=\"so-panel widget widget_media_image panel-first-child\" data-index=\"10\" ><img width=\"202\" height=\"300\" src=\"https:\/\/www.revistaalimara.net\/revista\/wp-content\/uploads\/2019\/03\/PORTADA_num.51_INDEX_miscel\u00b7l\u00e0nia.jpg\" class=\"image wp-image-2749  attachment-full size-full\" alt=\"\" decoding=\"async\" loading=\"lazy\" style=\"max-width: 100%; height: auto;\" \/><\/div><div id=\"panel-2979-1-3-1\" class=\"so-panel widget widget_sow-editor\" data-index=\"11\" ><div\n\t\t\t\n\t\t\tclass=\"so-widget-sow-editor so-widget-sow-editor-base\"\n\t\t\t\n\t\t>\n<div class=\"siteorigin-widget-tinymce textwidget\">\n\t<h6>SUPLEMENT<br \/>\nN\u00daMERO 51. 2008<\/h6>\n<\/div>\n<\/div><\/div><div id=\"panel-2979-1-3-2\" class=\"so-panel widget widget_sow-button panel-last-child\" data-index=\"12\" ><div\n\t\t\t\n\t\t\tclass=\"so-widget-sow-button so-widget-sow-button-atom-8294661747ec-2979\"\n\t\t\t\n\t\t><div class=\"ow-button-base ow-button-align-left\">\n\t<a\n\thref=\"http:\/\/www.revistaalimara.net\/revista\/epoca-5_suplement-51\/\"\n\t\tclass=\"download-small ow-icon-placement-left ow-button-hover\" \t>\n\t\t<span>\n\t\t\t<span class=\"sow-icon-fontawesome sow-far\" data-sow-icon=\"&#xf1c1;\"\n\t\tstyle=\"\" \n\t\taria-hidden=\"true\"><\/span>\n\t\t\tVeure articles\t\t<\/span>\n\t<\/a>\n<\/div>\n<\/div><\/div><\/div><\/div><\/div><div id=\"pg-2979-2\"  class=\"panel-grid panel-has-style\" ><div class=\"panel-row-style panel-row-style-for-2979-2\" ><div id=\"pgc-2979-2-0\"  class=\"panel-grid-cell\" ><div id=\"panel-2979-2-0-0\" class=\"so-panel widget widget_media_image panel-first-child\" data-index=\"13\" ><img width=\"212\" height=\"300\" src=\"https:\/\/www.revistaalimara.net\/revista\/wp-content\/uploads\/2019\/08\/Portada_num52.jpg\" class=\"image wp-image-3994  attachment-212x300 size-212x300\" alt=\"\" decoding=\"async\" loading=\"lazy\" style=\"max-width: 100%; height: auto;\" \/><\/div><div id=\"panel-2979-2-0-1\" class=\"so-panel widget widget_sow-editor\" data-index=\"14\" ><div\n\t\t\t\n\t\t\tclass=\"so-widget-sow-editor so-widget-sow-editor-base\"\n\t\t\t\n\t\t>\n<div class=\"siteorigin-widget-tinymce textwidget\">\n\t<h6>N\u00daMERO 52.<br \/>\nJuny 2009<\/h6>\n<\/div>\n<\/div><\/div><div id=\"panel-2979-2-0-2\" class=\"so-panel widget widget_sow-button panel-last-child\" data-index=\"15\" ><div\n\t\t\t\n\t\t\tclass=\"so-widget-sow-button so-widget-sow-button-atom-8294661747ec-2979\"\n\t\t\t\n\t\t><div class=\"ow-button-base ow-button-align-left\">\n\t<a\n\thref=\"http:\/\/www.revistaalimara.net\/revista\/epoca-5_52\/\"\n\t\tclass=\"download ow-icon-placement-left ow-button-hover\" \t>\n\t\t<span>\n\t\t\t<span class=\"sow-icon-fontawesome sow-far\" data-sow-icon=\"&#xf1c1;\"\n\t\tstyle=\"\" \n\t\taria-hidden=\"true\"><\/span>\n\t\t\tVeure articles\t\t<\/span>\n\t<\/a>\n<\/div>\n<\/div><\/div><\/div><div id=\"pgc-2979-2-1\"  class=\"panel-grid-cell\" ><div id=\"panel-2979-2-1-0\" class=\"so-panel widget widget_media_image panel-first-child\" data-index=\"16\" ><img width=\"202\" height=\"300\" src=\"https:\/\/www.revistaalimara.net\/revista\/wp-content\/uploads\/2019\/03\/PORTADA_num.52_INDEX_miscel\u00b7l\u00e0nia.jpg\" class=\"image wp-image-2748  attachment-full size-full\" alt=\"\" decoding=\"async\" loading=\"lazy\" style=\"max-width: 100%; height: auto;\" \/><\/div><div id=\"panel-2979-2-1-1\" class=\"so-panel widget widget_sow-editor\" data-index=\"17\" ><div\n\t\t\t\n\t\t\tclass=\"so-widget-sow-editor so-widget-sow-editor-base\"\n\t\t\t\n\t\t>\n<div class=\"siteorigin-widget-tinymce textwidget\">\n\t<h6>SUPLEMENT<br \/>\nN\u00daMERO 52. 2009<\/h6>\n<\/div>\n<\/div><\/div><div id=\"panel-2979-2-1-2\" class=\"so-panel widget widget_sow-button panel-last-child\" data-index=\"18\" ><div\n\t\t\t\n\t\t\tclass=\"so-widget-sow-button so-widget-sow-button-atom-8294661747ec-2979\"\n\t\t\t\n\t\t><div class=\"ow-button-base ow-button-align-left\">\n\t<a\n\thref=\"http:\/\/www.revistaalimara.net\/revista\/epoca-5_suplement-52\/\"\n\t\tclass=\"download ow-icon-placement-left ow-button-hover\" \t>\n\t\t<span>\n\t\t\t<span class=\"sow-icon-fontawesome sow-far\" data-sow-icon=\"&#xf1c1;\"\n\t\tstyle=\"\" \n\t\taria-hidden=\"true\"><\/span>\n\t\t\tVeure articles\t\t<\/span>\n\t<\/a>\n<\/div>\n<\/div><\/div><\/div><div id=\"pgc-2979-2-2\"  class=\"panel-grid-cell\" ><div id=\"panel-2979-2-2-0\" class=\"so-panel widget widget_media_image panel-first-child\" data-index=\"19\" ><img width=\"212\" height=\"300\" src=\"https:\/\/www.revistaalimara.net\/revista\/wp-content\/uploads\/2019\/08\/Portada_num53.jpg\" class=\"image wp-image-3995  attachment-212x300 size-212x300\" alt=\"\" decoding=\"async\" loading=\"lazy\" style=\"max-width: 100%; height: auto;\" \/><\/div><div id=\"panel-2979-2-2-1\" class=\"so-panel widget widget_sow-editor\" data-index=\"20\" ><div\n\t\t\t\n\t\t\tclass=\"so-widget-sow-editor so-widget-sow-editor-base\"\n\t\t\t\n\t\t>\n<div class=\"siteorigin-widget-tinymce textwidget\">\n\t<h6>N\u00daMERO 53.<br \/>\nGener 2010<\/h6>\n<\/div>\n<\/div><\/div><div id=\"panel-2979-2-2-2\" class=\"so-panel widget widget_sow-button panel-last-child\" data-index=\"21\" ><div\n\t\t\t\n\t\t\tclass=\"so-widget-sow-button so-widget-sow-button-atom-8294661747ec-2979\"\n\t\t\t\n\t\t><div class=\"ow-button-base ow-button-align-left\">\n\t<a\n\thref=\"http:\/\/www.revistaalimara.net\/revista\/epoca-5_53\/\"\n\t\tclass=\"download-small ow-icon-placement-left ow-button-hover\" \t>\n\t\t<span>\n\t\t\t<span class=\"sow-icon-fontawesome sow-far\" data-sow-icon=\"&#xf1c1;\"\n\t\tstyle=\"\" \n\t\taria-hidden=\"true\"><\/span>\n\t\t\tVeure articles\t\t<\/span>\n\t<\/a>\n<\/div>\n<\/div><\/div><\/div><div id=\"pgc-2979-2-3\"  class=\"panel-grid-cell\" ><div id=\"panel-2979-2-3-0\" class=\"so-panel widget widget_media_image panel-first-child\" data-index=\"22\" ><img width=\"202\" height=\"300\" src=\"https:\/\/www.revistaalimara.net\/revista\/wp-content\/uploads\/2019\/03\/PORTADA_num.53_INDEX_miscel\u00b7l\u00e0nia.jpg\" class=\"image wp-image-2747  attachment-full size-full\" alt=\"\" decoding=\"async\" loading=\"lazy\" style=\"max-width: 100%; height: auto;\" \/><\/div><div id=\"panel-2979-2-3-1\" class=\"so-panel widget widget_sow-editor\" data-index=\"23\" ><div\n\t\t\t\n\t\t\tclass=\"so-widget-sow-editor so-widget-sow-editor-base\"\n\t\t\t\n\t\t>\n<div class=\"siteorigin-widget-tinymce textwidget\">\n\t<h6>SUPLEMENT<br \/>\nN\u00daMERO 53. 2010<\/h6>\n<\/div>\n<\/div><\/div><div id=\"panel-2979-2-3-2\" class=\"so-panel widget widget_sow-button panel-last-child\" data-index=\"24\" ><div\n\t\t\t\n\t\t\tclass=\"so-widget-sow-button so-widget-sow-button-atom-8294661747ec-2979\"\n\t\t\t\n\t\t><div class=\"ow-button-base ow-button-align-left\">\n\t<a\n\thref=\"http:\/\/www.revistaalimara.net\/revista\/epoca-5_suplement-53\/\"\n\t\tclass=\"download-small ow-icon-placement-left ow-button-hover\" \t>\n\t\t<span>\n\t\t\t<span class=\"sow-icon-fontawesome sow-far\" data-sow-icon=\"&#xf1c1;\"\n\t\tstyle=\"\" \n\t\taria-hidden=\"true\"><\/span>\n\t\t\tVeure articles\t\t<\/span>\n\t<\/a>\n<\/div>\n<\/div><\/div><\/div><\/div><\/div><div id=\"pg-2979-3\"  class=\"panel-grid panel-has-style\" ><div class=\"panel-row-style panel-row-style-for-2979-3\" ><div id=\"pgc-2979-3-0\"  class=\"panel-grid-cell\" ><div id=\"panel-2979-3-0-0\" class=\"so-panel widget widget_media_image panel-first-child\" data-index=\"25\" ><img width=\"212\" height=\"300\" src=\"https:\/\/www.revistaalimara.net\/revista\/wp-content\/uploads\/2019\/08\/Portada_num54.jpg\" class=\"image wp-image-3996  attachment-212x300 size-212x300\" alt=\"\" decoding=\"async\" loading=\"lazy\" style=\"max-width: 100%; height: auto;\" \/><\/div><div id=\"panel-2979-3-0-1\" class=\"so-panel widget widget_sow-editor\" data-index=\"26\" ><div\n\t\t\t\n\t\t\tclass=\"so-widget-sow-editor so-widget-sow-editor-base\"\n\t\t\t\n\t\t>\n<div class=\"siteorigin-widget-tinymce textwidget\">\n\t<h6>N\u00daMERO 54.<br \/>\nJuny 2010<\/h6>\n<\/div>\n<\/div><\/div><div id=\"panel-2979-3-0-2\" class=\"so-panel widget widget_sow-button panel-last-child\" data-index=\"27\" ><div\n\t\t\t\n\t\t\tclass=\"so-widget-sow-button so-widget-sow-button-atom-8294661747ec-2979\"\n\t\t\t\n\t\t><div class=\"ow-button-base ow-button-align-left\">\n\t<a\n\thref=\"http:\/\/www.revistaalimara.net\/revista\/epoca-5_54\/\"\n\t\tclass=\"download ow-icon-placement-left ow-button-hover\" \t>\n\t\t<span>\n\t\t\t<span class=\"sow-icon-fontawesome sow-far\" data-sow-icon=\"&#xf1c1;\"\n\t\tstyle=\"\" \n\t\taria-hidden=\"true\"><\/span>\n\t\t\tVeure articles\t\t<\/span>\n\t<\/a>\n<\/div>\n<\/div><\/div><\/div><div id=\"pgc-2979-3-1\"  class=\"panel-grid-cell\" ><div id=\"panel-2979-3-1-0\" class=\"so-panel widget widget_media_image panel-first-child\" data-index=\"28\" ><img width=\"202\" height=\"300\" src=\"https:\/\/www.revistaalimara.net\/revista\/wp-content\/uploads\/2019\/03\/PORTADA_num.54_INDEX_miscel\u00b7l\u00e0nia.jpg\" class=\"image wp-image-2746  attachment-full size-full\" alt=\"\" decoding=\"async\" loading=\"lazy\" style=\"max-width: 100%; height: auto;\" \/><\/div><div id=\"panel-2979-3-1-1\" class=\"so-panel widget widget_sow-editor\" data-index=\"29\" ><div\n\t\t\t\n\t\t\tclass=\"so-widget-sow-editor so-widget-sow-editor-base\"\n\t\t\t\n\t\t>\n<div class=\"siteorigin-widget-tinymce textwidget\">\n\t<h6>SUPLEMENT<br \/>\nN\u00daMERO 54. 2010<\/h6>\n<\/div>\n<\/div><\/div><div id=\"panel-2979-3-1-2\" class=\"so-panel widget widget_sow-button panel-last-child\" data-index=\"30\" ><div\n\t\t\t\n\t\t\tclass=\"so-widget-sow-button so-widget-sow-button-atom-8294661747ec-2979\"\n\t\t\t\n\t\t><div class=\"ow-button-base ow-button-align-left\">\n\t<a\n\thref=\"http:\/\/www.revistaalimara.net\/revista\/epoca-5_suplement-54\/\"\n\t\tclass=\"download ow-icon-placement-left ow-button-hover\" \t>\n\t\t<span>\n\t\t\t<span class=\"sow-icon-fontawesome sow-far\" data-sow-icon=\"&#xf1c1;\"\n\t\tstyle=\"\" \n\t\taria-hidden=\"true\"><\/span>\n\t\t\tVeure articles\t\t<\/span>\n\t<\/a>\n<\/div>\n<\/div><\/div><\/div><div id=\"pgc-2979-3-2\"  class=\"panel-grid-cell\" ><div id=\"panel-2979-3-2-0\" class=\"so-panel widget widget_media_image panel-first-child\" data-index=\"31\" ><img width=\"212\" height=\"300\" src=\"https:\/\/www.revistaalimara.net\/revista\/wp-content\/uploads\/2019\/08\/Portada_num55.jpg\" class=\"image wp-image-3997  attachment-212x300 size-212x300\" alt=\"\" decoding=\"async\" loading=\"lazy\" style=\"max-width: 100%; height: auto;\" \/><\/div><div id=\"panel-2979-3-2-1\" class=\"so-panel widget widget_sow-editor\" data-index=\"32\" ><div\n\t\t\t\n\t\t\tclass=\"so-widget-sow-editor so-widget-sow-editor-base\"\n\t\t\t\n\t\t>\n<div class=\"siteorigin-widget-tinymce textwidget\">\n\t<h6>N\u00daMERO 55.<br \/>\nMar\u00e7 2011<\/h6>\n<\/div>\n<\/div><\/div><div id=\"panel-2979-3-2-2\" class=\"so-panel widget widget_sow-button panel-last-child\" data-index=\"33\" ><div\n\t\t\t\n\t\t\tclass=\"so-widget-sow-button so-widget-sow-button-atom-8294661747ec-2979\"\n\t\t\t\n\t\t><div class=\"ow-button-base ow-button-align-left\">\n\t<a\n\thref=\"http:\/\/www.revistaalimara.net\/revista\/epoca-5_55\/\"\n\t\tclass=\"download-small ow-icon-placement-left ow-button-hover\" \t>\n\t\t<span>\n\t\t\t<span class=\"sow-icon-fontawesome sow-far\" data-sow-icon=\"&#xf1c1;\"\n\t\tstyle=\"\" \n\t\taria-hidden=\"true\"><\/span>\n\t\t\tVeure articles\t\t<\/span>\n\t<\/a>\n<\/div>\n<\/div><\/div><\/div><div id=\"pgc-2979-3-3\"  class=\"panel-grid-cell\" ><div id=\"panel-2979-3-3-0\" class=\"so-panel widget widget_media_image panel-first-child\" data-index=\"34\" ><img width=\"202\" height=\"300\" src=\"https:\/\/www.revistaalimara.net\/revista\/wp-content\/uploads\/2019\/03\/PORTADAnum.55_INDEX_miscel\u00b7l\u00e0nia.jpg\" class=\"image wp-image-2744  attachment-full size-full\" alt=\"\" decoding=\"async\" loading=\"lazy\" style=\"max-width: 100%; height: auto;\" \/><\/div><div id=\"panel-2979-3-3-1\" class=\"so-panel widget widget_sow-editor\" data-index=\"35\" ><div\n\t\t\t\n\t\t\tclass=\"so-widget-sow-editor so-widget-sow-editor-base\"\n\t\t\t\n\t\t>\n<div class=\"siteorigin-widget-tinymce textwidget\">\n\t<h6>SUPLEMENT<br \/>\nN\u00daMERO 55. 2011<\/h6>\n<\/div>\n<\/div><\/div><div id=\"panel-2979-3-3-2\" class=\"so-panel widget widget_sow-button panel-last-child\" data-index=\"36\" ><div\n\t\t\t\n\t\t\tclass=\"so-widget-sow-button so-widget-sow-button-atom-8294661747ec-2979\"\n\t\t\t\n\t\t><div class=\"ow-button-base ow-button-align-left\">\n\t<a\n\thref=\"http:\/\/www.revistaalimara.net\/revista\/epoca-5_suplement-55\/\"\n\t\tclass=\"download-small ow-icon-placement-left ow-button-hover\" \t>\n\t\t<span>\n\t\t\t<span class=\"sow-icon-fontawesome sow-far\" data-sow-icon=\"&#xf1c1;\"\n\t\tstyle=\"\" \n\t\taria-hidden=\"true\"><\/span>\n\t\t\tVeure articles\t\t<\/span>\n\t<\/a>\n<\/div>\n<\/div><\/div><\/div><\/div><\/div><div id=\"pg-2979-4\"  class=\"panel-grid panel-has-style\" ><div class=\"panel-row-style panel-row-style-for-2979-4\" ><div id=\"pgc-2979-4-0\"  class=\"panel-grid-cell\" ><div id=\"panel-2979-4-0-0\" class=\"so-panel widget widget_media_image panel-first-child\" data-index=\"37\" ><img width=\"212\" height=\"300\" src=\"https:\/\/www.revistaalimara.net\/revista\/wp-content\/uploads\/2019\/08\/Portada_num56.jpg\" class=\"image wp-image-3998  attachment-212x300 size-212x300\" alt=\"\" decoding=\"async\" loading=\"lazy\" style=\"max-width: 100%; height: auto;\" \/><\/div><div id=\"panel-2979-4-0-1\" class=\"so-panel widget widget_sow-editor\" data-index=\"38\" ><div\n\t\t\t\n\t\t\tclass=\"so-widget-sow-editor so-widget-sow-editor-base\"\n\t\t\t\n\t\t>\n<div class=\"siteorigin-widget-tinymce textwidget\">\n\t<h6>N\u00daMERO 56.<br \/>\nJuny 2011<\/h6>\n<\/div>\n<\/div><\/div><div id=\"panel-2979-4-0-2\" class=\"so-panel widget widget_sow-button panel-last-child\" data-index=\"39\" ><div\n\t\t\t\n\t\t\tclass=\"so-widget-sow-button so-widget-sow-button-atom-8294661747ec-2979\"\n\t\t\t\n\t\t><div class=\"ow-button-base ow-button-align-left\">\n\t<a\n\thref=\"http:\/\/www.revistaalimara.net\/revista\/epoca-5_56\/\"\n\t\tclass=\"download ow-icon-placement-left ow-button-hover\" \t>\n\t\t<span>\n\t\t\t<span class=\"sow-icon-fontawesome sow-far\" data-sow-icon=\"&#xf1c1;\"\n\t\tstyle=\"\" \n\t\taria-hidden=\"true\"><\/span>\n\t\t\tVeure articles\t\t<\/span>\n\t<\/a>\n<\/div>\n<\/div><\/div><\/div><div id=\"pgc-2979-4-1\"  class=\"panel-grid-cell\" ><div id=\"panel-2979-4-1-0\" class=\"so-panel widget widget_media_image panel-first-child\" data-index=\"40\" ><img width=\"212\" height=\"300\" src=\"https:\/\/www.revistaalimara.net\/revista\/wp-content\/uploads\/2019\/08\/Portada_num57.jpg\" class=\"image wp-image-3999  attachment-212x300 size-212x300\" alt=\"\" decoding=\"async\" loading=\"lazy\" style=\"max-width: 100%; height: auto;\" \/><\/div><div id=\"panel-2979-4-1-1\" class=\"so-panel widget widget_sow-editor\" data-index=\"41\" ><div\n\t\t\t\n\t\t\tclass=\"so-widget-sow-editor so-widget-sow-editor-base\"\n\t\t\t\n\t\t>\n<div class=\"siteorigin-widget-tinymce textwidget\">\n\t<h6>N\u00daMERO 57.<br \/>\nDesembre 2012<\/h6>\n<\/div>\n<\/div><\/div><div id=\"panel-2979-4-1-2\" class=\"so-panel widget widget_sow-button panel-last-child\" data-index=\"42\" ><div\n\t\t\t\n\t\t\tclass=\"so-widget-sow-button so-widget-sow-button-atom-8294661747ec-2979\"\n\t\t\t\n\t\t><div class=\"ow-button-base ow-button-align-left\">\n\t<a\n\thref=\"http:\/\/www.revistaalimara.net\/revista\/epoca-5_57\/\"\n\t\tclass=\"download ow-icon-placement-left ow-button-hover\" \t>\n\t\t<span>\n\t\t\t<span class=\"sow-icon-fontawesome sow-far\" data-sow-icon=\"&#xf1c1;\"\n\t\tstyle=\"\" \n\t\taria-hidden=\"true\"><\/span>\n\t\t\tVeure articles\t\t<\/span>\n\t<\/a>\n<\/div>\n<\/div><\/div><\/div><div id=\"pgc-2979-4-2\"  class=\"panel-grid-cell\" ><div id=\"panel-2979-4-2-0\" class=\"so-panel widget widget_media_image panel-first-child\" data-index=\"43\" ><img width=\"212\" height=\"300\" src=\"https:\/\/www.revistaalimara.net\/revista\/wp-content\/uploads\/2019\/08\/Portada_num58.jpg\" class=\"image wp-image-4000  attachment-212x300 size-212x300\" alt=\"\" decoding=\"async\" loading=\"lazy\" style=\"max-width: 100%; height: auto;\" \/><\/div><div id=\"panel-2979-4-2-1\" class=\"so-panel widget widget_sow-editor\" data-index=\"44\" ><div\n\t\t\t\n\t\t\tclass=\"so-widget-sow-editor so-widget-sow-editor-base\"\n\t\t\t\n\t\t>\n<div class=\"siteorigin-widget-tinymce textwidget\">\n\t<h6>N\u00daMERO 58.<br \/>\nMar\u00e7 2014<\/h6>\n<\/div>\n<\/div><\/div><div id=\"panel-2979-4-2-2\" class=\"so-panel widget widget_sow-button panel-last-child\" data-index=\"45\" ><div\n\t\t\t\n\t\t\tclass=\"so-widget-sow-button so-widget-sow-button-atom-8294661747ec-2979\"\n\t\t\t\n\t\t><div class=\"ow-button-base ow-button-align-left\">\n\t<a\n\thref=\"http:\/\/www.revistaalimara.net\/revista\/epoca-5_58\/\"\n\t\tclass=\"download-small ow-icon-placement-left ow-button-hover\" \t>\n\t\t<span>\n\t\t\t<span class=\"sow-icon-fontawesome sow-far\" data-sow-icon=\"&#xf1c1;\"\n\t\tstyle=\"\" \n\t\taria-hidden=\"true\"><\/span>\n\t\t\tVeure articles\t\t<\/span>\n\t<\/a>\n<\/div>\n<\/div><\/div><\/div><div id=\"pgc-2979-4-3\"  class=\"panel-grid-cell\" ><div id=\"panel-2979-4-3-0\" class=\"so-panel widget widget_media_image panel-first-child\" data-index=\"46\" ><img width=\"212\" height=\"300\" src=\"https:\/\/www.revistaalimara.net\/revista\/wp-content\/uploads\/2019\/08\/Portada_num59.jpg\" class=\"image wp-image-4001  attachment-212x300 size-212x300\" alt=\"\" decoding=\"async\" loading=\"lazy\" style=\"max-width: 100%; height: auto;\" \/><\/div><div id=\"panel-2979-4-3-1\" class=\"so-panel widget widget_sow-editor\" data-index=\"47\" ><div\n\t\t\t\n\t\t\tclass=\"so-widget-sow-editor so-widget-sow-editor-base\"\n\t\t\t\n\t\t>\n<div class=\"siteorigin-widget-tinymce textwidget\">\n\t<h6>N\u00daMERO 59.<br \/>\nRecompte sense sostre<\/h6>\n<\/div>\n<\/div><\/div><div id=\"panel-2979-4-3-2\" class=\"so-panel widget widget_sow-button panel-last-child\" data-index=\"48\" ><div\n\t\t\t\n\t\t\tclass=\"so-widget-sow-button so-widget-sow-button-atom-8294661747ec-2979\"\n\t\t\t\n\t\t><div class=\"ow-button-base ow-button-align-left\">\n\t<a\n\thref=\"http:\/\/www.revistaalimara.net\/revista\/wp-content\/uploads\/2019\/08\/Revista-Alimara_num-59_Epoca-5.pdf\"\n\t\tclass=\"download-small ow-icon-placement-left ow-button-hover\" \t>\n\t\t<span>\n\t\t\t<span class=\"sow-icon-fontawesome sow-far\" data-sow-icon=\"&#xf1c1;\"\n\t\tstyle=\"\" \n\t\taria-hidden=\"true\"><\/span>\n\t\t\tVeure revista\t\t<\/span>\n\t<\/a>\n<\/div>\n<\/div><\/div><\/div><\/div><\/div><\/div>","protected":false},"excerpt":{"rendered":"<p>N\u00daMERO 50. Juny 2008 SUPLEMENT N\u00daMERO 50. 2008-2007 N\u00daMERO 51. Desembre 2008 SUPLEMENT N\u00daMERO 51. 2008<\/p>\n","protected":false},"author":2,"featured_media":0,"parent":0,"menu_order":0,"comment_status":"closed","ping_status":"closed","template":"","meta":[],"_links":{"self":[{"href":"https:\/\/www.revistaalimara.net\/revista\/wp-json\/wp\/v2\/pages\/2979"}],"collection":[{"href":"https:\/\/www.revistaalimara.net\/revista\/wp-json\/wp\/v2\/pages"}],"about":[{"href":"https:\/\/www.revistaalimara.net\/revista\/wp-json\/wp\/v2\/types\/page"}],"author":[{"embeddable":true,"href":"https:\/\/www.revistaalimara.net\/revista\/wp-json\/wp\/v2\/users\/2"}],"replies":[{"embeddable":true,"href":"https:\/\/www.revistaalimara.net\/revista\/wp-json\/wp\/v2\/comments?post=2979"}],"version-history":[{"count":64,"href":"https:\/\/www.revistaalimara.net\/revista\/wp-json\/wp\/v2\/pages\/2979\/revisions"}],"predecessor-version":[{"id":4267,"href":"https:\/\/www.revistaalimara.net\/revista\/wp-json\/wp\/v2\/pages\/2979\/revisions\/4267"}],"wp:attachment":[{"href":"https:\/\/www.revistaalimara.net\/revista\/wp-json\/wp\/v2\/media?parent=2979"}],"curies":[{"name":"wp","href":"https:\/\/api.w.org\/{rel}","templated":true}]}}