{"id":2974,"date":"2019-05-22T13:32:05","date_gmt":"2019-05-22T11:32:05","guid":{"rendered":"http:\/\/www.revistaalimara.net\/revista\/?page_id=2974"},"modified":"2021-04-23T07:54:28","modified_gmt":"2021-04-23T06:54:28","slug":"epoca-4","status":"publish","type":"page","link":"https:\/\/www.revistaalimara.net\/revista\/epoca-4\/","title":{"rendered":"\u00c8poca 4"},"content":{"rendered":"<div id=\"pl-2974\"  class=\"panel-layout\" ><div id=\"pg-2974-0\"  class=\"panel-grid panel-has-style\" ><div class=\"siteorigin-panels-stretch panel-row-style panel-row-style-for-2974-0\" data-stretch-type=\"full-stretched-padded\" ><div id=\"pgc-2974-0-0\"  class=\"panel-grid-cell\" ><div id=\"panel-2974-0-0-0\" class=\"so-panel widget widget_sow-headline panel-first-child panel-last-child\" data-index=\"0\" ><div\n\t\t\t\n\t\t\tclass=\"so-widget-sow-headline so-widget-sow-headline-default-b8f8d496220f-2974\"\n\t\t\t\n\t\t><div class=\"sow-headline-container \">\n\t<h1 class='sow-headline'>\u00c8poca 4<\/h1><p class='sow-sub-headline'>Descarrega't aqu\u00ed les versions en PDF de les revistes publicades<\/p><\/div>\n<\/div><\/div><\/div><\/div><\/div><div id=\"pg-2974-1\"  class=\"panel-grid panel-has-style\" ><div class=\"panel-row-style panel-row-style-for-2974-1\" ><div id=\"pgc-2974-1-0\"  class=\"panel-grid-cell\" ><div id=\"panel-2974-1-0-0\" class=\"so-panel widget widget_media_image panel-first-child\" data-index=\"1\" ><img width=\"207\" height=\"300\" src=\"https:\/\/www.revistaalimara.net\/revista\/wp-content\/uploads\/2019\/06\/Num-34.jpg\" class=\"image wp-image-3819  attachment-207x300 size-207x300\" alt=\"\" decoding=\"async\" loading=\"lazy\" style=\"max-width: 100%; height: auto;\" \/><\/div><div id=\"panel-2974-1-0-1\" class=\"so-panel widget widget_sow-editor\" data-index=\"2\" ><div\n\t\t\t\n\t\t\tclass=\"so-widget-sow-editor so-widget-sow-editor-base\"\n\t\t\t\n\t\t>\n<div class=\"siteorigin-widget-tinymce textwidget\">\n\t<h6>N\u00daMERO 34.<br \/>\nDesembre 1994<\/h6>\n<\/div>\n<\/div><\/div><div id=\"panel-2974-1-0-2\" class=\"so-panel widget widget_sow-button panel-last-child\" data-index=\"3\" ><div\n\t\t\t\n\t\t\tclass=\"so-widget-sow-button so-widget-sow-button-atom-8294661747ec-2974\"\n\t\t\t\n\t\t><div class=\"ow-button-base ow-button-align-left\">\n\t<a\n\thref=\"http:\/\/www.revistaalimara.net\/revista\/epoca-4_34\/\"\n\t\tclass=\"download ow-icon-placement-left ow-button-hover\" \t>\n\t\t<span>\n\t\t\t<span class=\"sow-icon-fontawesome sow-far\" data-sow-icon=\"&#xf1c1;\"\n\t\tstyle=\"\" \n\t\taria-hidden=\"true\"><\/span>\n\t\t\tVeure articles\t\t<\/span>\n\t<\/a>\n<\/div>\n<\/div><\/div><\/div><div id=\"pgc-2974-1-1\"  class=\"panel-grid-cell\" ><div id=\"panel-2974-1-1-0\" class=\"so-panel widget widget_media_image panel-first-child\" data-index=\"4\" ><img width=\"207\" height=\"300\" src=\"https:\/\/www.revistaalimara.net\/revista\/wp-content\/uploads\/2019\/07\/Num-35.jpg\" class=\"image wp-image-3851  attachment-207x300 size-207x300\" alt=\"\" decoding=\"async\" loading=\"lazy\" style=\"max-width: 100%; height: auto;\" \/><\/div><div id=\"panel-2974-1-1-1\" class=\"so-panel widget widget_sow-editor\" data-index=\"5\" ><div\n\t\t\t\n\t\t\tclass=\"so-widget-sow-editor so-widget-sow-editor-base\"\n\t\t\t\n\t\t>\n<div class=\"siteorigin-widget-tinymce textwidget\">\n\t<h6>N\u00daMERO 35.<br \/>\nJuny 1995<\/h6>\n<\/div>\n<\/div><\/div><div id=\"panel-2974-1-1-2\" class=\"so-panel widget widget_sow-button panel-last-child\" data-index=\"6\" ><div\n\t\t\t\n\t\t\tclass=\"so-widget-sow-button so-widget-sow-button-atom-8294661747ec-2974\"\n\t\t\t\n\t\t><div class=\"ow-button-base ow-button-align-left\">\n\t<a\n\thref=\"http:\/\/www.revistaalimara.net\/revista\/epoca-4_35\/\"\n\t\tclass=\"download ow-icon-placement-left ow-button-hover\" \t>\n\t\t<span>\n\t\t\t<span class=\"sow-icon-fontawesome sow-far\" data-sow-icon=\"&#xf1c1;\"\n\t\tstyle=\"\" \n\t\taria-hidden=\"true\"><\/span>\n\t\t\tVeure articles\t\t<\/span>\n\t<\/a>\n<\/div>\n<\/div><\/div><\/div><div id=\"pgc-2974-1-2\"  class=\"panel-grid-cell\" ><div id=\"panel-2974-1-2-0\" class=\"so-panel widget widget_media_image panel-first-child\" data-index=\"7\" ><img width=\"207\" height=\"300\" src=\"https:\/\/www.revistaalimara.net\/revista\/wp-content\/uploads\/2019\/07\/Num-36.jpg\" class=\"image wp-image-3886  attachment-207x300 size-207x300\" alt=\"\" decoding=\"async\" loading=\"lazy\" style=\"max-width: 100%; height: auto;\" \/><\/div><div id=\"panel-2974-1-2-1\" class=\"so-panel widget widget_sow-editor\" data-index=\"8\" ><div\n\t\t\t\n\t\t\tclass=\"so-widget-sow-editor so-widget-sow-editor-base\"\n\t\t\t\n\t\t>\n<div class=\"siteorigin-widget-tinymce textwidget\">\n\t<h6>N\u00daMERO 36.<br \/>\nDesembre 1995<\/h6>\n<\/div>\n<\/div><\/div><div id=\"panel-2974-1-2-2\" class=\"so-panel widget widget_sow-button panel-last-child\" data-index=\"9\" ><div\n\t\t\t\n\t\t\tclass=\"so-widget-sow-button so-widget-sow-button-atom-8294661747ec-2974\"\n\t\t\t\n\t\t><div class=\"ow-button-base ow-button-align-left\">\n\t<a\n\thref=\"http:\/\/www.revistaalimara.net\/revista\/epoca-4_36\/\"\n\t\tclass=\"download-small ow-icon-placement-left ow-button-hover\" \t>\n\t\t<span>\n\t\t\t<span class=\"sow-icon-fontawesome sow-far\" data-sow-icon=\"&#xf1c1;\"\n\t\tstyle=\"\" \n\t\taria-hidden=\"true\"><\/span>\n\t\t\tVeure articles\t\t<\/span>\n\t<\/a>\n<\/div>\n<\/div><\/div><\/div><div id=\"pgc-2974-1-3\"  class=\"panel-grid-cell\" ><div id=\"panel-2974-1-3-0\" class=\"so-panel widget widget_media_image panel-first-child\" data-index=\"10\" ><img width=\"206\" height=\"300\" src=\"https:\/\/www.revistaalimara.net\/revista\/wp-content\/uploads\/2019\/06\/portada-num-37.jpg\" class=\"image wp-image-3487  attachment-206x300 size-206x300\" alt=\"\" decoding=\"async\" loading=\"lazy\" style=\"max-width: 100%; height: auto;\" \/><\/div><div id=\"panel-2974-1-3-1\" class=\"so-panel widget widget_sow-editor\" data-index=\"11\" ><div\n\t\t\t\n\t\t\tclass=\"so-widget-sow-editor so-widget-sow-editor-base\"\n\t\t\t\n\t\t>\n<div class=\"siteorigin-widget-tinymce textwidget\">\n\t<h6>N\u00daMERO 37.<br \/>\nJuny 1996<\/h6>\n<\/div>\n<\/div><\/div><div id=\"panel-2974-1-3-2\" class=\"so-panel widget widget_sow-button panel-last-child\" data-index=\"12\" ><div\n\t\t\t\n\t\t\tclass=\"so-widget-sow-button so-widget-sow-button-atom-8294661747ec-2974\"\n\t\t\t\n\t\t><div class=\"ow-button-base ow-button-align-left\">\n\t<a\n\thref=\"http:\/\/www.revistaalimara.net\/revista\/epoca-4_37\/\"\n\t\tclass=\"download-small ow-icon-placement-left ow-button-hover\" \t>\n\t\t<span>\n\t\t\t<span class=\"sow-icon-fontawesome sow-far\" data-sow-icon=\"&#xf1c1;\"\n\t\tstyle=\"\" \n\t\taria-hidden=\"true\"><\/span>\n\t\t\tVeure articles\t\t<\/span>\n\t<\/a>\n<\/div>\n<\/div><\/div><\/div><\/div><\/div><div id=\"pg-2974-2\"  class=\"panel-grid panel-has-style\" ><div class=\"panel-row-style panel-row-style-for-2974-2\" ><div id=\"pgc-2974-2-0\"  class=\"panel-grid-cell\" ><div id=\"panel-2974-2-0-0\" class=\"so-panel widget widget_media_image panel-first-child\" data-index=\"13\" ><img width=\"210\" height=\"300\" src=\"https:\/\/www.revistaalimara.net\/revista\/wp-content\/uploads\/2019\/06\/Num_38.jpg\" class=\"image wp-image-3385  attachment-210x300 size-210x300\" alt=\"\" decoding=\"async\" loading=\"lazy\" style=\"max-width: 100%; height: auto;\" \/><\/div><div id=\"panel-2974-2-0-1\" class=\"so-panel widget widget_sow-editor\" data-index=\"14\" ><div\n\t\t\t\n\t\t\tclass=\"so-widget-sow-editor so-widget-sow-editor-base\"\n\t\t\t\n\t\t>\n<div class=\"siteorigin-widget-tinymce textwidget\">\n\t<h6>N\u00daMERO 38.<br \/>\nDesembre 1996<\/h6>\n<\/div>\n<\/div><\/div><div id=\"panel-2974-2-0-2\" class=\"so-panel widget widget_sow-button panel-last-child\" data-index=\"15\" ><div\n\t\t\t\n\t\t\tclass=\"so-widget-sow-button so-widget-sow-button-atom-8294661747ec-2974\"\n\t\t\t\n\t\t><div class=\"ow-button-base ow-button-align-left\">\n\t<a\n\thref=\"http:\/\/www.revistaalimara.net\/revista\/epoca-4_38\/\"\n\t\tclass=\"download ow-icon-placement-left ow-button-hover\" \t>\n\t\t<span>\n\t\t\t<span class=\"sow-icon-fontawesome sow-far\" data-sow-icon=\"&#xf1c1;\"\n\t\tstyle=\"\" \n\t\taria-hidden=\"true\"><\/span>\n\t\t\tVeure articles\t\t<\/span>\n\t<\/a>\n<\/div>\n<\/div><\/div><\/div><div id=\"pgc-2974-2-1\"  class=\"panel-grid-cell\" ><div id=\"panel-2974-2-1-0\" class=\"so-panel widget widget_media_image panel-first-child\" data-index=\"16\" ><img width=\"207\" height=\"300\" src=\"https:\/\/www.revistaalimara.net\/revista\/wp-content\/uploads\/2019\/06\/Num-39_-1.jpg\" class=\"image wp-image-3478  attachment-207x300 size-207x300\" alt=\"\" decoding=\"async\" loading=\"lazy\" style=\"max-width: 100%; height: auto;\" \/><\/div><div id=\"panel-2974-2-1-1\" class=\"so-panel widget widget_sow-editor\" data-index=\"17\" ><div\n\t\t\t\n\t\t\tclass=\"so-widget-sow-editor so-widget-sow-editor-base\"\n\t\t\t\n\t\t>\n<div class=\"siteorigin-widget-tinymce textwidget\">\n\t<h6>N\u00daMERO 39.<br \/>\nJuny 1997<\/h6>\n<\/div>\n<\/div><\/div><div id=\"panel-2974-2-1-2\" class=\"so-panel widget widget_sow-button panel-last-child\" data-index=\"18\" ><div\n\t\t\t\n\t\t\tclass=\"so-widget-sow-button so-widget-sow-button-atom-8294661747ec-2974\"\n\t\t\t\n\t\t><div class=\"ow-button-base ow-button-align-left\">\n\t<a\n\thref=\"http:\/\/www.revistaalimara.net\/revista\/epoca-4_39\/\"\n\t\tclass=\"download ow-icon-placement-left ow-button-hover\" \t>\n\t\t<span>\n\t\t\t<span class=\"sow-icon-fontawesome sow-far\" data-sow-icon=\"&#xf1c1;\"\n\t\tstyle=\"\" \n\t\taria-hidden=\"true\"><\/span>\n\t\t\tVeure articles\t\t<\/span>\n\t<\/a>\n<\/div>\n<\/div><\/div><\/div><div id=\"pgc-2974-2-2\"  class=\"panel-grid-cell\" ><div id=\"panel-2974-2-2-0\" class=\"so-panel widget widget_media_image panel-first-child\" data-index=\"19\" ><img width=\"208\" height=\"300\" src=\"https:\/\/www.revistaalimara.net\/revista\/wp-content\/uploads\/2019\/06\/Portada_Num-40.jpg\" class=\"image wp-image-3406  attachment-208x300 size-208x300\" alt=\"\" decoding=\"async\" loading=\"lazy\" style=\"max-width: 100%; height: auto;\" \/><\/div><div id=\"panel-2974-2-2-1\" class=\"so-panel widget widget_sow-editor\" data-index=\"20\" ><div\n\t\t\t\n\t\t\tclass=\"so-widget-sow-editor so-widget-sow-editor-base\"\n\t\t\t\n\t\t>\n<div class=\"siteorigin-widget-tinymce textwidget\">\n\t<h6>N\u00daMERO 40.<br \/>\nDesembre 1997<\/h6>\n<\/div>\n<\/div><\/div><div id=\"panel-2974-2-2-2\" class=\"so-panel widget widget_sow-button panel-last-child\" data-index=\"21\" ><div\n\t\t\t\n\t\t\tclass=\"so-widget-sow-button so-widget-sow-button-atom-8294661747ec-2974\"\n\t\t\t\n\t\t><div class=\"ow-button-base ow-button-align-left\">\n\t<a\n\thref=\"http:\/\/www.revistaalimara.net\/revista\/epoca-4_40\/\"\n\t\tclass=\"download-small ow-icon-placement-left ow-button-hover\" \t>\n\t\t<span>\n\t\t\t<span class=\"sow-icon-fontawesome sow-far\" data-sow-icon=\"&#xf1c1;\"\n\t\tstyle=\"\" \n\t\taria-hidden=\"true\"><\/span>\n\t\t\tVeure articles\t\t<\/span>\n\t<\/a>\n<\/div>\n<\/div><\/div><\/div><div id=\"pgc-2974-2-3\"  class=\"panel-grid-cell\" ><div id=\"panel-2974-2-3-0\" class=\"so-panel widget widget_media_image panel-first-child\" data-index=\"22\" ><img width=\"205\" height=\"300\" src=\"https:\/\/www.revistaalimara.net\/revista\/wp-content\/uploads\/2019\/06\/Num-41.jpg\" class=\"image wp-image-3521  attachment-205x300 size-205x300\" alt=\"\" decoding=\"async\" loading=\"lazy\" style=\"max-width: 100%; height: auto;\" \/><\/div><div id=\"panel-2974-2-3-1\" class=\"so-panel widget widget_sow-editor\" data-index=\"23\" ><div\n\t\t\t\n\t\t\tclass=\"so-widget-sow-editor so-widget-sow-editor-base\"\n\t\t\t\n\t\t>\n<div class=\"siteorigin-widget-tinymce textwidget\">\n\t<h6>N\u00daMERO 41.<br \/>\nJuny 1998<\/h6>\n<\/div>\n<\/div><\/div><div id=\"panel-2974-2-3-2\" class=\"so-panel widget widget_sow-button panel-last-child\" data-index=\"24\" ><div\n\t\t\t\n\t\t\tclass=\"so-widget-sow-button so-widget-sow-button-atom-8294661747ec-2974\"\n\t\t\t\n\t\t><div class=\"ow-button-base ow-button-align-left\">\n\t<a\n\thref=\"http:\/\/www.revistaalimara.net\/revista\/epoca-4_41\/\"\n\t\tclass=\"download-small ow-icon-placement-left ow-button-hover\" \t>\n\t\t<span>\n\t\t\t<span class=\"sow-icon-fontawesome sow-far\" data-sow-icon=\"&#xf1c1;\"\n\t\tstyle=\"\" \n\t\taria-hidden=\"true\"><\/span>\n\t\t\tVeure articles\t\t<\/span>\n\t<\/a>\n<\/div>\n<\/div><\/div><\/div><\/div><\/div><div id=\"pg-2974-3\"  class=\"panel-grid panel-has-style\" ><div class=\"panel-row-style panel-row-style-for-2974-3\" ><div id=\"pgc-2974-3-0\"  class=\"panel-grid-cell\" ><div id=\"panel-2974-3-0-0\" class=\"so-panel widget widget_media_image panel-first-child\" data-index=\"25\" ><img width=\"206\" height=\"300\" src=\"https:\/\/www.revistaalimara.net\/revista\/wp-content\/uploads\/2019\/06\/Num-42.jpg\" class=\"image wp-image-3567  attachment-206x300 size-206x300\" alt=\"\" decoding=\"async\" loading=\"lazy\" style=\"max-width: 100%; height: auto;\" \/><\/div><div id=\"panel-2974-3-0-1\" class=\"so-panel widget widget_sow-editor\" data-index=\"26\" ><div\n\t\t\t\n\t\t\tclass=\"so-widget-sow-editor so-widget-sow-editor-base\"\n\t\t\t\n\t\t>\n<div class=\"siteorigin-widget-tinymce textwidget\">\n\t<h6>N\u00daMERO 42.<br \/>\nDesembre 1998<\/h6>\n<\/div>\n<\/div><\/div><div id=\"panel-2974-3-0-2\" class=\"so-panel widget widget_sow-button panel-last-child\" data-index=\"27\" ><div\n\t\t\t\n\t\t\tclass=\"so-widget-sow-button so-widget-sow-button-atom-8294661747ec-2974\"\n\t\t\t\n\t\t><div class=\"ow-button-base ow-button-align-left\">\n\t<a\n\thref=\"http:\/\/www.revistaalimara.net\/revista\/epoca-4_42\/\"\n\t\tclass=\"download ow-icon-placement-left ow-button-hover\" \t>\n\t\t<span>\n\t\t\t<span class=\"sow-icon-fontawesome sow-far\" data-sow-icon=\"&#xf1c1;\"\n\t\tstyle=\"\" \n\t\taria-hidden=\"true\"><\/span>\n\t\t\tVeure articles\t\t<\/span>\n\t<\/a>\n<\/div>\n<\/div><\/div><\/div><div id=\"pgc-2974-3-1\"  class=\"panel-grid-cell\" ><div id=\"panel-2974-3-1-0\" class=\"so-panel widget widget_media_image panel-first-child\" data-index=\"28\" ><img width=\"207\" height=\"300\" src=\"https:\/\/www.revistaalimara.net\/revista\/wp-content\/uploads\/2019\/06\/Num-43.jpg\" class=\"image wp-image-3790  attachment-207x300 size-207x300\" alt=\"\" decoding=\"async\" loading=\"lazy\" style=\"max-width: 100%; height: auto;\" \/><\/div><div id=\"panel-2974-3-1-1\" class=\"so-panel widget widget_sow-editor\" data-index=\"29\" ><div\n\t\t\t\n\t\t\tclass=\"so-widget-sow-editor so-widget-sow-editor-base\"\n\t\t\t\n\t\t>\n<div class=\"siteorigin-widget-tinymce textwidget\">\n\t<h6>N\u00daMERO 43.<br \/>\nJuny 1999<\/h6>\n<\/div>\n<\/div><\/div><div id=\"panel-2974-3-1-2\" class=\"so-panel widget widget_sow-button panel-last-child\" data-index=\"30\" ><div\n\t\t\t\n\t\t\tclass=\"so-widget-sow-button so-widget-sow-button-atom-8294661747ec-2974\"\n\t\t\t\n\t\t><div class=\"ow-button-base ow-button-align-left\">\n\t<a\n\thref=\"http:\/\/www.revistaalimara.net\/revista\/epoca-4_43\/\"\n\t\tclass=\"download ow-icon-placement-left ow-button-hover\" \t>\n\t\t<span>\n\t\t\t<span class=\"sow-icon-fontawesome sow-far\" data-sow-icon=\"&#xf1c1;\"\n\t\tstyle=\"\" \n\t\taria-hidden=\"true\"><\/span>\n\t\t\tVeure articles\t\t<\/span>\n\t<\/a>\n<\/div>\n<\/div><\/div><\/div><div id=\"pgc-2974-3-2\"  class=\"panel-grid-cell\" ><div id=\"panel-2974-3-2-0\" class=\"so-panel widget widget_media_image panel-first-child\" data-index=\"31\" ><img width=\"210\" height=\"300\" src=\"https:\/\/www.revistaalimara.net\/revista\/wp-content\/uploads\/2019\/06\/Num-44-1.jpg\" class=\"image wp-image-3590  attachment-210x300 size-210x300\" alt=\"\" decoding=\"async\" loading=\"lazy\" style=\"max-width: 100%; height: auto;\" \/><\/div><div id=\"panel-2974-3-2-1\" class=\"so-panel widget widget_sow-editor\" data-index=\"32\" ><div\n\t\t\t\n\t\t\tclass=\"so-widget-sow-editor so-widget-sow-editor-base\"\n\t\t\t\n\t\t>\n<div class=\"siteorigin-widget-tinymce textwidget\">\n\t<h6>N\u00daMERO 44.<br \/>\nDesembre 1999<\/h6>\n<\/div>\n<\/div><\/div><div id=\"panel-2974-3-2-2\" class=\"so-panel widget widget_sow-button panel-last-child\" data-index=\"33\" ><div\n\t\t\t\n\t\t\tclass=\"so-widget-sow-button so-widget-sow-button-atom-8294661747ec-2974\"\n\t\t\t\n\t\t><div class=\"ow-button-base ow-button-align-left\">\n\t<a\n\thref=\"http:\/\/www.revistaalimara.net\/revista\/epoca-4_44\/\"\n\t\tclass=\"download-small ow-icon-placement-left ow-button-hover\" \t>\n\t\t<span>\n\t\t\t<span class=\"sow-icon-fontawesome sow-far\" data-sow-icon=\"&#xf1c1;\"\n\t\tstyle=\"\" \n\t\taria-hidden=\"true\"><\/span>\n\t\t\tVeure articles\t\t<\/span>\n\t<\/a>\n<\/div>\n<\/div><\/div><\/div><div id=\"pgc-2974-3-3\"  class=\"panel-grid-cell\" ><div id=\"panel-2974-3-3-0\" class=\"so-panel widget widget_media_image panel-first-child\" data-index=\"34\" ><img width=\"204\" height=\"300\" src=\"https:\/\/www.revistaalimara.net\/revista\/wp-content\/uploads\/2019\/06\/Num-45.jpg\" class=\"image wp-image-3608  attachment-204x300 size-204x300\" alt=\"\" decoding=\"async\" loading=\"lazy\" style=\"max-width: 100%; height: auto;\" \/><\/div><div id=\"panel-2974-3-3-1\" class=\"so-panel widget widget_sow-editor\" data-index=\"35\" ><div\n\t\t\t\n\t\t\tclass=\"so-widget-sow-editor so-widget-sow-editor-base\"\n\t\t\t\n\t\t>\n<div class=\"siteorigin-widget-tinymce textwidget\">\n\t<h6>N\u00daMERO 45.<br \/>\nJuny 2000<\/h6>\n<\/div>\n<\/div><\/div><div id=\"panel-2974-3-3-2\" class=\"so-panel widget widget_sow-button panel-last-child\" data-index=\"36\" ><div\n\t\t\t\n\t\t\tclass=\"so-widget-sow-button so-widget-sow-button-atom-8294661747ec-2974\"\n\t\t\t\n\t\t><div class=\"ow-button-base ow-button-align-left\">\n\t<a\n\thref=\"http:\/\/www.revistaalimara.net\/revista\/epoca-4_45\/\"\n\t\tclass=\"download-small ow-icon-placement-left ow-button-hover\" \t>\n\t\t<span>\n\t\t\t<span class=\"sow-icon-fontawesome sow-far\" data-sow-icon=\"&#xf1c1;\"\n\t\tstyle=\"\" \n\t\taria-hidden=\"true\"><\/span>\n\t\t\tVeure articles\t\t<\/span>\n\t<\/a>\n<\/div>\n<\/div><\/div><\/div><\/div><\/div><div id=\"pg-2974-4\"  class=\"panel-grid panel-has-style\" ><div class=\"panel-row-style panel-row-style-for-2974-4\" ><div id=\"pgc-2974-4-0\"  class=\"panel-grid-cell\" ><div id=\"panel-2974-4-0-0\" class=\"so-panel widget widget_media_image panel-first-child\" data-index=\"37\" ><img width=\"207\" height=\"300\" src=\"https:\/\/www.revistaalimara.net\/revista\/wp-content\/uploads\/2019\/06\/Num-46.jpg\" class=\"image wp-image-3636  attachment-207x300 size-207x300\" alt=\"\" decoding=\"async\" loading=\"lazy\" style=\"max-width: 100%; height: auto;\" \/><\/div><div id=\"panel-2974-4-0-1\" class=\"so-panel widget widget_sow-editor\" data-index=\"38\" ><div\n\t\t\t\n\t\t\tclass=\"so-widget-sow-editor so-widget-sow-editor-base\"\n\t\t\t\n\t\t>\n<div class=\"siteorigin-widget-tinymce textwidget\">\n\t<h6>N\u00daMERO 46.<br \/>\nDesembre 2000<\/h6>\n<\/div>\n<\/div><\/div><div id=\"panel-2974-4-0-2\" class=\"so-panel widget widget_sow-button panel-last-child\" data-index=\"39\" ><div\n\t\t\t\n\t\t\tclass=\"so-widget-sow-button so-widget-sow-button-atom-8294661747ec-2974\"\n\t\t\t\n\t\t><div class=\"ow-button-base ow-button-align-left\">\n\t<a\n\thref=\"http:\/\/www.revistaalimara.net\/revista\/epoca-4_46\/\"\n\t\tclass=\"download ow-icon-placement-left ow-button-hover\" \t>\n\t\t<span>\n\t\t\t<span class=\"sow-icon-fontawesome sow-far\" data-sow-icon=\"&#xf1c1;\"\n\t\tstyle=\"\" \n\t\taria-hidden=\"true\"><\/span>\n\t\t\tVeure articles\t\t<\/span>\n\t<\/a>\n<\/div>\n<\/div><\/div><\/div><div id=\"pgc-2974-4-1\"  class=\"panel-grid-cell\" ><div id=\"panel-2974-4-1-0\" class=\"so-panel widget widget_media_image panel-first-child\" data-index=\"40\" ><img width=\"205\" height=\"300\" src=\"https:\/\/www.revistaalimara.net\/revista\/wp-content\/uploads\/2019\/06\/Num-47.jpg\" class=\"image wp-image-3697  attachment-205x300 size-205x300\" alt=\"\" decoding=\"async\" loading=\"lazy\" style=\"max-width: 100%; height: auto;\" \/><\/div><div id=\"panel-2974-4-1-1\" class=\"so-panel widget widget_sow-editor\" data-index=\"41\" ><div\n\t\t\t\n\t\t\tclass=\"so-widget-sow-editor so-widget-sow-editor-base\"\n\t\t\t\n\t\t>\n<div class=\"siteorigin-widget-tinymce textwidget\">\n\t<h6>N\u00daMERO 47.<br \/>\nJuny 2001<\/h6>\n<\/div>\n<\/div><\/div><div id=\"panel-2974-4-1-2\" class=\"so-panel widget widget_sow-button panel-last-child\" data-index=\"42\" ><div\n\t\t\t\n\t\t\tclass=\"so-widget-sow-button so-widget-sow-button-atom-8294661747ec-2974\"\n\t\t\t\n\t\t><div class=\"ow-button-base ow-button-align-left\">\n\t<a\n\thref=\"http:\/\/www.revistaalimara.net\/revista\/epoca-4_47\/\"\n\t\tclass=\"download ow-icon-placement-left ow-button-hover\" \t>\n\t\t<span>\n\t\t\t<span class=\"sow-icon-fontawesome sow-far\" data-sow-icon=\"&#xf1c1;\"\n\t\tstyle=\"\" \n\t\taria-hidden=\"true\"><\/span>\n\t\t\tVeure articles\t\t<\/span>\n\t<\/a>\n<\/div>\n<\/div><\/div><\/div><div id=\"pgc-2974-4-2\"  class=\"panel-grid-cell\" ><div id=\"panel-2974-4-2-0\" class=\"so-panel widget widget_media_image panel-first-child\" data-index=\"43\" ><img width=\"204\" height=\"300\" src=\"https:\/\/www.revistaalimara.net\/revista\/wp-content\/uploads\/2019\/06\/Num-48.jpg\" class=\"image wp-image-3728  attachment-204x300 size-204x300\" alt=\"\" decoding=\"async\" loading=\"lazy\" style=\"max-width: 100%; height: auto;\" \/><\/div><div id=\"panel-2974-4-2-1\" class=\"so-panel widget widget_sow-editor\" data-index=\"44\" ><div\n\t\t\t\n\t\t\tclass=\"so-widget-sow-editor so-widget-sow-editor-base\"\n\t\t\t\n\t\t>\n<div class=\"siteorigin-widget-tinymce textwidget\">\n\t<h6>N\u00daMERO 48.<br \/>\nDesembre 2001<\/h6>\n<\/div>\n<\/div><\/div><div id=\"panel-2974-4-2-2\" class=\"so-panel widget widget_sow-button panel-last-child\" data-index=\"45\" ><div\n\t\t\t\n\t\t\tclass=\"so-widget-sow-button so-widget-sow-button-atom-8294661747ec-2974\"\n\t\t\t\n\t\t><div class=\"ow-button-base ow-button-align-left\">\n\t<a\n\thref=\"http:\/\/www.revistaalimara.net\/revista\/epoca-4_48\/\"\n\t\tclass=\"download-small ow-icon-placement-left ow-button-hover\" \t>\n\t\t<span>\n\t\t\t<span class=\"sow-icon-fontawesome sow-far\" data-sow-icon=\"&#xf1c1;\"\n\t\tstyle=\"\" \n\t\taria-hidden=\"true\"><\/span>\n\t\t\tVeure articles\t\t<\/span>\n\t<\/a>\n<\/div>\n<\/div><\/div><\/div><div id=\"pgc-2974-4-3\"  class=\"panel-grid-cell\" ><div id=\"panel-2974-4-3-0\" class=\"so-panel widget widget_media_image panel-first-child\" data-index=\"46\" ><img width=\"208\" height=\"300\" src=\"https:\/\/www.revistaalimara.net\/revista\/wp-content\/uploads\/2019\/06\/Num-49.jpg\" class=\"image wp-image-3763  attachment-208x300 size-208x300\" alt=\"\" decoding=\"async\" loading=\"lazy\" style=\"max-width: 100%; height: auto;\" \/><\/div><div id=\"panel-2974-4-3-1\" class=\"so-panel widget widget_sow-editor\" data-index=\"47\" ><div\n\t\t\t\n\t\t\tclass=\"so-widget-sow-editor so-widget-sow-editor-base\"\n\t\t\t\n\t\t>\n<div class=\"siteorigin-widget-tinymce textwidget\">\n\t<h6>N\u00daMERO 49.<br \/>\nJuny 2002<\/h6>\n<\/div>\n<\/div><\/div><div id=\"panel-2974-4-3-2\" class=\"so-panel widget widget_sow-button panel-last-child\" data-index=\"48\" ><div\n\t\t\t\n\t\t\tclass=\"so-widget-sow-button so-widget-sow-button-atom-8294661747ec-2974\"\n\t\t\t\n\t\t><div class=\"ow-button-base ow-button-align-left\">\n\t<a\n\thref=\"http:\/\/www.revistaalimara.net\/revista\/epoca-4_49\/\"\n\t\tclass=\"download-small ow-icon-placement-left ow-button-hover\" \t>\n\t\t<span>\n\t\t\t<span class=\"sow-icon-fontawesome sow-far\" data-sow-icon=\"&#xf1c1;\"\n\t\tstyle=\"\" \n\t\taria-hidden=\"true\"><\/span>\n\t\t\tVeure articles\t\t<\/span>\n\t<\/a>\n<\/div>\n<\/div><\/div><\/div><\/div><\/div><\/div>","protected":false},"excerpt":{"rendered":"<p>N\u00daMERO 34. Desembre 1994 N\u00daMERO 35. Juny 1995 N\u00daMERO 36. Desembre 1995 N\u00daMERO 37. Juny 1996<\/p>\n","protected":false},"author":2,"featured_media":0,"parent":0,"menu_order":0,"comment_status":"closed","ping_status":"closed","template":"","meta":[],"_links":{"self":[{"href":"https:\/\/www.revistaalimara.net\/revista\/wp-json\/wp\/v2\/pages\/2974"}],"collection":[{"href":"https:\/\/www.revistaalimara.net\/revista\/wp-json\/wp\/v2\/pages"}],"about":[{"href":"https:\/\/www.revistaalimara.net\/revista\/wp-json\/wp\/v2\/types\/page"}],"author":[{"embeddable":true,"href":"https:\/\/www.revistaalimara.net\/revista\/wp-json\/wp\/v2\/users\/2"}],"replies":[{"embeddable":true,"href":"https:\/\/www.revistaalimara.net\/revista\/wp-json\/wp\/v2\/comments?post=2974"}],"version-history":[{"count":56,"href":"https:\/\/www.revistaalimara.net\/revista\/wp-json\/wp\/v2\/pages\/2974\/revisions"}],"predecessor-version":[{"id":3906,"href":"https:\/\/www.revistaalimara.net\/revista\/wp-json\/wp\/v2\/pages\/2974\/revisions\/3906"}],"wp:attachment":[{"href":"https:\/\/www.revistaalimara.net\/revista\/wp-json\/wp\/v2\/media?parent=2974"}],"curies":[{"name":"wp","href":"https:\/\/api.w.org\/{rel}","templated":true}]}}