{"id":2959,"date":"2019-05-22T12:45:01","date_gmt":"2019-05-22T10:45:01","guid":{"rendered":"http:\/\/www.revistaalimara.net\/revista\/?page_id=2959"},"modified":"2021-04-23T07:54:28","modified_gmt":"2021-04-23T06:54:28","slug":"epoca-3","status":"publish","type":"page","link":"https:\/\/www.revistaalimara.net\/revista\/epoca-3\/","title":{"rendered":"\u00c8poca 3"},"content":{"rendered":"<div id=\"pl-2959\"  class=\"panel-layout\" ><div id=\"pg-2959-0\"  class=\"panel-grid panel-has-style\" ><div class=\"siteorigin-panels-stretch panel-row-style panel-row-style-for-2959-0\" data-stretch-type=\"full-stretched-padded\" ><div id=\"pgc-2959-0-0\"  class=\"panel-grid-cell\" ><div id=\"panel-2959-0-0-0\" class=\"so-panel widget widget_sow-headline panel-first-child panel-last-child\" data-index=\"0\" ><div\n\t\t\t\n\t\t\tclass=\"so-widget-sow-headline so-widget-sow-headline-default-b8f8d496220f-2959\"\n\t\t\t\n\t\t><div class=\"sow-headline-container \">\n\t<h1 class='sow-headline'>\u00c8poca 3<\/h1><p class='sow-sub-headline'>Descarrega't aqu\u00ed les versions en PDF de les revistes publicades<\/p><\/div>\n<\/div><\/div><\/div><\/div><\/div><div id=\"pg-2959-1\"  class=\"panel-grid panel-has-style\" ><div class=\"panel-row-style panel-row-style-for-2959-1\" ><div id=\"pgc-2959-1-0\"  class=\"panel-grid-cell\" ><div id=\"panel-2959-1-0-0\" class=\"so-panel widget widget_media_image panel-first-child\" data-index=\"1\" ><div style=\"width: 211px\" class=\"wp-caption alignnone\"><img width=\"211\" height=\"300\" src=\"https:\/\/www.revistaalimara.net\/revista\/wp-content\/uploads\/2019\/06\/Portada-num-23_web.jpg\" class=\"image wp-image-3325  attachment-211x300 size-211x300\" alt=\"\" decoding=\"async\" loading=\"lazy\" style=\"max-width: 100%; height: auto;\" \/><p class=\"wp-caption-text\">Canon Inc<\/p><\/div><\/div><div id=\"panel-2959-1-0-1\" class=\"so-panel widget widget_sow-editor\" data-index=\"2\" ><div\n\t\t\t\n\t\t\tclass=\"so-widget-sow-editor so-widget-sow-editor-base\"\n\t\t\t\n\t\t>\n<div class=\"siteorigin-widget-tinymce textwidget\">\n\t<h6>N\u00daMERO 23.<br \/>\nGener-Febrer 1991<\/h6>\n<\/div>\n<\/div><\/div><div id=\"panel-2959-1-0-2\" class=\"so-panel widget widget_sow-button panel-last-child\" data-index=\"3\" ><div\n\t\t\t\n\t\t\tclass=\"so-widget-sow-button so-widget-sow-button-atom-8294661747ec-2959\"\n\t\t\t\n\t\t><div class=\"ow-button-base ow-button-align-left\">\n\t<a\n\thref=\"http:\/\/www.revistaalimara.net\/revista\/wp-content\/uploads\/2019\/05\/\u00c8poca-3_num-23.pdf\"\n\t\tclass=\"download ow-icon-placement-left ow-button-hover\" \t>\n\t\t<span>\n\t\t\t<span class=\"sow-icon-fontawesome sow-far\" data-sow-icon=\"&#xf1c1;\"\n\t\tstyle=\"\" \n\t\taria-hidden=\"true\"><\/span>\n\t\t\tVeure revista\t\t<\/span>\n\t<\/a>\n<\/div>\n<\/div><\/div><\/div><div id=\"pgc-2959-1-1\"  class=\"panel-grid-cell\" ><div id=\"panel-2959-1-1-0\" class=\"so-panel widget widget_media_image panel-first-child\" data-index=\"4\" ><div style=\"width: 211px\" class=\"wp-caption alignnone\"><img width=\"211\" height=\"300\" src=\"https:\/\/www.revistaalimara.net\/revista\/wp-content\/uploads\/2019\/06\/Portada-num-24_web.jpg\" class=\"image wp-image-3326  attachment-211x300 size-211x300\" alt=\"\" decoding=\"async\" loading=\"lazy\" style=\"max-width: 100%; height: auto;\" \/><p class=\"wp-caption-text\">Canon Inc<\/p><\/div><\/div><div id=\"panel-2959-1-1-1\" class=\"so-panel widget widget_sow-editor\" data-index=\"5\" ><div\n\t\t\t\n\t\t\tclass=\"so-widget-sow-editor so-widget-sow-editor-base\"\n\t\t\t\n\t\t>\n<div class=\"siteorigin-widget-tinymce textwidget\">\n\t<h6>N\u00daMERO 24.<br \/>\nMar\u00e7-Abril 1991<\/h6>\n<\/div>\n<\/div><\/div><div id=\"panel-2959-1-1-2\" class=\"so-panel widget widget_sow-button panel-last-child\" data-index=\"6\" ><div\n\t\t\t\n\t\t\tclass=\"so-widget-sow-button so-widget-sow-button-atom-8294661747ec-2959\"\n\t\t\t\n\t\t><div class=\"ow-button-base ow-button-align-left\">\n\t<a\n\thref=\"http:\/\/www.revistaalimara.net\/revista\/wp-content\/uploads\/2019\/05\/\u00c8poca-3_num-24.pdf\"\n\t\tclass=\"download ow-icon-placement-left ow-button-hover\" \t>\n\t\t<span>\n\t\t\t<span class=\"sow-icon-fontawesome sow-far\" data-sow-icon=\"&#xf1c1;\"\n\t\tstyle=\"\" \n\t\taria-hidden=\"true\"><\/span>\n\t\t\tVeure revista\t\t<\/span>\n\t<\/a>\n<\/div>\n<\/div><\/div><\/div><div id=\"pgc-2959-1-2\"  class=\"panel-grid-cell\" ><div id=\"panel-2959-1-2-0\" class=\"so-panel widget widget_media_image panel-first-child\" data-index=\"7\" ><img width=\"211\" height=\"300\" src=\"https:\/\/www.revistaalimara.net\/revista\/wp-content\/uploads\/2019\/06\/Portada-num-25-26_web.jpg\" class=\"image wp-image-3327  attachment-211x300 size-211x300\" alt=\"\" decoding=\"async\" loading=\"lazy\" style=\"max-width: 100%; height: auto;\" \/><\/div><div id=\"panel-2959-1-2-1\" class=\"so-panel widget widget_sow-editor\" data-index=\"8\" ><div\n\t\t\t\n\t\t\tclass=\"so-widget-sow-editor so-widget-sow-editor-base\"\n\t\t\t\n\t\t>\n<div class=\"siteorigin-widget-tinymce textwidget\">\n\t<h6>N\u00daMERO 25-26.<br \/>\nMaig-Agost 1991<\/h6>\n<\/div>\n<\/div><\/div><div id=\"panel-2959-1-2-2\" class=\"so-panel widget widget_sow-button panel-last-child\" data-index=\"9\" ><div\n\t\t\t\n\t\t\tclass=\"so-widget-sow-button so-widget-sow-button-atom-8294661747ec-2959\"\n\t\t\t\n\t\t><div class=\"ow-button-base ow-button-align-left\">\n\t<a\n\thref=\"http:\/\/www.revistaalimara.net\/revista\/epoca-3_25-26\/\"\n\t\tclass=\"download-small ow-icon-placement-left ow-button-hover\" \t>\n\t\t<span>\n\t\t\t<span class=\"sow-icon-fontawesome sow-far\" data-sow-icon=\"&#xf1c1;\"\n\t\tstyle=\"\" \n\t\taria-hidden=\"true\"><\/span>\n\t\t\tVeure articles\t\t<\/span>\n\t<\/a>\n<\/div>\n<\/div><\/div><\/div><div id=\"pgc-2959-1-3\"  class=\"panel-grid-cell\" ><div id=\"panel-2959-1-3-0\" class=\"so-panel widget widget_media_image panel-first-child\" data-index=\"10\" ><img width=\"211\" height=\"300\" src=\"https:\/\/www.revistaalimara.net\/revista\/wp-content\/uploads\/2019\/06\/Portada-num-27-28_web.jpg\" class=\"image wp-image-3328  attachment-211x300 size-211x300\" alt=\"\" decoding=\"async\" loading=\"lazy\" style=\"max-width: 100%; height: auto;\" \/><\/div><div id=\"panel-2959-1-3-1\" class=\"so-panel widget widget_sow-editor\" data-index=\"11\" ><div\n\t\t\t\n\t\t\tclass=\"so-widget-sow-editor so-widget-sow-editor-base\"\n\t\t\t\n\t\t>\n<div class=\"siteorigin-widget-tinymce textwidget\">\n\t<h6>N\u00daMERO 27-28.<br \/>\nSetembre-Desembre 1991<\/h6>\n<\/div>\n<\/div><\/div><div id=\"panel-2959-1-3-2\" class=\"so-panel widget widget_sow-button panel-last-child\" data-index=\"12\" ><div\n\t\t\t\n\t\t\tclass=\"so-widget-sow-button so-widget-sow-button-atom-8294661747ec-2959\"\n\t\t\t\n\t\t><div class=\"ow-button-base ow-button-align-left\">\n\t<a\n\thref=\"http:\/\/www.revistaalimara.net\/revista\/wp-content\/uploads\/2019\/05\/\u00c8poca-3_num-27-28.pdf\"\n\t\tclass=\"download-small ow-icon-placement-left ow-button-hover\" \t>\n\t\t<span>\n\t\t\t<span class=\"sow-icon-fontawesome sow-far\" data-sow-icon=\"&#xf1c1;\"\n\t\tstyle=\"\" \n\t\taria-hidden=\"true\"><\/span>\n\t\t\tVeure revista\t\t<\/span>\n\t<\/a>\n<\/div>\n<\/div><\/div><\/div><\/div><\/div><div id=\"pg-2959-2\"  class=\"panel-grid panel-has-style\" ><div class=\"panel-row-style panel-row-style-for-2959-2\" ><div id=\"pgc-2959-2-0\"  class=\"panel-grid-cell\" ><div id=\"panel-2959-2-0-0\" class=\"so-panel widget widget_media_image panel-first-child\" data-index=\"13\" ><div style=\"width: 210px\" class=\"wp-caption alignnone\"><img width=\"210\" height=\"300\" src=\"https:\/\/www.revistaalimara.net\/revista\/wp-content\/uploads\/2019\/06\/Portada-num-29-30_web.jpg\" class=\"image wp-image-3329  attachment-210x300 size-210x300\" alt=\"\" decoding=\"async\" loading=\"lazy\" style=\"max-width: 100%; height: auto;\" \/><p class=\"wp-caption-text\">Canon Inc<\/p><\/div><\/div><div id=\"panel-2959-2-0-1\" class=\"so-panel widget widget_sow-editor\" data-index=\"14\" ><div\n\t\t\t\n\t\t\tclass=\"so-widget-sow-editor so-widget-sow-editor-base\"\n\t\t\t\n\t\t>\n<div class=\"siteorigin-widget-tinymce textwidget\">\n\t<h6>N\u00daMERO 29-30.<br \/>\nGener-Febrer 1992<\/h6>\n<\/div>\n<\/div><\/div><div id=\"panel-2959-2-0-2\" class=\"so-panel widget widget_sow-button panel-last-child\" data-index=\"15\" ><div\n\t\t\t\n\t\t\tclass=\"so-widget-sow-button so-widget-sow-button-atom-8294661747ec-2959\"\n\t\t\t\n\t\t><div class=\"ow-button-base ow-button-align-left\">\n\t<a\n\thref=\"http:\/\/www.revistaalimara.net\/revista\/epoca-3_29-30\/\"\n\t\tclass=\"download ow-icon-placement-left ow-button-hover\" \t>\n\t\t<span>\n\t\t\t<span class=\"sow-icon-fontawesome sow-far\" data-sow-icon=\"&#xf1c1;\"\n\t\tstyle=\"\" \n\t\taria-hidden=\"true\"><\/span>\n\t\t\tVeure articles\t\t<\/span>\n\t<\/a>\n<\/div>\n<\/div><\/div><\/div><div id=\"pgc-2959-2-1\"  class=\"panel-grid-cell\" ><div id=\"panel-2959-2-1-0\" class=\"so-panel widget widget_media_image panel-first-child\" data-index=\"16\" ><img width=\"211\" height=\"300\" src=\"https:\/\/www.revistaalimara.net\/revista\/wp-content\/uploads\/2019\/06\/Portada-num-31_web.jpg\" class=\"image wp-image-3330  attachment-211x300 size-211x300\" alt=\"\" decoding=\"async\" loading=\"lazy\" style=\"max-width: 100%; height: auto;\" \/><\/div><div id=\"panel-2959-2-1-1\" class=\"so-panel widget widget_sow-editor\" data-index=\"17\" ><div\n\t\t\t\n\t\t\tclass=\"so-widget-sow-editor so-widget-sow-editor-base\"\n\t\t\t\n\t\t>\n<div class=\"siteorigin-widget-tinymce textwidget\">\n\t<h6>N\u00daMERO 31.<br \/>\nDesembre 1992<\/h6>\n<\/div>\n<\/div><\/div><div id=\"panel-2959-2-1-2\" class=\"so-panel widget widget_sow-button panel-last-child\" data-index=\"18\" ><div\n\t\t\t\n\t\t\tclass=\"so-widget-sow-button so-widget-sow-button-atom-8294661747ec-2959\"\n\t\t\t\n\t\t><div class=\"ow-button-base ow-button-align-left\">\n\t<a\n\thref=\"http:\/\/www.revistaalimara.net\/revista\/wp-content\/uploads\/2019\/05\/\u00c8poca-3_num-31.pdf\"\n\t\tclass=\"download ow-icon-placement-left ow-button-hover\" \t>\n\t\t<span>\n\t\t\t<span class=\"sow-icon-fontawesome sow-far\" data-sow-icon=\"&#xf1c1;\"\n\t\tstyle=\"\" \n\t\taria-hidden=\"true\"><\/span>\n\t\t\tVeure revista\t\t<\/span>\n\t<\/a>\n<\/div>\n<\/div><\/div><\/div><div id=\"pgc-2959-2-2\"  class=\"panel-grid-cell\" ><div id=\"panel-2959-2-2-0\" class=\"so-panel widget widget_media_image panel-first-child\" data-index=\"19\" ><div style=\"width: 211px\" class=\"wp-caption alignnone\"><img width=\"211\" height=\"300\" src=\"https:\/\/www.revistaalimara.net\/revista\/wp-content\/uploads\/2019\/06\/Portada-num-32_web.jpg\" class=\"image wp-image-3331  attachment-211x300 size-211x300\" alt=\"\" decoding=\"async\" loading=\"lazy\" style=\"max-width: 100%; height: auto;\" \/><p class=\"wp-caption-text\">Canon Inc<\/p><\/div><\/div><div id=\"panel-2959-2-2-1\" class=\"so-panel widget widget_sow-editor\" data-index=\"20\" ><div\n\t\t\t\n\t\t\tclass=\"so-widget-sow-editor so-widget-sow-editor-base\"\n\t\t\t\n\t\t>\n<div class=\"siteorigin-widget-tinymce textwidget\">\n\t<h6>N\u00daMERO 32.<br \/>\nJuliol 1993<\/h6>\n<\/div>\n<\/div><\/div><div id=\"panel-2959-2-2-2\" class=\"so-panel widget widget_sow-button panel-last-child\" data-index=\"21\" ><div\n\t\t\t\n\t\t\tclass=\"so-widget-sow-button so-widget-sow-button-atom-8294661747ec-2959\"\n\t\t\t\n\t\t><div class=\"ow-button-base ow-button-align-left\">\n\t<a\n\thref=\"http:\/\/www.revistaalimara.net\/revista\/wp-content\/uploads\/2019\/06\/\u00c8poca-3_num-32.pdf\"\n\t\tclass=\"download-small ow-icon-placement-left ow-button-hover\" \t>\n\t\t<span>\n\t\t\t<span class=\"sow-icon-fontawesome sow-far\" data-sow-icon=\"&#xf1c1;\"\n\t\tstyle=\"\" \n\t\taria-hidden=\"true\"><\/span>\n\t\t\tVeure revista\t\t<\/span>\n\t<\/a>\n<\/div>\n<\/div><\/div><\/div><div id=\"pgc-2959-2-3\"  class=\"panel-grid-cell\" ><div id=\"panel-2959-2-3-0\" class=\"so-panel widget widget_media_image panel-first-child\" data-index=\"22\" ><div style=\"width: 210px\" class=\"wp-caption alignnone\"><img width=\"210\" height=\"300\" src=\"https:\/\/www.revistaalimara.net\/revista\/wp-content\/uploads\/2019\/06\/Portada-num-33_web.jpg\" class=\"image wp-image-3332  attachment-210x300 size-210x300\" alt=\"\" decoding=\"async\" loading=\"lazy\" style=\"max-width: 100%; height: auto;\" \/><p class=\"wp-caption-text\">Canon Inc<\/p><\/div><\/div><div id=\"panel-2959-2-3-1\" class=\"so-panel widget widget_sow-editor\" data-index=\"23\" ><div\n\t\t\t\n\t\t\tclass=\"so-widget-sow-editor so-widget-sow-editor-base\"\n\t\t\t\n\t\t>\n<div class=\"siteorigin-widget-tinymce textwidget\">\n\t<h6>N\u00daMERO 33.<br \/>\nDesembre 1993<\/h6>\n<\/div>\n<\/div><\/div><div id=\"panel-2959-2-3-2\" class=\"so-panel widget widget_sow-button panel-last-child\" data-index=\"24\" ><div\n\t\t\t\n\t\t\tclass=\"so-widget-sow-button so-widget-sow-button-atom-8294661747ec-2959\"\n\t\t\t\n\t\t><div class=\"ow-button-base ow-button-align-left\">\n\t<a\n\thref=\"http:\/\/www.revistaalimara.net\/revista\/epoca-3_33\/\"\n\t\tclass=\"download-small ow-icon-placement-left ow-button-hover\" \t>\n\t\t<span>\n\t\t\t<span class=\"sow-icon-fontawesome sow-far\" data-sow-icon=\"&#xf1c1;\"\n\t\tstyle=\"\" \n\t\taria-hidden=\"true\"><\/span>\n\t\t\tVeure articles\t\t<\/span>\n\t<\/a>\n<\/div>\n<\/div><\/div><\/div><\/div><\/div><\/div>","protected":false},"excerpt":{"rendered":"<p>N\u00daMERO 23. Gener-Febrer 1991 N\u00daMERO 24. Mar\u00e7-Abril 1991 N\u00daMERO 25-26. Maig-Agost 1991 N\u00daMERO 27-28. Setembre-Desembre 1991<\/p>\n","protected":false},"author":2,"featured_media":0,"parent":0,"menu_order":0,"comment_status":"closed","ping_status":"closed","template":"","meta":[],"_links":{"self":[{"href":"https:\/\/www.revistaalimara.net\/revista\/wp-json\/wp\/v2\/pages\/2959"}],"collection":[{"href":"https:\/\/www.revistaalimara.net\/revista\/wp-json\/wp\/v2\/pages"}],"about":[{"href":"https:\/\/www.revistaalimara.net\/revista\/wp-json\/wp\/v2\/types\/page"}],"author":[{"embeddable":true,"href":"https:\/\/www.revistaalimara.net\/revista\/wp-json\/wp\/v2\/users\/2"}],"replies":[{"embeddable":true,"href":"https:\/\/www.revistaalimara.net\/revista\/wp-json\/wp\/v2\/comments?post=2959"}],"version-history":[{"count":34,"href":"https:\/\/www.revistaalimara.net\/revista\/wp-json\/wp\/v2\/pages\/2959\/revisions"}],"predecessor-version":[{"id":3336,"href":"https:\/\/www.revistaalimara.net\/revista\/wp-json\/wp\/v2\/pages\/2959\/revisions\/3336"}],"wp:attachment":[{"href":"https:\/\/www.revistaalimara.net\/revista\/wp-json\/wp\/v2\/media?parent=2959"}],"curies":[{"name":"wp","href":"https:\/\/api.w.org\/{rel}","templated":true}]}}