{"id":2063,"date":"2019-01-17T10:33:20","date_gmt":"2019-01-17T09:33:20","guid":{"rendered":"http:\/\/www.revistaalimara.net\/revista\/?page_id=2063"},"modified":"2024-06-14T10:50:39","modified_gmt":"2024-06-14T09:50:39","slug":"normes-basiques-de-publicacio","status":"publish","type":"page","link":"https:\/\/www.revistaalimara.net\/revista\/normes-basiques-de-publicacio\/","title":{"rendered":"Normes b\u00e0siques de publicaci\u00f3"},"content":{"rendered":"<div id=\"pl-2063\"  class=\"panel-layout\" ><div id=\"pg-2063-0\"  class=\"panel-grid panel-has-style\" ><div class=\"siteorigin-panels-stretch panel-row-style panel-row-style-for-2063-0\" data-stretch-type=\"full-stretched-padded\" ><div id=\"pgc-2063-0-0\"  class=\"panel-grid-cell\" ><div id=\"panel-2063-0-0-0\" class=\"so-panel widget widget_sow-headline panel-first-child panel-last-child\" data-index=\"0\" ><div\n\t\t\t\n\t\t\tclass=\"so-widget-sow-headline so-widget-sow-headline-default-7623362f815e-2063\"\n\t\t\t\n\t\t><div class=\"sow-headline-container \">\n\t<h1 class='sow-headline'>Normes b\u00e0siques de publicaci\u00f3 de la revista Alimara<\/h1><\/div>\n<\/div><\/div><\/div><\/div><\/div><div id=\"pg-2063-1\"  class=\"panel-grid panel-has-style\" ><div class=\"panel-row-style panel-row-style-for-2063-1\" ><div id=\"pgc-2063-1-0\"  class=\"panel-grid-cell\" ><div id=\"panel-2063-1-0-0\" class=\"so-panel widget widget_media_image panel-first-child panel-last-child\" data-index=\"1\" ><img width=\"408\" height=\"1601\" src=\"https:\/\/www.revistaalimara.net\/revista\/wp-content\/uploads\/2021\/06\/Logo-ALIMARA_portades_transp_2._vertical.png\" class=\"image wp-image-5455  attachment-full size-full\" alt=\"Logo ALIMARA\" decoding=\"async\" loading=\"lazy\" style=\"max-width: 100%; height: auto;\" srcset=\"https:\/\/www.revistaalimara.net\/revista\/wp-content\/uploads\/2021\/06\/Logo-ALIMARA_portades_transp_2._vertical.png 408w, https:\/\/www.revistaalimara.net\/revista\/wp-content\/uploads\/2021\/06\/Logo-ALIMARA_portades_transp_2._vertical-261x1024.png 261w\" sizes=\"(max-width: 408px) 100vw, 408px\" \/><\/div><\/div><div id=\"pgc-2063-1-1\"  class=\"panel-grid-cell panel-grid-cell-empty\" ><\/div><div id=\"pgc-2063-1-2\"  class=\"panel-grid-cell\" ><div id=\"panel-2063-1-2-0\" class=\"so-panel widget widget_sow-editor panel-first-child panel-last-child\" data-index=\"2\" ><div\n\t\t\t\n\t\t\tclass=\"so-widget-sow-editor so-widget-sow-editor-base\"\n\t\t\t\n\t\t>\n<div class=\"siteorigin-widget-tinymce textwidget\">\n\t<p><span style=\"font-family: Arial, sans-serif;\"><span style=\"color: #333333;\"><span style=\"font-size: medium;\">La finalitat de la revista <\/span><\/span><span style=\"color: #333333;\"><span style=\"font-size: medium;\"><i><b>ALIMARA<\/b><\/i><\/span><\/span><span style=\"color: #333333;\"><span style=\"font-size: medium;\"> amb la <\/span><\/span><span style=\"color: #333333;\"><span style=\"font-size: medium;\"><b>Col\u00b7lecci\u00f3 \u00abIMAS\u00bb<\/b><\/span><\/span> <span style=\"color: #333333;\"><span style=\"font-size: medium;\"><b>(<\/b><\/span><\/span><span style=\"color: #333333;\"><span style=\"font-size: medium;\"><i><b>Innovaci\u00f3 i Metodologia en Afers Socials<\/b><\/i><\/span><\/span><span style=\"color: #333333;\"><span style=\"font-size: medium;\"><b>)<\/b><\/span><\/span><span style=\"color: #333333;\"><span style=\"font-size: medium;\"> \u00e9s publicar els articles agrupats en funci\u00f3 de la tem\u00e0tica de l\u2019\u00e0mbit dels serveis socials. Articles que aportin elements per analitzar i comprendre la realitat social, que proporcionin coneixements nous relacionats amb la pr\u00e0ctica o intervenci\u00f3 di\u00e0ria per a professionals, personal investigador, aix\u00ed com per al personal t\u00e8cnic de les entitats prestadores de serveis, etc. En resum, articles que estiguin dedicats a dissenyar pol\u00edtiques innovadores i inclusives (sociocomunit\u00e0ries, laborals, sociosanit\u00e0ries, etc.), a millorar la gesti\u00f3, l\u2019atenci\u00f3 i les condicions de vida dels col\u00b7lectius m\u00e9s vulnerables (<\/span><\/span><span style=\"color: #333333;\"><span style=\"font-size: medium;\">gent gran, persones amb discapacitat, salut mental, inf\u00e0ncia i joventut, persones amb problemes de drogodepend\u00e8ncia, persones amb risc d\u2019exclusi\u00f3 social....)<\/span><\/span><span style=\"color: #333333;\"><span style=\"font-size: medium;\"> i altres propostes d\u2019an\u00e0lisi que tenguin una finalitat enriquidora de la praxi social, en general.<\/span><\/span><\/span><\/p>\n<p><span style=\"font-family: Arial, sans-serif;\"><span style=\"color: #333333;\"><span style=\"font-size: medium;\">El car\u00e0cter i l\u2019especificitat de la monografia en qu\u00e8 es basa la <\/span><\/span><span style=\"color: #333333;\"><span style=\"font-size: medium;\"><b>Col\u00b7lecci\u00f3 \u00abIMAS\u00bb<\/b><\/span><\/span><span style=\"color: #333333;\"><span style=\"font-size: medium;\"> permet aprofundir en la tem\u00e0tica objecte de l\u2019atenci\u00f3 i en la redacci\u00f3 dels articles, aix\u00ed com rec\u00f3rrer a la fonamentaci\u00f3 te\u00f2rica o pr\u00e0ctica i con\u00e8ixer amb m\u00e9s profunditat el bess\u00f3 de la problem\u00e0tica social.<\/span><\/span><\/span><\/p>\n<p><span style=\"font-family: Arial, sans-serif;\"><span style=\"color: #333333;\"><span style=\"font-size: medium;\">Les publicacions que els autors o autores proposin han de ser originals, in\u00e8dites i no han d\u2019estar pendent de publicaci\u00f3 de forma simult\u00e0nia a cap altra revista o mitj\u00e0 de publicaci\u00f3 semblant.<\/span><\/span><\/span><\/p>\n<p><span style=\"font-family: Arial, sans-serif;\"><span style=\"color: #333333;\"><span style=\"font-size: medium;\">Els treballs que es presentin per publicar-se digitalment s\u2019han d\u2019emmarcar en un dels seg\u00fcents apartats:<\/span><\/span><\/span><\/p>\n<p><span style=\"font-family: Arial, sans-serif;\"><span style=\"color: #333333;\"><span style=\"font-size: medium;\">a) <\/span><\/span><span style=\"color: #333333;\"><span style=\"font-size: medium;\"><b>Perspectives te\u00f2riques<\/b><\/span><\/span><span style=\"color: #333333;\"><span style=\"font-size: medium;\">. Treballs originals de fonamentaci\u00f3 te\u00f2rica que suposin un avan\u00e7 de coneixement en l\u2019\u00e0mbit de la comprensi\u00f3 i de l\u2019an\u00e0lisi de la realitat social. Treballs en qu\u00e8 cal replantejar la revisi\u00f3 conceptual del tema objecte d\u2019estudi, tenir cura de la pertin\u00e8ncia i claredat en el desenvolupament, aix\u00ed com en l\u2019explicaci\u00f3 o en la descripci\u00f3 de l\u2019an\u00e0lisi cr\u00edtic de les conclusions.<\/span><\/span><\/span><\/p>\n<p><span style=\"font-family: Arial, sans-serif;\"><span style=\"color: #333333;\"><span style=\"font-size: medium;\">b) <\/span><\/span><span style=\"color: #333333;\"><span style=\"font-size: medium;\"><b>Pr\u00e0ctica professional<\/b><\/span><\/span><span style=\"color: #333333;\"><span style=\"font-size: medium;\">. Treballs originals des de l\u2019experi\u00e8ncia professional ja sigui de casos individuals, en grup o treball en xarxa, etc., com des de l\u2019aplicaci\u00f3 de projectes i de programes que suposin una aportaci\u00f3 t\u00e8cnica amb resultats d\u2019efic\u00e0cia i de qualitat en la intervenci\u00f3. Es valora l\u2019oportunitat i la rellev\u00e0ncia del problema plantejat, la claredat dels objectius, aix\u00ed com la coher\u00e8ncia en el desenvolupament i en les conclusions aportades.<\/span><\/span><\/span><\/p>\n<p><span style=\"font-family: Arial, sans-serif;\"><span style=\"color: #333333;\"><span style=\"font-size: medium;\"><b>Altres aspectes que conv\u00e9 tenir presents quant a les normes d\u2019edici\u00f3:<\/b><\/span><\/span><\/span><\/p>\n<ul>\n<li><span style=\"font-family: Arial, sans-serif;\"><span style=\"color: #333333;\"><span style=\"font-size: medium;\">Preferentment, els articles es publiquen en catal\u00e0.<\/span><\/span><\/span><\/li>\n<li><span style=\"font-family: Arial, sans-serif;\"><span style=\"color: #333333;\"><span style=\"font-size: medium;\">Els treballs o articles presentats han de ser originals, in\u00e8dits i no han d\u2019estar revisats de manera simult\u00e0nia per cap altra revista o publicaci\u00f3.<\/span><\/span><\/span><\/li>\n<li><span style=\"font-family: Arial, sans-serif;\"><span style=\"color: #333333;\"><span style=\"font-size: medium;\">Els originals s\u2019han de remetre al Servei de Planificaci\u00f3 i Documentaci\u00f3 de l\u2019IMAS, amb el format seg\u00fcent:<\/span><\/span><\/span><\/li>\n<\/ul>\n<p style=\"padding-left: 30px;\"><span style=\"font-family: Arial, sans-serif;\"><span style=\"color: #333333;\"><span style=\"font-size: medium;\">El text en font tipogr\u00e0fica Verdana, mida 12, amb un interlineat senzill i en format de DIN A4, amb les p\u00e0gines numerades en l\u2019angle inferior dret. Quant a l\u2019extensi\u00f3, llevat de casos excepcionals, els articles no poden excedir les vint p\u00e0gines i s\u2019hi admeten figures, esquemes i taules sempre que no suposin una alteraci\u00f3 en la coher\u00e8ncia de l\u2019article i estiguin perfectament descrites.<\/span><\/span><\/span><\/p>\n<ul>\n<li>La redacci\u00f3 ha de tenir en compte les recomanacions de la <a href=\"https:\/\/www.imasmallorca.net\/sites\/default\/files\/GUIA%20ESTIL%20LLENGUATGE%20NO%20SEXISTA%20%28Consell%29_0.pdf\"><em>Guia del llenguatge no sexista<\/em><\/a> del Consell de Mallorca.<\/li>\n<li><span style=\"font-family: Arial, sans-serif;\"><span style=\"color: #333333;\"><span style=\"font-size: medium;\">En la primera p\u00e0gina s\u2019hi ha d\u2019indicar: t\u00edtol de l\u2019article, nom i llinatges de la persona o persones autores, els c\u00e0rrecs t\u00e8cnics o de responsabilitat, el nom complet del centre o de l\u2019entitat de refer\u00e8ncia.<\/span><\/span><\/span><\/li>\n<li><span style=\"font-family: Arial, sans-serif;\"><span style=\"color: #333333;\"><span style=\"font-size: medium;\">S\u2019hi ha d\u2019incloure un resum en catal\u00e0. A m\u00e9s, s\u2019ha d\u2019acompanyar d\u2019una llista de descriptors o paraules clau que, segons l\u2019autor o autora, descriuen el treball. S\u2019accepta fins a un m\u00e0xim de sis paraules clau.<\/span><\/span><\/span><\/li>\n<li><span style=\"color: #333333;\"><span style=\"font-family: Arial, sans-serif;\"><span style=\"font-size: medium;\">Les refer\u00e8ncies bibliogr\u00e0fiques i les citacions de llibres i d\u2019articles de revistes s\u2019han de regir per les normes internacionals de l\u2019<\/span><\/span><\/span><a href=\"http:\/\/biblioteca.uib.cat\/oferta\/ajuda\/citar_bibliografia\/estil_APA\/Lestil-APA.cid451357\"><span style=\"color: #333333;\"><span style=\"font-family: Arial, sans-serif;\"><span style=\"font-size: medium;\"><u>APA (2010<\/u><\/span><\/span><\/span><\/a><span style=\"color: #333333;\"><span style=\"font-family: Arial, sans-serif;\"><span style=\"font-size: medium;\">), i s\u2019han d\u2019ordenar alfab\u00e8ticament.<\/span><\/span><\/span><\/li>\n<li><span style=\"font-family: Arial, sans-serif;\"><span style=\"color: #333333;\"><span style=\"font-size: medium;\">Els terminis per remetre els articles s\u2019especificaran particularment a cada autor o autora.<\/span><\/span><\/span><\/li>\n<li><span style=\"font-family: Arial, sans-serif;\"><span style=\"color: #333333;\"><span style=\"font-size: medium;\">Un cop rebut l\u2019article, el Servei de Planificaci\u00f3 en notifica la recepci\u00f3 per correu electr\u00f2nic. L\u2019equip de redacci\u00f3 de la revista <\/span><\/span><span style=\"color: #333333;\"><span style=\"font-size: medium;\"><i>ALIMARA<\/i><\/span><\/span><span style=\"color: #333333;\"><span style=\"font-size: medium;\">, <\/span><\/span><span style=\"color: #333333;\"><span style=\"font-size: medium;\"><i>Col\u00b7lecci\u00f3<\/i> <\/span><\/span><span style=\"color: #333333;\"><span style=\"font-size: medium;\"><em>\u00abIMAS\u00bb <\/em>revisa<\/span><\/span><span style=\"color: #333333;\"><span style=\"font-size: medium;\"> l\u2019article i la pertin\u00e8ncia per ser publicat (al marge que sigui necessari fer-hi correccions per millorar-ne la redacci\u00f3).<\/span><\/span><\/span><\/li>\n<li><span style=\"font-family: Arial, sans-serif;\"><span style=\"color: #333333;\"><span style=\"font-size: medium;\">El servei de planificaci\u00f3 comunica als autors i autores dels articles si s\u2019accepten o no els treballs per publicar-los.<\/span><\/span><\/span><\/li>\n<li><span style=\"font-family: Arial, sans-serif;\"><span style=\"color: #333333;\"><span style=\"font-size: medium;\">La publicaci\u00f3 dels articles suposa l\u2019acceptaci\u00f3 de les normes de la revista <\/span><\/span><span style=\"color: #333333;\"><span style=\"font-size: medium;\"><i>Alimara<\/i><\/span><\/span><span style=\"color: #333333;\"><span style=\"font-size: medium;\"> quant a accessibilitat i perm\u00eds d\u2019\u00fas de l\u2019obra impresa. <\/span><\/span><span style=\"color: #333333;\"><span style=\"font-size: medium;\"><b>Reconeixement \u2013 NoComercial - SenseObraDerivada [CC BY-NC-ND]. <\/b><\/span><\/span><span style=\"color: #333333;\"><span style=\"font-size: medium;\">La llic\u00e8ncia permet que altres puguin descarregar-se les obres i compartir-les amb altres persones sempre que se\u2019n reconegui l\u2019autoria, per\u00f2 no es permet modificar-les, ni emprar-les amb fins comercials.<\/span><\/span><\/span><\/li>\n<\/ul>\n<p>&nbsp;<\/p>\n<p><img decoding=\"async\" loading=\"lazy\" class=\"wp-image-2042 alignnone\" src=\"https:\/\/www.revistaalimara.net\/revista\/wp-content\/uploads\/2019\/01\/CC_BY-NC-ND.png\" alt=\"\" width=\"180\" height=\"63\" \/><\/p>\n<p>&nbsp;<\/p>\n<\/div>\n<\/div><\/div><\/div><\/div><\/div><\/div>","protected":false},"excerpt":{"rendered":"<p>La finalitat de la revista ALIMARA amb la Col\u00b7lecci\u00f3 \u00abIMAS\u00bb (Innovaci\u00f3 i Metodologia en Afers Socials) \u00e9s publicar els articles agrupats en funci\u00f3 de la tem\u00e0tica de l\u2019\u00e0mbit dels serveis socials. Articles que aportin elements per analitzar i comprendre la realitat social, que proporcionin coneixements nous relacionats amb la pr\u00e0ctica o intervenci\u00f3 di\u00e0ria per a [&hellip;]<\/p>\n","protected":false},"author":2,"featured_media":0,"parent":0,"menu_order":0,"comment_status":"closed","ping_status":"closed","template":"","meta":[],"_links":{"self":[{"href":"https:\/\/www.revistaalimara.net\/revista\/wp-json\/wp\/v2\/pages\/2063"}],"collection":[{"href":"https:\/\/www.revistaalimara.net\/revista\/wp-json\/wp\/v2\/pages"}],"about":[{"href":"https:\/\/www.revistaalimara.net\/revista\/wp-json\/wp\/v2\/types\/page"}],"author":[{"embeddable":true,"href":"https:\/\/www.revistaalimara.net\/revista\/wp-json\/wp\/v2\/users\/2"}],"replies":[{"embeddable":true,"href":"https:\/\/www.revistaalimara.net\/revista\/wp-json\/wp\/v2\/comments?post=2063"}],"version-history":[{"count":20,"href":"https:\/\/www.revistaalimara.net\/revista\/wp-json\/wp\/v2\/pages\/2063\/revisions"}],"predecessor-version":[{"id":6030,"href":"https:\/\/www.revistaalimara.net\/revista\/wp-json\/wp\/v2\/pages\/2063\/revisions\/6030"}],"wp:attachment":[{"href":"https:\/\/www.revistaalimara.net\/revista\/wp-json\/wp\/v2\/media?parent=2063"}],"curies":[{"name":"wp","href":"https:\/\/api.w.org\/{rel}","templated":true}]}}